{"id":40816,"date":"2023-11-28T13:06:45","date_gmt":"2023-11-28T10:06:45","guid":{"rendered":"https:\/\/minimax.md\/product\/40816.html"},"modified":"2023-11-28T13:29:37","modified_gmt":"2023-11-28T10:29:37","slug":"ru_ru-sano-sredstvo-ot-komarov-dy-roll-on-aloe-vera-50-ml-trim-ro_ro-sano-dy-roll-on-impotriva-n-arilor-aloe-vera-50-ml","status":"publish","type":"product","link":"https:\/\/minimax.md\/ru\/product\/40816.html","title":{"rendered":"Sano \u0421\u0440\u0435\u0434\u0441\u0442\u0432\u043e \u043e\u0442 \u043a\u043e\u043c\u0430\u0440\u043e\u0432 Dy Roll-on Aloe Vera, 50 \u043c\u043b"},"content":{"rendered":"<p>[:ru_RU]\u0411\u043b\u0430\u0433\u043e\u0434\u0430\u0440\u044f \u0441\u043e\u0441\u0442\u0430\u0432\u0443 Dy Roll-on Aloe Vera \u0437\u0430\u0449\u0438\u0442\u0438\u0442 \u0432\u0430\u0441 \u043e\u0442 \u0443\u043a\u0443\u0441\u043e\u0432 \u043a\u043e\u043c\u0430\u0440\u043e\u0432 \u043d\u0430 \u043d\u0435\u0441\u043a\u043e\u043b\u044c\u043a\u043e \u0447\u0430\u0441\u043e\u0432.<br \/>\n&#8211; \u0418\u0441\u043f\u043e\u043b\u044c\u0437\u043e\u0432\u0430\u043d\u0438\u0435 \u0441\u0440\u0435\u0434\u0441\u0442\u0432\u0430 \u0434\u043e\u0441\u0442\u0430\u0442\u043e\u0447\u043d\u043e \u044d\u0444\u0444\u0435\u043a\u0442\u0438\u0432\u043d\u043e \u0432 \u0442\u0435\u0447\u0435\u043d\u0438\u0435 \u043d\u0435\u0441\u043a\u043e\u043b\u044c\u043a\u0438\u0445 \u0447\u0430\u0441\u043e\u0432 \u0434\u0430\u0436\u0435 \u0432 \u043a\u0440\u0430\u0439\u043d\u0435 \u0441\u0443\u0440\u043e\u0432\u044b\u0445 \u043a\u043b\u0438\u043c\u0430\u0442\u0438\u0447\u0435\u0441\u043a\u0438\u0445 \u0443\u0441\u043b\u043e\u0432\u0438\u044f\u0445.<br \/>\n&#8211; \u0421\u0440\u0435\u0434\u0441\u0442\u0432\u043e \u0434\u043e\u0432\u043e\u043b\u044c\u043d\u043e \u0443\u0434\u043e\u0431\u0435\u043d\u043e \u0432 \u043d\u0430\u043d\u0435\u0441\u0435\u043d\u0438\u0438 \u0438 \u043e\u0442\u0442\u0430\u043b\u043a\u0438\u0432\u0430\u0435\u0442 \u043b\u0435\u0442\u0430\u044e\u0449\u0438\u0445 \u043d\u0430\u0441\u0435\u043a\u043e\u043c\u044b\u0445 \u0435\u0449\u0435 \u0434\u043e \u0442\u043e\u0433\u043e, \u043a\u0430\u043a \u043e\u043d\u0438 \u043a\u043e\u0441\u043d\u0443\u043b\u0438\u0441\u044c \u043a\u043e\u0436\u0438.<br \/>\n&#8211; \u0423\u0434\u043e\u0431\u0435\u043d \u0434\u043b\u044f \u0438\u0441\u043f\u043e\u043b\u044c\u0437\u043e\u0432\u0430\u043d\u0438\u044f \u0432 \u043f\u043e\u0435\u0437\u0434\u043a\u0430\u0445, \u043f\u0443\u0442\u0435\u0448\u0435\u0441\u0442\u0432\u0438\u044f\u0445, \u0440\u0435\u0437\u0435\u0440\u0432\u0430\u0446\u0438\u044f\u0445, \u043d\u0430 \u0434\u0430\u0447\u0435 \u0438\u043b\u0438 \u0437\u0430 \u0440\u0443\u0431\u0435\u0436\u043e\u043c.<br \/>\n&#8211; \u041e\u0431\u044a\u0451\u043c: 50 \u043c\u043b.[trim][:ro_RO]Datorit\u0103 compozi\u021biei Dy Roll-on v\u0103 va proteja de mu\u0219c\u0103turile de \u021b\u00e2n\u021bar timp de c\u00e2teva ore.<br \/>\n&#8211; Utilizarea produsului este destul de eficient\u0103 timp de c\u00e2teva ore chiar \u0219i \u00een condi\u021bii climatice extrem de dure.<br \/>\n&#8211; Produsul este destul de convenabil de aplicat \u0219i respinge insectele zbur\u0103toare chiar \u00eenainte de a atinge pielea.<br \/>\n&#8211; Convenabil pentru utilizare \u00een c\u0103l\u0103torii, c\u0103l\u0103torii, rezerv\u0103ri, \u00een \u021bar\u0103 sau \u00een str\u0103in\u0103tate.<br \/>\n&#8211; Volum: 50 ml.<\/p>\n","protected":false},"excerpt":{"rendered":"<p>[:ru_RU]\u0411\u043b\u0430\u0433\u043e\u0434\u0430\u0440\u044f \u0441\u043e\u0441\u0442\u0430\u0432\u0443 Dy Roll-on Aloe Vera \u0437\u0430\u0449\u0438\u0442\u0438\u0442 \u0432\u0430\u0441 \u043e\u0442 \u0443\u043a\u0443\u0441\u043e\u0432 \u043a\u043e\u043c\u0430\u0440\u043e\u0432 \u043d\u0430 \u043d\u0435\u0441\u043a\u043e\u043b\u044c\u043a\u043e \u0447\u0430\u0441\u043e\u0432. &#8211; \u0418\u0441\u043f\u043e\u043b\u044c\u0437\u043e\u0432\u0430\u043d\u0438\u0435 \u0441\u0440\u0435\u0434\u0441\u0442\u0432\u0430 \u0434\u043e\u0441\u0442\u0430\u0442\u043e\u0447\u043d\u043e \u044d\u0444\u0444\u0435\u043a\u0442\u0438\u0432\u043d\u043e \u0432 \u0442\u0435\u0447\u0435\u043d\u0438\u0435 \u043d\u0435\u0441\u043a\u043e\u043b\u044c\u043a\u0438\u0445 \u0447\u0430\u0441\u043e\u0432 \u0434\u0430\u0436\u0435 \u0432 \u043a\u0440\u0430\u0439\u043d\u0435 \u0441\u0443\u0440\u043e\u0432\u044b\u0445 \u043a\u043b\u0438\u043c\u0430\u0442\u0438\u0447\u0435\u0441\u043a\u0438\u0445 \u0443\u0441\u043b\u043e\u0432\u0438\u044f\u0445. &#8211; \u0421\u0440\u0435\u0434\u0441\u0442\u0432\u043e \u0434\u043e\u0432\u043e\u043b\u044c\u043d\u043e \u0443\u0434\u043e\u0431\u0435\u043d\u043e \u0432 \u043d\u0430\u043d\u0435\u0441\u0435\u043d\u0438\u0438 \u0438 \u043e\u0442\u0442\u0430\u043b\u043a\u0438\u0432\u0430\u0435\u0442 \u043b\u0435\u0442\u0430\u044e\u0449\u0438\u0445 \u043d\u0430\u0441\u0435\u043a\u043e\u043c\u044b\u0445 \u0435\u0449\u0435 \u0434\u043e \u0442\u043e\u0433\u043e, \u043a\u0430\u043a \u043e\u043d\u0438 \u043a\u043e\u0441\u043d\u0443\u043b\u0438\u0441\u044c \u043a\u043e\u0436\u0438. &#8211; \u0423\u0434\u043e\u0431\u0435\u043d \u0434\u043b\u044f \u0438\u0441\u043f\u043e\u043b\u044c\u0437\u043e\u0432\u0430\u043d\u0438\u044f \u0432 \u043f\u043e\u0435\u0437\u0434\u043a\u0430\u0445, \u043f\u0443\u0442\u0435\u0448\u0435\u0441\u0442\u0432\u0438\u044f\u0445, \u0440\u0435\u0437\u0435\u0440\u0432\u0430\u0446\u0438\u044f\u0445, \u043d\u0430 [&hellip;]<\/p>\n","protected":false},"featured_media":40815,"comment_status":"open","ping_status":"closed","template":"","meta":{"_acf_changed":false},"product_brand":[],"product_cat":[6770],"product_tag":[],"class_list":{"0":"post-40816","1":"product","2":"type-product","3":"status-publish","4":"has-post-thumbnail","6":"product_cat-ru_ru-zashhita-ot-nasekomyh","8":"first","9":"instock","10":"shipping-taxable","11":"purchasable","12":"product-type-simple"},"acf":[],"_links":{"self":[{"href":"https:\/\/minimax.md\/ru\/wp-json\/wp\/v2\/product\/40816","targetHints":{"allow":["GET"]}}],"collection":[{"href":"https:\/\/minimax.md\/ru\/wp-json\/wp\/v2\/product"}],"about":[{"href":"https:\/\/minimax.md\/ru\/wp-json\/wp\/v2\/types\/product"}],"replies":[{"embeddable":true,"href":"https:\/\/minimax.md\/ru\/wp-json\/wp\/v2\/comments?post=40816"}],"version-history":[{"count":0,"href":"https:\/\/minimax.md\/ru\/wp-json\/wp\/v2\/product\/40816\/revisions"}],"wp:featuredmedia":[{"embeddable":true,"href":"https:\/\/minimax.md\/ru\/wp-json\/wp\/v2\/media\/40815"}],"wp:attachment":[{"href":"https:\/\/minimax.md\/ru\/wp-json\/wp\/v2\/media?parent=40816"}],"wp:term":[{"taxonomy":"product_brand","embeddable":true,"href":"https:\/\/minimax.md\/ru\/wp-json\/wp\/v2\/product_brand?post=40816"},{"taxonomy":"product_cat","embeddable":true,"href":"https:\/\/minimax.md\/ru\/wp-json\/wp\/v2\/product_cat?post=40816"},{"taxonomy":"product_tag","embeddable":true,"href":"https:\/\/minimax.md\/ru\/wp-json\/wp\/v2\/product_tag?post=40816"}],"curies":[{"name":"wp","href":"https:\/\/api.w.org\/{rel}","templated":true}]}}