{"id":40820,"date":"2023-11-28T13:06:49","date_gmt":"2023-11-28T10:06:49","guid":{"rendered":"https:\/\/minimax.md\/product\/40820.html"},"modified":"2023-11-28T13:29:37","modified_gmt":"2023-11-28T10:29:37","slug":"ru_ru-sano-tualetnaja-bumaga-soft-cut-100h100-sm-trim-ro_ro-sano-hirtie-igienica-moale-soft-cut-100h100-cm","status":"publish","type":"product","link":"https:\/\/minimax.md\/ru\/product\/40820.html","title":{"rendered":"Sano \u0442\u0443\u0430\u043b\u0435\u0442\u043d\u0430\u044f \u0431\u0443\u043c\u0430\u0433\u0430 Soft Cut, 100\u0445100 \u0441\u043c"},"content":{"rendered":"<p>[:ru_RU]\u0422\u0443\u0430\u043b\u0435\u0442\u043d\u0430\u044f \u0431\u0443\u043c\u0430\u0433\u0430 Soft Cut.<br \/>\n&#8211; \u041d\u0435\u043e\u0431\u044b\u043a\u043d\u043e\u0432\u0435\u043d\u043d\u043e \u043c\u044f\u0433\u043a\u0430\u044f \u0438 \u0448\u0435\u043b\u043a\u043e\u0432\u0438\u0441\u0442\u0430\u044f \u043d\u0430 \u043e\u0449\u0443\u043f\u044c.<br \/>\n&#8211; \u0418\u0437\u0433\u043e\u0442\u043e\u0432\u043b\u0435\u043d\u0430 \u0438\u0437 100% \u0447\u0438\u0441\u0442\u043e\u0439 \u0446\u0435\u043b\u043b\u044e\u043b\u043e\u0437\u044b.<br \/>\n&#8211; \u0412\u043c\u0435\u0441\u0442\u0438\u043c\u043e\u0441\u0442\u044c:1000 \u043b\u0438\u0441\u0442\u043e\u0432.<br \/>\n&#8211; \u0422\u044f\u043d\u0435\u0442\u0441\u044f \u043e\u0434\u0438\u043d \u0437\u0430 \u0434\u0440\u0443\u0433\u0438\u043c.<br \/>\n&#8211; \u041f\u0440\u043e\u0438\u0437\u0432\u043e\u0434\u0438\u0442\u0435\u043b\u044c: \u0418\u0437\u0440\u0430\u0438\u043b\u044c (Sano).[trim][:ro_RO]H\u00e2rtie igienic\u0103 Soft Cut.<br \/>\n&#8211; Extrem de moale \u0219i m\u0103t\u0103sos la atingere.<br \/>\n&#8211; Fabricat din celuloz\u0103 100% pur\u0103.<br \/>\n&#8211; Capacitate: 1000 foi.<br \/>\n&#8211; \u00centinde unul c\u00e2te unul.<br \/>\n&#8211; Produc\u0103tor: Israel (Sano).<\/p>\n","protected":false},"excerpt":{"rendered":"<p>[:ru_RU]\u0422\u0443\u0430\u043b\u0435\u0442\u043d\u0430\u044f \u0431\u0443\u043c\u0430\u0433\u0430 Soft Cut. &#8211; \u041d\u0435\u043e\u0431\u044b\u043a\u043d\u043e\u0432\u0435\u043d\u043d\u043e \u043c\u044f\u0433\u043a\u0430\u044f \u0438 \u0448\u0435\u043b\u043a\u043e\u0432\u0438\u0441\u0442\u0430\u044f \u043d\u0430 \u043e\u0449\u0443\u043f\u044c. &#8211; \u0418\u0437\u0433\u043e\u0442\u043e\u0432\u043b\u0435\u043d\u0430 \u0438\u0437 100% \u0447\u0438\u0441\u0442\u043e\u0439 \u0446\u0435\u043b\u043b\u044e\u043b\u043e\u0437\u044b. &#8211; \u0412\u043c\u0435\u0441\u0442\u0438\u043c\u043e\u0441\u0442\u044c:1000 \u043b\u0438\u0441\u0442\u043e\u0432. &#8211; \u0422\u044f\u043d\u0435\u0442\u0441\u044f \u043e\u0434\u0438\u043d \u0437\u0430 \u0434\u0440\u0443\u0433\u0438\u043c. &#8211; \u041f\u0440\u043e\u0438\u0437\u0432\u043e\u0434\u0438\u0442\u0435\u043b\u044c: \u0418\u0437\u0440\u0430\u0438\u043b\u044c (Sano).[trim][:ro_RO]H\u00e2rtie igienic\u0103 Soft Cut. &#8211; Extrem de moale \u0219i m\u0103t\u0103sos la atingere. &#8211; Fabricat din celuloz\u0103 100% pur\u0103. &#8211; Capacitate: 1000 foi. &#8211; \u00centinde unul c\u00e2te unul. [&hellip;]<\/p>\n","protected":false},"featured_media":40819,"comment_status":"open","ping_status":"closed","template":"","meta":{"_acf_changed":false},"product_brand":[],"product_cat":[6738],"product_tag":[],"class_list":{"0":"post-40820","1":"product","2":"type-product","3":"status-publish","4":"has-post-thumbnail","6":"product_cat-ru_ru-tualetnaja-bumaga-tri","8":"first","9":"instock","10":"shipping-taxable","11":"purchasable","12":"product-type-simple"},"acf":[],"_links":{"self":[{"href":"https:\/\/minimax.md\/ru\/wp-json\/wp\/v2\/product\/40820","targetHints":{"allow":["GET"]}}],"collection":[{"href":"https:\/\/minimax.md\/ru\/wp-json\/wp\/v2\/product"}],"about":[{"href":"https:\/\/minimax.md\/ru\/wp-json\/wp\/v2\/types\/product"}],"replies":[{"embeddable":true,"href":"https:\/\/minimax.md\/ru\/wp-json\/wp\/v2\/comments?post=40820"}],"version-history":[{"count":0,"href":"https:\/\/minimax.md\/ru\/wp-json\/wp\/v2\/product\/40820\/revisions"}],"wp:featuredmedia":[{"embeddable":true,"href":"https:\/\/minimax.md\/ru\/wp-json\/wp\/v2\/media\/40819"}],"wp:attachment":[{"href":"https:\/\/minimax.md\/ru\/wp-json\/wp\/v2\/media?parent=40820"}],"wp:term":[{"taxonomy":"product_brand","embeddable":true,"href":"https:\/\/minimax.md\/ru\/wp-json\/wp\/v2\/product_brand?post=40820"},{"taxonomy":"product_cat","embeddable":true,"href":"https:\/\/minimax.md\/ru\/wp-json\/wp\/v2\/product_cat?post=40820"},{"taxonomy":"product_tag","embeddable":true,"href":"https:\/\/minimax.md\/ru\/wp-json\/wp\/v2\/product_tag?post=40820"}],"curies":[{"name":"wp","href":"https:\/\/api.w.org\/{rel}","templated":true}]}}