{"id":40826,"date":"2023-11-28T13:06:52","date_gmt":"2023-11-28T10:06:52","guid":{"rendered":"https:\/\/minimax.md\/product\/40826.html"},"modified":"2023-11-28T13:29:37","modified_gmt":"2023-11-28T10:29:37","slug":"ru_ru-sano-spark-sredstvo-dlja-mytja-posudy-limon-0-5-l-trim-ro_ro-sano-spark-solu-ie-pentru-sp-larea-vaselor-limon-0-5-l","status":"publish","type":"product","link":"https:\/\/minimax.md\/ru\/product\/40826.html","title":{"rendered":"Sano Spark \u0441\u0440\u0435\u0434\u0441\u0442\u0432\u043e \u0434\u043b\u044f \u043c\u044b\u0442\u044c\u044f \u043f\u043e\u0441\u0443\u0434\u044b Limon,  0,5 \u043b"},"content":{"rendered":"<p>[:ru_RU]\u0421\u0440\u0435\u0434\u0441\u0442\u0432\u043e Sano Spark Limon &#8211; \u043a\u043e\u043d\u0446\u0435\u043d\u0442\u0440\u0438\u0440\u043e\u0432\u0430\u043d\u043d\u043e\u0435, \u044d\u043a\u043e\u043d\u043e\u043c\u0438\u0447\u043d\u043e\u0435 \u0441\u0440\u0435\u0434\u0441\u0442\u0432\u043e \u0434\u043b\u044f \u043c\u044b\u0442\u044c\u044f \u043f\u043e\u0441\u0443\u0434\u044b \u0431\u0435\u0437 \u0442\u0440\u0443\u0434\u0430 \u0443\u0434\u0430\u043b\u044f\u0435\u0442 \u0436\u0438\u0440 \u0438 \u0433\u0440\u044f\u0437\u044c \u0441\u043e \u0432\u0441\u0435\u0445 \u0432\u0438\u0434\u043e\u0432 \u043f\u043e\u0441\u0443\u0434\u044b, \u043d\u0435\u0439\u0442\u0440\u0430\u043b\u0438\u0437\u0443\u0435\u0442 \u043d\u0435\u043f\u0440\u0438\u044f\u0442\u043d\u044b\u0439 \u0437\u0430\u043f\u0430\u0445.<br \/>\n\u041f\u0440\u0438\u0434\u0430\u0435\u0442 \u043f\u043e\u0441\u0443\u0434\u0435 \u0431\u043b\u0435\u0441\u043a.<br \/>\n\u0418\u0437\u0433\u043e\u0442\u043e\u0432\u043b\u0435\u043d\u043e \u0441 \u043f\u0440\u0438\u043c\u0435\u043d\u0435\u043d\u0438\u0435\u043c \u043a\u043e\u043c\u043f\u043e\u043d\u0435\u043d\u0442\u043e\u0432, \u0438\u0441\u043f\u043e\u043b\u044c\u0437\u0443\u0435\u043c\u044b\u0445 \u0432 \u043a\u043e\u0441\u043c\u0435\u0442\u0438\u0447\u0435\u0441\u043a\u043e\u0439 \u0438\u043d\u0434\u0443\u0441\u0442\u0440\u0438\u0438.<br \/>\n\u041f\u043e\u0434\u0445\u043e\u0434\u0438\u0442 \u0434\u043b\u044f \u0447\u0443\u0432\u0441\u0442\u0432\u0438\u0442\u0435\u043b\u044c\u043d\u043e\u0439 \u043a\u043e\u0436\u0438 \u0440\u0443\u043a.<br \/>\n\u041e\u0431\u044a\u0451\u043c: 500 \u043c\u043b.[trim][:ro_RO]SANO Spark\u2013 un detergent concentrat \u0219i economic pentru sp\u0103larea vaselor, \u00eendep\u0103rteaz\u0103 gr\u0103simea \u0219i murd\u0103riile de pe toate tipurile de vesel\u0103, neutralizeaz\u0103 mirosul nepl\u0103cut.<br \/>\nEste ideal pentru pielea sensibil\u0103 a m\u00eeinilor, con\u021bine extract de aloe vera \u0219i l\u0103m\u00eeie, are capacitate ridicat\u0103 de sp\u0103lat.<br \/>\nEste produs cu utilizarea componentelor care se folosesc \u00een industria cosmetic\u0103. Confer\u0103 vaselor str\u0103lucire.<br \/>\nInstruc\u021biuni de utilizare: Se toarn\u0103 o cantitate mic\u0103 pe un burete \u0219i se spal\u0103 vesela \u00een mod obi\u0219nuit.<br \/>\nVolum: 500 ml.<\/p>\n","protected":false},"excerpt":{"rendered":"<p>[:ru_RU]\u0421\u0440\u0435\u0434\u0441\u0442\u0432\u043e Sano Spark Limon &#8211; \u043a\u043e\u043d\u0446\u0435\u043d\u0442\u0440\u0438\u0440\u043e\u0432\u0430\u043d\u043d\u043e\u0435, \u044d\u043a\u043e\u043d\u043e\u043c\u0438\u0447\u043d\u043e\u0435 \u0441\u0440\u0435\u0434\u0441\u0442\u0432\u043e \u0434\u043b\u044f \u043c\u044b\u0442\u044c\u044f \u043f\u043e\u0441\u0443\u0434\u044b \u0431\u0435\u0437 \u0442\u0440\u0443\u0434\u0430 \u0443\u0434\u0430\u043b\u044f\u0435\u0442 \u0436\u0438\u0440 \u0438 \u0433\u0440\u044f\u0437\u044c \u0441\u043e \u0432\u0441\u0435\u0445 \u0432\u0438\u0434\u043e\u0432 \u043f\u043e\u0441\u0443\u0434\u044b, \u043d\u0435\u0439\u0442\u0440\u0430\u043b\u0438\u0437\u0443\u0435\u0442 \u043d\u0435\u043f\u0440\u0438\u044f\u0442\u043d\u044b\u0439 \u0437\u0430\u043f\u0430\u0445. \u041f\u0440\u0438\u0434\u0430\u0435\u0442 \u043f\u043e\u0441\u0443\u0434\u0435 \u0431\u043b\u0435\u0441\u043a. \u0418\u0437\u0433\u043e\u0442\u043e\u0432\u043b\u0435\u043d\u043e \u0441 \u043f\u0440\u0438\u043c\u0435\u043d\u0435\u043d\u0438\u0435\u043c \u043a\u043e\u043c\u043f\u043e\u043d\u0435\u043d\u0442\u043e\u0432, \u0438\u0441\u043f\u043e\u043b\u044c\u0437\u0443\u0435\u043c\u044b\u0445 \u0432 \u043a\u043e\u0441\u043c\u0435\u0442\u0438\u0447\u0435\u0441\u043a\u043e\u0439 \u0438\u043d\u0434\u0443\u0441\u0442\u0440\u0438\u0438. \u041f\u043e\u0434\u0445\u043e\u0434\u0438\u0442 \u0434\u043b\u044f \u0447\u0443\u0432\u0441\u0442\u0432\u0438\u0442\u0435\u043b\u044c\u043d\u043e\u0439 \u043a\u043e\u0436\u0438 \u0440\u0443\u043a. \u041e\u0431\u044a\u0451\u043c: 500 \u043c\u043b.[trim][:ro_RO]SANO Spark\u2013 un detergent concentrat \u0219i economic pentru sp\u0103larea vaselor, \u00eendep\u0103rteaz\u0103 gr\u0103simea \u0219i [&hellip;]<\/p>\n","protected":false},"featured_media":40825,"comment_status":"open","ping_status":"closed","template":"","meta":{"_acf_changed":false},"product_brand":[],"product_cat":[6745],"product_tag":[],"class_list":{"0":"post-40826","1":"product","2":"type-product","3":"status-publish","4":"has-post-thumbnail","6":"product_cat-ru_ru-sredstva-dlja-mytja-p","8":"first","9":"instock","10":"shipping-taxable","11":"purchasable","12":"product-type-simple"},"acf":[],"_links":{"self":[{"href":"https:\/\/minimax.md\/ru\/wp-json\/wp\/v2\/product\/40826","targetHints":{"allow":["GET"]}}],"collection":[{"href":"https:\/\/minimax.md\/ru\/wp-json\/wp\/v2\/product"}],"about":[{"href":"https:\/\/minimax.md\/ru\/wp-json\/wp\/v2\/types\/product"}],"replies":[{"embeddable":true,"href":"https:\/\/minimax.md\/ru\/wp-json\/wp\/v2\/comments?post=40826"}],"version-history":[{"count":0,"href":"https:\/\/minimax.md\/ru\/wp-json\/wp\/v2\/product\/40826\/revisions"}],"wp:featuredmedia":[{"embeddable":true,"href":"https:\/\/minimax.md\/ru\/wp-json\/wp\/v2\/media\/40825"}],"wp:attachment":[{"href":"https:\/\/minimax.md\/ru\/wp-json\/wp\/v2\/media?parent=40826"}],"wp:term":[{"taxonomy":"product_brand","embeddable":true,"href":"https:\/\/minimax.md\/ru\/wp-json\/wp\/v2\/product_brand?post=40826"},{"taxonomy":"product_cat","embeddable":true,"href":"https:\/\/minimax.md\/ru\/wp-json\/wp\/v2\/product_cat?post=40826"},{"taxonomy":"product_tag","embeddable":true,"href":"https:\/\/minimax.md\/ru\/wp-json\/wp\/v2\/product_tag?post=40826"}],"curies":[{"name":"wp","href":"https:\/\/api.w.org\/{rel}","templated":true}]}}