{"id":40832,"date":"2023-11-28T13:06:52","date_gmt":"2023-11-28T10:06:52","guid":{"rendered":"https:\/\/minimax.md\/product\/40832.html"},"modified":"2023-11-28T13:29:37","modified_gmt":"2023-11-28T10:29:37","slug":"ru_ru-sano-mylo-dlja-tualeta-sanobon-double-action-orange-trim-ro_ro-sano-s-pun-antibacterial-pentru-sanobon-double-action-orange","status":"publish","type":"product","link":"https:\/\/minimax.md\/ru\/product\/40832.html","title":{"rendered":"Sano \u041c\u044b\u043b\u043e \u0434\u043b\u044f \u0442\u0443\u0430\u043b\u0435\u0442\u0430 Sanobon Double Action Orange"},"content":{"rendered":"<p>[:ru_RU]\u041c\u044b\u043b\u043e \u0434\u043b\u044f \u0442\u0443\u0430\u043b\u0435\u0442\u0430 Sanobon Double Action \u0434\u0432\u043e\u0439\u043d\u043e\u0433\u043e \u0434\u0435\u0439\u0441\u0442\u0432\u0438\u044f:<br \/>\n&#8211; \u0414\u043e\u043b\u0433\u043e\u0438\u0433\u0440\u0430\u044e\u0449\u0438\u0439 ! \u0414\u043e 1200 \u043f\u0440\u043e\u043c\u044b\u0432\u043e\u043a;<br \/>\n&#8211; \u0414\u0432\u043e\u0439\u043d\u043e\u0433\u043e \u0434\u0435\u0439\u0441\u0442\u0432\u0438\u044f: \u043e\u0447\u0438\u0449\u0430\u0435\u0442 \u0438 \u0431\u043b\u0435\u0441\u0442\u0438\u0442, \u043f\u0440\u0435\u0434\u043e\u0442\u0432\u0440\u0430\u0449\u0430\u044f \u043d\u0430\u043a\u043e\u043f\u043b\u0435\u043d\u0438\u0435 \u0438\u0437\u0432\u0435\u0441\u0442\u043d\u044f\u043a\u0430;<br \/>\n&#8211; \u041d\u0435\u0439\u0442\u0440\u0430\u043b\u0438\u0437\u0443\u0435\u0442 \u043d\u0435\u043f\u0440\u0438\u044f\u0442\u043d\u044b\u0435 \u0437\u0430\u043f\u0430\u0445\u0438 \u0438 \u0438\u0437\u043b\u0443\u0447\u0430\u0435\u0442 \u043c\u043e\u0449\u043d\u044b\u0439, \u0441\u0432\u0435\u0436\u0438\u0439 \u0430\u0440\u043e\u043c\u0430\u0442;<br \/>\n&#8211; \u0421\u043e\u0432\u0440\u0435\u043c\u0435\u043d\u043d\u044b\u0439 \u0438 \u043f\u0440\u0438\u0432\u043b\u0435\u043a\u0430\u0442\u0435\u043b\u044c\u043d\u044b\u0439 \u0434\u0438\u0437\u0430\u0439\u043d;<br \/>\n&#8211; \u041e\u0431\u044a\u0451\u043c: 55 \u0433\u0440.[trim][:ro_RO]S\u0103pun de toalet\u0103 cu dubl\u0103 ac\u021biune Sanobon:<br \/>\n&#8211; Juca\u021bi \u00eendelung! P\u00e2n\u0103 la 1200 cl\u0103tire;<br \/>\n&#8211; dubl\u0103 ac\u021biune: cur\u0103\u021b\u0103 \u0219i str\u0103luce\u0219te, prevenind acumularea de calcar;<br \/>\n&#8211; neutralizeaz\u0103 mirosurile nepl\u0103cute \u0219i emite o arom\u0103 puternic\u0103, proasp\u0103t\u0103;<br \/>\n&#8211; Design modern \u0219i atractiv;<br \/>\n&#8211; Volum: 55 gr.<\/p>\n","protected":false},"excerpt":{"rendered":"<p>[:ru_RU]\u041c\u044b\u043b\u043e \u0434\u043b\u044f \u0442\u0443\u0430\u043b\u0435\u0442\u0430 Sanobon Double Action \u0434\u0432\u043e\u0439\u043d\u043e\u0433\u043e \u0434\u0435\u0439\u0441\u0442\u0432\u0438\u044f: &#8211; \u0414\u043e\u043b\u0433\u043e\u0438\u0433\u0440\u0430\u044e\u0449\u0438\u0439 ! \u0414\u043e 1200 \u043f\u0440\u043e\u043c\u044b\u0432\u043e\u043a; &#8211; \u0414\u0432\u043e\u0439\u043d\u043e\u0433\u043e \u0434\u0435\u0439\u0441\u0442\u0432\u0438\u044f: \u043e\u0447\u0438\u0449\u0430\u0435\u0442 \u0438 \u0431\u043b\u0435\u0441\u0442\u0438\u0442, \u043f\u0440\u0435\u0434\u043e\u0442\u0432\u0440\u0430\u0449\u0430\u044f \u043d\u0430\u043a\u043e\u043f\u043b\u0435\u043d\u0438\u0435 \u0438\u0437\u0432\u0435\u0441\u0442\u043d\u044f\u043a\u0430; &#8211; \u041d\u0435\u0439\u0442\u0440\u0430\u043b\u0438\u0437\u0443\u0435\u0442 \u043d\u0435\u043f\u0440\u0438\u044f\u0442\u043d\u044b\u0435 \u0437\u0430\u043f\u0430\u0445\u0438 \u0438 \u0438\u0437\u043b\u0443\u0447\u0430\u0435\u0442 \u043c\u043e\u0449\u043d\u044b\u0439, \u0441\u0432\u0435\u0436\u0438\u0439 \u0430\u0440\u043e\u043c\u0430\u0442; &#8211; \u0421\u043e\u0432\u0440\u0435\u043c\u0435\u043d\u043d\u044b\u0439 \u0438 \u043f\u0440\u0438\u0432\u043b\u0435\u043a\u0430\u0442\u0435\u043b\u044c\u043d\u044b\u0439 \u0434\u0438\u0437\u0430\u0439\u043d; &#8211; \u041e\u0431\u044a\u0451\u043c: 55 \u0433\u0440.[trim][:ro_RO]S\u0103pun de toalet\u0103 cu dubl\u0103 ac\u021biune Sanobon: &#8211; Juca\u021bi \u00eendelung! P\u00e2n\u0103 la 1200 cl\u0103tire; &#8211; [&hellip;]<\/p>\n","protected":false},"featured_media":0,"comment_status":"open","ping_status":"closed","template":"","meta":{"_acf_changed":false},"product_brand":[],"product_cat":[6736],"product_tag":[],"class_list":{"0":"post-40832","1":"product","2":"type-product","3":"status-publish","5":"product_cat-ru_ru-bytovaja-himija-dlja","7":"first","8":"instock","9":"shipping-taxable","10":"purchasable","11":"product-type-simple"},"acf":[],"_links":{"self":[{"href":"https:\/\/minimax.md\/ru\/wp-json\/wp\/v2\/product\/40832","targetHints":{"allow":["GET"]}}],"collection":[{"href":"https:\/\/minimax.md\/ru\/wp-json\/wp\/v2\/product"}],"about":[{"href":"https:\/\/minimax.md\/ru\/wp-json\/wp\/v2\/types\/product"}],"replies":[{"embeddable":true,"href":"https:\/\/minimax.md\/ru\/wp-json\/wp\/v2\/comments?post=40832"}],"version-history":[{"count":0,"href":"https:\/\/minimax.md\/ru\/wp-json\/wp\/v2\/product\/40832\/revisions"}],"wp:attachment":[{"href":"https:\/\/minimax.md\/ru\/wp-json\/wp\/v2\/media?parent=40832"}],"wp:term":[{"taxonomy":"product_brand","embeddable":true,"href":"https:\/\/minimax.md\/ru\/wp-json\/wp\/v2\/product_brand?post=40832"},{"taxonomy":"product_cat","embeddable":true,"href":"https:\/\/minimax.md\/ru\/wp-json\/wp\/v2\/product_cat?post=40832"},{"taxonomy":"product_tag","embeddable":true,"href":"https:\/\/minimax.md\/ru\/wp-json\/wp\/v2\/product_tag?post=40832"}],"curies":[{"name":"wp","href":"https:\/\/api.w.org\/{rel}","templated":true}]}}