{"id":40838,"date":"2023-11-28T13:06:55","date_gmt":"2023-11-28T10:06:55","guid":{"rendered":"https:\/\/minimax.md\/product\/40838.html"},"modified":"2023-11-28T13:29:37","modified_gmt":"2023-11-28T10:29:37","slug":"ru_ru-sano-mnogofunkcionalnye-salfetki-brite-cloth-3-sht-trim-ro_ro-sano-lavete-universale-brite-cloth-3-buc","status":"publish","type":"product","link":"https:\/\/minimax.md\/ru\/product\/40838.html","title":{"rendered":"Sano \u041c\u043d\u043e\u0433\u043e\u0444\u0443\u043d\u043a\u0446\u0438\u043e\u043d\u0430\u043b\u044c\u043d\u044b\u0435 \u0441\u0430\u043b\u0444\u0435\u0442\u043a\u0438 Brite Cloth, 3 \u0448\u0442"},"content":{"rendered":"<p>[:ru_RU]\u041c\u043d\u043e\u0433\u043e\u0444\u0443\u043d\u043a\u0446\u0438\u043e\u043d\u0430\u043b\u044c\u043d\u044b\u0435, \u0432\u044b\u0441\u043e\u043a\u043e\u043a\u0430\u0447\u0435\u0441\u0442\u0432\u0435\u043d\u043d\u044b\u0435 \u0442\u0440\u044f\u043f\u043a\u0438 Sano Brite Cloth \u0445\u043e\u0440\u043e\u0448\u043e \u043e\u0447\u0438\u0449\u0430\u0435\u0442 \u0438 \u0438\u043d\u0442\u0435\u043d\u0441\u0438\u0432\u043d\u043e \u0432\u043f\u0438\u0442\u044b\u0432\u0430\u0435\u0442 \u0432\u043b\u0430\u0433\u0443.<br \/>\n\u041c\u043e\u0436\u0435\u0442 \u0438\u0441\u043f\u043e\u043b\u044c\u0437\u043e\u0432\u0430\u0442\u044c\u0441\u044f \u0442\u0430\u043a\u0436\u0435 \u0434\u043b\u044f \u0441\u0443\u0445\u043e\u0439 \u0443\u0431\u043e\u0440\u043a\u0438.<br \/>\n\u041c\u043d\u043e\u0433\u043e\u0444\u0443\u043d\u043a\u0446\u0438\u043e\u043d\u0430\u043b\u044c\u043d\u044b\u0435 \u0442\u0440\u044f\u043f\u043a\u0438 Sano Brite Cloth  \u043f\u043e\u0434\u0445\u043e\u0434\u044f\u0442 \u0434\u043b\u044f \u0443\u0431\u043e\u0440\u043a\u0438 \u043b\u044e\u0431\u044b\u0445 \u043f\u043e\u0432\u0435\u0440\u0445\u043d\u043e\u0441\u0442\u0435\u0439: \u0432 \u043a\u0443\u0445\u043d\u0435, \u0432\u0430\u043d\u043d\u043e\u0439 \u0438 \u043f\u0440.<br \/>\n\u0420\u0430\u0437\u043c\u0435\u0440: 38 \u0445 40 \u0441\u043c.<br \/>\n\u041a\u043e\u043b\u0438\u0447\u0435\u0441\u0442\u0432\u043e \u0432 \u0443\u043f\u0430\u043a\u043e\u0432\u043a\u0435: 3 \u0448\u0442.[trim][:ro_RO]De calitate \u00eenalt\u0103, multifunc\u021bional\u0103. <\/p>\n<p>Puternic\u0103, rezistent\u0103, absoarbe \u0219i cur\u0103\u021b\u0103 foarte bine. <\/p>\n<p>Usuc\u0103 suprafe\u021bele dup\u0103 o singur\u0103 \u0219tergere.<br \/>\nSe stoarce cu u\u0219urin\u021b\u0103, comod \u0219i u\u0219or de utilizat.<br \/>\nPentru suprafe\u021be \u00een baie, buc\u0103t\u0103rie etc.<br \/>\nDimensiunea : 38 \u0445 40 cm.<br \/>\nAmbalaj: 3 buc.<\/p>\n","protected":false},"excerpt":{"rendered":"<p>[:ru_RU]\u041c\u043d\u043e\u0433\u043e\u0444\u0443\u043d\u043a\u0446\u0438\u043e\u043d\u0430\u043b\u044c\u043d\u044b\u0435, \u0432\u044b\u0441\u043e\u043a\u043e\u043a\u0430\u0447\u0435\u0441\u0442\u0432\u0435\u043d\u043d\u044b\u0435 \u0442\u0440\u044f\u043f\u043a\u0438 Sano Brite Cloth \u0445\u043e\u0440\u043e\u0448\u043e \u043e\u0447\u0438\u0449\u0430\u0435\u0442 \u0438 \u0438\u043d\u0442\u0435\u043d\u0441\u0438\u0432\u043d\u043e \u0432\u043f\u0438\u0442\u044b\u0432\u0430\u0435\u0442 \u0432\u043b\u0430\u0433\u0443. \u041c\u043e\u0436\u0435\u0442 \u0438\u0441\u043f\u043e\u043b\u044c\u0437\u043e\u0432\u0430\u0442\u044c\u0441\u044f \u0442\u0430\u043a\u0436\u0435 \u0434\u043b\u044f \u0441\u0443\u0445\u043e\u0439 \u0443\u0431\u043e\u0440\u043a\u0438. \u041c\u043d\u043e\u0433\u043e\u0444\u0443\u043d\u043a\u0446\u0438\u043e\u043d\u0430\u043b\u044c\u043d\u044b\u0435 \u0442\u0440\u044f\u043f\u043a\u0438 Sano Brite Cloth \u043f\u043e\u0434\u0445\u043e\u0434\u044f\u0442 \u0434\u043b\u044f \u0443\u0431\u043e\u0440\u043a\u0438 \u043b\u044e\u0431\u044b\u0445 \u043f\u043e\u0432\u0435\u0440\u0445\u043d\u043e\u0441\u0442\u0435\u0439: \u0432 \u043a\u0443\u0445\u043d\u0435, \u0432\u0430\u043d\u043d\u043e\u0439 \u0438 \u043f\u0440. \u0420\u0430\u0437\u043c\u0435\u0440: 38 \u0445 40 \u0441\u043c. \u041a\u043e\u043b\u0438\u0447\u0435\u0441\u0442\u0432\u043e \u0432 \u0443\u043f\u0430\u043a\u043e\u0432\u043a\u0435: 3 \u0448\u0442.[trim][:ro_RO]De calitate \u00eenalt\u0103, multifunc\u021bional\u0103. Puternic\u0103, rezistent\u0103, absoarbe \u0219i cur\u0103\u021b\u0103 foarte bine. Usuc\u0103 suprafe\u021bele [&hellip;]<\/p>\n","protected":false},"featured_media":40837,"comment_status":"open","ping_status":"closed","template":"","meta":{"_acf_changed":false},"product_brand":[],"product_cat":[6747],"product_tag":[],"class_list":{"0":"post-40838","1":"product","2":"type-product","3":"status-publish","4":"has-post-thumbnail","6":"product_cat-ru_ru-gubki-i-trjapki-trim","8":"first","9":"instock","10":"shipping-taxable","11":"purchasable","12":"product-type-simple"},"acf":[],"_links":{"self":[{"href":"https:\/\/minimax.md\/ru\/wp-json\/wp\/v2\/product\/40838","targetHints":{"allow":["GET"]}}],"collection":[{"href":"https:\/\/minimax.md\/ru\/wp-json\/wp\/v2\/product"}],"about":[{"href":"https:\/\/minimax.md\/ru\/wp-json\/wp\/v2\/types\/product"}],"replies":[{"embeddable":true,"href":"https:\/\/minimax.md\/ru\/wp-json\/wp\/v2\/comments?post=40838"}],"version-history":[{"count":0,"href":"https:\/\/minimax.md\/ru\/wp-json\/wp\/v2\/product\/40838\/revisions"}],"wp:featuredmedia":[{"embeddable":true,"href":"https:\/\/minimax.md\/ru\/wp-json\/wp\/v2\/media\/40837"}],"wp:attachment":[{"href":"https:\/\/minimax.md\/ru\/wp-json\/wp\/v2\/media?parent=40838"}],"wp:term":[{"taxonomy":"product_brand","embeddable":true,"href":"https:\/\/minimax.md\/ru\/wp-json\/wp\/v2\/product_brand?post=40838"},{"taxonomy":"product_cat","embeddable":true,"href":"https:\/\/minimax.md\/ru\/wp-json\/wp\/v2\/product_cat?post=40838"},{"taxonomy":"product_tag","embeddable":true,"href":"https:\/\/minimax.md\/ru\/wp-json\/wp\/v2\/product_tag?post=40838"}],"curies":[{"name":"wp","href":"https:\/\/api.w.org\/{rel}","templated":true}]}}