{"id":40840,"date":"2023-11-28T13:06:55","date_gmt":"2023-11-28T10:06:55","guid":{"rendered":"https:\/\/minimax.md\/product\/40840.html"},"modified":"2023-11-28T13:29:37","modified_gmt":"2023-11-28T10:29:37","slug":"ru_ru-sano-mnogofunkcionalnye-salfetki-roll-yellow-40-sht-trim-ro_ro-sano-lavete-unevirsale-roll-yellow-40-buc","status":"publish","type":"product","link":"https:\/\/minimax.md\/ru\/product\/40840.html","title":{"rendered":"Sano \u041c\u043d\u043e\u0433\u043e\u0444\u0443\u043d\u043a\u0446\u0438\u043e\u043d\u0430\u043b\u044c\u043d\u044b\u0435 \u0441\u0430\u043b\u0444\u0435\u0442\u043a\u0438 Roll Yellow, 40 \u0448\u0442"},"content":{"rendered":"<p>[:ru_RU]\u041f\u0440\u0435\u043a\u0440\u0430\u0441\u043d\u043e \u043f\u0440\u043e\u0442\u0438\u0440\u0430\u0435\u0442, \u043f\u043e\u043b\u0438\u0440\u0443\u0435\u0442 \u0438 \u0432\u043f\u0438\u0442\u044b\u0432\u0430\u0435\u0442 \u0432\u043b\u0430\u0433\u0443.<br \/>\n \u0423\u0441\u0442\u043e\u0439\u0447\u0438\u0432\u0430 \u043a \u0433\u043e\u0440\u044f\u0447\u0438\u043c \u043f\u043e\u0432\u0435\u0440\u0445\u043d\u043e\u0441\u0442\u044f\u043c.<br \/>\n\u0418\u0441\u043f\u043e\u043b\u044c\u0437\u0443\u0435\u0442\u0441\u044f \u0432 \u0441\u0443\u0445\u043e\u043c \u0438 \u0432\u043b\u0430\u0436\u043d\u043e\u043c \u0432\u0438\u0434\u0435.<br \/>\n\u041c\u043e\u0436\u043d\u043e \u0441\u0442\u0438\u0440\u0430\u0442\u044c \u0432 \u043c\u0430\u0448\u0438\u043d\u0435.<br \/>\n\u041d\u0435 \u0442\u0435\u0440\u044f\u0435\u0442 \u0441\u0432\u043e\u0438\u0445 \u043a\u0430\u0447\u0435\u0441\u0442\u0432 \u043f\u0440\u0438 \u043c\u043d\u043e\u0433\u043e\u043a\u0440\u0430\u0442\u043d\u043e\u043c \u0438\u0441\u043f\u043e\u043b\u044c\u0437\u043e\u0432\u0430\u043d\u0438\u0438.<br \/>\n\u0423\u0441\u0442\u043e\u0439\u0447\u0438\u0432\u0430 \u043a \u0432\u043e\u0437\u0434\u0435\u0439\u0441\u0442\u0432\u0438\u044e \u0447\u0438\u0441\u0442\u044f\u0449\u0438\u0445 \u0441\u0440\u0435\u0434\u0441\u0442\u0432.<br \/>\n\u0420\u0430\u0437\u043c\u0435\u0440:  28 \u0425 27 \u0441\u043c<br \/>\n\u0412 \u0440\u0443\u043b\u043e\u043d\u0435: 40 \u0448\u0442.[trim][:ro_RO]P\u00e2nz\u0103 universal Sano roll galben este proiectat pentru utilizarea \u00een buc\u0103t\u0103rie \u0219i pentru sp\u0103larea toate suprafe\u021bele.<br \/>\nCurata perfect, lustruit \u0219i absoarbe umezeala.<br \/>\n Rezistent la suprafe\u021bele fierbin\u021bi.<br \/>\nUtilizat \u00een form\u0103 uscat\u0103 sau umed\u0103.<br \/>\nMa\u0219in\u0103 de sp\u0103lat.<br \/>\nEa nu pierde propriet\u0103\u021bile dup\u0103 utilizare repetat\u0103.<br \/>\nRezistent la produse de cur\u0103\u021bare.<br \/>\nDimensiuni: 28 x 27 cm<br \/>\n\u00centr-o rola: 40 buc<\/p>\n","protected":false},"excerpt":{"rendered":"<p>[:ru_RU]\u041f\u0440\u0435\u043a\u0440\u0430\u0441\u043d\u043e \u043f\u0440\u043e\u0442\u0438\u0440\u0430\u0435\u0442, \u043f\u043e\u043b\u0438\u0440\u0443\u0435\u0442 \u0438 \u0432\u043f\u0438\u0442\u044b\u0432\u0430\u0435\u0442 \u0432\u043b\u0430\u0433\u0443. \u0423\u0441\u0442\u043e\u0439\u0447\u0438\u0432\u0430 \u043a \u0433\u043e\u0440\u044f\u0447\u0438\u043c \u043f\u043e\u0432\u0435\u0440\u0445\u043d\u043e\u0441\u0442\u044f\u043c. \u0418\u0441\u043f\u043e\u043b\u044c\u0437\u0443\u0435\u0442\u0441\u044f \u0432 \u0441\u0443\u0445\u043e\u043c \u0438 \u0432\u043b\u0430\u0436\u043d\u043e\u043c \u0432\u0438\u0434\u0435. \u041c\u043e\u0436\u043d\u043e \u0441\u0442\u0438\u0440\u0430\u0442\u044c \u0432 \u043c\u0430\u0448\u0438\u043d\u0435. \u041d\u0435 \u0442\u0435\u0440\u044f\u0435\u0442 \u0441\u0432\u043e\u0438\u0445 \u043a\u0430\u0447\u0435\u0441\u0442\u0432 \u043f\u0440\u0438 \u043c\u043d\u043e\u0433\u043e\u043a\u0440\u0430\u0442\u043d\u043e\u043c \u0438\u0441\u043f\u043e\u043b\u044c\u0437\u043e\u0432\u0430\u043d\u0438\u0438. \u0423\u0441\u0442\u043e\u0439\u0447\u0438\u0432\u0430 \u043a \u0432\u043e\u0437\u0434\u0435\u0439\u0441\u0442\u0432\u0438\u044e \u0447\u0438\u0441\u0442\u044f\u0449\u0438\u0445 \u0441\u0440\u0435\u0434\u0441\u0442\u0432. \u0420\u0430\u0437\u043c\u0435\u0440: 28 \u0425 27 \u0441\u043c \u0412 \u0440\u0443\u043b\u043e\u043d\u0435: 40 \u0448\u0442.[trim][:ro_RO]P\u00e2nz\u0103 universal Sano roll galben este proiectat pentru utilizarea \u00een buc\u0103t\u0103rie \u0219i pentru sp\u0103larea toate [&hellip;]<\/p>\n","protected":false},"featured_media":40839,"comment_status":"open","ping_status":"closed","template":"","meta":{"_acf_changed":false},"product_brand":[],"product_cat":[6747],"product_tag":[],"class_list":{"0":"post-40840","1":"product","2":"type-product","3":"status-publish","4":"has-post-thumbnail","6":"product_cat-ru_ru-gubki-i-trjapki-trim","8":"first","9":"instock","10":"shipping-taxable","11":"purchasable","12":"product-type-simple"},"acf":[],"_links":{"self":[{"href":"https:\/\/minimax.md\/ru\/wp-json\/wp\/v2\/product\/40840","targetHints":{"allow":["GET"]}}],"collection":[{"href":"https:\/\/minimax.md\/ru\/wp-json\/wp\/v2\/product"}],"about":[{"href":"https:\/\/minimax.md\/ru\/wp-json\/wp\/v2\/types\/product"}],"replies":[{"embeddable":true,"href":"https:\/\/minimax.md\/ru\/wp-json\/wp\/v2\/comments?post=40840"}],"version-history":[{"count":0,"href":"https:\/\/minimax.md\/ru\/wp-json\/wp\/v2\/product\/40840\/revisions"}],"wp:featuredmedia":[{"embeddable":true,"href":"https:\/\/minimax.md\/ru\/wp-json\/wp\/v2\/media\/40839"}],"wp:attachment":[{"href":"https:\/\/minimax.md\/ru\/wp-json\/wp\/v2\/media?parent=40840"}],"wp:term":[{"taxonomy":"product_brand","embeddable":true,"href":"https:\/\/minimax.md\/ru\/wp-json\/wp\/v2\/product_brand?post=40840"},{"taxonomy":"product_cat","embeddable":true,"href":"https:\/\/minimax.md\/ru\/wp-json\/wp\/v2\/product_cat?post=40840"},{"taxonomy":"product_tag","embeddable":true,"href":"https:\/\/minimax.md\/ru\/wp-json\/wp\/v2\/product_tag?post=40840"}],"curies":[{"name":"wp","href":"https:\/\/api.w.org\/{rel}","templated":true}]}}