{"id":40842,"date":"2023-11-28T13:06:55","date_gmt":"2023-11-28T10:06:55","guid":{"rendered":"https:\/\/minimax.md\/product\/40842.html"},"modified":"2023-11-28T13:29:37","modified_gmt":"2023-11-28T10:29:37","slug":"ru_ru-sano-trjapka-dlja-pola-sushi-zigzag-40-sht-trim-ro_ro-sano-c-rp-pentru-podea-sushi-zigzag-3-buc","status":"publish","type":"product","link":"https:\/\/minimax.md\/ru\/product\/40842.html","title":{"rendered":"Sano \u0422\u0440\u044f\u043f\u043a\u0430 \u0434\u043b\u044f \u043f\u043e\u043b\u0430 Sushi Zigzag, 40 \u0448\u0442"},"content":{"rendered":"<p>[:ru_RU]\u041a\u0430\u0447\u0435\u0441\u0442\u0432\u0435\u043d\u043d\u044b\u0435 \u043f\u043e\u043b\u043e\u0432\u044b\u0435 \u0442\u0440\u044f\u043f\u043a\u0438 Sano Sushi Zigzag  \u0441\u043e \u0441\u043f\u0435\u0446\u0438\u0430\u043b\u044c\u043d\u044b\u043c\u0438 \u0432\u043f\u0438\u0442\u044b\u0432\u0430\u044e\u0449\u0438\u043c\u0438 \u043f\u043e\u0434\u0443\u0448\u0435\u0447\u043a\u0430\u043c\u0438, \u0443\u0432\u0435\u043b\u0438\u0447\u0438\u0432\u0430\u044e\u0449\u0438\u043c\u0438 \u043f\u043b\u043e\u0449\u0430\u0434\u044c \u0441\u043e\u043f\u0440\u0438\u043a\u043e\u0441\u043d\u043e\u0432\u0435\u043d\u0438\u044f \u0442\u0440\u044f\u043f\u043a\u0438 \u0441 \u0432\u043e\u0434\u043e\u0439.<br \/>\n \u0414\u043e\u043b\u0433\u043e\u0432\u0435\u0447\u043d\u044b\u0435, \u0441 \u043e\u0442\u043b\u0438\u0447\u043d\u043e\u0439 \u0432\u043f\u0438\u0442\u044b\u0432\u0430\u044e\u0449\u0435\u0439 \u0441\u043f\u043e\u0441\u043e\u0431\u043d\u043e\u0441\u0442\u044c\u044e.<br \/>\n\u0420\u0430\u0437\u043c\u0435\u0440: 50 \u0445 80 \u0441\u043c.<br \/>\n\u041a\u043e\u043b\u0438\u0447\u0435\u0441\u0442\u0432\u043e \u0432 \u0443\u043f\u0430\u043a\u043e\u0432\u043a\u0435: 3 \u0448\u0442.[trim][:ro_RO]P\u00e2nz\u0103 de \u00eenalt\u0103 calitate pentru cur\u0103\u021barea podelei Sano Sushi Zigzag<br \/>\nDurabil, cu absorb\u021bie excelent\u0103.<br \/>\nDimensiuni: 50 x 80 cm.<br \/>\nAmbalaj: 3 buc.<\/p>\n","protected":false},"excerpt":{"rendered":"<p>[:ru_RU]\u041a\u0430\u0447\u0435\u0441\u0442\u0432\u0435\u043d\u043d\u044b\u0435 \u043f\u043e\u043b\u043e\u0432\u044b\u0435 \u0442\u0440\u044f\u043f\u043a\u0438 Sano Sushi Zigzag \u0441\u043e \u0441\u043f\u0435\u0446\u0438\u0430\u043b\u044c\u043d\u044b\u043c\u0438 \u0432\u043f\u0438\u0442\u044b\u0432\u0430\u044e\u0449\u0438\u043c\u0438 \u043f\u043e\u0434\u0443\u0448\u0435\u0447\u043a\u0430\u043c\u0438, \u0443\u0432\u0435\u043b\u0438\u0447\u0438\u0432\u0430\u044e\u0449\u0438\u043c\u0438 \u043f\u043b\u043e\u0449\u0430\u0434\u044c \u0441\u043e\u043f\u0440\u0438\u043a\u043e\u0441\u043d\u043e\u0432\u0435\u043d\u0438\u044f \u0442\u0440\u044f\u043f\u043a\u0438 \u0441 \u0432\u043e\u0434\u043e\u0439. \u0414\u043e\u043b\u0433\u043e\u0432\u0435\u0447\u043d\u044b\u0435, \u0441 \u043e\u0442\u043b\u0438\u0447\u043d\u043e\u0439 \u0432\u043f\u0438\u0442\u044b\u0432\u0430\u044e\u0449\u0435\u0439 \u0441\u043f\u043e\u0441\u043e\u0431\u043d\u043e\u0441\u0442\u044c\u044e. \u0420\u0430\u0437\u043c\u0435\u0440: 50 \u0445 80 \u0441\u043c. \u041a\u043e\u043b\u0438\u0447\u0435\u0441\u0442\u0432\u043e \u0432 \u0443\u043f\u0430\u043a\u043e\u0432\u043a\u0435: 3 \u0448\u0442.[trim][:ro_RO]P\u00e2nz\u0103 de \u00eenalt\u0103 calitate pentru cur\u0103\u021barea podelei Sano Sushi Zigzag Durabil, cu absorb\u021bie excelent\u0103. Dimensiuni: 50 x 80 cm. Ambalaj: 3 buc.<\/p>\n","protected":false},"featured_media":40841,"comment_status":"open","ping_status":"closed","template":"","meta":{"_acf_changed":false},"product_brand":[],"product_cat":[6747],"product_tag":[],"class_list":{"0":"post-40842","1":"product","2":"type-product","3":"status-publish","4":"has-post-thumbnail","6":"product_cat-ru_ru-gubki-i-trjapki-trim","8":"first","9":"instock","10":"shipping-taxable","11":"purchasable","12":"product-type-simple"},"acf":[],"_links":{"self":[{"href":"https:\/\/minimax.md\/ru\/wp-json\/wp\/v2\/product\/40842","targetHints":{"allow":["GET"]}}],"collection":[{"href":"https:\/\/minimax.md\/ru\/wp-json\/wp\/v2\/product"}],"about":[{"href":"https:\/\/minimax.md\/ru\/wp-json\/wp\/v2\/types\/product"}],"replies":[{"embeddable":true,"href":"https:\/\/minimax.md\/ru\/wp-json\/wp\/v2\/comments?post=40842"}],"version-history":[{"count":0,"href":"https:\/\/minimax.md\/ru\/wp-json\/wp\/v2\/product\/40842\/revisions"}],"wp:featuredmedia":[{"embeddable":true,"href":"https:\/\/minimax.md\/ru\/wp-json\/wp\/v2\/media\/40841"}],"wp:attachment":[{"href":"https:\/\/minimax.md\/ru\/wp-json\/wp\/v2\/media?parent=40842"}],"wp:term":[{"taxonomy":"product_brand","embeddable":true,"href":"https:\/\/minimax.md\/ru\/wp-json\/wp\/v2\/product_brand?post=40842"},{"taxonomy":"product_cat","embeddable":true,"href":"https:\/\/minimax.md\/ru\/wp-json\/wp\/v2\/product_cat?post=40842"},{"taxonomy":"product_tag","embeddable":true,"href":"https:\/\/minimax.md\/ru\/wp-json\/wp\/v2\/product_tag?post=40842"}],"curies":[{"name":"wp","href":"https:\/\/api.w.org\/{rel}","templated":true}]}}