{"id":40844,"date":"2023-11-28T13:06:55","date_gmt":"2023-11-28T10:06:55","guid":{"rendered":"https:\/\/minimax.md\/product\/40844.html"},"modified":"2023-11-28T13:29:37","modified_gmt":"2023-11-28T10:29:37","slug":"ru_ru-sano-nabor-professionalnyh-salfetok-iz-mikrovolokna-4-shtk-trim-ro_ro-sano-set-de-lavete-din-microfibr-profesionale-4-buc","status":"publish","type":"product","link":"https:\/\/minimax.md\/ru\/product\/40844.html","title":{"rendered":"Sano \u041d\u0430\u0431\u043e\u0440 \u043f\u0440\u043e\u0444\u0435\u0441\u0441\u0438\u043e\u043d\u0430\u043b\u044c\u043d\u044b\u0445 \u0441\u0430\u043b\u0444\u0435\u0442\u043e\u043a \u0438\u0437 \u043c\u0438\u043a\u0440\u043e\u0432\u043e\u043b\u043e\u043a\u043d\u0430, 4 \u0448\u0442\u043a"},"content":{"rendered":"<p>[:ru_RU]4 \u0442\u0440\u044f\u043f\u043e\u0447\u043a\u0438 \u0438\u0437 \u043c\u0438\u043a\u0440\u043e-\u0432\u043e\u043b\u043e\u043a\u043d\u0430 \u0432 \u044d\u043a\u043e\u043d\u043e\u043c\u0438\u0447\u043d\u043e\u0439 \u0443\u043f\u0430\u043a\u043e\u0432\u043a\u0435 \u0434\u043b\u044f \u0443\u043d\u0438\u0432\u0435\u0440\u0441\u0430\u043b\u044c\u043d\u043e\u0439 \u0443\u0431\u043e\u0440\u043a\u0438:<br \/>\n\u0436\u0435\u043b\u0442\u0430\u044f &#8211; \u0434\u043b\u044f \u043f\u0440\u0435\u0434\u0432\u0430\u0440\u0438\u0442\u0435\u043b\u044c\u043d\u043e\u0439 \u043f\u0440\u043e\u0442\u0438\u0440\u043a\u0438 \u0438 \u043e\u0447\u0438\u0441\u0442\u043a\u0438<br \/>\n\u0440\u043e\u0437\u043e\u0432\u0430\u044f &#8211; \u0434\u043b\u044f \u043c\u044b\u0442\u044c\u044f<br \/>\n\u0433\u043e\u043b\u0443\u0431\u0430\u044f &#8211; \u0434\u043b\u044f \u043c\u044b\u0442\u044c\u044f \u0441\u0442\u0435\u043a\u043e\u043b \u0438 \u044d\u043a\u0440\u0430\u043d\u043e\u0432<br \/>\n\u043e\u0440\u0430\u043d\u0436\u0435\u0432\u0430\u044f &#8211; \u0434\u043b\u044f \u043e\u0447\u0438\u0441\u0442\u043a\u0438 \u043f\u043e\u0432\u0435\u0440\u0445\u043d\u043e\u0441\u0442\u0435\u0439 \u0438 \u043f\u0440\u0438\u0434\u0430\u043d\u0438\u044f \u0431\u043b\u0435\u0441\u043a\u0430.[trim][:ro_RO]4 lavete din microfibre \u00een ambalaj economic pentru uz universal:<br \/>\ngalben\u0103 \u2013 pentru  frecare \u0219i sp\u0103lare preventiv\u0103<br \/>\nroz\u0103 \u2013 pentru sp\u0103lare<br \/>\nalbastr\u0103 \u2013 pentru \u0219tergerea sticlei \u0219i a ecranelor<br \/>\nportocalie \u2013 pentru \u0219tergerea suprafe\u021belor \u0219i lustruire<\/p>\n","protected":false},"excerpt":{"rendered":"<p>[:ru_RU]4 \u0442\u0440\u044f\u043f\u043e\u0447\u043a\u0438 \u0438\u0437 \u043c\u0438\u043a\u0440\u043e-\u0432\u043e\u043b\u043e\u043a\u043d\u0430 \u0432 \u044d\u043a\u043e\u043d\u043e\u043c\u0438\u0447\u043d\u043e\u0439 \u0443\u043f\u0430\u043a\u043e\u0432\u043a\u0435 \u0434\u043b\u044f \u0443\u043d\u0438\u0432\u0435\u0440\u0441\u0430\u043b\u044c\u043d\u043e\u0439 \u0443\u0431\u043e\u0440\u043a\u0438: \u0436\u0435\u043b\u0442\u0430\u044f &#8211; \u0434\u043b\u044f \u043f\u0440\u0435\u0434\u0432\u0430\u0440\u0438\u0442\u0435\u043b\u044c\u043d\u043e\u0439 \u043f\u0440\u043e\u0442\u0438\u0440\u043a\u0438 \u0438 \u043e\u0447\u0438\u0441\u0442\u043a\u0438 \u0440\u043e\u0437\u043e\u0432\u0430\u044f &#8211; \u0434\u043b\u044f \u043c\u044b\u0442\u044c\u044f \u0433\u043e\u043b\u0443\u0431\u0430\u044f &#8211; \u0434\u043b\u044f \u043c\u044b\u0442\u044c\u044f \u0441\u0442\u0435\u043a\u043e\u043b \u0438 \u044d\u043a\u0440\u0430\u043d\u043e\u0432 \u043e\u0440\u0430\u043d\u0436\u0435\u0432\u0430\u044f &#8211; \u0434\u043b\u044f \u043e\u0447\u0438\u0441\u0442\u043a\u0438 \u043f\u043e\u0432\u0435\u0440\u0445\u043d\u043e\u0441\u0442\u0435\u0439 \u0438 \u043f\u0440\u0438\u0434\u0430\u043d\u0438\u044f \u0431\u043b\u0435\u0441\u043a\u0430.[trim][:ro_RO]4 lavete din microfibre \u00een ambalaj economic pentru uz universal: galben\u0103 \u2013 pentru frecare \u0219i sp\u0103lare preventiv\u0103 roz\u0103 \u2013 pentru [&hellip;]<\/p>\n","protected":false},"featured_media":0,"comment_status":"open","ping_status":"closed","template":"","meta":{"_acf_changed":false},"product_brand":[],"product_cat":[6747],"product_tag":[],"class_list":{"0":"post-40844","1":"product","2":"type-product","3":"status-publish","5":"product_cat-ru_ru-gubki-i-trjapki-trim","7":"first","8":"instock","9":"shipping-taxable","10":"purchasable","11":"product-type-simple"},"acf":[],"_links":{"self":[{"href":"https:\/\/minimax.md\/ru\/wp-json\/wp\/v2\/product\/40844","targetHints":{"allow":["GET"]}}],"collection":[{"href":"https:\/\/minimax.md\/ru\/wp-json\/wp\/v2\/product"}],"about":[{"href":"https:\/\/minimax.md\/ru\/wp-json\/wp\/v2\/types\/product"}],"replies":[{"embeddable":true,"href":"https:\/\/minimax.md\/ru\/wp-json\/wp\/v2\/comments?post=40844"}],"version-history":[{"count":0,"href":"https:\/\/minimax.md\/ru\/wp-json\/wp\/v2\/product\/40844\/revisions"}],"wp:attachment":[{"href":"https:\/\/minimax.md\/ru\/wp-json\/wp\/v2\/media?parent=40844"}],"wp:term":[{"taxonomy":"product_brand","embeddable":true,"href":"https:\/\/minimax.md\/ru\/wp-json\/wp\/v2\/product_brand?post=40844"},{"taxonomy":"product_cat","embeddable":true,"href":"https:\/\/minimax.md\/ru\/wp-json\/wp\/v2\/product_cat?post=40844"},{"taxonomy":"product_tag","embeddable":true,"href":"https:\/\/minimax.md\/ru\/wp-json\/wp\/v2\/product_tag?post=40844"}],"curies":[{"name":"wp","href":"https:\/\/api.w.org\/{rel}","templated":true}]}}