{"id":40880,"date":"2023-11-28T13:07:01","date_gmt":"2023-11-28T10:07:01","guid":{"rendered":"https:\/\/minimax.md\/product\/40880.html"},"modified":"2023-11-28T13:29:38","modified_gmt":"2023-11-28T10:29:38","slug":"ru_ru-cam-stulchik-dlja-kormlenija-original-4-v-1-trim-ro_ro-cam-sc-unel-pentru-alimenta-ie-original-4-in-1-2","status":"publish","type":"product","link":"https:\/\/minimax.md\/ru\/product\/40880.html","title":{"rendered":"Cam \u0441\u0442\u0443\u043b\u044c\u0447\u0438\u043a \u0434\u043b\u044f \u043a\u043e\u0440\u043c\u043b\u0435\u043d\u0438\u044f Original 4 \u0432 1"},"content":{"rendered":"<p>[:ru_RU]\u0421\u0442\u0443\u043b\u044c\u0447\u0438\u043a Original 4-\u0432-1 \u0440\u0430\u0441\u0442\u0435\u0442 \u0432\u043c\u0435\u0441\u0442\u0435 \u0441 \u0432\u0430\u0448\u0438\u043c \u0440\u0435\u0431\u0435\u043d\u043a\u043e\u043c: \u0435\u0433\u043e \u043c\u043e\u0436\u043d\u043e \u0438\u0441\u043f\u043e\u043b\u044c\u0437\u043e\u0432\u0430\u0442\u044c \u043a\u0430\u043a \u043b\u0435\u0436\u0430\u043a \u0434\u043b\u044f \u043d\u043e\u0432\u043e\u0440\u043e\u0436\u0434\u0435\u043d\u043d\u044b\u0445, \u0432 \u043a\u0430\u0447\u0435\u0441\u0442\u0432\u0435 \u0434\u043e\u0440\u043e\u0436\u043d\u043e\u0433\u043e \u0441\u0442\u0443\u043b\u044c\u0447\u0438\u043a\u0430, \u0434\u043b\u044f \u043a\u043e\u0440\u043c\u043b\u0435\u043d\u0438\u044f \u043c\u0430\u043b\u044b\u0448\u0435\u0439 \u0434\u043e\u043c\u0430 \u0438 \u0432 \u043f\u0443\u0442\u0435\u0448\u0435\u0441\u0442\u0432\u0438\u044f\u0445 \u0438 \u043a\u0430\u043a \u0434\u0435\u0442\u0441\u043a\u043e\u0435 \u0441\u0438\u0434\u0435\u043d\u044c\u0435 \u0431\u0435\u0437 \u043f\u043e\u0434\u043d\u043e\u0441\u0430 \u0434\u043b\u044f \u0434\u0435\u0442\u0435\u0439 \u0441\u0442\u0430\u0440\u0448\u0435\u0433\u043e \u0432\u043e\u0437\u0440\u0430\u0441\u0442\u0430, \u043a\u043e\u0442\u043e\u0440\u044b\u0435 \u0445\u043e\u0442\u044f\u0442 \u0441\u0438\u0434\u0435\u0442\u044c \u0437\u0430 \u0441\u0442\u043e\u043b\u043e\u043c \u0441\u043e \u0441\u0432\u043e\u0438\u043c\u0438 \u0440\u043e\u0434\u0438\u0442\u0435\u043b\u044f\u043c\u0438.<br \/>\n\u0421\u0434\u0435\u043b\u0430\u043d\u043e \u0432 \u0418\u0442\u0430\u043b\u0438\u0438 \u0441 \u044d\u0432\u043e\u043b\u044e\u0446\u0438\u043e\u043d\u043d\u044b\u043c\u0438 \u0444\u0443\u043d\u043a\u0446\u0438\u044f\u043c\u0438.<br \/>\n\u0414\u0435\u0442\u0441\u043a\u0438\u0439 \u043b\u0435\u0436\u0430\u0447\u043e\u043a:<br \/>\n&#8211; \u0412\u043e\u0437\u0440\u0430\u0441\u0442 \u0438\u0441\u043f\u043e\u043b\u044c\u0437\u043e\u0432\u0430\u043d\u0438\u044f: \u043e\u0442 0 \u0434\u043e 9 \u043a\u0433;<br \/>\n&#8211; \u0420\u0435\u0433\u0443\u043b\u0438\u0440\u0443\u0435\u043c\u0430\u044f 2-\u0445 \u043f\u043e\u0437\u0438\u0446\u0438\u043e\u043d\u043d\u0430\u044f \u0441\u043f\u0438\u043d\u043a\u0430;<br \/>\n&#8211; \u0427\u0435\u0445\u043e\u043b \u0438\u0437 \u0438\u0441\u043a\u0443\u0441\u0441\u0442\u0432\u0435\u043d\u043d\u043e\u0439 \u043a\u043e\u0436\u0438;<br \/>\n&#8211; \u041c\u044f\u0433\u043a\u0430\u044f \u043f\u043e\u0434\u0443\u0448\u043a\u0430 \u0438\u0437 \u0445\u043b\u043e\u043f\u043a\u0430;<br \/>\n&#8211; \u0410\u0440\u043a\u0430 \u0434\u043b\u044f \u0438\u0433\u0440\u0443\u0448\u0435\u043a \u0441 \u043c\u0435\u043b\u043e\u0434\u0438\u0435\u0439, \u043f\u043e\u0433\u0440\u0435\u043c\u0443\u0448\u043a\u0430\u043c\u0438 \u0438 \u0441\u044a\u0435\u043c\u043d\u044b\u043c\u0438 \u0438\u0433\u0440\u0443\u0448\u043a\u0430\u043c\u0438 (\u0414\u041e\u041f\u041e\u041b\u041d\u0418\u0422\u0415\u041b\u042c\u041d\u041e);<br \/>\n&#8211; 5-\u0442\u043e\u0447\u0435\u0447\u043d\u044b\u0439 \u0440\u0435\u043c\u0435\u043d\u044c \u0431\u0435\u0437\u043e\u043f\u0430\u0441\u043d\u043e\u0441\u0442\u0438;<br \/>\n&#8211; \u041b\u0435\u0433\u043a\u043e \u0447\u0438\u0441\u0442\u0438\u0442\u0441\u044f \u0433\u0443\u0431\u043a\u043e\u0439;<br \/>\n&#8211; \u0420\u0430\u0437\u043c\u0435\u0440\u044b \u0438 \u0432\u0435\u0441:  85 \u0445 43 \u0445 26 \u0441\u043c.<br \/>\n\u0412\u044b\u0441\u043e\u043a\u0438\u0439 \u0441\u0442\u0443\u043b\u044c\u0447\u0438\u043a:<br \/>\n&#8211; \u0412\u043e\u0437\u0440\u0430\u0441\u0442 \u0438\u0441\u043f\u043e\u043b\u044c\u0437\u043e\u0432\u0430\u043d\u0438\u044f: \u043e\u0442 0 \u0434\u043e 15 \u043a\u0433. (36 \u043c\u0435\u0441\u044f\u0446\u0435\u0432);<br \/>\n&#8211; 5 \u0443\u0440\u043e\u0432\u043d\u0435\u0439 \u0432\u044b\u0441\u043e\u0442\u044b \u0431\u043b\u0430\u0433\u043e\u0434\u0430\u0440\u044f \u0440\u0435\u0433\u0443\u043b\u0438\u0440\u0443\u0435\u043c\u044b\u043c \u043d\u043e\u0436\u043a\u0430\u043c;<br \/>\n&#8211; 3 \u043f\u043e\u043b\u043e\u0436\u0435\u043d\u0438\u044f \u0441\u043f\u0438\u043d\u043a\u0438;<br \/>\n&#8211; \u0420\u0435\u0433\u0443\u043b\u0438\u0440\u0443\u0435\u043c\u0430\u044f \u0434\u0432\u0443\u0445\u043f\u043e\u0437\u0438\u0446\u0438\u043e\u043d\u043d\u0430\u044f \u043f\u043e\u0434\u0441\u0442\u0430\u0432\u043a\u0430 \u0434\u043b\u044f \u043d\u043e\u0433;<br \/>\n&#8211; 2 \u0432\u043c\u0435\u0441\u0442\u0438\u0442\u0435\u043b\u044c\u043d\u044b\u0445 \u0441\u044a\u0435\u043c\u043d\u044b\u0445 \u0438 \u043c\u043e\u044e\u0449\u0438\u0445\u0441\u044f \u043f\u043e\u0434\u043d\u043e\u0441\u0430;<br \/>\n&#8211; \u0421\u0438\u0434\u0435\u043d\u044c\u0435 \u043f\u043e\u0432\u043e\u0440\u0430\u0447\u0438\u0432\u0430\u0435\u0442\u0441\u044f \u043d\u0430 45 \u00b0, \u0447\u0442\u043e\u0431\u044b, \u043d\u0430\u043f\u0440\u0438\u043c\u0435\u0440, \u0440\u043e\u0434\u0438\u0442\u0435\u043b\u044f\u043c \u0431\u044b\u043b\u043e \u043b\u0435\u0433\u0447\u0435 \u0432\u043e \u0432\u0440\u0435\u043c\u044f \u0435\u0434\u044b;<br \/>\n&#8211; \u0427\u0435\u0445\u043e\u043b \u0438\u0437 \u0438\u0441\u043a\u0443\u0441\u0441\u0442\u0432\u0435\u043d\u043d[trim][:ro_RO]Scaunul Original 4-\u00een-1 cre\u0219te odat\u0103 cu copilul dumneavoastr\u0103: poate fi folosit ca pat pentru nou-n\u0103scu\u021bi, ca scaun de c\u0103l\u0103torie, pentru hr\u0103nirea copiilor mici acas\u0103 \u0219i \u00een c\u0103l\u0103torie \u0219i ca scaun pentru copii f\u0103r\u0103 trayl\u0103 pentru copiii mai mari care doresc s\u0103 stea la o mas\u0103 cu de c\u0103tre p\u0103rin\u021bii lor. Fabricat \u00een Italia cu caracteristici evolutive.<br \/>\nSezlong pentru copii:<br \/>\n&#8211; V\u00e2rsta de utilizare: de la 0 la 9 kg;<br \/>\n&#8211; Spate reglabil \u00een 2 pozi\u021bii;<br \/>\n&#8211; Husa din piele PU;<br \/>\n&#8211; Perna moale din bumbac;<br \/>\n&#8211; Arc de juc\u0103rie cu melodie, zorn\u0103ituri \u0219i juc\u0103rii deta\u0219abile (OP\u021aIONAL);<br \/>\n&#8211; centur\u0103 de siguran\u021b\u0103 \u00een 5 puncte;<br \/>\n&#8211; Usor de curatat cu un burete;<br \/>\n&#8211; Dimensiuni \u0219i greutate: 85 x 43 x 26 cm.<br \/>\nScaun inalt:<br \/>\n&#8211; V\u00e2rsta de utilizare: de la 0 la 15 kg. (36 luni);<br \/>\n&#8211; 5 niveluri de \u00een\u0103l\u021bime datorit\u0103 picioarelor reglabile;<br \/>\n&#8211; 3 pozitii spatar;<br \/>\n&#8211; Tetier\u0103 reglabil\u0103 \u00een dou\u0103 pozi\u021bii;<br \/>\n&#8211; 2 t\u0103vi spa\u021bioase deta\u0219abile \u0219i lavabile;<br \/>\n&#8211; Scaunul se rote\u0219te la 45 \u00b0 pentru a facilita m\u00e2ncarea p\u0103rin\u021bilor, de exemplu;<br \/>\n&#8211; Husa din piele PU;<br \/>\n&#8211; centur\u0103 de siguran\u021b\u0103 \u00een 5 pu<\/p>\n","protected":false},"excerpt":{"rendered":"<p>[:ru_RU]\u0421\u0442\u0443\u043b\u044c\u0447\u0438\u043a Original 4-\u0432-1 \u0440\u0430\u0441\u0442\u0435\u0442 \u0432\u043c\u0435\u0441\u0442\u0435 \u0441 \u0432\u0430\u0448\u0438\u043c \u0440\u0435\u0431\u0435\u043d\u043a\u043e\u043c: \u0435\u0433\u043e \u043c\u043e\u0436\u043d\u043e \u0438\u0441\u043f\u043e\u043b\u044c\u0437\u043e\u0432\u0430\u0442\u044c \u043a\u0430\u043a \u043b\u0435\u0436\u0430\u043a \u0434\u043b\u044f \u043d\u043e\u0432\u043e\u0440\u043e\u0436\u0434\u0435\u043d\u043d\u044b\u0445, \u0432 \u043a\u0430\u0447\u0435\u0441\u0442\u0432\u0435 \u0434\u043e\u0440\u043e\u0436\u043d\u043e\u0433\u043e \u0441\u0442\u0443\u043b\u044c\u0447\u0438\u043a\u0430, \u0434\u043b\u044f \u043a\u043e\u0440\u043c\u043b\u0435\u043d\u0438\u044f \u043c\u0430\u043b\u044b\u0448\u0435\u0439 \u0434\u043e\u043c\u0430 \u0438 \u0432 \u043f\u0443\u0442\u0435\u0448\u0435\u0441\u0442\u0432\u0438\u044f\u0445 \u0438 \u043a\u0430\u043a \u0434\u0435\u0442\u0441\u043a\u043e\u0435 \u0441\u0438\u0434\u0435\u043d\u044c\u0435 \u0431\u0435\u0437 \u043f\u043e\u0434\u043d\u043e\u0441\u0430 \u0434\u043b\u044f \u0434\u0435\u0442\u0435\u0439 \u0441\u0442\u0430\u0440\u0448\u0435\u0433\u043e \u0432\u043e\u0437\u0440\u0430\u0441\u0442\u0430, \u043a\u043e\u0442\u043e\u0440\u044b\u0435 \u0445\u043e\u0442\u044f\u0442 \u0441\u0438\u0434\u0435\u0442\u044c \u0437\u0430 \u0441\u0442\u043e\u043b\u043e\u043c \u0441\u043e \u0441\u0432\u043e\u0438\u043c\u0438 \u0440\u043e\u0434\u0438\u0442\u0435\u043b\u044f\u043c\u0438. \u0421\u0434\u0435\u043b\u0430\u043d\u043e \u0432 \u0418\u0442\u0430\u043b\u0438\u0438 \u0441 \u044d\u0432\u043e\u043b\u044e\u0446\u0438\u043e\u043d\u043d\u044b\u043c\u0438 \u0444\u0443\u043d\u043a\u0446\u0438\u044f\u043c\u0438. \u0414\u0435\u0442\u0441\u043a\u0438\u0439 \u043b\u0435\u0436\u0430\u0447\u043e\u043a: &#8211; \u0412\u043e\u0437\u0440\u0430\u0441\u0442 \u0438\u0441\u043f\u043e\u043b\u044c\u0437\u043e\u0432\u0430\u043d\u0438\u044f: [&hellip;]<\/p>\n","protected":false},"featured_media":0,"comment_status":"open","ping_status":"closed","template":"","meta":{"_acf_changed":false},"product_brand":[],"product_cat":[6781],"product_tag":[],"class_list":{"0":"post-40880","1":"product","2":"type-product","3":"status-publish","5":"product_cat-ru_ru-stulchiki-dlja-kormle","7":"first","8":"instock","9":"shipping-taxable","10":"purchasable","11":"product-type-simple"},"acf":[],"_links":{"self":[{"href":"https:\/\/minimax.md\/ru\/wp-json\/wp\/v2\/product\/40880","targetHints":{"allow":["GET"]}}],"collection":[{"href":"https:\/\/minimax.md\/ru\/wp-json\/wp\/v2\/product"}],"about":[{"href":"https:\/\/minimax.md\/ru\/wp-json\/wp\/v2\/types\/product"}],"replies":[{"embeddable":true,"href":"https:\/\/minimax.md\/ru\/wp-json\/wp\/v2\/comments?post=40880"}],"version-history":[{"count":0,"href":"https:\/\/minimax.md\/ru\/wp-json\/wp\/v2\/product\/40880\/revisions"}],"wp:attachment":[{"href":"https:\/\/minimax.md\/ru\/wp-json\/wp\/v2\/media?parent=40880"}],"wp:term":[{"taxonomy":"product_brand","embeddable":true,"href":"https:\/\/minimax.md\/ru\/wp-json\/wp\/v2\/product_brand?post=40880"},{"taxonomy":"product_cat","embeddable":true,"href":"https:\/\/minimax.md\/ru\/wp-json\/wp\/v2\/product_cat?post=40880"},{"taxonomy":"product_tag","embeddable":true,"href":"https:\/\/minimax.md\/ru\/wp-json\/wp\/v2\/product_tag?post=40880"}],"curies":[{"name":"wp","href":"https:\/\/api.w.org\/{rel}","templated":true}]}}