{"id":40899,"date":"2023-11-28T13:07:02","date_gmt":"2023-11-28T10:07:02","guid":{"rendered":"https:\/\/minimax.md\/product\/40899.html"},"modified":"2023-12-08T18:21:03","modified_gmt":"2023-12-08T15:21:03","slug":"ru_ru-baby-mix-manezh-detskij-trim-ro_ro-baby-mix-arc-pentru-copii","status":"publish","type":"product","link":"https:\/\/minimax.md\/ru\/product\/40899.html","title":{"rendered":"Baby Mix \u041c\u0430\u043d\u0435\u0436 \u0434\u0435\u0442\u0441\u043a\u0438\u0439"},"content":{"rendered":"<p>[:ru_RU]\u0411\u043b\u0430\u0433\u043e\u0434\u0430\u0440\u044f \u0441\u043a\u043b\u0430\u0434\u043d\u043e\u0439 \u043a\u043e\u043d\u0441\u0442\u0440\u0443\u043a\u0446\u0438\u0438 \u043c\u0430\u043d\u0435\u0436 \u043b\u0435\u0433\u043a\u043e \u043c\u043e\u0436\u043d\u043e \u0431\u0440\u0430\u0442\u044c \u0441 \u0441\u043e\u0431\u043e\u0439 \u0432 \u043f\u043e\u0435\u0437\u0434\u043a\u0438 \u0438\u043b\u0438 \u0438\u0441\u043f\u043e\u043b\u044c\u0437\u043e\u0432\u0430\u0442\u044c \u0432 \u0434\u043e\u043c\u0430\u0448\u043d\u0438\u0445 \u0443\u0441\u043b\u043e\u0432\u0438\u044f\u0445 &#8211; \u0432 \u043a\u0430\u0447\u0435\u0441\u0442\u0432\u0435 \u043a\u0440\u043e\u0432\u0430\u0442\u043a\u0438 \u0438\u043b\u0438 \u0438\u0433\u0440\u043e\u0432\u043e\u0439 \u0437\u043e\u043d\u044b.<br \/>\n\u041a\u043e\u043b\u0435\u0441\u0438\u043a\u0438 \u0441 \u0441\u0438\u0441\u0442\u0435\u043c\u043e\u0439 \u0444\u0438\u043a\u0441\u0430\u0446\u0438\u0438 \u043f\u043e\u0437\u0432\u043e\u043b\u044f\u0442 \u043b\u0435\u0433\u043a\u043e \u043f\u0435\u0440\u0435\u043c\u0435\u0449\u0430\u0442\u044c \u0435\u0433\u043e.<br \/>\n\u0421\u043f\u0430\u043b\u044c\u043d\u043e\u0435 \u043c\u0435\u0441\u0442\u043e \u043e\u0447\u0435\u043d\u044c \u043f\u0440\u043e\u0441\u0442\u043e\u0440\u043d\u043e\u0435, \u0432 \u043a\u043e\u043c\u043f\u043b\u0435\u043a\u0442\u0435 \u0443\u0436\u0435 \u0438\u043c\u0435\u0435\u0442\u0441\u044f \u0448\u0438\u0440\u043e\u043a\u0438\u0439 \u043a\u043e\u043c\u0444\u043e\u0440\u0442\u043d\u044b\u0439 \u043c\u0430\u0442\u0440\u0430\u0441, \u043f\u043e\u043b\u043e\u0436\u0435\u043d\u0438\u0435 \u0434\u043d\u0430 \u0440\u0435\u0433\u0443\u043b\u0438\u0440\u0443\u0435\u0442\u0441\u044f \u043d\u0430 2 \u0443\u0440\u043e\u0432\u043d\u044f.<br \/>\n\u0421 \u0442\u043e\u0440\u0446\u0430 \u043c\u0430\u043d\u0435\u0436\u0430 \u0438\u043c\u0435\u0435\u0442\u0441\u044f \u043b\u0430\u0437, \u0437\u0430\u0441\u0442\u0435\u0433\u0438\u0432\u0430\u044e\u0449\u0438\u0439\u0441\u044f \u043d\u0430 \u043c\u043e\u043b\u043d\u0438\u044e, \u0447\u0435\u0440\u0435\u0437 \u043a\u043e\u0442\u043e\u0440\u044b\u0439 \u043c\u0430\u043b\u044b\u0448 \u0441\u043c\u043e\u0436\u0435\u0442 \u0432\u044b\u0431\u0438\u0440\u0430\u0442\u044c\u0441\u044f \u0438\u0437 \u043c\u0430\u043d\u0435\u0436\u0430 \u0438 \u0437\u0430\u0431\u0438\u0440\u0430\u0442\u044c\u0441\u044f \u0432 \u043d\u0435\u0433\u043e.<br \/>\n\u041e\u0441\u043d\u043e\u0432\u043d\u044b\u0435 \u043f\u0440\u0435\u0438\u043c\u0443\u0449\u0435\u0441\u0442\u0432\u0430 \u043c\u0430\u043d\u0435\u0436\u0430:<br \/>\n&#8211;  \u0441\u043a\u043b\u0430\u0434\u044b\u0432\u0430\u0435\u0442\u0441\u044f \u0434\u043e \u043d\u0435\u0431\u043e\u043b\u044c\u0448\u0438\u0445 \u0440\u0430\u0437\u043c\u0435\u0440\u043e\u0432, \u0431\u043b\u0430\u0433\u043e\u0434\u0430\u0440\u044f \u0447\u0435\u043c\u0443 \u0443\u0434\u043e\u0431\u0435\u043d \u0432 \u0442\u0440\u0430\u043d\u0441\u043f\u043e\u0440\u0442\u0438\u0440\u043e\u0432\u043a\u0435;<br \/>\n&#8211;  \u0443\u0434\u043e\u0431\u043d\u044b\u0439 \u043a\u043e\u043c\u043f\u0430\u043a\u0442\u043d\u044b\u0439 \u043c\u0430\u0442\u0440\u0430\u0441;<br \/>\n&#8211;  \u043f\u0440\u043e\u0447\u043d\u0430\u044f \u043d\u0438\u0436\u043d\u044f\u044f \u043e\u043f\u043e\u0440\u0430, \u043e\u0431\u0435\u0441\u043f\u0435\u0447\u0438\u0432\u0430\u044e\u0449\u0430\u044f \u0431\u0435\u0437\u043e\u043f\u0430\u0441\u043d\u043e\u0441\u0442\u044c \u0438   \u0434\u043e\u043b\u0433\u043e\u0432\u0435\u0447\u043d\u043e\u0441\u0442\u044c \u043c\u0430\u043d\u0435\u0436\u0430;<br \/>\n&#8211;  \u043f\u043e\u043b\u043e\u0436\u0435\u043d\u0438\u0435 \u0434\u043d\u0430 \u0440\u0435\u0433\u0443\u043b\u0438\u0440\u0443\u0435\u0442\u0441\u044f \u043d\u0430 2-\u0445 \u0443\u0440\u043e\u0432\u043d\u044f\u0445;<br \/>\n&#8211;  \u043b\u0430\u0437 \u043d\u0430 \u043c\u043e\u043b\u043d\u0438\u0438 \u0432 \u0431\u043e\u043a\u043e\u0432\u043e\u0439 \u0447\u0430\u0441\u0442\u0438;<br \/>\n&#8211;  \u043f\u0435\u043b\u0435\u043d\u0430\u043b\u044c\u043d\u044b\u0439 \u0441\u0442\u043e\u043b\u0438\u043a \u0438 \u043a\u0430\u0440\u043c\u0430\u043d \u0434\u043b\u044f \u043c\u0435\u043b\u043e\u0447\u0435\u0439;<br \/>\n&#8211;  \u0440\u0435\u0433\u0443\u043b\u0438\u0440\u0443\u0435\u043c\u044b\u0439 \u043a\u0430\u043f\u044e\u0448\u043e\u043d ;<br \/>\n&#8211;  \u043f\u043b\u0430\u0441\u0442\u0438\u043a\u043e\u0432\u044b\u0435 \u0443\u0433\u043b\u044b \u043f\u043e \u043a\u0440\u0430\u044f\u043c \u043a\u0440\u043e\u0432\u0430\u0442\u043a\u0438, \u043f\u0440\u0435\u0434\u043e\u0442\u0432\u0440\u0430\u0449\u0430\u044e\u0449\u0438\u0435 \u0440\u0435\u0431\u0435\u043d\u043a\u0430 \u043e\u0442 \u0442\u0440\u0430\u0432\u043c;<br \/>\n&#8211;  \u0434\u0432\u0430 \u043a\u043e\u043b\u0435\u0441\u0430 \u0441 \u0444\u0438\u043a\u0441\u0430\u0442\u043e\u0440\u0430\u043c\u0438 \u0434\u043b\u044f \u0443\u0434\u043e\u0431\u043d\u043e\u0433\u043e \u043f\u0435\u0440\u0435\u043c\u0435\u0449\u0435\u043d\u0438;\u044f<br \/>\n&#8211;  \u0441\u0443\u043c\u043a\u0430 \u0434\u043b\u044f \u0442\u0440\u0430\u043d\u0441\u043f\u043e\u0440\u0442\u0438\u0440\u043e\u0432\u043a\u0438;<br \/>\n&#8211; \u0440\u0430\u0437\u043c\u0435\u0440\u044b: 120 \u0445 60 \u0445 78,5 \u0441\u043c.;<br \/>\n&#8211; \u0432[trim][:ro_RO]Datorit\u0103 designului pliabil, tarc poate fi luat cu u\u0219urin\u021b\u0103 cu dvs.<br \/>\n\u00een calatorii sau utilizat acas\u0103 &#8211; ca un p\u0103tu\u021b sau zon\u0103 de joc.<br \/>\nRotile cu sistem de blocare faciliteaz\u0103 mi\u0219carea.<br \/>\nLocul de somn este foarte spa\u021bios, setul are deja o saltea larg\u0103 \u0219i confortabil\u0103, pozi\u021bia de jos este reglat\u0103 la 2 niveluri.<br \/>\nLa cap\u0103tul arenei se afl\u0103 o gaur\u0103 fixat\u0103 cu un fermoar, prin care copilul poate ie\u0219i din aren\u0103 \u0219i se poate urca \u00een ea.<br \/>\nPrincipalele avantaje ale arenei:<br \/>\n&#8211; se pliaz\u0103 la dimensiuni reduse, ceea ce face un transport convenabil;<br \/>\n&#8211; saltea compact\u0103 confortabil\u0103;<br \/>\n&#8211; suport puternic de jos, asigur\u00e2nd siguran\u021ba \u0219i durabilitatea arenei;<br \/>\n&#8211; pozi\u021bia fundului este reglat\u0103 la 2 niveluri;<br \/>\n&#8211; gaur\u0103 cu fermoar \u00een lateral;<br \/>\n&#8211; schimbarea mesei \u0219i a buzunarului pentru lucruri mici;<br \/>\n&#8211; hota reglabila;<br \/>\n&#8211; col\u021buri de plastic de-a lungul marginilor p\u0103tu\u021bului, prevenind r\u0103nirea copilului;<br \/>\n&#8211; dou\u0103 ro\u021bi cu \u00eencuietori pentru o mi\u0219care convenabil\u0103;<br \/>\n&#8211; un sac pentru transport;<br \/>\n&#8211; dimensiuni: 120 x 60 x 78,5 cm .;<br \/>\n&#8211; greutate &#8211; 11 kg.<\/p>\n","protected":false},"excerpt":{"rendered":"<p>[:ru_RU]\u0411\u043b\u0430\u0433\u043e\u0434\u0430\u0440\u044f \u0441\u043a\u043b\u0430\u0434\u043d\u043e\u0439 \u043a\u043e\u043d\u0441\u0442\u0440\u0443\u043a\u0446\u0438\u0438 \u043c\u0430\u043d\u0435\u0436 \u043b\u0435\u0433\u043a\u043e \u043c\u043e\u0436\u043d\u043e \u0431\u0440\u0430\u0442\u044c \u0441 \u0441\u043e\u0431\u043e\u0439 \u0432 \u043f\u043e\u0435\u0437\u0434\u043a\u0438 \u0438\u043b\u0438 \u0438\u0441\u043f\u043e\u043b\u044c\u0437\u043e\u0432\u0430\u0442\u044c \u0432 \u0434\u043e\u043c\u0430\u0448\u043d\u0438\u0445 \u0443\u0441\u043b\u043e\u0432\u0438\u044f\u0445 &#8211; \u0432 \u043a\u0430\u0447\u0435\u0441\u0442\u0432\u0435 \u043a\u0440\u043e\u0432\u0430\u0442\u043a\u0438 \u0438\u043b\u0438 \u0438\u0433\u0440\u043e\u0432\u043e\u0439 \u0437\u043e\u043d\u044b. \u041a\u043e\u043b\u0435\u0441\u0438\u043a\u0438 \u0441 \u0441\u0438\u0441\u0442\u0435\u043c\u043e\u0439 \u0444\u0438\u043a\u0441\u0430\u0446\u0438\u0438 \u043f\u043e\u0437\u0432\u043e\u043b\u044f\u0442 \u043b\u0435\u0433\u043a\u043e \u043f\u0435\u0440\u0435\u043c\u0435\u0449\u0430\u0442\u044c \u0435\u0433\u043e. \u0421\u043f\u0430\u043b\u044c\u043d\u043e\u0435 \u043c\u0435\u0441\u0442\u043e \u043e\u0447\u0435\u043d\u044c \u043f\u0440\u043e\u0441\u0442\u043e\u0440\u043d\u043e\u0435, \u0432 \u043a\u043e\u043c\u043f\u043b\u0435\u043a\u0442\u0435 \u0443\u0436\u0435 \u0438\u043c\u0435\u0435\u0442\u0441\u044f \u0448\u0438\u0440\u043e\u043a\u0438\u0439 \u043a\u043e\u043c\u0444\u043e\u0440\u0442\u043d\u044b\u0439 \u043c\u0430\u0442\u0440\u0430\u0441, \u043f\u043e\u043b\u043e\u0436\u0435\u043d\u0438\u0435 \u0434\u043d\u0430 \u0440\u0435\u0433\u0443\u043b\u0438\u0440\u0443\u0435\u0442\u0441\u044f \u043d\u0430 2 \u0443\u0440\u043e\u0432\u043d\u044f. \u0421 \u0442\u043e\u0440\u0446\u0430 \u043c\u0430\u043d\u0435\u0436\u0430 \u0438\u043c\u0435\u0435\u0442\u0441\u044f \u043b\u0430\u0437, \u0437\u0430\u0441\u0442\u0435\u0433\u0438\u0432\u0430\u044e\u0449\u0438\u0439\u0441\u044f \u043d\u0430 [&hellip;]<\/p>\n","protected":false},"featured_media":40898,"comment_status":"open","ping_status":"closed","template":"","meta":{"_acf_changed":false},"product_brand":[],"product_cat":[6795],"product_tag":[],"class_list":{"0":"post-40899","1":"product","2":"type-product","3":"status-publish","4":"has-post-thumbnail","6":"product_cat-ru_ru-manezhi-trim-ro_ro-ar","8":"first","9":"instock","10":"shipping-taxable","11":"purchasable","12":"product-type-simple"},"acf":[],"_links":{"self":[{"href":"https:\/\/minimax.md\/ru\/wp-json\/wp\/v2\/product\/40899","targetHints":{"allow":["GET"]}}],"collection":[{"href":"https:\/\/minimax.md\/ru\/wp-json\/wp\/v2\/product"}],"about":[{"href":"https:\/\/minimax.md\/ru\/wp-json\/wp\/v2\/types\/product"}],"replies":[{"embeddable":true,"href":"https:\/\/minimax.md\/ru\/wp-json\/wp\/v2\/comments?post=40899"}],"version-history":[{"count":0,"href":"https:\/\/minimax.md\/ru\/wp-json\/wp\/v2\/product\/40899\/revisions"}],"wp:featuredmedia":[{"embeddable":true,"href":"https:\/\/minimax.md\/ru\/wp-json\/wp\/v2\/media\/40898"}],"wp:attachment":[{"href":"https:\/\/minimax.md\/ru\/wp-json\/wp\/v2\/media?parent=40899"}],"wp:term":[{"taxonomy":"product_brand","embeddable":true,"href":"https:\/\/minimax.md\/ru\/wp-json\/wp\/v2\/product_brand?post=40899"},{"taxonomy":"product_cat","embeddable":true,"href":"https:\/\/minimax.md\/ru\/wp-json\/wp\/v2\/product_cat?post=40899"},{"taxonomy":"product_tag","embeddable":true,"href":"https:\/\/minimax.md\/ru\/wp-json\/wp\/v2\/product_tag?post=40899"}],"curies":[{"name":"wp","href":"https:\/\/api.w.org\/{rel}","templated":true}]}}