{"id":40950,"date":"2023-11-28T13:07:07","date_gmt":"2023-11-28T10:07:07","guid":{"rendered":"https:\/\/minimax.md\/product\/40950.html"},"modified":"2023-11-28T13:29:39","modified_gmt":"2023-11-28T10:29:39","slug":"ru_ru-m-toys-cyfry-kubiki-12-sht-trim-ro_ro-m-toys-cuburi-cifre-rus-12-buc","status":"publish","type":"product","link":"https:\/\/minimax.md\/ru\/product\/40950.html","title":{"rendered":"M Toys \u0426\u044b\u0444\u0440\u044b \u041a\u0443\u0431\u0438\u043a\u0438,12 \u0448\u0442"},"content":{"rendered":"<p>[:ru_RU]\u041a\u0443\u0431\u0438\u043a\u0438 \u0420\u0443\u0441\u0441\u043a\u0430\u044f \u0430\u0437\u0431\u0443\u043a\u0430\u00bb \u043f\u043e\u043c\u043e\u0433\u0443\u0442 \u0432\u0430\u0448\u0435\u043c\u0443 \u043c\u0430\u043b\u044b\u0448\u0443 \u043b\u0435\u0433\u043a\u043e \u043e\u0441\u0432\u043e\u0438\u0442\u044c \u0430\u043b\u0444\u0430\u0432\u0438\u0442 \u0438 \u043f\u043e\u0434\u0433\u043e\u0442\u043e\u0432\u0438\u0442\u0441\u044f \u043a \u0448\u043a\u043e\u043b\u0435.<br \/>\n\u041b\u0435\u0433\u043a\u043e\u043c\u0443 \u0437\u0430\u043f\u043e\u043c\u0438\u043d\u0430\u043d\u0438\u044e \u043f\u043e\u043c\u043e\u0433\u0430\u044e\u0442 \u044f\u0440\u043a\u0438\u0435 \u043a\u0430\u0440\u0442\u0438\u043d\u043a\u0438 \u043d\u0430\u0440\u0438\u0441\u043e\u0432\u0430\u043d\u043d\u044b\u0435 \u0432\u043c\u0435\u0441\u0442\u0435 \u0441 \u0431\u0443\u043a\u0432\u0430\u043c\u0438.<br \/>\n\u0421\u043a\u043b\u0430\u0434\u044b\u0432\u0430\u0439\u0442\u0435 \u0441\u043b\u043e\u0432\u0430 \u0432\u043c\u0435\u0441\u0442\u0435 \u0441\u043e \u0441\u0432\u043e\u0438\u043c \u043c\u0430\u043b\u044b\u0448\u043e\u043c!<br \/>\n\u0420\u0430\u0437\u043c\u0435\u0440\u044b 23 \u00d7 17 \u00d7 5.8 cm[trim][:ro_RO]M Toys Cuburi Alfabet  rus, 12 buc<br \/>\ndimensiuni  23 \u00d7 17 \u00d7 5.8 cm<br \/>\nVirsta 1 &#8211; 3 ani<\/p>\n","protected":false},"excerpt":{"rendered":"<p>[:ru_RU]\u041a\u0443\u0431\u0438\u043a\u0438 \u0420\u0443\u0441\u0441\u043a\u0430\u044f \u0430\u0437\u0431\u0443\u043a\u0430\u00bb \u043f\u043e\u043c\u043e\u0433\u0443\u0442 \u0432\u0430\u0448\u0435\u043c\u0443 \u043c\u0430\u043b\u044b\u0448\u0443 \u043b\u0435\u0433\u043a\u043e \u043e\u0441\u0432\u043e\u0438\u0442\u044c \u0430\u043b\u0444\u0430\u0432\u0438\u0442 \u0438 \u043f\u043e\u0434\u0433\u043e\u0442\u043e\u0432\u0438\u0442\u0441\u044f \u043a \u0448\u043a\u043e\u043b\u0435. \u041b\u0435\u0433\u043a\u043e\u043c\u0443 \u0437\u0430\u043f\u043e\u043c\u0438\u043d\u0430\u043d\u0438\u044e \u043f\u043e\u043c\u043e\u0433\u0430\u044e\u0442 \u044f\u0440\u043a\u0438\u0435 \u043a\u0430\u0440\u0442\u0438\u043d\u043a\u0438 \u043d\u0430\u0440\u0438\u0441\u043e\u0432\u0430\u043d\u043d\u044b\u0435 \u0432\u043c\u0435\u0441\u0442\u0435 \u0441 \u0431\u0443\u043a\u0432\u0430\u043c\u0438. \u0421\u043a\u043b\u0430\u0434\u044b\u0432\u0430\u0439\u0442\u0435 \u0441\u043b\u043e\u0432\u0430 \u0432\u043c\u0435\u0441\u0442\u0435 \u0441\u043e \u0441\u0432\u043e\u0438\u043c \u043c\u0430\u043b\u044b\u0448\u043e\u043c! \u0420\u0430\u0437\u043c\u0435\u0440\u044b 23 \u00d7 17 \u00d7 5.8 cm[trim][:ro_RO]M Toys Cuburi Alfabet rus, 12 buc dimensiuni 23 \u00d7 17 \u00d7 5.8 cm Virsta 1 &#8211; 3 ani<\/p>\n","protected":false},"featured_media":40948,"comment_status":"open","ping_status":"closed","template":"","meta":{"_acf_changed":false},"product_brand":[],"product_cat":[6712],"product_tag":[],"class_list":{"0":"post-40950","1":"product","2":"type-product","3":"status-publish","4":"has-post-thumbnail","6":"product_cat-ru_ru-kubiki-kartonnye-trim","8":"first","9":"instock","10":"shipping-taxable","11":"purchasable","12":"product-type-simple"},"acf":[],"_links":{"self":[{"href":"https:\/\/minimax.md\/ru\/wp-json\/wp\/v2\/product\/40950","targetHints":{"allow":["GET"]}}],"collection":[{"href":"https:\/\/minimax.md\/ru\/wp-json\/wp\/v2\/product"}],"about":[{"href":"https:\/\/minimax.md\/ru\/wp-json\/wp\/v2\/types\/product"}],"replies":[{"embeddable":true,"href":"https:\/\/minimax.md\/ru\/wp-json\/wp\/v2\/comments?post=40950"}],"version-history":[{"count":0,"href":"https:\/\/minimax.md\/ru\/wp-json\/wp\/v2\/product\/40950\/revisions"}],"wp:featuredmedia":[{"embeddable":true,"href":"https:\/\/minimax.md\/ru\/wp-json\/wp\/v2\/media\/40948"}],"wp:attachment":[{"href":"https:\/\/minimax.md\/ru\/wp-json\/wp\/v2\/media?parent=40950"}],"wp:term":[{"taxonomy":"product_brand","embeddable":true,"href":"https:\/\/minimax.md\/ru\/wp-json\/wp\/v2\/product_brand?post=40950"},{"taxonomy":"product_cat","embeddable":true,"href":"https:\/\/minimax.md\/ru\/wp-json\/wp\/v2\/product_cat?post=40950"},{"taxonomy":"product_tag","embeddable":true,"href":"https:\/\/minimax.md\/ru\/wp-json\/wp\/v2\/product_tag?post=40950"}],"curies":[{"name":"wp","href":"https:\/\/api.w.org\/{rel}","templated":true}]}}