{"id":40966,"date":"2023-11-28T13:07:08","date_gmt":"2023-11-28T10:07:08","guid":{"rendered":"https:\/\/minimax.md\/product\/40966.html"},"modified":"2023-11-28T13:29:39","modified_gmt":"2023-11-28T10:29:39","slug":"ru_ru-intex-krug-plavatelnyj-tropicheskij-flamingo-trim-ro_ro-intex-cerc-gonflabil","status":"publish","type":"product","link":"https:\/\/minimax.md\/ru\/product\/40966.html","title":{"rendered":"Intex \u041a\u0440\u0443\u0433 \u043f\u043b\u0430\u0432\u0430\u0442\u0435\u043b\u044c\u043d\u044b\u0439 \u0422\u0440\u043e\u043f\u0438\u0447\u0435\u0441\u043a\u0438\u0439 \u0424\u043b\u0430\u043c\u0438\u043d\u0433\u043e"},"content":{"rendered":"<p>[:ru_RU]\u041d\u0430\u0434\u0443\u0432\u043d\u043e\u0439  \u0424\u043b\u0430\u043c\u0438\u043d\u0433\u043e<br \/>\n\u0412\u043e\u0437\u0440\u043e\u0441\u0442 3 &#8211; 6 \u043b\u0435\u0442<br \/>\n\u0420\u0430\u0437\u043c\u0435\u0440\u044b 142 \u00d7 137 \u00d7 97 cm[trim][:ro_RO]Intex Cerc gonflabil<br \/>\nVirsta de la 3 &#8211; 6 ani<br \/>\nDimensiuni 142 \u00d7 137 \u00d7 97 cm<\/p>\n","protected":false},"excerpt":{"rendered":"<p>[:ru_RU]\u041d\u0430\u0434\u0443\u0432\u043d\u043e\u0439 \u0424\u043b\u0430\u043c\u0438\u043d\u0433\u043e \u0412\u043e\u0437\u0440\u043e\u0441\u0442 3 &#8211; 6 \u043b\u0435\u0442 \u0420\u0430\u0437\u043c\u0435\u0440\u044b 142 \u00d7 137 \u00d7 97 cm[trim][:ro_RO]Intex Cerc gonflabil Virsta de la 3 &#8211; 6 ani Dimensiuni 142 \u00d7 137 \u00d7 97 cm<\/p>\n","protected":false},"featured_media":40964,"comment_status":"open","ping_status":"closed","template":"","meta":{"_acf_changed":false},"product_brand":[],"product_cat":[6700],"product_tag":[],"class_list":{"0":"post-40966","1":"product","2":"type-product","3":"status-publish","4":"has-post-thumbnail","6":"product_cat-ru_ru-dlja-igry-s-vodoj-tri","8":"first","9":"instock","10":"shipping-taxable","11":"purchasable","12":"product-type-simple"},"acf":[],"_links":{"self":[{"href":"https:\/\/minimax.md\/ru\/wp-json\/wp\/v2\/product\/40966","targetHints":{"allow":["GET"]}}],"collection":[{"href":"https:\/\/minimax.md\/ru\/wp-json\/wp\/v2\/product"}],"about":[{"href":"https:\/\/minimax.md\/ru\/wp-json\/wp\/v2\/types\/product"}],"replies":[{"embeddable":true,"href":"https:\/\/minimax.md\/ru\/wp-json\/wp\/v2\/comments?post=40966"}],"version-history":[{"count":0,"href":"https:\/\/minimax.md\/ru\/wp-json\/wp\/v2\/product\/40966\/revisions"}],"wp:featuredmedia":[{"embeddable":true,"href":"https:\/\/minimax.md\/ru\/wp-json\/wp\/v2\/media\/40964"}],"wp:attachment":[{"href":"https:\/\/minimax.md\/ru\/wp-json\/wp\/v2\/media?parent=40966"}],"wp:term":[{"taxonomy":"product_brand","embeddable":true,"href":"https:\/\/minimax.md\/ru\/wp-json\/wp\/v2\/product_brand?post=40966"},{"taxonomy":"product_cat","embeddable":true,"href":"https:\/\/minimax.md\/ru\/wp-json\/wp\/v2\/product_cat?post=40966"},{"taxonomy":"product_tag","embeddable":true,"href":"https:\/\/minimax.md\/ru\/wp-json\/wp\/v2\/product_tag?post=40966"}],"curies":[{"name":"wp","href":"https:\/\/api.w.org\/{rel}","templated":true}]}}