{"id":40978,"date":"2023-11-28T13:07:11","date_gmt":"2023-11-28T10:07:11","guid":{"rendered":"https:\/\/minimax.md\/product\/40978.html"},"modified":"2023-12-11T19:03:48","modified_gmt":"2023-12-11T16:03:48","slug":"ru_ru-baby-mix-jelektrosamokat-trim-ro_ro-baby-mix-trotinet-electric","status":"publish","type":"product","link":"https:\/\/minimax.md\/ru\/product\/40978.html","title":{"rendered":"Baby Mix \u042d\u043b\u0435\u043a\u0442\u0440\u043e\u0441\u0430\u043c\u043e\u043a\u0430\u0442"},"content":{"rendered":"<p>[:ru_RU]\u0412\u043e\u0437\u0440\u0430\u0441\u0442: 3+;<br \/>\n&#8211; \u041c\u0430\u043a\u0441\u0438\u043c\u0430\u043b\u044c\u043d\u0430\u044f \u0441\u043a\u043e\u0440\u043e\u0441\u0442\u044c: 5 \u043a\u043c\/\u0447;<br \/>\n&#8211; \u0414\u0438\u0430\u043f\u0430\u0437\u043e\u043d: 6 \u043a\u043c;<br \/>\n&#8211; \u041a\u043e\u043d\u0442\u0440\u043e\u043b\u044c \u0441\u043a\u043e\u0440\u043e\u0441\u0442\u0438: \u0435\u0441\u0442\u044c;<br \/>\n&#8211; \u041a\u043e\u043b\u0438\u0447\u0435\u0441\u0442\u0432\u043e \u043a\u043e\u043b\u0451\u0441: 3;<br \/>\n&#8211; \u0420\u0435\u0433\u0443\u043b\u0438\u0440\u043e\u0432\u043a\u0430 \u0432\u044b\u0441\u043e\u0442\u044b \u0440\u0443\u0447\u043a\u0438: \u0435\u0441\u0442\u044c;<br \/>\n&#8211; \u0426\u0432\u0435\u0442: \u043a\u0440\u0430\u0441\u043d\u044b\u0439;<br \/>\n&#8211; \u041f\u043e\u0434\u043d\u043e\u0436\u043a\u0430: \u0443\u0441\u0442\u043e\u0439\u0447\u0438\u0432\u0430\u044f;<br \/>\n&#8211; \u0420\u0443\u043b\u044c: \u043f\u0440\u043e\u0440\u0435\u0437\u0438\u043d\u0435\u043d\u043d\u044b\u0439;<br \/>\n&#8211; \u041a\u043e\u043c\u043f\u0430\u043a\u0442\u043d\u043e\u0435 \u0441\u043b\u043e\u0436\u0435\u043d\u0438\u0435.[trim][:ro_RO]V\u00e2rsta: 3+;<br \/>\n&#8211; vitez\u0103 maxim\u0103: 5 km \/ h;<br \/>\n&#8211; Distan\u021ba: 6 km;<br \/>\n&#8211; Controlul vitezei: da;<br \/>\n&#8211; Num\u0103rul de ro\u021bi: 3;<br \/>\n&#8211; Regla\u021bi \u00een\u0103l\u021bimea m\u00e2nerului: exist\u0103;<br \/>\n&#8211; Culoare: rosu;<br \/>\n&#8211; Footboard: echilibrat;<br \/>\n&#8211; Volan: cauciucat;<br \/>\n&#8211; Ad\u0103ugare compact\u0103.<\/p>\n","protected":false},"excerpt":{"rendered":"<p>[:ru_RU]\u0412\u043e\u0437\u0440\u0430\u0441\u0442: 3+; &#8211; \u041c\u0430\u043a\u0441\u0438\u043c\u0430\u043b\u044c\u043d\u0430\u044f \u0441\u043a\u043e\u0440\u043e\u0441\u0442\u044c: 5 \u043a\u043c\/\u0447; &#8211; \u0414\u0438\u0430\u043f\u0430\u0437\u043e\u043d: 6 \u043a\u043c; &#8211; \u041a\u043e\u043d\u0442\u0440\u043e\u043b\u044c \u0441\u043a\u043e\u0440\u043e\u0441\u0442\u0438: \u0435\u0441\u0442\u044c; &#8211; \u041a\u043e\u043b\u0438\u0447\u0435\u0441\u0442\u0432\u043e \u043a\u043e\u043b\u0451\u0441: 3; &#8211; \u0420\u0435\u0433\u0443\u043b\u0438\u0440\u043e\u0432\u043a\u0430 \u0432\u044b\u0441\u043e\u0442\u044b \u0440\u0443\u0447\u043a\u0438: \u0435\u0441\u0442\u044c; &#8211; \u0426\u0432\u0435\u0442: \u043a\u0440\u0430\u0441\u043d\u044b\u0439; &#8211; \u041f\u043e\u0434\u043d\u043e\u0436\u043a\u0430: \u0443\u0441\u0442\u043e\u0439\u0447\u0438\u0432\u0430\u044f; &#8211; \u0420\u0443\u043b\u044c: \u043f\u0440\u043e\u0440\u0435\u0437\u0438\u043d\u0435\u043d\u043d\u044b\u0439; &#8211; \u041a\u043e\u043c\u043f\u0430\u043a\u0442\u043d\u043e\u0435 \u0441\u043b\u043e\u0436\u0435\u043d\u0438\u0435.[trim][:ro_RO]V\u00e2rsta: 3+; &#8211; vitez\u0103 maxim\u0103: 5 km \/ h; &#8211; Distan\u021ba: 6 km; &#8211; Controlul vitezei: da; &#8211; Num\u0103rul de [&hellip;]<\/p>\n","protected":false},"featured_media":40977,"comment_status":"open","ping_status":"closed","template":"","meta":{"_acf_changed":false},"product_brand":[],"product_cat":[6808],"product_tag":[],"class_list":{"0":"post-40978","1":"product","2":"type-product","3":"status-publish","4":"has-post-thumbnail","6":"product_cat-ru_ru-samokaty-trim-ro_ro-t","8":"first","9":"instock","10":"shipping-taxable","11":"purchasable","12":"product-type-simple"},"acf":[],"_links":{"self":[{"href":"https:\/\/minimax.md\/ru\/wp-json\/wp\/v2\/product\/40978","targetHints":{"allow":["GET"]}}],"collection":[{"href":"https:\/\/minimax.md\/ru\/wp-json\/wp\/v2\/product"}],"about":[{"href":"https:\/\/minimax.md\/ru\/wp-json\/wp\/v2\/types\/product"}],"replies":[{"embeddable":true,"href":"https:\/\/minimax.md\/ru\/wp-json\/wp\/v2\/comments?post=40978"}],"version-history":[{"count":0,"href":"https:\/\/minimax.md\/ru\/wp-json\/wp\/v2\/product\/40978\/revisions"}],"wp:featuredmedia":[{"embeddable":true,"href":"https:\/\/minimax.md\/ru\/wp-json\/wp\/v2\/media\/40977"}],"wp:attachment":[{"href":"https:\/\/minimax.md\/ru\/wp-json\/wp\/v2\/media?parent=40978"}],"wp:term":[{"taxonomy":"product_brand","embeddable":true,"href":"https:\/\/minimax.md\/ru\/wp-json\/wp\/v2\/product_brand?post=40978"},{"taxonomy":"product_cat","embeddable":true,"href":"https:\/\/minimax.md\/ru\/wp-json\/wp\/v2\/product_cat?post=40978"},{"taxonomy":"product_tag","embeddable":true,"href":"https:\/\/minimax.md\/ru\/wp-json\/wp\/v2\/product_tag?post=40978"}],"curies":[{"name":"wp","href":"https:\/\/api.w.org\/{rel}","templated":true}]}}