{"id":41015,"date":"2023-11-28T13:07:15","date_gmt":"2023-11-28T10:07:15","guid":{"rendered":"https:\/\/minimax.md\/product\/41015.html"},"modified":"2023-12-11T18:38:38","modified_gmt":"2023-12-11T15:38:38","slug":"ru_ru-baby-mix-mashina-tolokar-trim-ro_ro-baby-mix-tolocar-cu-m-ner","status":"publish","type":"product","link":"https:\/\/minimax.md\/ru\/product\/41015.html","title":{"rendered":"Baby Mix \u041c\u0430\u0448\u0438\u043d\u0430-\u0442\u043e\u043b\u043e\u043a\u0430\u0440"},"content":{"rendered":"<p>[:ru_RU]\u041c\u0430\u0448\u0438\u043d\u0430 \u0438\u0437\u0433\u043e\u0442\u043e\u0432\u043b\u0435\u043d\u0430 \u0438\u0437 \u043f\u0440\u043e\u0447\u043d\u044b\u0445 \u0438 \u0434\u043e\u043b\u0433\u043e\u0432\u0435\u0447\u043d\u044b\u0445 \u043c\u0430\u0442\u0435\u0440\u0438\u0430\u043b\u043e\u0432, \u043e\u0431\u0435\u0441\u043f\u0435\u0447\u0438\u0432\u0430\u044e\u0449\u0438\u0445 \u0434\u043b\u0438\u0442\u0435\u043b\u044c\u043d\u043e\u0435 \u0438\u0441\u043f\u043e\u043b\u044c\u0437\u043e\u0432\u0430\u043d\u0438\u0435;<br \/>\n&#8211; \u041a\u043e\u043d\u0441\u0442\u0440\u0443\u043a\u0446\u0438\u044f \u043f\u0440\u043e\u0442\u0438\u0432 \u043e\u043f\u0440\u043e\u043a\u0438\u0434\u044b\u0432\u0430\u043d\u0438\u044f;<br \/>\n&#8211; \u0415\u0441\u0442\u044c \u043c\u0435\u0441\u0442\u043e \u0434\u043b\u044f \u0445\u0440\u0430\u043d\u0435\u043d\u0438\u044f ;<br \/>\n&#8211; \u0411\u043e\u043b\u044c\u0448\u0438\u0435 \u043f\u043e\u0432\u043e\u0440\u043e\u0442\u043d\u044b\u0435 \u043a\u043e\u043b\u0435\u0441\u0430;<br \/>\n&#8211; \u0420\u0443\u043b\u044c \u0438\u043c\u0435\u0435\u0442 \u043a\u043e\u043d\u0441\u043e\u043b\u044c \u0441 \u043f\u044f\u0442\u044c\u044e \u0440\u0430\u0437\u043d\u044b\u043c\u0438 \u0437\u0432\u0443\u043a\u0430\u043c\u0438;<br \/>\n&#8211; \u0428\u0438\u0440\u043e\u043a\u0430\u044f \u0443\u0434\u043e\u0431\u043d\u0430\u044f \u0441\u043f\u0438\u043d\u043a\u0430 ;<br \/>\n&#8211; \u041f\u0440\u043e\u0444\u0438\u043b\u0438\u0440\u043e\u0432\u0430\u043d\u043d\u043e\u0435 \u0441\u0438\u0434\u0435\u043d\u044c\u0435 \u0433\u0430\u0440\u0430\u043d\u0442\u0438\u0440\u0443\u0435\u0442 \u043a\u043e\u043c\u0444\u043e\u0440\u0442 ;<br \/>\n&#8211; \u0421\u044a\u0451\u043c\u043d\u044b\u0439 \u0431\u0430\u043c\u043f\u0435\u0440 \u043e\u0431\u0435\u0441\u043f\u0435\u0447\u0438\u0432\u0430\u0435\u0442 \u0431\u0435\u0437\u043e\u043f\u0430\u0441\u043d\u043e\u0441\u0442\u044c \u0440\u0435\u0431\u0451\u043d\u043a\u0430 \u0432\u043e \u0432\u0440\u0435\u043c\u044f \u043a\u0430\u0442\u0430\u043d\u0438\u044f;<br \/>\n&#8211; \u0412\u044b\u0441\u043e\u043a\u0430\u044f \u0440\u0443\u0447\u043a\u0430 \u043f\u043e\u0437\u0432\u043e\u043b\u044f\u0435\u0442 \u0440\u043e\u0434\u0438\u0442\u0435\u043b\u044f\u043c \u0443\u043f\u0440\u0430\u0432\u043b\u044f\u0442\u044c \u0442\u0440\u0430\u043d\u0441\u043f\u043e\u0440\u0442\u043d\u044b\u043c \u0441\u0440\u0435\u0434\u0441\u0442\u0432\u043e\u043c;<br \/>\n&#8211; \u0428\u0438\u0440\u043e\u043a\u0438\u0435 \u043a\u043e\u043b\u0435\u0441\u0430 \u043f\u043e\u0437\u0432\u043e\u043b\u044f\u0435\u0442 \u0441\u0432\u043e\u0431\u043e\u0434\u043d\u043e \u0435\u0437\u0434\u0438\u0442\u044c \u043a\u0430\u043a \u0434\u043e\u043c\u0430, \u0442\u0430\u043a \u0438 \u043d\u0430 \u0443\u043b\u0438\u0446\u0435;<br \/>\n&#8211; \u0420\u0443\u0447\u043a\u0430, \u0431\u0430\u043c\u043f\u0435\u0440 \u0438 \u043f\u043e\u0434\u0441\u0442\u0430\u043a\u0438 \u0434\u043b\u044f \u043d\u043e\u0433 \u0441\u044a\u0451\u043c\u043d\u044b\u0435;<br \/>\n&#8211; \u041c\u0443\u0437\u044b\u043a\u0430\u043b\u044c\u043d\u0430\u044f \u043f\u0430\u043d\u0435\u043b\u044c \u043d\u0430 \u0440\u0443\u043b\u0435 \u0434\u043b\u044f \u0440\u0430\u0437\u0432\u043b\u0435\u0447\u0435\u043d\u0438\u044f \u0440\u0435\u0431\u0435\u043d\u043a\u0430 (\u0440\u0430\u0431\u043e\u0442\u0430\u0435\u0442 \u043e\u0442 2-\u0445 \u0431\u0430\u0442\u0430\u0440\u0435\u0439 \u0440\u0430\u0437\u043c\u0435\u0440\u0430 AA (\u0432 \u043a\u043e\u043c\u043f\u043b\u0435\u043a\u0442 \u043d\u0435 \u0432\u0445\u043e\u0434\u0438\u0442).<br \/>\n&#8211; \u0420\u0430\u0437\u043c\u0435\u0440\u044b \u043c\u0430\u0448\u0438\u043d\u043a\u0438: 44 \u0445 36 \u0445 62 \u0441\u043c&#8217;<br \/>\n&#8211; \u0414\u043b\u0438\u043d\u0430 \u0441 \u0440\u0443\u0447\u043a\u043e\u0439: 84 \u0441\u043c.<br \/>\n&#8211; \u0420\u0435\u043a\u043e\u043c\u0435\u043d\u0434\u043e\u0432\u0430\u043d\u043d\u044b\u0439 \u0432\u043e\u0437\u0440\u0430\u0441\u0442: \u043e\u0442 1 \u0433\u043e\u0434\u0430.[trim][:ro_RO]Ma\u0219ina este fabricat\u0103 din materiale puternice \u0219i durabile, asigur\u00e2nd utilizarea pe termen lung;<br \/>\n&#8211; Proiectare \u00eempotriva caps\u0103rii;<br \/>\n&#8211; Exist\u0103 un loc pentru depozitare;<br \/>\n&#8211; Ro\u021bi pivotante mari;<br \/>\n&#8211; Volanul are o consol\u0103 cu cinci sunete diferite;<br \/>\n&#8211; Spate confortabil;<br \/>\n&#8211; Scaunul profil garanteaz\u0103 confort;<br \/>\n&#8211; Bara de protec\u021bie deta\u0219abil\u0103 asigur\u0103 siguran\u021ba copilului \u00een timpul c\u0103l\u0103riei;<br \/>\n&#8211; M\u00e2nerul \u00eenalt permite p\u0103rin\u021bilor s\u0103 conduc\u0103 vehicul;<br \/>\n&#8211; Ro\u021bile largi v\u0103 permit s\u0103 merge\u021bi liber at\u00e2t acas\u0103, c\u00e2t \u0219i pe strad\u0103;<br \/>\n&#8211; M\u00e2ner, bara de protec\u021bie \u0219i suporturi pentru picioare sunt deta\u0219abile;<br \/>\n&#8211; Panoul muzical de pe volan func\u021bioneaz\u0103 de la 2 baterii AA (neincluse).<br \/>\n&#8211; Dimensiunile ma\u0219inii: 44 x 36 x 62 cm &#8216;<br \/>\n&#8211; Lungime cu m\u00e2ner: 84 cm.<br \/>\n&#8211; Varsta recomandata: de la 2 ani.<\/p>\n","protected":false},"excerpt":{"rendered":"<p>[:ru_RU]\u041c\u0430\u0448\u0438\u043d\u0430 \u0438\u0437\u0433\u043e\u0442\u043e\u0432\u043b\u0435\u043d\u0430 \u0438\u0437 \u043f\u0440\u043e\u0447\u043d\u044b\u0445 \u0438 \u0434\u043e\u043b\u0433\u043e\u0432\u0435\u0447\u043d\u044b\u0445 \u043c\u0430\u0442\u0435\u0440\u0438\u0430\u043b\u043e\u0432, \u043e\u0431\u0435\u0441\u043f\u0435\u0447\u0438\u0432\u0430\u044e\u0449\u0438\u0445 \u0434\u043b\u0438\u0442\u0435\u043b\u044c\u043d\u043e\u0435 \u0438\u0441\u043f\u043e\u043b\u044c\u0437\u043e\u0432\u0430\u043d\u0438\u0435; &#8211; \u041a\u043e\u043d\u0441\u0442\u0440\u0443\u043a\u0446\u0438\u044f \u043f\u0440\u043e\u0442\u0438\u0432 \u043e\u043f\u0440\u043e\u043a\u0438\u0434\u044b\u0432\u0430\u043d\u0438\u044f; &#8211; \u0415\u0441\u0442\u044c \u043c\u0435\u0441\u0442\u043e \u0434\u043b\u044f \u0445\u0440\u0430\u043d\u0435\u043d\u0438\u044f ; &#8211; \u0411\u043e\u043b\u044c\u0448\u0438\u0435 \u043f\u043e\u0432\u043e\u0440\u043e\u0442\u043d\u044b\u0435 \u043a\u043e\u043b\u0435\u0441\u0430; &#8211; \u0420\u0443\u043b\u044c \u0438\u043c\u0435\u0435\u0442 \u043a\u043e\u043d\u0441\u043e\u043b\u044c \u0441 \u043f\u044f\u0442\u044c\u044e \u0440\u0430\u0437\u043d\u044b\u043c\u0438 \u0437\u0432\u0443\u043a\u0430\u043c\u0438; &#8211; \u0428\u0438\u0440\u043e\u043a\u0430\u044f \u0443\u0434\u043e\u0431\u043d\u0430\u044f \u0441\u043f\u0438\u043d\u043a\u0430 ; &#8211; \u041f\u0440\u043e\u0444\u0438\u043b\u0438\u0440\u043e\u0432\u0430\u043d\u043d\u043e\u0435 \u0441\u0438\u0434\u0435\u043d\u044c\u0435 \u0433\u0430\u0440\u0430\u043d\u0442\u0438\u0440\u0443\u0435\u0442 \u043a\u043e\u043c\u0444\u043e\u0440\u0442 ; &#8211; \u0421\u044a\u0451\u043c\u043d\u044b\u0439 \u0431\u0430\u043c\u043f\u0435\u0440 \u043e\u0431\u0435\u0441\u043f\u0435\u0447\u0438\u0432\u0430\u0435\u0442 \u0431\u0435\u0437\u043e\u043f\u0430\u0441\u043d\u043e\u0441\u0442\u044c \u0440\u0435\u0431\u0451\u043d\u043a\u0430 \u0432\u043e \u0432\u0440\u0435\u043c\u044f \u043a\u0430\u0442\u0430\u043d\u0438\u044f; &#8211; \u0412\u044b\u0441\u043e\u043a\u0430\u044f \u0440\u0443\u0447\u043a\u0430 [&hellip;]<\/p>\n","protected":false},"featured_media":41014,"comment_status":"open","ping_status":"closed","template":"","meta":{"_acf_changed":false},"product_brand":[],"product_cat":[6812],"product_tag":[],"class_list":{"0":"post-41015","1":"product","2":"type-product","3":"status-publish","4":"has-post-thumbnail","6":"product_cat-ru_ru-tolokary-trim-ro_ro-t","8":"first","9":"instock","10":"shipping-taxable","11":"purchasable","12":"product-type-simple"},"acf":[],"_links":{"self":[{"href":"https:\/\/minimax.md\/ru\/wp-json\/wp\/v2\/product\/41015","targetHints":{"allow":["GET"]}}],"collection":[{"href":"https:\/\/minimax.md\/ru\/wp-json\/wp\/v2\/product"}],"about":[{"href":"https:\/\/minimax.md\/ru\/wp-json\/wp\/v2\/types\/product"}],"replies":[{"embeddable":true,"href":"https:\/\/minimax.md\/ru\/wp-json\/wp\/v2\/comments?post=41015"}],"version-history":[{"count":0,"href":"https:\/\/minimax.md\/ru\/wp-json\/wp\/v2\/product\/41015\/revisions"}],"wp:featuredmedia":[{"embeddable":true,"href":"https:\/\/minimax.md\/ru\/wp-json\/wp\/v2\/media\/41014"}],"wp:attachment":[{"href":"https:\/\/minimax.md\/ru\/wp-json\/wp\/v2\/media?parent=41015"}],"wp:term":[{"taxonomy":"product_brand","embeddable":true,"href":"https:\/\/minimax.md\/ru\/wp-json\/wp\/v2\/product_brand?post=41015"},{"taxonomy":"product_cat","embeddable":true,"href":"https:\/\/minimax.md\/ru\/wp-json\/wp\/v2\/product_cat?post=41015"},{"taxonomy":"product_tag","embeddable":true,"href":"https:\/\/minimax.md\/ru\/wp-json\/wp\/v2\/product_tag?post=41015"}],"curies":[{"name":"wp","href":"https:\/\/api.w.org\/{rel}","templated":true}]}}