{"id":41017,"date":"2023-11-28T13:07:16","date_gmt":"2023-11-28T10:07:16","guid":{"rendered":"https:\/\/minimax.md\/product\/41017.html"},"modified":"2023-12-08T18:24:56","modified_gmt":"2023-12-08T15:24:56","slug":"ru_ru-baby-mix-mashina-tolokar-2-v-1-trim-ro_ro-baby-mix-tolocar-cu-m-ner-2-in-1","status":"publish","type":"product","link":"https:\/\/minimax.md\/ru\/product\/41017.html","title":{"rendered":"Baby Mix \u041c\u0430\u0448\u0438\u043d\u0430-\u0442\u043e\u043b\u043e\u043a\u0430\u0440 2 \u0432 1"},"content":{"rendered":"<p>[:ru_RU]\u041c\u0430\u0448\u0438\u043d\u043a\u0430-\u0442\u043e\u043b\u043a\u0430\u043b\u043a\u0430 \u043e\u0442\u043b\u0438\u0447\u043d\u044b\u0439 \u0441\u0430\u043c\u043e\u043a\u0430\u0442 \u0434\u043b\u044f \u0441\u0430\u043c\u043e\u0441\u0442\u043e\u044f\u0442\u0435\u043b\u044c\u043d\u044b\u0445 \u043f\u0443\u0442\u0435\u0448\u0435\u0441\u0442\u0432\u0438\u0439 \u0438 \u0440\u0430\u0437\u0432\u0438\u0442\u0438\u044f \u043c\u043e\u0442\u043e\u0440\u043d\u044b\u0445 \u043d\u0430\u0432\u044b\u043a\u043e\u0432 \u0443 \u0440\u0435\u0431\u0435\u043d\u043a\u0430.<br \/>\n\u041f\u043e\u0434\u043e\u0439\u0434\u0435\u0442 \u0434\u043b\u044f \u0438\u0433\u0440\u044b \u043a\u0430\u043a \u0434\u043e\u043c\u0430, \u0442\u0430\u043a \u0438 \u043d\u0430 \u0443\u043b\u0438\u0446\u0435.<br \/>\n\u0421 \u0442\u0430\u043a\u0438\u043c \u0430\u0432\u0442\u043e\u043c\u043e\u0431\u0438\u043b\u0435\u043c \u043d\u0435 \u0442\u043e\u043b\u044c\u043a\u043e \u043f\u0440\u043e\u0433\u0443\u043b\u043a\u0438, \u043d\u043e \u0438 \u0438\u0433\u0440\u044b \u0441\u0442\u0430\u043d\u0443\u0442 \u0432\u0435\u0441\u0435\u043b\u0435\u0435 \u0438 \u0443\u0432\u043b\u0435\u043a\u0430\u0442\u0435\u043b\u044c\u043d\u0435\u0435.<br \/>\n\u0422\u0430\u043a\u0430\u044f \u0438\u0433\u0440\u0443\u0448\u043a\u0430 \u043f\u043e\u043c\u043e\u0433\u0430\u0435\u0442 \u0440\u0430\u0437\u0432\u0438\u0442\u044c \u043a\u043e\u043e\u0440\u0434\u0438\u043d\u0430\u0446\u0438\u044e.<br \/>\n\u0425\u0430\u0440\u0430\u043a\u0442\u0435\u0440\u0438\u0441\u0442\u0438\u043a\u0438:<br \/>\n&#8211; \u0412\u043e\u0437\u0440\u0430\u0441\u0442: \u043e\u0442 1 \u043b\u0435\u0442;<br \/>\n&#8211; \u041b\u0435\u0433\u043a\u043e \u0432\u0440\u0430\u0449\u0430\u044e\u0449\u0438\u0439\u0441\u044f \u0440\u0443\u043b\u044c;<br \/>\n&#8211; \u041f\u0440\u043e\u0441\u0442\u043e\u0440\u043d\u043e\u0435 \u0438 \u0443\u0434\u043e\u0431\u043d\u043e\u0435 \u0441\u0438\u0434\u0435\u043d\u044c\u0435;<br \/>\n&#8211; \u0412\u0435\u0441\u0451\u043b\u044b\u0435 \u043f\u0435\u0441\u0435\u043d\u043a\u0438 \u0441\u0434\u0435\u043b\u0430\u044e\u0442 \u043a\u0430\u0442\u0430\u043d\u0438\u0435 \u0435\u0449\u0451 \u0438\u043d\u0442\u0435\u0440\u0435\u0441\u043d\u0435\u0435;<br \/>\n&#8211; \u0420\u043e\u0434\u0438\u0442\u0435\u043b\u044c\u0441\u043a\u0430\u044f \u0440\u0443\u0447\u043a\u0430 \u0443\u043f\u0440\u0430\u0432\u043b\u0435\u043d\u0438\u044f (\u0441\u044a\u0451\u043c\u043d\u044b\u0439);<br \/>\n&#8211; \u0417\u0430\u0449\u0438\u0442\u043d\u044b\u0439 \u0431\u0430\u043c\u043f\u0435\u0440 (\u0441\u044a\u0451\u043c\u043d\u044b\u0439);<br \/>\n&#8211; \u041a\u043e\u0440\u0437\u0438\u043d\u0430 \u0434\u044f \u043c\u0435\u043b\u043e\u0447\u0435\u0439 \u043d\u0430 \u0440\u0443\u0447\u043d\u0435 \u0443\u043f\u0440\u0430\u0432\u043b\u0435\u043d\u0438\u044f;<br \/>\n&#8211; \u041f\u043e\u0434\u0441\u0442\u0430\u0432\u043a\u0430 \u0434\u043b\u044f \u043d\u043e\u0433 \u0432\u044b\u0434\u0432\u0438\u0436\u043d\u0430\u044f;<br \/>\n&#8211; \u041f\u043e\u0434 \u0441\u0438\u0434\u0435\u043d\u044c\u0435\u043c \u043e\u0442\u0441\u0435\u043a \u0434\u043b\u044f \u0445\u0440\u0430\u043d\u0435\u043d\u0438\u044f \u0438\u0433\u0440\u0443\u0448\u0435\u043a;<br \/>\n&#8211; \u041d\u0435\u043e\u0431\u0445\u043e\u0434\u0438\u043c\u044b \u0431\u0430\u0442\u0430\u0440\u0435\u0439\u043a\u0438 \u0410\u0410 \u0434\u043b\u044f \u0440\u0430\u0431\u043e\u0442\u044b (\u043d\u0435 \u0432\u0445\u043e\u0434\u0438\u0442 \u0432 \u043a\u043e\u043c\u043f\u043b\u0435\u043a\u0442).[trim][:ro_RO]Ma\u0219inuta de la Baby Mix este un scuter excelent pentru plimbari \u0219i dezvoltarea deprinderilor motorii a copiului.<br \/>\nPotrivit pentru joc at\u00e2t acas\u0103, c\u00e2t \u0219i afara.<br \/>\nCu masina aceasta, nu numai plimbari, dar si jocurile vor deveni mai distractive \u0219i interesante.<br \/>\nCaracteristici:<br \/>\n&#8211; V\u00e2rsta: de la 1ani;<br \/>\n&#8211; Rotirea u\u0219oar\u0103 a volanului;<br \/>\n&#8211; Scaun spa\u021bios \u0219i confortabil;<br \/>\n&#8211; C\u00e2ntecele amuzante;<br \/>\n&#8211; M\u00e2ner de control parental (deta\u0219abil);<br \/>\n&#8211; Bara de protec\u021bie (deta\u0219abil\u0103);<br \/>\n&#8211; Suport pentru picioare retractabil;<br \/>\n&#8211; Sub scaun \u0441ompartimentul pentru juc\u0103rii;<br \/>\n&#8211; Lucreaza de la baterii AA (nu sunt incluse).<\/p>\n","protected":false},"excerpt":{"rendered":"<p>[:ru_RU]\u041c\u0430\u0448\u0438\u043d\u043a\u0430-\u0442\u043e\u043b\u043a\u0430\u043b\u043a\u0430 \u043e\u0442\u043b\u0438\u0447\u043d\u044b\u0439 \u0441\u0430\u043c\u043e\u043a\u0430\u0442 \u0434\u043b\u044f \u0441\u0430\u043c\u043e\u0441\u0442\u043e\u044f\u0442\u0435\u043b\u044c\u043d\u044b\u0445 \u043f\u0443\u0442\u0435\u0448\u0435\u0441\u0442\u0432\u0438\u0439 \u0438 \u0440\u0430\u0437\u0432\u0438\u0442\u0438\u044f \u043c\u043e\u0442\u043e\u0440\u043d\u044b\u0445 \u043d\u0430\u0432\u044b\u043a\u043e\u0432 \u0443 \u0440\u0435\u0431\u0435\u043d\u043a\u0430. \u041f\u043e\u0434\u043e\u0439\u0434\u0435\u0442 \u0434\u043b\u044f \u0438\u0433\u0440\u044b \u043a\u0430\u043a \u0434\u043e\u043c\u0430, \u0442\u0430\u043a \u0438 \u043d\u0430 \u0443\u043b\u0438\u0446\u0435. \u0421 \u0442\u0430\u043a\u0438\u043c \u0430\u0432\u0442\u043e\u043c\u043e\u0431\u0438\u043b\u0435\u043c \u043d\u0435 \u0442\u043e\u043b\u044c\u043a\u043e \u043f\u0440\u043e\u0433\u0443\u043b\u043a\u0438, \u043d\u043e \u0438 \u0438\u0433\u0440\u044b \u0441\u0442\u0430\u043d\u0443\u0442 \u0432\u0435\u0441\u0435\u043b\u0435\u0435 \u0438 \u0443\u0432\u043b\u0435\u043a\u0430\u0442\u0435\u043b\u044c\u043d\u0435\u0435. \u0422\u0430\u043a\u0430\u044f \u0438\u0433\u0440\u0443\u0448\u043a\u0430 \u043f\u043e\u043c\u043e\u0433\u0430\u0435\u0442 \u0440\u0430\u0437\u0432\u0438\u0442\u044c \u043a\u043e\u043e\u0440\u0434\u0438\u043d\u0430\u0446\u0438\u044e. \u0425\u0430\u0440\u0430\u043a\u0442\u0435\u0440\u0438\u0441\u0442\u0438\u043a\u0438: &#8211; \u0412\u043e\u0437\u0440\u0430\u0441\u0442: \u043e\u0442 1 \u043b\u0435\u0442; &#8211; \u041b\u0435\u0433\u043a\u043e \u0432\u0440\u0430\u0449\u0430\u044e\u0449\u0438\u0439\u0441\u044f \u0440\u0443\u043b\u044c; &#8211; \u041f\u0440\u043e\u0441\u0442\u043e\u0440\u043d\u043e\u0435 \u0438 \u0443\u0434\u043e\u0431\u043d\u043e\u0435 \u0441\u0438\u0434\u0435\u043d\u044c\u0435; &#8211; [&hellip;]<\/p>\n","protected":false},"featured_media":41016,"comment_status":"open","ping_status":"closed","template":"","meta":{"_acf_changed":false},"product_brand":[],"product_cat":[6812],"product_tag":[],"class_list":{"0":"post-41017","1":"product","2":"type-product","3":"status-publish","4":"has-post-thumbnail","6":"product_cat-ru_ru-tolokary-trim-ro_ro-t","8":"first","9":"instock","10":"shipping-taxable","11":"purchasable","12":"product-type-simple"},"acf":[],"_links":{"self":[{"href":"https:\/\/minimax.md\/ru\/wp-json\/wp\/v2\/product\/41017","targetHints":{"allow":["GET"]}}],"collection":[{"href":"https:\/\/minimax.md\/ru\/wp-json\/wp\/v2\/product"}],"about":[{"href":"https:\/\/minimax.md\/ru\/wp-json\/wp\/v2\/types\/product"}],"replies":[{"embeddable":true,"href":"https:\/\/minimax.md\/ru\/wp-json\/wp\/v2\/comments?post=41017"}],"version-history":[{"count":0,"href":"https:\/\/minimax.md\/ru\/wp-json\/wp\/v2\/product\/41017\/revisions"}],"wp:featuredmedia":[{"embeddable":true,"href":"https:\/\/minimax.md\/ru\/wp-json\/wp\/v2\/media\/41016"}],"wp:attachment":[{"href":"https:\/\/minimax.md\/ru\/wp-json\/wp\/v2\/media?parent=41017"}],"wp:term":[{"taxonomy":"product_brand","embeddable":true,"href":"https:\/\/minimax.md\/ru\/wp-json\/wp\/v2\/product_brand?post=41017"},{"taxonomy":"product_cat","embeddable":true,"href":"https:\/\/minimax.md\/ru\/wp-json\/wp\/v2\/product_cat?post=41017"},{"taxonomy":"product_tag","embeddable":true,"href":"https:\/\/minimax.md\/ru\/wp-json\/wp\/v2\/product_tag?post=41017"}],"curies":[{"name":"wp","href":"https:\/\/api.w.org\/{rel}","templated":true}]}}