{"id":41065,"date":"2023-11-28T13:07:27","date_gmt":"2023-11-28T10:07:27","guid":{"rendered":"https:\/\/minimax.md\/product\/41065.html"},"modified":"2023-11-28T13:29:40","modified_gmt":"2023-11-28T10:29:40","slug":"ru_ru-sanpol-cepochka-dlja-pustyshki-trim-ro_ro-canpol-lan-pentru-suzet","status":"publish","type":"product","link":"https:\/\/minimax.md\/ru\/product\/41065.html","title":{"rendered":"\u0421anpol \u0446\u0435\u043f\u043e\u0447\u043a\u0430 \u0434\u043b\u044f \u043f\u0443\u0441\u0442\u044b\u0448\u043a\u0438"},"content":{"rendered":"<p>[:ru_RU]\u041e\u043f\u0438\u0441\u0430\u043d\u0438\u0435 \u0442\u043e\u0432\u0430\u0440\u0430: \u043a\u043b\u0438\u043f\u0441\u0430 c \u0446\u0435\u043f\u043e\u0447\u043a\u043e\u0439 \u0437\u0430\u0449\u0438\u0449\u0430\u0435\u0442 \u0441\u043e\u0441\u043a\u0443 \u043e\u0442 \u043f\u0430\u0434\u0435\u043d\u0438\u044f, \u0434\u0435\u0440\u0436\u0438\u0442 \u0441\u043e\u0441\u043a\u0443 \u0447\u0438\u0441\u0442\u043e\u0439 \u0438 \u0433\u043e\u0442\u043e\u0432\u043e\u0439 \u0434\u043b\u044f \u0438\u0441\u043f\u043e\u043b\u044c\u0437\u043e\u0432\u0430\u043d\u0438\u044f.<br \/>\n\u041e\u043d\u0430 \u0441\u043f\u0435\u0446\u0438\u0430\u043b\u044c\u043d\u043e \u043f\u0440\u0435\u0434\u043d\u0430\u0437\u043d\u0430\u0447\u0435\u043d\u043e \u0434\u043b\u044f \u043d\u0430\u0434\u0435\u0436\u043d\u043e\u0433\u043e \u043a\u0440\u0435\u043f\u043b\u0435\u043d\u0438\u044f \u043d\u0430 \u043e\u0434\u0435\u0436\u0434\u0435 \u0432\u0430\u0448\u0435\u0433\u043e \u0440\u0435\u0431\u0435\u043d\u043a\u0430.<br \/>\n\u0421\u0434\u0435\u043b\u0430\u043d\u043e \u0438\u0437 \u0431\u0435\u0437\u043e\u043f\u0430\u0441\u043d\u044b\u0445 \u0438 \u0434\u043e\u043b\u0433\u043e\u0432\u0435\u0447\u043d\u044b\u0445 \u043c\u0430\u0442\u0435\u0440\u0438\u0430\u043b\u043e\u0432.[trim][:ro_RO]Descrierea produsului: cle\u0219tu\u021bul cu lan\u021b protejeaz\u0103 suzeta de la c\u0103dere, o men\u0163ine curat\u0103 \u015fi gata pentru utilizare.<br \/>\nEste special conceput pentru a se ata\u0219a bine la haina copilului.<br \/>\nFabricat din materiale sigure \u0219i durabile.<\/p>\n","protected":false},"excerpt":{"rendered":"<p>[:ru_RU]\u041e\u043f\u0438\u0441\u0430\u043d\u0438\u0435 \u0442\u043e\u0432\u0430\u0440\u0430: \u043a\u043b\u0438\u043f\u0441\u0430 c \u0446\u0435\u043f\u043e\u0447\u043a\u043e\u0439 \u0437\u0430\u0449\u0438\u0449\u0430\u0435\u0442 \u0441\u043e\u0441\u043a\u0443 \u043e\u0442 \u043f\u0430\u0434\u0435\u043d\u0438\u044f, \u0434\u0435\u0440\u0436\u0438\u0442 \u0441\u043e\u0441\u043a\u0443 \u0447\u0438\u0441\u0442\u043e\u0439 \u0438 \u0433\u043e\u0442\u043e\u0432\u043e\u0439 \u0434\u043b\u044f \u0438\u0441\u043f\u043e\u043b\u044c\u0437\u043e\u0432\u0430\u043d\u0438\u044f. \u041e\u043d\u0430 \u0441\u043f\u0435\u0446\u0438\u0430\u043b\u044c\u043d\u043e \u043f\u0440\u0435\u0434\u043d\u0430\u0437\u043d\u0430\u0447\u0435\u043d\u043e \u0434\u043b\u044f \u043d\u0430\u0434\u0435\u0436\u043d\u043e\u0433\u043e \u043a\u0440\u0435\u043f\u043b\u0435\u043d\u0438\u044f \u043d\u0430 \u043e\u0434\u0435\u0436\u0434\u0435 \u0432\u0430\u0448\u0435\u0433\u043e \u0440\u0435\u0431\u0435\u043d\u043a\u0430. \u0421\u0434\u0435\u043b\u0430\u043d\u043e \u0438\u0437 \u0431\u0435\u0437\u043e\u043f\u0430\u0441\u043d\u044b\u0445 \u0438 \u0434\u043e\u043b\u0433\u043e\u0432\u0435\u0447\u043d\u044b\u0445 \u043c\u0430\u0442\u0435\u0440\u0438\u0430\u043b\u043e\u0432.[trim][:ro_RO]Descrierea produsului: cle\u0219tu\u021bul cu lan\u021b protejeaz\u0103 suzeta de la c\u0103dere, o men\u0163ine curat\u0103 \u015fi gata pentru utilizare. Este special conceput pentru a se ata\u0219a [&hellip;]<\/p>\n","protected":false},"featured_media":41063,"comment_status":"open","ping_status":"closed","template":"","meta":{"_acf_changed":false},"product_brand":[],"product_cat":[6773],"product_tag":[],"class_list":{"0":"post-41065","1":"product","2":"type-product","3":"status-publish","4":"has-post-thumbnail","6":"product_cat-ru_ru-pustyshki-trim-ro_ro","8":"first","9":"instock","10":"shipping-taxable","11":"purchasable","12":"product-type-simple"},"acf":[],"_links":{"self":[{"href":"https:\/\/minimax.md\/ru\/wp-json\/wp\/v2\/product\/41065","targetHints":{"allow":["GET"]}}],"collection":[{"href":"https:\/\/minimax.md\/ru\/wp-json\/wp\/v2\/product"}],"about":[{"href":"https:\/\/minimax.md\/ru\/wp-json\/wp\/v2\/types\/product"}],"replies":[{"embeddable":true,"href":"https:\/\/minimax.md\/ru\/wp-json\/wp\/v2\/comments?post=41065"}],"version-history":[{"count":0,"href":"https:\/\/minimax.md\/ru\/wp-json\/wp\/v2\/product\/41065\/revisions"}],"wp:featuredmedia":[{"embeddable":true,"href":"https:\/\/minimax.md\/ru\/wp-json\/wp\/v2\/media\/41063"}],"wp:attachment":[{"href":"https:\/\/minimax.md\/ru\/wp-json\/wp\/v2\/media?parent=41065"}],"wp:term":[{"taxonomy":"product_brand","embeddable":true,"href":"https:\/\/minimax.md\/ru\/wp-json\/wp\/v2\/product_brand?post=41065"},{"taxonomy":"product_cat","embeddable":true,"href":"https:\/\/minimax.md\/ru\/wp-json\/wp\/v2\/product_cat?post=41065"},{"taxonomy":"product_tag","embeddable":true,"href":"https:\/\/minimax.md\/ru\/wp-json\/wp\/v2\/product_tag?post=41065"}],"curies":[{"name":"wp","href":"https:\/\/api.w.org\/{rel}","templated":true}]}}