{"id":41112,"date":"2023-11-28T13:07:40","date_gmt":"2023-11-28T10:07:40","guid":{"rendered":"https:\/\/minimax.md\/product\/41112.html"},"modified":"2023-11-28T13:29:42","modified_gmt":"2023-11-28T10:29:42","slug":"ru_ru-canpol-butylochka-plastikovaja-s-risunkom-i-ruchkoj-120ml-trim-ro_ro-canpol-biberon-cu-desen-i-m-ner-3-luni-120-ml","status":"publish","type":"product","link":"https:\/\/minimax.md\/ru\/product\/41112.html","title":{"rendered":"Canpol \u0431\u0443\u0442\u044b\u043b\u043e\u0447\u043a\u0430 \u043f\u043b\u0430\u0441\u0442\u0438\u043a\u043e\u0432\u0430\u044f \u0441 \u0440\u0438\u0441\u0443\u043d\u043a\u043e\u043c \u0438 \u0440\u0443\u0447\u043a\u043e\u0439, 120\u043c\u043b"},"content":{"rendered":"<p>[:ru_RU]\u041e\u043f\u0438\u0441\u0430\u043d\u0438\u0435 \u0442\u043e\u0432\u0430\u0440\u0430: \u0431\u0443\u0442\u044b\u043b\u043e\u0447\u043a\u0430 \u043f\u043b\u0430\u0441\u0442\u0438\u043a\u043e\u0432\u0430\u044f 120\u043c\u043b. \u0441 \u0441\u0438\u043b\u0438\u043a\u043e\u043d\u043e\u0432\u043e\u0439 \u0441\u043e\u0441\u043a\u043e\u0439, \u043b\u0435\u0433\u043a\u0430\u044f \u0438 \u0441\u0442\u0430\u0431\u0438\u043b\u044c\u043d\u0430\u044f, \u0440\u0435\u043a\u043e\u043c\u0435\u043d\u0434\u043e\u0432\u0430\u043d\u043e \u0434\u043b\u044f \u0434\u0435\u0442\u043e\u043a \u043e\u0442 \u0440\u043e\u0436\u0434\u0435\u043d\u0438\u044f.<br \/>\n\u0412\u0435\u0441\u0435\u043b\u044b\u0435 \u0430\u043f\u043f\u043b\u0438\u043a\u0430\u0446\u0438\u0438 \u0438 \u044f\u0440\u043a\u0438\u0435 \u0446\u0432\u0435\u0442\u0430 \u043f\u0440\u0438\u0432\u043b\u0435\u043a\u0430\u044e\u0442 \u0432\u043d\u0438\u043c\u0430\u043d\u0438\u0435 \u043c\u0430\u043b\u044b\u0448\u0435\u0439.<br \/>\n\u0420\u0443\u0447\u043a\u0438 \u044d\u0440\u0433\u043e\u043d\u043e\u043c\u0438\u0447\u0435\u0441\u043a\u043e\u0439 \u0444\u043e\u0440\u043c\u044b \u043e\u0442\u043b\u0438\u0447\u043d\u043e \u043f\u043e\u0434\u0445\u043e\u0434\u044f\u0442 \u043a \u043c\u0430\u043b\u0435\u043d\u044c\u043a\u0438\u043c \u0440\u0443\u0447\u043a\u0430\u043c \u043c\u0430\u043b\u044b\u0448\u0430, \u0434\u0435\u043b\u0430\u044f \u0431\u043e\u043b\u0435\u0435 \u0443\u0434\u043e\u0431\u043d\u043e\u0439 \u043f\u0440\u0438 \u0438\u0441\u043f\u043e\u043b\u044c\u0437\u043e\u0432\u0430\u043d\u0438\u044f.<br \/>\n\u0411\u0443\u0442\u044b\u043b\u043e\u0447\u043a\u0430 \u0441 \u0443\u043f\u043b\u043e\u0442\u043d\u0435\u043d\u043d\u044b\u043c \u0434\u0438\u0441\u043a\u043e\u043c \u043f\u043e\u0437\u0432\u043e\u043b\u044f\u0435\u0442 \u0431\u0435\u0437\u043e\u043f\u0430\u0441\u043d\u043e \u0445\u0440\u0430\u043d\u0438\u0442\u044c \u043c\u043e\u043b\u043e\u043a\u043e \u0432 \u0445\u043e\u043b\u043e\u0434\u0438\u043b\u044c\u043d\u0438\u043a\u0435.<br \/>\n\u0418\u0437\u0433\u043e\u0442\u043e\u0432\u043b\u0435\u043d\u0430 \u0438\u0437 \u043f\u043b\u0430\u0441\u0442\u0438\u043a\u0430 \u0432\u044b\u0441\u043e\u043a\u043e\u0433\u043e \u043a\u0430\u0447\u0435\u0441\u0442\u0432\u0430.<br \/>\n\u041f\u0435\u0440\u0435\u0434 \u043f\u0435\u0440\u0432\u044b\u043c \u0438\u0441\u043f\u043e\u043b\u044c\u0437\u043e\u0432\u0430\u043d\u0438\u0435\u043c \u043e\u0431\u0434\u0430\u0442\u044c \u043a\u0438\u043f\u044f\u0442\u043a\u043e\u043c.<br \/>\n\u041d\u0435 \u043a\u0438\u043f\u044f\u0442\u0438\u0442\u044c!<br \/>\n\u0412\u043e\u0437\u0440\u0430\u0441\u0442: \u043e\u0442 3 \u043c\u0435\u0441\u044f\u0446\u0435\u0432.[trim][:ro_RO]Descrierea produsului: sticlu\u021ba din plastic de 120ml. cu tetin\u0103 din silicon este recomandat\u0103 pentru hr\u0103nirea copila\u0219ului chiar din primele zile de via\u021b\u0103.<br \/>\nM\u00eenerul de form\u0103 ergonomic\u0103 se potrive\u0219te perfect pentru m\u00eenu\u021ba copila\u0219ului, f\u0103c\u00eend sticlu\u021ba mai comod\u0103 \u00een utilizare.<br \/>\nLa baza sticlu\u021bei se afl\u0103 un disc sigilat ce permite p\u0103strarea acesteea cu lapte \u00een frigider.<br \/>\nCulorile \u0219i aplica\u021biile vesele s\u00eent special create pentru a atrage aten\u021bia copila\u0219ului \u00een timpul aliment\u0103rii.<br \/>\nSticlu\u021ba este realizat\u0103 din plastic de \u00eenalt\u0103 calitate, este u\u0219oar\u0103 \u0219i comod\u0103 \u00een \u00eentrebuin\u021bare.<br \/>\n\u00cenainte de prima utilizare, se cl\u0103te\u015fte cu ap\u0103 fierbinte.<br \/>\nNu se fierbe!<br \/>\nV\u00eersta: de la 3 luni.<\/p>\n","protected":false},"excerpt":{"rendered":"<p>[:ru_RU]\u041e\u043f\u0438\u0441\u0430\u043d\u0438\u0435 \u0442\u043e\u0432\u0430\u0440\u0430: \u0431\u0443\u0442\u044b\u043b\u043e\u0447\u043a\u0430 \u043f\u043b\u0430\u0441\u0442\u0438\u043a\u043e\u0432\u0430\u044f 120\u043c\u043b. \u0441 \u0441\u0438\u043b\u0438\u043a\u043e\u043d\u043e\u0432\u043e\u0439 \u0441\u043e\u0441\u043a\u043e\u0439, \u043b\u0435\u0433\u043a\u0430\u044f \u0438 \u0441\u0442\u0430\u0431\u0438\u043b\u044c\u043d\u0430\u044f, \u0440\u0435\u043a\u043e\u043c\u0435\u043d\u0434\u043e\u0432\u0430\u043d\u043e \u0434\u043b\u044f \u0434\u0435\u0442\u043e\u043a \u043e\u0442 \u0440\u043e\u0436\u0434\u0435\u043d\u0438\u044f. \u0412\u0435\u0441\u0435\u043b\u044b\u0435 \u0430\u043f\u043f\u043b\u0438\u043a\u0430\u0446\u0438\u0438 \u0438 \u044f\u0440\u043a\u0438\u0435 \u0446\u0432\u0435\u0442\u0430 \u043f\u0440\u0438\u0432\u043b\u0435\u043a\u0430\u044e\u0442 \u0432\u043d\u0438\u043c\u0430\u043d\u0438\u0435 \u043c\u0430\u043b\u044b\u0448\u0435\u0439. \u0420\u0443\u0447\u043a\u0438 \u044d\u0440\u0433\u043e\u043d\u043e\u043c\u0438\u0447\u0435\u0441\u043a\u043e\u0439 \u0444\u043e\u0440\u043c\u044b \u043e\u0442\u043b\u0438\u0447\u043d\u043e \u043f\u043e\u0434\u0445\u043e\u0434\u044f\u0442 \u043a \u043c\u0430\u043b\u0435\u043d\u044c\u043a\u0438\u043c \u0440\u0443\u0447\u043a\u0430\u043c \u043c\u0430\u043b\u044b\u0448\u0430, \u0434\u0435\u043b\u0430\u044f \u0431\u043e\u043b\u0435\u0435 \u0443\u0434\u043e\u0431\u043d\u043e\u0439 \u043f\u0440\u0438 \u0438\u0441\u043f\u043e\u043b\u044c\u0437\u043e\u0432\u0430\u043d\u0438\u044f. \u0411\u0443\u0442\u044b\u043b\u043e\u0447\u043a\u0430 \u0441 \u0443\u043f\u043b\u043e\u0442\u043d\u0435\u043d\u043d\u044b\u043c \u0434\u0438\u0441\u043a\u043e\u043c \u043f\u043e\u0437\u0432\u043e\u043b\u044f\u0435\u0442 \u0431\u0435\u0437\u043e\u043f\u0430\u0441\u043d\u043e \u0445\u0440\u0430\u043d\u0438\u0442\u044c \u043c\u043e\u043b\u043e\u043a\u043e \u0432 \u0445\u043e\u043b\u043e\u0434\u0438\u043b\u044c\u043d\u0438\u043a\u0435. \u0418\u0437\u0433\u043e\u0442\u043e\u0432\u043b\u0435\u043d\u0430 \u0438\u0437 \u043f\u043b\u0430\u0441\u0442\u0438\u043a\u0430 \u0432\u044b\u0441\u043e\u043a\u043e\u0433\u043e \u043a\u0430\u0447\u0435\u0441\u0442\u0432\u0430. \u041f\u0435\u0440\u0435\u0434 \u043f\u0435\u0440\u0432\u044b\u043c [&hellip;]<\/p>\n","protected":false},"featured_media":41110,"comment_status":"open","ping_status":"closed","template":"","meta":{"_acf_changed":false},"product_brand":[],"product_cat":[6788],"product_tag":[],"class_list":{"0":"post-41112","1":"product","2":"type-product","3":"status-publish","4":"has-post-thumbnail","6":"product_cat-ru_ru-butylochki-trim-ro_ro","8":"first","9":"instock","10":"shipping-taxable","11":"purchasable","12":"product-type-simple"},"acf":[],"_links":{"self":[{"href":"https:\/\/minimax.md\/ru\/wp-json\/wp\/v2\/product\/41112","targetHints":{"allow":["GET"]}}],"collection":[{"href":"https:\/\/minimax.md\/ru\/wp-json\/wp\/v2\/product"}],"about":[{"href":"https:\/\/minimax.md\/ru\/wp-json\/wp\/v2\/types\/product"}],"replies":[{"embeddable":true,"href":"https:\/\/minimax.md\/ru\/wp-json\/wp\/v2\/comments?post=41112"}],"version-history":[{"count":0,"href":"https:\/\/minimax.md\/ru\/wp-json\/wp\/v2\/product\/41112\/revisions"}],"wp:featuredmedia":[{"embeddable":true,"href":"https:\/\/minimax.md\/ru\/wp-json\/wp\/v2\/media\/41110"}],"wp:attachment":[{"href":"https:\/\/minimax.md\/ru\/wp-json\/wp\/v2\/media?parent=41112"}],"wp:term":[{"taxonomy":"product_brand","embeddable":true,"href":"https:\/\/minimax.md\/ru\/wp-json\/wp\/v2\/product_brand?post=41112"},{"taxonomy":"product_cat","embeddable":true,"href":"https:\/\/minimax.md\/ru\/wp-json\/wp\/v2\/product_cat?post=41112"},{"taxonomy":"product_tag","embeddable":true,"href":"https:\/\/minimax.md\/ru\/wp-json\/wp\/v2\/product_tag?post=41112"}],"curies":[{"name":"wp","href":"https:\/\/api.w.org\/{rel}","templated":true}]}}