{"id":41128,"date":"2023-11-28T13:07:41","date_gmt":"2023-11-28T10:07:41","guid":{"rendered":"https:\/\/minimax.md\/product\/41128.html"},"modified":"2023-11-28T13:29:42","modified_gmt":"2023-11-28T10:29:42","slug":"ru_ru-chipolino-stulchik-dlja-kormlenija-cookie-trim-ro_ro-chipolino-sc-unel-pentru-alimenta-ie-cookie","status":"publish","type":"product","link":"https:\/\/minimax.md\/ru\/product\/41128.html","title":{"rendered":"Chipolino \u0441\u0442\u0443\u043b\u044c\u0447\u0438\u043a \u0434\u043b\u044f \u043a\u043e\u0440\u043c\u043b\u0435\u043d\u0438\u044f Cookie"},"content":{"rendered":"<p>[:ru_RU]\u041f\u043e\u0434\u0445\u043e\u0434\u0438\u0442 \u0434\u043b\u044f \u0434\u0435\u0442\u0435\u0439 \u0432\u0435\u0441\u043e\u043c \u0434\u043e 15 \u043a\u0433;<br \/>\n&#8211; \u0428\u0438\u0440\u043e\u043a\u043e\u0435, \u0443\u0434\u043e\u0431\u043d\u043e\u0435 \u0438 \u043b\u0435\u0433\u043a\u043e\u0435 \u0432 \u0443\u0445\u043e\u0434\u0435 \u0441\u0438\u0434\u0435\u043d\u044c\u0435;<br \/>\n&#8211; 3 \u043f\u043e\u043b\u043e\u0436\u0435\u043d\u0438\u044f \u043d\u0430\u043a\u043b\u043e\u043d\u0430 \u0441\u043f\u0438\u043d\u043a\u0438, \u0432\u043a\u043b\u044e\u0447\u0430\u044f \u043f\u043e\u043b\u043e\u0436\u0435\u043d\u0438\u0435 \u043b\u0451\u0436\u0430;<br \/>\n&#8211; 5-\u0442\u043e\u0447\u0435\u0447\u043d\u044b\u0439 \u0440\u0435\u0433\u0443\u043b\u0438\u0440\u0443\u0435\u043c\u044b\u0439 \u0440\u0435\u043c\u0435\u043d\u044c \u0431\u0435\u0437\u043e\u043f\u0430\u0441\u043d\u043e\u0441\u0442\u0438;<br \/>\n&#8211; \u0414\u0432\u043e\u0439\u043d\u043e\u0439 \u043f\u043e\u0434\u043d\u043e\u0441 \u0434\u043b\u044f \u0435\u0434\u044b &#8211; \u0432\u0435\u0440\u0445\u043d\u0438\u0439 \u043f\u043e\u0434\u043d\u043e\u0441 \u043c\u043e\u0436\u043d\u043e \u043b\u0435\u0433\u043a\u043e \u0441\u043d\u044f\u0442\u044c \u0438 \u043f\u043e\u0447\u0438\u0441\u0442\u0438\u0442\u044c;<br \/>\n&#8211; \u0411\u0430\u0437\u043e\u0432\u044b\u0439 \u043f\u043e\u0434\u043d\u043e\u0441 \u0434\u043b\u044f \u0435\u0434\u044b \u043e\u0441\u043d\u0430\u0449\u0435\u043d \u0437\u0430\u0449\u0438\u0442\u043d\u043e\u0439 \u0422-\u043e\u0431\u0440\u0430\u0437\u043d\u043e\u0439 \u043f\u043b\u0430\u043d\u043a\u043e\u0439;<br \/>\n&#8211; \u041f\u043e\u0434\u043d\u043e\u0441 \u0434\u043b\u044f \u0435\u0434\u044b \u043c\u043e\u0436\u043d\u043e \u043f\u0435\u0440\u0435\u043c\u0435\u0449\u0430\u0442\u044c \u0432\u043f\u0435\u0440\u0435\u0434 \u0438 \u043d\u0430\u0437\u0430\u0434 &#8211; \u0432 \u0437\u0430\u0432\u0438\u0441\u0438\u043c\u043e\u0441\u0442\u0438 \u043e\u0442 \u0432\u043e\u0437\u0440\u0430\u0441\u0442\u0430 \u0440\u0435\u0431\u0435\u043d\u043a\u0430;<br \/>\n&#8211; \u0420\u0435\u0433\u0443\u043b\u0438\u0440\u0443\u0435\u043c\u043e\u0435 \u043f\u043e \u0432\u044b\u0441\u043e\u0442\u0435 \u0441\u0438\u0434\u0435\u043d\u044c\u0435 (7 \u043f\u043e\u043b\u043e\u0436\u0435\u043d\u0438\u0439);<br \/>\n&#8211; \u0420\u0435\u0433\u0443\u043b\u0438\u0440\u0443\u0435\u043c\u0430\u044f \u043f\u043e \u0432\u044b\u0441\u043e\u0442\u0435 \u043f\u043e\u0434\u0441\u0442\u0430\u0432\u043a\u0430 \u0434\u043b\u044f \u043d\u043e\u0433 (3 \u043f\u043e\u043b\u043e\u0436\u0435\u043d\u0438\u044f);<br \/>\n&#8211; 4 \u043a\u043e\u043b\u0435\u0441\u0430 \u0441 \u0442\u043e\u0440\u043c\u043e\u0437\u0430\u043c\u0438 \u0434\u043b\u044f \u043e\u0431\u0435\u0441\u043f\u0435\u0447\u0435\u043d\u0438\u044f \u0434\u043e\u043f\u043e\u043b\u043d\u0438\u0442\u0435\u043b\u044c\u043d\u043e\u0433\u043e \u043a\u043e\u043c\u0444\u043e\u0440\u0442\u0430 \u0438 \u0431\u0435\u0437\u043e\u043f\u0430\u0441\u043d\u043e\u0441\u0442\u0438;<br \/>\n&#8211; \u041b\u0435\u0433\u043a\u043e\u0435 \u0438 \u043a\u043e\u043c\u043f\u0430\u043a\u0442\u043d\u043e\u0435 \u0441\u043a\u043b\u0430\u0434\u044b\u0432\u0430\u043d\u0438\u0435;<br \/>\n&#8211; \u0418\u0437\u0433\u043e\u0442\u043e\u0432\u043b\u0435\u043d\u043e \u0432 \u0441\u043e\u043e\u0442\u0432\u0435\u0442\u0441\u0442\u0432\u0438\u0438 \u0441 \u0435\u0432\u0440\u043e\u043f\u0435\u0439\u0441\u043a\u0438\u043c \u0441\u0442\u0430\u043d\u0434\u0430\u0440\u0442\u043e\u043c EN 14988.[trim][:ro_RO]Potrivit pentru copii av\u00e2nd greutatea de p\u00e2n\u0103 la 15 kg<br \/>\nSezut comfortabil, u\u0219or de cur\u0103\u021bat<br \/>\nTava mare pentru m\u00e2ncare<br \/>\nCadru u\u0219or \u0219i stabil<br \/>\nPliere u\u0219oara \u0219i compact\u0103<\/p>\n","protected":false},"excerpt":{"rendered":"<p>[:ru_RU]\u041f\u043e\u0434\u0445\u043e\u0434\u0438\u0442 \u0434\u043b\u044f \u0434\u0435\u0442\u0435\u0439 \u0432\u0435\u0441\u043e\u043c \u0434\u043e 15 \u043a\u0433; &#8211; \u0428\u0438\u0440\u043e\u043a\u043e\u0435, \u0443\u0434\u043e\u0431\u043d\u043e\u0435 \u0438 \u043b\u0435\u0433\u043a\u043e\u0435 \u0432 \u0443\u0445\u043e\u0434\u0435 \u0441\u0438\u0434\u0435\u043d\u044c\u0435; &#8211; 3 \u043f\u043e\u043b\u043e\u0436\u0435\u043d\u0438\u044f \u043d\u0430\u043a\u043b\u043e\u043d\u0430 \u0441\u043f\u0438\u043d\u043a\u0438, \u0432\u043a\u043b\u044e\u0447\u0430\u044f \u043f\u043e\u043b\u043e\u0436\u0435\u043d\u0438\u0435 \u043b\u0451\u0436\u0430; &#8211; 5-\u0442\u043e\u0447\u0435\u0447\u043d\u044b\u0439 \u0440\u0435\u0433\u0443\u043b\u0438\u0440\u0443\u0435\u043c\u044b\u0439 \u0440\u0435\u043c\u0435\u043d\u044c \u0431\u0435\u0437\u043e\u043f\u0430\u0441\u043d\u043e\u0441\u0442\u0438; &#8211; \u0414\u0432\u043e\u0439\u043d\u043e\u0439 \u043f\u043e\u0434\u043d\u043e\u0441 \u0434\u043b\u044f \u0435\u0434\u044b &#8211; \u0432\u0435\u0440\u0445\u043d\u0438\u0439 \u043f\u043e\u0434\u043d\u043e\u0441 \u043c\u043e\u0436\u043d\u043e \u043b\u0435\u0433\u043a\u043e \u0441\u043d\u044f\u0442\u044c \u0438 \u043f\u043e\u0447\u0438\u0441\u0442\u0438\u0442\u044c; &#8211; \u0411\u0430\u0437\u043e\u0432\u044b\u0439 \u043f\u043e\u0434\u043d\u043e\u0441 \u0434\u043b\u044f \u0435\u0434\u044b \u043e\u0441\u043d\u0430\u0449\u0435\u043d \u0437\u0430\u0449\u0438\u0442\u043d\u043e\u0439 \u0422-\u043e\u0431\u0440\u0430\u0437\u043d\u043e\u0439 \u043f\u043b\u0430\u043d\u043a\u043e\u0439; &#8211; \u041f\u043e\u0434\u043d\u043e\u0441 \u0434\u043b\u044f \u0435\u0434\u044b \u043c\u043e\u0436\u043d\u043e [&hellip;]<\/p>\n","protected":false},"featured_media":41124,"comment_status":"open","ping_status":"closed","template":"","meta":{"_acf_changed":false},"product_brand":[],"product_cat":[6781],"product_tag":[],"class_list":{"0":"post-41128","1":"product","2":"type-product","3":"status-publish","4":"has-post-thumbnail","6":"product_cat-ru_ru-stulchiki-dlja-kormle","8":"first","9":"instock","10":"shipping-taxable","11":"purchasable","12":"product-type-simple"},"acf":[],"_links":{"self":[{"href":"https:\/\/minimax.md\/ru\/wp-json\/wp\/v2\/product\/41128","targetHints":{"allow":["GET"]}}],"collection":[{"href":"https:\/\/minimax.md\/ru\/wp-json\/wp\/v2\/product"}],"about":[{"href":"https:\/\/minimax.md\/ru\/wp-json\/wp\/v2\/types\/product"}],"replies":[{"embeddable":true,"href":"https:\/\/minimax.md\/ru\/wp-json\/wp\/v2\/comments?post=41128"}],"version-history":[{"count":0,"href":"https:\/\/minimax.md\/ru\/wp-json\/wp\/v2\/product\/41128\/revisions"}],"wp:featuredmedia":[{"embeddable":true,"href":"https:\/\/minimax.md\/ru\/wp-json\/wp\/v2\/media\/41124"}],"wp:attachment":[{"href":"https:\/\/minimax.md\/ru\/wp-json\/wp\/v2\/media?parent=41128"}],"wp:term":[{"taxonomy":"product_brand","embeddable":true,"href":"https:\/\/minimax.md\/ru\/wp-json\/wp\/v2\/product_brand?post=41128"},{"taxonomy":"product_cat","embeddable":true,"href":"https:\/\/minimax.md\/ru\/wp-json\/wp\/v2\/product_cat?post=41128"},{"taxonomy":"product_tag","embeddable":true,"href":"https:\/\/minimax.md\/ru\/wp-json\/wp\/v2\/product_tag?post=41128"}],"curies":[{"name":"wp","href":"https:\/\/api.w.org\/{rel}","templated":true}]}}