{"id":41140,"date":"2023-11-28T13:07:43","date_gmt":"2023-11-28T10:07:43","guid":{"rendered":"https:\/\/minimax.md\/product\/41140.html"},"modified":"2024-03-13T01:03:52","modified_gmt":"2024-03-12T22:03:52","slug":"ru_ru-mattel-barbi-kukla-super-stil-trim-ro_ro-mattel-barbie-p-pu-stilat","status":"publish","type":"product","link":"https:\/\/minimax.md\/ru\/product\/41140.html","title":{"rendered":"\u041a\u0443\u043a\u043b\u0430 Barbie \"\u0421\u0443\u043f\u0435\u0440 \u0421\u0442\u0438\u043b\u044c\", \u0432 \u0430\u0441\u0441\u043e\u0440\u0442\u0438\u043c\u0435\u043d\u0442\u0435"},"content":{"rendered":"<p>[:ru_RU]\u041f\u0440\u0438\u0433\u043e\u0442\u043e\u0432\u044c\u0441\u044f \u043a \u0441\u0443\u043f\u0435\u0440 \u0441\u0442\u0438\u043b\u044e \u043e\u0442 \u0411\u0430\u0440\u0431\u0438!<br \/>\n \u0411\u0430\u0440\u0431\u0438 \u0438\u043c\u0435\u0435\u0442 \u043d\u0435\u043f\u0440\u0435\u0432\u0437\u043e\u0439\u0434\u0435\u043d\u043d\u0443\u044e \u043f\u043b\u0430\u0442\u044c\u0435, \u0431\u0443\u0441\u044b \u0438 \u043e\u0431\u0443\u0432\u044c. \u0411\u0430\u0440\u0431\u0438 \u0421\u0443\u043f\u0435\u0440 \u0441\u0442\u0438\u043b\u044c \u043f\u043e\u043d\u0440\u0430\u0432\u044f\u0442\u0441\u044f \u0434\u0435\u0432\u0443\u0448\u043a\u0430\u043c, \u043a\u043e\u0442\u043e\u0440\u044b\u0435 \u043e\u0431\u043e\u0436\u0430\u044e\u0442 \u043c\u043e\u0434\u0443, \u0434\u0440\u0443\u0436\u0431\u0443 \u0438 \u0446\u0432\u0435\u0442\u044b!<br \/>\n\u041a\u0430\u0436\u0434\u0430\u044f \u0438\u0437 \u043d\u0438x \u043e\u0434\u0435\u0442\u0430 \u0432 \u043e\u0434\u0435\u0436\u0434\u0443 \u0441\u0432\u043e\u0435\u0433\u043e \u043b\u044e\u0431\u0438\u043c\u043e\u0433\u043e \u0446\u0432\u0435\u0442\u0430 \u0438 \u0441\u0442\u0438\u043b\u044f \u0438 \u0433\u043e\u0442\u043e\u0432\u0430 \u043a \u043d\u0435\u0437\u0430\u0431\u044b\u0432\u0430\u0435\u043c\u044b\u0445 \u043f\u0440\u0438\u043a\u043b\u044e\u0447\u0435\u043d\u0438\u044f\u043c!<br \/>\n\u0412 \u044d\u0442\u043e\u043c \u0441\u0435\u0437\u043e\u043d\u0435 \u0434\u0435\u0432\u0443\u0448\u043a\u0438 \u043f\u043e\u0434\u0447\u0435\u0440\u043a\u0438\u0432\u0430\u044e\u0442 \u043a\u0440\u0430\u0441\u043e\u0442\u0443 \u0441\u0432\u043e\u0438\u0445 \u0432\u043e\u043b\u043e\u0441, \u0430\u043a\u0441\u0435\u0441\u0441\u0443\u0430\u0440\u043e\u0432 \u0438 \u043e\u0434\u0435\u0436\u0434\u044b \u0441 \u043f\u043e\u043c\u043e\u0449\u044c\u044e \u0441\u0430\u043c\u044b\u0445 \u0440\u0430\u0437\u043d\u043e\u043e\u0431\u0440\u0430\u0437\u043d\u044b\u0445 \u0446\u0432\u0435\u0442\u043e\u0432.[trim][:ro_RO]Barbie Super Stil<\/p>\n<p>Barbie urmeaza intotdeauna cele mai noi tendinte din lumea modei! Papusa arata minunat, \u00eembr\u0103cat\u0103 \u00een haine elegante , cu imprimeuri originale. Idealul este \u00eentotdeauna \u0219i peste tot. Barbie este gata pentru a deveni eroina din toate pove\u0219tile pe care le pute\u021bi g\u00e2ndi!<\/p>\n","protected":false},"excerpt":{"rendered":"<p>[:ru_RU]\u041f\u0440\u0438\u0433\u043e\u0442\u043e\u0432\u044c\u0441\u044f \u043a \u0441\u0443\u043f\u0435\u0440 \u0441\u0442\u0438\u043b\u044e \u043e\u0442 \u0411\u0430\u0440\u0431\u0438! \u0411\u0430\u0440\u0431\u0438 \u0438\u043c\u0435\u0435\u0442 \u043d\u0435\u043f\u0440\u0435\u0432\u0437\u043e\u0439\u0434\u0435\u043d\u043d\u0443\u044e \u043f\u043b\u0430\u0442\u044c\u0435, \u0431\u0443\u0441\u044b \u0438 \u043e\u0431\u0443\u0432\u044c. \u0411\u0430\u0440\u0431\u0438 \u0421\u0443\u043f\u0435\u0440 \u0441\u0442\u0438\u043b\u044c \u043f\u043e\u043d\u0440\u0430\u0432\u044f\u0442\u0441\u044f \u0434\u0435\u0432\u0443\u0448\u043a\u0430\u043c, \u043a\u043e\u0442\u043e\u0440\u044b\u0435 \u043e\u0431\u043e\u0436\u0430\u044e\u0442 \u043c\u043e\u0434\u0443, \u0434\u0440\u0443\u0436\u0431\u0443 \u0438 \u0446\u0432\u0435\u0442\u044b! \u041a\u0430\u0436\u0434\u0430\u044f \u0438\u0437 \u043d\u0438x \u043e\u0434\u0435\u0442\u0430 \u0432 \u043e\u0434\u0435\u0436\u0434\u0443 \u0441\u0432\u043e\u0435\u0433\u043e \u043b\u044e\u0431\u0438\u043c\u043e\u0433\u043e \u0446\u0432\u0435\u0442\u0430 \u0438 \u0441\u0442\u0438\u043b\u044f \u0438 \u0433\u043e\u0442\u043e\u0432\u0430 \u043a \u043d\u0435\u0437\u0430\u0431\u044b\u0432\u0430\u0435\u043c\u044b\u0445 \u043f\u0440\u0438\u043a\u043b\u044e\u0447\u0435\u043d\u0438\u044f\u043c! \u0412 \u044d\u0442\u043e\u043c \u0441\u0435\u0437\u043e\u043d\u0435 \u0434\u0435\u0432\u0443\u0448\u043a\u0438 \u043f\u043e\u0434\u0447\u0435\u0440\u043a\u0438\u0432\u0430\u044e\u0442 \u043a\u0440\u0430\u0441\u043e\u0442\u0443 \u0441\u0432\u043e\u0438\u0445 \u0432\u043e\u043b\u043e\u0441, \u0430\u043a\u0441\u0435\u0441\u0441\u0443\u0430\u0440\u043e\u0432 \u0438 \u043e\u0434\u0435\u0436\u0434\u044b \u0441 \u043f\u043e\u043c\u043e\u0449\u044c\u044e \u0441\u0430\u043c\u044b\u0445 \u0440\u0430\u0437\u043d\u043e\u043e\u0431\u0440\u0430\u0437\u043d\u044b\u0445 [&hellip;]<\/p>\n","protected":false},"featured_media":41129,"comment_status":"open","ping_status":"closed","template":"","meta":{"_acf_changed":false},"product_brand":[],"product_cat":[6697],"product_tag":[],"class_list":{"0":"post-41140","1":"product","2":"type-product","3":"status-publish","4":"has-post-thumbnail","6":"product_cat-ru_ru-kukly-trim-ro_ro-p-pu","8":"first","9":"instock","10":"shipping-taxable","11":"purchasable","12":"product-type-simple"},"acf":[],"_links":{"self":[{"href":"https:\/\/minimax.md\/ru\/wp-json\/wp\/v2\/product\/41140","targetHints":{"allow":["GET"]}}],"collection":[{"href":"https:\/\/minimax.md\/ru\/wp-json\/wp\/v2\/product"}],"about":[{"href":"https:\/\/minimax.md\/ru\/wp-json\/wp\/v2\/types\/product"}],"replies":[{"embeddable":true,"href":"https:\/\/minimax.md\/ru\/wp-json\/wp\/v2\/comments?post=41140"}],"version-history":[{"count":0,"href":"https:\/\/minimax.md\/ru\/wp-json\/wp\/v2\/product\/41140\/revisions"}],"wp:featuredmedia":[{"embeddable":true,"href":"https:\/\/minimax.md\/ru\/wp-json\/wp\/v2\/media\/41129"}],"wp:attachment":[{"href":"https:\/\/minimax.md\/ru\/wp-json\/wp\/v2\/media?parent=41140"}],"wp:term":[{"taxonomy":"product_brand","embeddable":true,"href":"https:\/\/minimax.md\/ru\/wp-json\/wp\/v2\/product_brand?post=41140"},{"taxonomy":"product_cat","embeddable":true,"href":"https:\/\/minimax.md\/ru\/wp-json\/wp\/v2\/product_cat?post=41140"},{"taxonomy":"product_tag","embeddable":true,"href":"https:\/\/minimax.md\/ru\/wp-json\/wp\/v2\/product_tag?post=41140"}],"curies":[{"name":"wp","href":"https:\/\/api.w.org\/{rel}","templated":true}]}}