{"id":41154,"date":"2023-11-28T13:07:44","date_gmt":"2023-11-28T10:07:44","guid":{"rendered":"https:\/\/minimax.md\/product\/41154.html"},"modified":"2024-03-13T01:03:52","modified_gmt":"2024-03-12T22:03:52","slug":"ru_ru-mattel-hot-wheels-nabor-mashinok-3-shtk-trim-ro_ro-mattel-hot-wheels-set-ma-ini-metalice-3-buc","status":"publish","type":"product","link":"https:\/\/minimax.md\/ru\/product\/41154.html","title":{"rendered":"Hot Wheels \u041d\u0430\u0431\u043e\u0440 \u0438\u0437 3-\u0445 \u0431\u0430\u0437\u043e\u0432\u044b\u0445 \u043c\u0430\u0448\u0438\u043d\u043e\u043a (\u0430c\u0441)."},"content":{"rendered":"<p>[:ru_RU]\u041d\u0430\u0431\u043e\u0440 \u0441\u043e\u0441\u0442\u043e\u0438\u0442 \u0438\u0437 3 \u0433\u043e\u043d\u043e\u0447\u043d\u044b\u0445 \u0430\u0432\u0442\u043e\u043c\u043e\u0431\u0438\u043b\u0435\u0439, \u043c\u0430\u0441\u0448\u0442\u0430\u0431\u0430 1:64 \u0438 \u043e\u0441\u043e\u0431\u0435\u043d\u043d\u043e \u043f\u043e\u043d\u0440\u0430\u0432\u0438\u0442\u0441\u044f \u043b\u044e\u0431\u0438\u0442\u0435\u043b\u044f\u043c \u0433\u043e\u043d\u043e\u043a. \u041a\u0430\u0436\u0434\u0430\u044f \u043c\u0430\u0448\u0438\u043d\u043a\u0430 \u0438\u043c\u0435\u0435\u0442 \u0441\u0432\u043e\u0439 \u0443\u043d\u0438\u043a\u0430\u043b\u044c\u043d\u044b\u0439 \u0434\u0438\u0437\u0430\u0439\u043d, \u0432\u044b\u043f\u043e\u043b\u043d\u0435\u043d\u043d\u044b\u0439 \u0432 \u044f\u0440\u043a\u0438\u0445 \u0446\u0432\u0435\u0442\u0430\u0445 \u0438 \u043d\u0435\u043f\u043e\u0432\u0442\u043e\u0440\u0438\u043c\u043e\u043c \u0441\u0442\u0438\u043b\u0435.\u00a0\u0411\u043b\u0430\u0433\u043e\u0434\u0430\u0440\u044f \u043a\u0440\u0430\u0441\u0438\u0432\u043e\u0439 \u0443\u043f\u0430\u043a\u043e\u0432\u043a\u0438, \u0442\u0430\u043a\u043e\u0439 \u043d\u0430\u0431\u043e\u0440 \u0441\u0442\u0430\u043d\u0435\u0442 \u0445\u043e\u0440\u043e\u0448\u0438\u043c \u043f\u043e\u0434\u0430\u0440\u043a\u043e\u043c.<\/p>\n<p><iframe title=\"Hot Wheels (5785) \u0411\u0430\u0437\u043e\u0432\u0430\u044f \u043c\u0430\u0448\u0438\u043d\u043a\u0430\" width=\"640\" height=\"360\" src=\"https:\/\/www.youtube.com\/embed\/FHpl6ZEUECg?start=3&#038;feature=oembed\" frameborder=\"0\" allow=\"accelerometer; autoplay; clipboard-write; encrypted-media; gyroscope; picture-in-picture; web-share\" referrerpolicy=\"strict-origin-when-cross-origin\" allowfullscreen><\/iframe>[trim][:ro_RO]A sosit noua genera\u0163ie a ma\u015finu\u0163elor Hot Wheels!<\/p>\n<p>Setul include \u00een mare parte ma\u015fini adev\u0103rate de Muscle Cars Marikai. Dac\u0103 colec\u0163ia ta de Hot Wheels trebuie completat, sau pur \u015fi simplu dore\u015fti extinderea parcului t\u0103u de auto. Fiecare ma\u015fin\u0103 din set a fost f\u0103cut\u0103 pentru curse, astfel vei putea participa la dueluri \u00eempotriva prietenilor t\u0103i.<\/p>\n<p>Setul include 3 ma\u015finu\u0163e diferite.<\/p>\n<p><iframe title=\"Hot Wheels (5785) \u0411\u0430\u0437\u043e\u0432\u0430\u044f \u043c\u0430\u0448\u0438\u043d\u043a\u0430\" width=\"640\" height=\"360\" src=\"https:\/\/www.youtube.com\/embed\/FHpl6ZEUECg?start=3&#038;feature=oembed\" frameborder=\"0\" allow=\"accelerometer; autoplay; clipboard-write; encrypted-media; gyroscope; picture-in-picture; web-share\" referrerpolicy=\"strict-origin-when-cross-origin\" allowfullscreen><\/iframe><\/p>\n","protected":false},"excerpt":{"rendered":"<p>[:ru_RU]\u041d\u0430\u0431\u043e\u0440 \u0441\u043e\u0441\u0442\u043e\u0438\u0442 \u0438\u0437 3 \u0433\u043e\u043d\u043e\u0447\u043d\u044b\u0445 \u0430\u0432\u0442\u043e\u043c\u043e\u0431\u0438\u043b\u0435\u0439, \u043c\u0430\u0441\u0448\u0442\u0430\u0431\u0430 1:64 \u0438 \u043e\u0441\u043e\u0431\u0435\u043d\u043d\u043e \u043f\u043e\u043d\u0440\u0430\u0432\u0438\u0442\u0441\u044f \u043b\u044e\u0431\u0438\u0442\u0435\u043b\u044f\u043c \u0433\u043e\u043d\u043e\u043a. \u041a\u0430\u0436\u0434\u0430\u044f \u043c\u0430\u0448\u0438\u043d\u043a\u0430 \u0438\u043c\u0435\u0435\u0442 \u0441\u0432\u043e\u0439 \u0443\u043d\u0438\u043a\u0430\u043b\u044c\u043d\u044b\u0439 \u0434\u0438\u0437\u0430\u0439\u043d, \u0432\u044b\u043f\u043e\u043b\u043d\u0435\u043d\u043d\u044b\u0439 \u0432 \u044f\u0440\u043a\u0438\u0445 \u0446\u0432\u0435\u0442\u0430\u0445 \u0438 \u043d\u0435\u043f\u043e\u0432\u0442\u043e\u0440\u0438\u043c\u043e\u043c \u0441\u0442\u0438\u043b\u0435.\u00a0\u0411\u043b\u0430\u0433\u043e\u0434\u0430\u0440\u044f \u043a\u0440\u0430\u0441\u0438\u0432\u043e\u0439 \u0443\u043f\u0430\u043a\u043e\u0432\u043a\u0438, \u0442\u0430\u043a\u043e\u0439 \u043d\u0430\u0431\u043e\u0440 \u0441\u0442\u0430\u043d\u0435\u0442 \u0445\u043e\u0440\u043e\u0448\u0438\u043c \u043f\u043e\u0434\u0430\u0440\u043a\u043e\u043c. [trim][:ro_RO]A sosit noua genera\u0163ie a ma\u015finu\u0163elor Hot Wheels! Setul include \u00een mare parte ma\u015fini adev\u0103rate de Muscle Cars Marikai. Dac\u0103 colec\u0163ia ta [&hellip;]<\/p>\n","protected":false},"featured_media":41150,"comment_status":"open","ping_status":"closed","template":"","meta":{"_acf_changed":false},"product_brand":[],"product_cat":[6724],"product_tag":[],"class_list":{"0":"post-41154","1":"product","2":"type-product","3":"status-publish","4":"has-post-thumbnail","6":"product_cat-ru_ru-nabor-avtomobilej-tri","8":"first","9":"instock","10":"shipping-taxable","11":"purchasable","12":"product-type-simple"},"acf":[],"_links":{"self":[{"href":"https:\/\/minimax.md\/ru\/wp-json\/wp\/v2\/product\/41154","targetHints":{"allow":["GET"]}}],"collection":[{"href":"https:\/\/minimax.md\/ru\/wp-json\/wp\/v2\/product"}],"about":[{"href":"https:\/\/minimax.md\/ru\/wp-json\/wp\/v2\/types\/product"}],"replies":[{"embeddable":true,"href":"https:\/\/minimax.md\/ru\/wp-json\/wp\/v2\/comments?post=41154"}],"version-history":[{"count":0,"href":"https:\/\/minimax.md\/ru\/wp-json\/wp\/v2\/product\/41154\/revisions"}],"wp:featuredmedia":[{"embeddable":true,"href":"https:\/\/minimax.md\/ru\/wp-json\/wp\/v2\/media\/41150"}],"wp:attachment":[{"href":"https:\/\/minimax.md\/ru\/wp-json\/wp\/v2\/media?parent=41154"}],"wp:term":[{"taxonomy":"product_brand","embeddable":true,"href":"https:\/\/minimax.md\/ru\/wp-json\/wp\/v2\/product_brand?post=41154"},{"taxonomy":"product_cat","embeddable":true,"href":"https:\/\/minimax.md\/ru\/wp-json\/wp\/v2\/product_cat?post=41154"},{"taxonomy":"product_tag","embeddable":true,"href":"https:\/\/minimax.md\/ru\/wp-json\/wp\/v2\/product_tag?post=41154"}],"curies":[{"name":"wp","href":"https:\/\/api.w.org\/{rel}","templated":true}]}}