{"id":41160,"date":"2023-11-28T13:07:44","date_gmt":"2023-11-28T10:07:44","guid":{"rendered":"https:\/\/minimax.md\/product\/41160.html"},"modified":"2023-11-28T13:29:42","modified_gmt":"2023-11-28T10:29:42","slug":"ru_ru-veres-matras-bicoconut-8sm-trim-ro_ro-veres-saltea-bicoconut-8-cm","status":"publish","type":"product","link":"https:\/\/minimax.md\/ru\/product\/41160.html","title":{"rendered":"Veres \u041c\u0430\u0442\u0440\u0430\u0441 Bicoconut+ 8\u0441\u043c"},"content":{"rendered":"<p>[:ru_RU]\u0412\u0435\u0440\u0435\u0441 Bicoconut &#8211; \u043c\u0430\u0442\u0440\u0430\u0441 \u043f\u043e\u0432\u044b\u0448\u0435\u043d\u043d\u043e\u0439 \u0436\u0435\u0441\u0442\u043a\u043e\u0441\u0442\u0438.<br \/>\n\u0411\u0438\u043a\u043e\u043a\u043e\u0441 \u043e\u0431\u0435\u0441\u043f\u0435\u0447\u0438\u0432\u0430\u0435\u0442 \u043d\u0435\u043e\u0431\u0445\u043e\u0434\u0438\u043c\u0443\u044e \u0436\u0435\u0441\u0442\u043a\u043e\u0441\u0442\u044c, \u043d\u0435 \u0432\u044b\u0437\u044b\u0432\u0430\u0435\u0442 \u0430\u043b\u043b\u0435\u0440\u0433\u0438\u0438 \u0438 \u0441\u043e\u0445\u0440\u0430\u043d\u044f\u0435\u0442 \u0441\u0432\u043e\u0438 \u0441\u0432\u043e\u0439\u0441\u0442\u0432\u0430 \u0432 \u0442\u0435\u0447\u0435\u043d\u0438\u0435 \u0432\u0441\u0435\u0433\u043e \u0441\u0440\u043e\u043a\u0430 \u044d\u043a\u0441\u043f\u043b\u0443\u0430\u0442\u0430\u0446\u0438\u0438.<br \/>\n\u0413\u043b\u0430\u0432\u043d\u043e\u0435 \u043f\u0440\u0435\u0438\u043c\u0443\u0449\u0435\u0441\u0442\u0432\u043e \u043c\u0430\u0442\u0440\u0430\u0441\u0430 &#8211; \u043e\u0431\u0435\u0441\u043f\u0435\u0447\u0438\u0432\u0430\u0435\u0442 \u043d\u0435\u043e\u0431\u0445\u043e\u0434\u0438\u043c\u0443\u044e \u043f\u043e\u0434\u0434\u0435\u0440\u0436\u043a\u0443 \u043f\u043e\u0437\u0432\u043e\u043d\u043e\u0447\u043d\u0438\u043a\u0443 \u0440\u0435\u0431\u0435\u043d\u043a\u0430 \u0432\u043e \u0432\u0440\u0435\u043c\u044f \u0441\u043d\u0430 \u0438 \u043f\u043e\u043b\u043d\u043e\u0441\u0442\u044c\u044e \u0441\u043d\u0438\u043c\u0430\u0435\u0442 \u043c\u044b\u0448\u0435\u0447\u043d\u043e\u0435 \u043d\u0430\u043f\u0440\u044f\u0436\u0435\u043d\u0438\u0435.<br \/>\n\u041f\u0440\u0435\u0438\u043c\u0443\u0449\u0435\u0441\u0442\u0432\u0430 \u0412\u0435\u0440\u0435\u0441 \u043c\u0430\u0442\u0440\u0430\u0441\u0430 Bicoconut 8 \u0441\u043c (\u0411\u0438\u043a\u043e\u043a\u043e\u043d\u0430\u0442)<br \/>\n\u041c\u0430\u0442\u0440\u0430\u0441 \u0432\u044b\u043f\u043e\u043b\u043d\u0435\u043d \u0442\u043e\u043b\u044c\u043a\u043e \u0438\u0437 \u043d\u0430\u0442\u0443\u0440\u0430\u043b\u044c\u043d\u044b\u0445 \u043c\u0430\u0442\u0435\u0440\u0438\u0430\u043b\u043e\u0432, \u043e\u0442\u0432\u0435\u0447\u0430\u0435\u0442 \u0432\u0441\u0435\u043c \u0442\u0440\u0435\u0431\u043e\u0432\u0430\u043d\u0438\u044f\u043c \u043f\u0435\u0434\u0438\u0430\u0442\u0440\u043e\u0432 \u0438 \u0438\u043c\u0435\u0435\u0442 \u044d\u043a\u043e\u043b\u043e\u0433\u0438\u0447\u0435\u0441\u043a\u0438\u0439 \u0441\u0435\u0442\u0440\u0438\u0444\u0438\u043a\u0430\u0442 (ISO 14024:2002). \u0411\u0435\u0437 \u0432\u0441\u044f\u043a\u043e\u0433\u043e \u0441\u043e\u043c\u043d\u0435\u043d\u0438\u044f, \u0441\u043e\u043d \u043d\u0430 \u0442\u0430\u043a\u043e\u043c \u043c\u0430\u0442\u0440\u0430\u0441\u0435 \u0431\u0443\u0434\u0435\u0442 \u0434\u043b\u044f \u0440\u0435\u0431\u0435\u043d\u043a\u0430 \u043a\u043e\u043c\u0444\u043e\u0440\u0442\u043d\u044b\u043c \u0438 \u0437\u0434\u043e\u0440\u043e\u0432\u044b\u043c.<br \/>\n\u041d\u0430\u043f\u043e\u043b\u043d\u0435\u043d\u0438\u0435 \u043c\u0430\u0442\u0440\u0430\u0441\u0430 \u043f\u0440\u0435\u0434\u0441\u0442\u0430\u0432\u043b\u044f\u0435\u0442 \u0441\u043e\u0431\u043e\u0439 \u043a\u043e\u043a\u043e\u0441\u043e\u0432\u0443\u044e \u043a\u043e\u0439\u0440\u0443  \u2013  \u0434\u043e\u043b\u0433\u043e\u0432\u0435\u0447\u043d\u044b\u0439 \u043c\u0430\u0442\u0435\u0440\u0438\u0430\u043b, \u0441\u043f\u043e\u0441\u043e\u0431\u043d\u044b\u0439 \u043e\u0431\u0435\u0441\u043f\u0435\u0447\u0438\u0442\u044c \u043f\u043e\u0437\u0432\u043e\u043d\u043e\u0447\u043d\u0438\u043a\u0443 \u0440\u0435\u0431\u0435\u043d\u043a\u0430 \u043c\u0430\u043a\u0441\u0438\u043c\u0430\u043b\u044c\u043d\u043e \u043f\u0440\u0430\u0432\u0438\u043b\u044c\u043d\u0443\u044e \u043f\u043e\u0434\u0434\u0435\u0440\u0436\u043a\u0443.<br \/>\n\u041a\u043e\u0439\u0440\u0430 \u043d\u0435 \u0432\u044b\u0437\u044b\u0432\u0430\u0435\u0442 \u0430\u043b\u043b\u0435\u0440\u0433\u0438\u0447\u0435\u0441\u043a\u0438\u0435 \u0440\u0435\u0430\u043a\u0446\u0438\u0438, \u043d\u0435 \u0432\u043f\u0438\u0442\u044b\u0432\u0430\u0435\u0442 \u0432\u043b\u0430\u0433\u0443 \u0438 \u0437\u0430\u043f\u0430\u0445\u0438, \u043d\u043e \u043e\u0442\u043b\u0438\u0447\u043d\u043e \u043f\u0440\u043e\u043f\u0443\u0441\u043a\u0430\u0435\u0442 \u0432\u043e\u0437\u0434\u0443\u0445.<br \/>\n\u041c\u0435\u0436\u0434\u0443 \u043f\u0440\u043e\u0447\u0438\u043c, \u0438\u043c\u0435\u043d\u043d\u043e \u043a\u043e\u043a\u043e\u0441\u043e\u0432\u0430\u044f \u043a\u043e\u0439\u0440\u0430 \u0441\u0447\u0438\u0442\u0430\u0435\u0442\u0441\u044f \u043e\u0434\u043d\u0438\u043c \u0438\u0437 \u0441\u0430\u043c\u044b\u0445 \u043b\u0443\u0447\u0448\u0438\u0445 \u043d\u0430\u043f\u043e\u043b\u043d\u0438\u0442\u0435\u043b\u0435\u0439 \u0434\u043b\u044f \u0434\u0435\u0442\u0441\u043a\u0438\u0445 \u043c\u0430\u0442\u0440\u0430\u0441\u043e\u0432.<br \/>\n\u0421 \u0434\u0432\u0443\u0445 \u0441\u0442\u043e\u0440\u043e\u043d \u043a\u043e\u0439\u0440\u0430 \u0437\u0430\u043a\u0440\u044b\u0442\u0430 \u043b\u044c\u043d\u044f\u043d\u044b\u043c \u0432\u043e\u043b\u043e\u043a\u043d\u043e\u043c  \u2013  \u0435\u0449\u0435 \u043e\u0434\u043d\u0438\u043c \u043d\u0430\u0442\u0443\u0440\u0430\u043b\u044c\u043d\u044b\u043c[trim][:ro_RO]Veres \u0412\u0438\u0441oconut  &#8211; saltea cu rigiditate crescuta.<br \/>\nBikokos asigur\u0103 rigiditatea necesar\u0103, nu cauzeaz\u0103 alergii \u0219i \u00ee\u0219i p\u0103streaz\u0103 propriet\u0103\u021bile pe \u00eentreaga perioad\u0103 de func\u021bionare.<br \/>\nPrincipalul avantaj al saltelei &#8211; ofera suportul necesar pentru a coloana vertebrala a copilului \u00een timpul somnului \u0219i amelioreaz\u0103 complet tensiunea musculara. &#8211;<br \/>\nCertificarea de mediu conform ISO 14024: 2002<br \/>\nCaracteristici:<br \/>\nMaterial durabil de \u00eenalt\u0103 calitate<br \/>\nNu deformeaza,  p\u0103streaz\u0103 forma<br \/>\nNon-alergenic Respirabil<br \/>\nNu re\u021bine umezeala \u0219i mirosuri.<br \/>\nCase &#8211; matlasat (fibre fara \u021besaturi ) -100% bumbac: &#8211;<br \/>\nBumbac natural &#8211; un material ecologic, are o excelenta absorbtie a apei, nu provoaca alergii, are proprietati antiseptice excelente.<br \/>\nSe pare bikokos prin lipirea fibre de poliester \u0219i de nuc\u0103 de cocos sub influen\u021ba temperaturii.<br \/>\nDimensiune: 120x60x8 cm.<br \/>\nProduc\u0103tor: Veres (Ucraina)<\/p>\n","protected":false},"excerpt":{"rendered":"<p>[:ru_RU]\u0412\u0435\u0440\u0435\u0441 Bicoconut &#8211; \u043c\u0430\u0442\u0440\u0430\u0441 \u043f\u043e\u0432\u044b\u0448\u0435\u043d\u043d\u043e\u0439 \u0436\u0435\u0441\u0442\u043a\u043e\u0441\u0442\u0438. \u0411\u0438\u043a\u043e\u043a\u043e\u0441 \u043e\u0431\u0435\u0441\u043f\u0435\u0447\u0438\u0432\u0430\u0435\u0442 \u043d\u0435\u043e\u0431\u0445\u043e\u0434\u0438\u043c\u0443\u044e \u0436\u0435\u0441\u0442\u043a\u043e\u0441\u0442\u044c, \u043d\u0435 \u0432\u044b\u0437\u044b\u0432\u0430\u0435\u0442 \u0430\u043b\u043b\u0435\u0440\u0433\u0438\u0438 \u0438 \u0441\u043e\u0445\u0440\u0430\u043d\u044f\u0435\u0442 \u0441\u0432\u043e\u0438 \u0441\u0432\u043e\u0439\u0441\u0442\u0432\u0430 \u0432 \u0442\u0435\u0447\u0435\u043d\u0438\u0435 \u0432\u0441\u0435\u0433\u043e \u0441\u0440\u043e\u043a\u0430 \u044d\u043a\u0441\u043f\u043b\u0443\u0430\u0442\u0430\u0446\u0438\u0438. \u0413\u043b\u0430\u0432\u043d\u043e\u0435 \u043f\u0440\u0435\u0438\u043c\u0443\u0449\u0435\u0441\u0442\u0432\u043e \u043c\u0430\u0442\u0440\u0430\u0441\u0430 &#8211; \u043e\u0431\u0435\u0441\u043f\u0435\u0447\u0438\u0432\u0430\u0435\u0442 \u043d\u0435\u043e\u0431\u0445\u043e\u0434\u0438\u043c\u0443\u044e \u043f\u043e\u0434\u0434\u0435\u0440\u0436\u043a\u0443 \u043f\u043e\u0437\u0432\u043e\u043d\u043e\u0447\u043d\u0438\u043a\u0443 \u0440\u0435\u0431\u0435\u043d\u043a\u0430 \u0432\u043e \u0432\u0440\u0435\u043c\u044f \u0441\u043d\u0430 \u0438 \u043f\u043e\u043b\u043d\u043e\u0441\u0442\u044c\u044e \u0441\u043d\u0438\u043c\u0430\u0435\u0442 \u043c\u044b\u0448\u0435\u0447\u043d\u043e\u0435 \u043d\u0430\u043f\u0440\u044f\u0436\u0435\u043d\u0438\u0435. \u041f\u0440\u0435\u0438\u043c\u0443\u0449\u0435\u0441\u0442\u0432\u0430 \u0412\u0435\u0440\u0435\u0441 \u043c\u0430\u0442\u0440\u0430\u0441\u0430 Bicoconut 8 \u0441\u043c (\u0411\u0438\u043a\u043e\u043a\u043e\u043d\u0430\u0442) \u041c\u0430\u0442\u0440\u0430\u0441 \u0432\u044b\u043f\u043e\u043b\u043d\u0435\u043d \u0442\u043e\u043b\u044c\u043a\u043e \u0438\u0437 \u043d\u0430\u0442\u0443\u0440\u0430\u043b\u044c\u043d\u044b\u0445 \u043c\u0430\u0442\u0435\u0440\u0438\u0430\u043b\u043e\u0432, \u043e\u0442\u0432\u0435\u0447\u0430\u0435\u0442 \u0432\u0441\u0435\u043c \u0442\u0440\u0435\u0431\u043e\u0432\u0430\u043d\u0438\u044f\u043c [&hellip;]<\/p>\n","protected":false},"featured_media":41159,"comment_status":"open","ping_status":"closed","template":"","meta":{"_acf_changed":false},"product_brand":[],"product_cat":[6776],"product_tag":[],"class_list":{"0":"post-41160","1":"product","2":"type-product","3":"status-publish","4":"has-post-thumbnail","6":"product_cat-ru_ru-matrasy-trim-ro_ro-sa","8":"first","9":"instock","10":"shipping-taxable","11":"purchasable","12":"product-type-simple"},"acf":[],"_links":{"self":[{"href":"https:\/\/minimax.md\/ru\/wp-json\/wp\/v2\/product\/41160","targetHints":{"allow":["GET"]}}],"collection":[{"href":"https:\/\/minimax.md\/ru\/wp-json\/wp\/v2\/product"}],"about":[{"href":"https:\/\/minimax.md\/ru\/wp-json\/wp\/v2\/types\/product"}],"replies":[{"embeddable":true,"href":"https:\/\/minimax.md\/ru\/wp-json\/wp\/v2\/comments?post=41160"}],"version-history":[{"count":0,"href":"https:\/\/minimax.md\/ru\/wp-json\/wp\/v2\/product\/41160\/revisions"}],"wp:featuredmedia":[{"embeddable":true,"href":"https:\/\/minimax.md\/ru\/wp-json\/wp\/v2\/media\/41159"}],"wp:attachment":[{"href":"https:\/\/minimax.md\/ru\/wp-json\/wp\/v2\/media?parent=41160"}],"wp:term":[{"taxonomy":"product_brand","embeddable":true,"href":"https:\/\/minimax.md\/ru\/wp-json\/wp\/v2\/product_brand?post=41160"},{"taxonomy":"product_cat","embeddable":true,"href":"https:\/\/minimax.md\/ru\/wp-json\/wp\/v2\/product_cat?post=41160"},{"taxonomy":"product_tag","embeddable":true,"href":"https:\/\/minimax.md\/ru\/wp-json\/wp\/v2\/product_tag?post=41160"}],"curies":[{"name":"wp","href":"https:\/\/api.w.org\/{rel}","templated":true}]}}