{"id":41162,"date":"2023-11-28T13:07:44","date_gmt":"2023-11-28T10:07:44","guid":{"rendered":"https:\/\/minimax.md\/product\/41162.html"},"modified":"2023-11-28T13:29:42","modified_gmt":"2023-11-28T10:29:42","slug":"ru_ru-veres-matras-latex-lux-10sm-trim-ro_ro-veres-saltea-latex-lux-10-cm","status":"publish","type":"product","link":"https:\/\/minimax.md\/ru\/product\/41162.html","title":{"rendered":"Veres \u041c\u0430\u0442\u0440\u0430\u0441 Latex Lux 10\u0441\u043c"},"content":{"rendered":"<p>[:ru_RU]\u041c\u0430\u0442\u0440\u0430\u0441 \u0412\u0435\u0440\u0435\u0441 Latex Lux &#8211; \u0432\u044b\u0441\u043e\u043a\u043e\u043a\u0430\u0447\u0435\u0441\u0442\u0432\u0435\u043d\u043d\u044b\u0439 \u0431\u0435\u0441\u043f\u0440\u0443\u0436\u0438\u043d\u043d\u044b\u0439 \u043c\u0430\u0442\u0440\u0430\u0441 \u0438\u0437\u0433\u043e\u0442\u043e\u0432\u043b\u0435\u043d\u043d\u044b\u0439 \u0438\u0437 \u044d\u043a\u043e\u043b\u043e\u0433\u0438\u0447\u0435\u0441\u043a\u0438 \u0447\u0438\u0441\u0442\u044b\u0445 \u043c\u0430\u0442\u0435\u0440\u0438\u0430\u043b\u043e\u0432, \u043f\u043e\u0434\u0430\u0440\u0438\u0442 \u0412\u0430\u0448\u0435\u043c\u0443 \u043c\u0430\u043b\u044b\u0448\u0443 \u0441\u043f\u043e\u043a\u043e\u0439\u043d\u044b\u0439 \u0438 \u0437\u0434\u043e\u0440\u043e\u0432\u044b\u0439 \u0441\u043e\u043d.<br \/>\n\u0418\u0437\u0434\u0435\u043b\u0438\u0435 \u0432\u044b\u043f\u043e\u043b\u043d\u0435\u043d\u043e \u0441 \u0440\u0430\u0437\u043d\u043e\u0439 \u0436\u0435\u0441\u0442\u043a\u043e\u0441\u0442\u044c\u044e \u0441\u0442\u043e\u0440\u043e\u043d, \u0441\u043f\u0435\u0446\u0438\u0430\u043b\u044c\u043d\u043e \u043f\u0440\u0435\u0434\u043d\u0430\u0437\u043d\u0430\u0447\u0435\u043d\u043e \u0434\u043b\u044f \u043f\u0440\u0430\u0432\u0438\u043b\u044c\u043d\u043e\u0433\u043e \u0444\u043e\u0440\u043c\u0438\u0440\u043e\u0432\u0430\u043d\u0438\u044f \u0441\u043a\u0435\u043b\u0435\u0442\u043d\u043e-\u043c\u044b\u0448\u0435\u0447\u043d\u043e\u0439 \u043c\u0443\u0441\u043a\u0443\u043b\u0430\u0442\u0443\u0440\u044b \u0443 \u0440\u0435\u0431\u0435\u043d\u043a\u0430.<br \/>\n\u0411\u043e\u043b\u0435\u0435 \u0436\u0435\u0441\u0442\u043a\u0430\u044f \u0441\u0442\u043e\u0440\u043e\u043d\u0430, \u0441 \u043a\u043e\u043a\u043e\u0441\u043e\u0432\u043e\u0439 \u043a\u043e\u0439\u0440\u043e\u0439, \u043f\u0440\u0435\u0434\u043d\u0430\u0437\u043d\u0430\u0447\u0435\u043d\u0430 \u0434\u043b\u044f \u043d\u043e\u0432\u043e\u0440\u043e\u0436\u0434\u0435\u043d\u043d\u043e\u0433\u043e.<br \/>\n\u0411\u043e\u043b\u0435\u0435 \u043c\u044f\u0433\u043a\u0430\u044f, \u0441\u043e \u0441\u0442\u043e\u0440\u043e\u043d\u044b \u0441 \u043b\u0430\u0442\u0435\u043a\u0441\u043e\u043c, \u0434\u043b\u044f \u0440\u0435\u0431\u0435\u043d\u043a\u0430 \u043f\u043e\u0441\u043b\u0435 \u0433\u043e\u0434\u0430.<br \/>\n\u041e\u0441\u043d\u043e\u0432\u043d\u044b\u0435 \u043f\u0440\u0435\u0438\u043c\u0443\u0449\u0435\u0441\u0442\u0432\u0430:<br \/>\n \u2022 \u0445\u043e\u0440\u043e\u0448\u0430\u044f \u0446\u0438\u0440\u043a\u0443\u043b\u044f\u0446\u0438\u044f \u0432\u043e\u0437\u0434\u0443\u0445\u0430<br \/>\n \u2022 \u043d\u0435 \u0432\u043f\u0438\u0442\u044b\u0432\u0430\u0435\u0442 \u0432\u043b\u0430\u0433\u0443, \u0437\u0430\u043f\u0430\u0445\u0438<br \/>\n \u2022 \u0441\u043e\u0441\u0442\u043e\u0438\u0442 \u0438\u0437 \u0433\u0438\u043f\u043e\u0430\u043b\u043b\u0435\u0440\u0433\u0435\u043d\u043d\u043e\u0433\u043e \u043c\u0430\u0442\u0435\u0440\u0438\u0430\u043b\u0430<br \/>\n \u2022 \u043e\u043a\u0430\u0437\u044b\u0432\u0430\u0435\u0442 \u0430\u043d\u0442\u0438\u0441\u0435\u043f\u0442\u0438\u0447\u043d\u043e\u0435 \u0434\u0435\u0439\u0441\u0442\u0432\u0438\u0435<br \/>\n \u2022 \u0438\u043c\u0435\u0435\u0442 \u0434\u0432\u0435 \u0441\u0442\u043e\u0440\u043e\u043d\u044b \u0436\u0435\u0441\u0442\u043a\u043e\u0441\u0442\u0438: \u0431\u043e\u043b\u0435\u0435 \u043c\u044f\u0433\u043a\u0438\u0439 \u0441\u043e \u0441\u0442\u043e\u0440\u043e\u043d\u044b \u0441 \u043b\u0430\u0442\u0435\u043a\u0441\u043e\u043c, \u0431\u043e\u043b\u0435\u0435 \u0436\u0435\u0441\u0442\u043a\u0438\u0439 &#8211; \u0441 \u043a\u043e\u043a\u043e\u0441\u043e\u0432\u043e\u0439 \u043a\u043e\u0439\u0440\u043e\u0439<br \/>\n \u2022 \u043e\u0447\u0435\u043d\u044c \u043f\u0440\u043e\u0447\u043d\u044b\u0439, \u043d\u0435 \u043f\u043e\u0434\u0434\u0430\u0435\u0442\u0441\u044f \u0434\u0435\u0444\u043e\u0440\u043c\u0430\u0446\u0438\u0438<br \/>\n \u2022 \u0441\u043e\u043e\u0442\u0432\u0435\u0442\u0441\u0442\u0432\u0443\u0435\u0442 \u044d\u043a\u043e\u043b\u043e\u0433\u0438\u0447\u043d\u043e\u043c\u0443 \u0441\u0435\u0440\u0442\u0438\u0444\u0438\u043a\u0430\u0442\u0443 ISO 14024:2002<br \/>\n\u0425\u0430\u0440\u0430\u043a\u0442\u0435\u0440\u0438\u0441\u0442\u0438\u043a\u0438<br \/>\n\u0421\u043e\u0441\u0442\u0430\u0432:<br \/>\n\u2022 \u043a\u043e\u043a\u043e\u0441\u043e\u0432\u0430\u044f \u043a\u043e\u0439\u0440\u0430<br \/>\n\u2022 \u043b\u044c\u043d\u044f\u043d\u043e\u0435 \u0432\u043e\u043b\u043e\u043a\u043d\u043e<br \/>\n\u2022 \u043d\u0430\u0442\u0443\u0440\u0430\u043b\u044c\u043d\u044b\u0439 \u043b\u0430\u0442\u0435\u043a\u0441<br \/>\n\u2022 \u0441\u0442\u0435\u0433\u0430\u043d\u044b\u0439 \u0441\u0430\u0442\u0438\u043d \u0447\u0435\u0445\u043e\u043b<br \/>\n\u0420\u0430\u0437\u043c\u0435\u0440: 120\u044560\u044510 \u0441\u043c<br \/>\n\u041f\u0440\u043e\u0438\u0437\u0432\u043e\u0434\u0438\u0442\u0435\u043b\u044c: \u0412\u0435\u0440\u0435\u0441, \u0423\u043a\u0440\u0430\u0438\u043d\u0430.<br \/>\n\u0420\u0435\u043a\u043e\u043c\u0435\u043d\u0434\u043e\u0432\u0430\u043d\u043e \u0434\u043b\u044f \u0434\u0435\u0442\u0435\u0439 \u0441 \u0440\u043e\u0436\u0434\u0435\u043d\u0438\u044f.[trim][:ro_RO]Saltea Latex Lux are o baz\u0103 bilateral\u0103<br \/>\nPe de o parte &#8211; Stratul de nuc\u0103 de cocos, care prevede rigiditatea necesar\u0103 pentru a sus\u021bine  coloana vertebral\u0103 a copilului \u00een pozi\u021bia corect\u0103.<br \/>\nPe de alt\u0103 parte &#8211; blocul de latex natural pentru copilul dup\u0103 un an.<br \/>\nPrin latex perforat &#8211; salteaua respir\u0103 \u0219i este perfect ventilat.<br \/>\nP\u0103str\u00e2nd coloana vertebral\u0103 a copilului \u00een pozi\u021bia corect\u0103, este capabil s\u0103 reziste la o presiune mare, recupereaz\u0103 perfect forma sa ini\u021bial\u0103.<br \/>\nMateriale:<br \/>\nLatex natural:<br \/>\nElasticitatea \u0219i fermitatea;<br \/>\nhipoalergenic<br \/>\nNu absoarbe umezeala;<br \/>\nNu deformeaza;<br \/>\nDurabil (\u00ee\u0219i p\u0103streaz\u0103 propriet\u0103\u021bile p\u00e2n\u0103 la 20 de ani);<br \/>\nNuc\u0103 de cocos:<br \/>\nAsigur\u0103 rigiditatea necesar\u0103 pentru formarea \u0219i dezvoltarea corespunz\u0103toare a coloanei vertebrale pentru copii;<br \/>\nNon-alergenic;<br \/>\nRespirabil \u0219i respinge umezeala \u0219i mirosuri;<br \/>\nFibre de in:<br \/>\nIn este foarte hidroscopic, absoarbe umezeala \u0219i, de asemenea, se usuc\u0103 repede;<br \/>\n\u00cen stratul fibre de in nu se ob\u021bne electricitate static\u0103;<br \/>\nIn are proprietati antibacteriene.<br \/>\nMaterial Exterior- sati<\/p>\n","protected":false},"excerpt":{"rendered":"<p>[:ru_RU]\u041c\u0430\u0442\u0440\u0430\u0441 \u0412\u0435\u0440\u0435\u0441 Latex Lux &#8211; \u0432\u044b\u0441\u043e\u043a\u043e\u043a\u0430\u0447\u0435\u0441\u0442\u0432\u0435\u043d\u043d\u044b\u0439 \u0431\u0435\u0441\u043f\u0440\u0443\u0436\u0438\u043d\u043d\u044b\u0439 \u043c\u0430\u0442\u0440\u0430\u0441 \u0438\u0437\u0433\u043e\u0442\u043e\u0432\u043b\u0435\u043d\u043d\u044b\u0439 \u0438\u0437 \u044d\u043a\u043e\u043b\u043e\u0433\u0438\u0447\u0435\u0441\u043a\u0438 \u0447\u0438\u0441\u0442\u044b\u0445 \u043c\u0430\u0442\u0435\u0440\u0438\u0430\u043b\u043e\u0432, \u043f\u043e\u0434\u0430\u0440\u0438\u0442 \u0412\u0430\u0448\u0435\u043c\u0443 \u043c\u0430\u043b\u044b\u0448\u0443 \u0441\u043f\u043e\u043a\u043e\u0439\u043d\u044b\u0439 \u0438 \u0437\u0434\u043e\u0440\u043e\u0432\u044b\u0439 \u0441\u043e\u043d. \u0418\u0437\u0434\u0435\u043b\u0438\u0435 \u0432\u044b\u043f\u043e\u043b\u043d\u0435\u043d\u043e \u0441 \u0440\u0430\u0437\u043d\u043e\u0439 \u0436\u0435\u0441\u0442\u043a\u043e\u0441\u0442\u044c\u044e \u0441\u0442\u043e\u0440\u043e\u043d, \u0441\u043f\u0435\u0446\u0438\u0430\u043b\u044c\u043d\u043e \u043f\u0440\u0435\u0434\u043d\u0430\u0437\u043d\u0430\u0447\u0435\u043d\u043e \u0434\u043b\u044f \u043f\u0440\u0430\u0432\u0438\u043b\u044c\u043d\u043e\u0433\u043e \u0444\u043e\u0440\u043c\u0438\u0440\u043e\u0432\u0430\u043d\u0438\u044f \u0441\u043a\u0435\u043b\u0435\u0442\u043d\u043e-\u043c\u044b\u0448\u0435\u0447\u043d\u043e\u0439 \u043c\u0443\u0441\u043a\u0443\u043b\u0430\u0442\u0443\u0440\u044b \u0443 \u0440\u0435\u0431\u0435\u043d\u043a\u0430. \u0411\u043e\u043b\u0435\u0435 \u0436\u0435\u0441\u0442\u043a\u0430\u044f \u0441\u0442\u043e\u0440\u043e\u043d\u0430, \u0441 \u043a\u043e\u043a\u043e\u0441\u043e\u0432\u043e\u0439 \u043a\u043e\u0439\u0440\u043e\u0439, \u043f\u0440\u0435\u0434\u043d\u0430\u0437\u043d\u0430\u0447\u0435\u043d\u0430 \u0434\u043b\u044f \u043d\u043e\u0432\u043e\u0440\u043e\u0436\u0434\u0435\u043d\u043d\u043e\u0433\u043e. \u0411\u043e\u043b\u0435\u0435 \u043c\u044f\u0433\u043a\u0430\u044f, \u0441\u043e \u0441\u0442\u043e\u0440\u043e\u043d\u044b \u0441 \u043b\u0430\u0442\u0435\u043a\u0441\u043e\u043c, \u0434\u043b\u044f \u0440\u0435\u0431\u0435\u043d\u043a\u0430 \u043f\u043e\u0441\u043b\u0435 \u0433\u043e\u0434\u0430. \u041e\u0441\u043d\u043e\u0432\u043d\u044b\u0435 [&hellip;]<\/p>\n","protected":false},"featured_media":41161,"comment_status":"open","ping_status":"closed","template":"","meta":{"_acf_changed":false},"product_brand":[],"product_cat":[6776],"product_tag":[],"class_list":{"0":"post-41162","1":"product","2":"type-product","3":"status-publish","4":"has-post-thumbnail","6":"product_cat-ru_ru-matrasy-trim-ro_ro-sa","8":"first","9":"instock","10":"shipping-taxable","11":"purchasable","12":"product-type-simple"},"acf":[],"_links":{"self":[{"href":"https:\/\/minimax.md\/ru\/wp-json\/wp\/v2\/product\/41162","targetHints":{"allow":["GET"]}}],"collection":[{"href":"https:\/\/minimax.md\/ru\/wp-json\/wp\/v2\/product"}],"about":[{"href":"https:\/\/minimax.md\/ru\/wp-json\/wp\/v2\/types\/product"}],"replies":[{"embeddable":true,"href":"https:\/\/minimax.md\/ru\/wp-json\/wp\/v2\/comments?post=41162"}],"version-history":[{"count":0,"href":"https:\/\/minimax.md\/ru\/wp-json\/wp\/v2\/product\/41162\/revisions"}],"wp:featuredmedia":[{"embeddable":true,"href":"https:\/\/minimax.md\/ru\/wp-json\/wp\/v2\/media\/41161"}],"wp:attachment":[{"href":"https:\/\/minimax.md\/ru\/wp-json\/wp\/v2\/media?parent=41162"}],"wp:term":[{"taxonomy":"product_brand","embeddable":true,"href":"https:\/\/minimax.md\/ru\/wp-json\/wp\/v2\/product_brand?post=41162"},{"taxonomy":"product_cat","embeddable":true,"href":"https:\/\/minimax.md\/ru\/wp-json\/wp\/v2\/product_cat?post=41162"},{"taxonomy":"product_tag","embeddable":true,"href":"https:\/\/minimax.md\/ru\/wp-json\/wp\/v2\/product_tag?post=41162"}],"curies":[{"name":"wp","href":"https:\/\/api.w.org\/{rel}","templated":true}]}}