{"id":41164,"date":"2023-11-28T13:07:45","date_gmt":"2023-11-28T10:07:45","guid":{"rendered":"https:\/\/minimax.md\/product\/41164.html"},"modified":"2023-11-28T13:29:42","modified_gmt":"2023-11-28T10:29:42","slug":"ru_ru-veres-matras-hollowfiber-10-sm-trim-ro_ro-veres-saltea-hollowfiber-10-cm","status":"publish","type":"product","link":"https:\/\/minimax.md\/ru\/product\/41164.html","title":{"rendered":"Veres \u041c\u0430\u0442\u0440\u0430\u0441 Hollowfiber + 10 \u0441\u043c"},"content":{"rendered":"<p>[:ru_RU]\u041c\u0430\u0442\u0440\u0430\u0441 \u0412\u0435\u0440\u0435\u0441 Hollowfiber &#8211; \u043e\u0442\u043b\u0438\u0447\u043d\u044b\u0439 \u0431\u0435\u0441\u043f\u0440\u0443\u0436\u0438\u043d\u043d\u044b\u0439 \u043c\u0430\u0442\u0440\u0430\u0441 \u0438\u0437\u0433\u043e\u0442\u043e\u0432\u043b\u0435\u043d\u043d\u044b\u0439 \u0438\u0437 \u043d\u0430\u0442\u0443\u0440\u0430\u043b\u044c\u043d\u044b\u0445 \u043c\u0430\u0442\u0435\u0440\u0438\u0430\u043b\u043e\u0432, \u0441 \u0440\u0430\u0437\u043d\u043e\u0439 \u0436\u0435\u0441\u0442\u043a\u043e\u0441\u0442\u044c\u044e \u0441\u0442\u043e\u0440\u043e\u043d, \u0441\u043f\u0435\u0446\u0438\u0430\u043b\u044c\u043d\u043e \u0440\u0430\u0437\u0440\u0430\u0431\u043e\u0442\u0430\u043d \u0434\u043b\u044f \u043f\u0440\u0430\u0432\u0438\u043b\u044c\u043d\u043e\u0433\u043e \u0444\u043e\u0440\u043c\u0438\u0440\u043e\u0432\u0430\u043d\u0438\u044f \u043f\u043e\u0437\u0432\u043e\u043d\u043e\u0447\u043d\u0438\u043a\u0430 \u043c\u0430\u043b\u044b\u0448\u0430.<br \/>\n\u0411\u043e\u043b\u0435\u0435 \u0436\u0435\u0441\u0442\u043a\u0430\u044f \u0441\u0442\u043e\u0440\u043e\u043d\u0430, \u0441 \u043a\u043e\u043a\u043e\u0441\u043e\u0432\u043e\u0439 \u043a\u043e\u0439\u0440\u043e\u0439, \u043f\u0440\u0435\u0434\u043d\u0430\u0437\u043d\u0430\u0447\u0435\u043d\u0430 \u0434\u043b\u044f \u043d\u043e\u0432\u043e\u0440\u043e\u0436\u0434\u0435\u043d\u043d\u043e\u0433\u043e.<br \/>\n\u0411\u043e\u043b\u0435\u0435 \u043c\u044f\u0433\u043a\u0430\u044f, \u0438\u0437 \u0445\u043e\u043b\u043b\u043e\u0444\u0430\u0439\u0431\u0435\u0440\u0430, \u0434\u043b\u044f \u0440\u0435\u0431\u0435\u043d\u043a\u0430 \u043f\u043e\u0441\u043b\u0435 \u0433\u043e\u0434\u0430.<br \/>\n\u041e\u0441\u043d\u043e\u0432\u043d\u044b\u0435 \u043f\u0440\u0435\u0438\u043c\u0443\u0449\u0435\u0441\u0442\u0432\u0430:<br \/>\n \u2022 \u0438\u043c\u0435\u0435\u0442 \u0434\u0432\u0435 \u0441\u0442\u043e\u0440\u043e\u043d\u044b \u0436\u0435\u0441\u0442\u043a\u043e\u0441\u0442\u0438: \u0431\u043e\u043b\u0435\u0435 \u043c\u044f\u0433\u043a\u0438\u0439 \u0441\u043e \u0441\u0442\u043e\u0440\u043e\u043d\u044b \u0441 \u0445\u043e\u043b\u043b\u043e\u0444\u0430\u0439\u0431\u0435\u0440\u043e\u043c, \u0431\u043e\u043b\u0435\u0435 \u0436\u0435\u0441\u0442\u043a\u0438\u0439 &#8211; \u0441 \u043a\u043e\u043a\u043e\u0441\u043e\u0432\u043e\u0439 \u043a\u043e\u0439\u0440\u043e\u0439<br \/>\n \u2022 \u0445\u043e\u0440\u043e\u0448\u0430\u044f \u0446\u0438\u0440\u043a\u0443\u043b\u044f\u0446\u0438\u044f \u0432\u043e\u0437\u0434\u0443\u0445\u0430<br \/>\n \u2022 \u043d\u0435 \u0432\u043f\u0438\u0442\u044b\u0432\u0430\u0435\u0442 \u0432\u043b\u0430\u0433\u0443, \u0437\u0430\u043f\u0430\u0445\u0438<br \/>\n \u2022 \u0441\u043e\u0441\u0442\u043e\u0438\u0442 \u0438\u0437 \u0433\u0438\u043f\u043e\u0430\u043b\u043b\u0435\u0440\u0433\u0435\u043d\u043d\u043e\u0433\u043e \u043c\u0430\u0442\u0435\u0440\u0438\u0430\u043b\u0430<br \/>\n \u2022 \u043e\u043a\u0430\u0437\u044b\u0432\u0430\u0435\u0442 \u0430\u043d\u0442\u0438\u0441\u0435\u043f\u0442\u0438\u0447\u043d\u043e\u0435 \u0438 \u0431\u0430\u043a\u0442\u0435\u0440\u0438\u0446\u0438\u0434\u043d\u043e\u0435 \u0434\u0435\u0439\u0441\u0442\u0432\u0438\u0435<br \/>\n \u2022 \u043e\u0447\u0435\u043d\u044c \u043f\u0440\u043e\u0447\u043d\u044b\u0439, \u043d\u0435 \u043f\u043e\u0434\u0434\u0430\u0435\u0442\u0441\u044f \u0434\u0435\u0444\u043e\u0440\u043c\u0430\u0446\u0438\u0438<br \/>\n \u2022 \u0438\u043c\u0435\u0435\u0442 \u0446\u0432\u0435\u0442\u043d\u043e\u0439 \u0447\u0435\u0445\u043e\u043b \u043d\u0430 \u043c\u043e\u043b\u043d\u0438\u0438<br \/>\n \u2022 \u0441\u043e\u043e\u0442\u0432\u0435\u0442\u0441\u0442\u0432\u0443\u0435\u0442 \u044d\u043a\u043e\u043b\u043e\u0433\u0438\u0447\u043d\u043e\u043c\u0443 \u0441\u0435\u0440\u0442\u0438\u0444\u0438\u043a\u0430\u0442\u0443 ISO 14024:2002<br \/>\n\u0425\u0430\u0440\u0430\u043a\u0442\u0435\u0440\u0438\u0441\u0442\u0438\u043a\u0438<br \/>\n\u0421\u043e\u0441\u0442\u0430\u0432:<br \/>\n \u2022 \u0445\u043e\u043b\u043b\u043e\u0444\u0430\u0439\u0431\u0435\u0440<br \/>\n \u2022 \u043a\u043e\u043a\u043e\u0441\u043e\u0432\u0430\u044f \u043a\u043e\u0439\u0440\u0430<br \/>\n \u2022 \u0438\u0433\u043b\u043e\u043f\u0440\u043e\u0431\u0438\u0432\u043d\u043e\u0435 \u0432\u043e\u043b\u043e\u043a\u043d\u043e<br \/>\n \u2022 \u0436\u0430\u043a\u043a\u0430\u0440\u0434 (\u0447\u0435\u0445\u043e\u043b)<br \/>\n\u0420\u0430\u0437\u043c\u0435\u0440: 120\u044560\u044510 \u0441\u043c<br \/>\n\u041f\u0440\u043e\u0438\u0437\u0432\u043e\u0434\u0438\u0442\u0435\u043b\u044c: \u0412\u0435\u0440\u0435\u0441, \u0423\u043a\u0440\u0430\u0438\u043d\u0430.<br \/>\n\u0420\u0435\u043a\u043e\u043c\u0435\u043d\u0434\u043e\u0432\u0430\u043d\u043e \u0434\u043b\u044f \u0434\u0435\u0442\u0435\u0439 \u0441 \u0440\u043e\u0436\u0434\u0435\u043d\u0438\u044f.[trim][:ro_RO]Saltea Hollowfiber + cu diferite p\u0103r\u021bi de rigiditate perfect potrivit pentru copii mici,  la faza de formare activ\u0103 a coloanei vertebrale.<br \/>\nPartea mai str\u00e2ns\u0103 cu nuc\u0103 de cocos este conceputa pentru nou-nascuti, si mai moale din hollofayber, pentru copil, dup\u0103 un an, \u00een cazul \u00een care senza\u021bia tactil\u0103 este deja mai dezvoltata.Materiale: Hollofayber:<br \/>\n\u2022 100% hipoalergenic;<br \/>\n \u2022 Nu se deformeaza (ce confirm\u0103 garan\u021bia de la produc\u0103tor);<br \/>\n \u2022 Nu este atractiv pentru acarieni;;<br \/>\n \u2022 \u00cen hollofayber nu apare mucegai;<br \/>\n \u2022 Ea nu absoarbe umezeala;<br \/>\n \u2022 Nu de\u021bine mirosuri;<br \/>\n \u2022 Nu arde.<br \/>\nNuc\u0103 de cocos:<br \/>\n \u2022 Asigur\u0103 rigiditatea necesar\u0103 pentru formarea \u0219i dezvoltarea corespunz\u0103toare a coloanei vertebrale pentru copii;<br \/>\n \u2022 Non-alergenic;<br \/>\n \u2022 Respirabil \u0219i nu re\u021bine umezeala \u0219i mirosuri;<br \/>\nMaterial Exterior-jacquard (bumbac):<br \/>\n \u2022 bumbac (100%) &#8211; un material ecologic;<br \/>\n \u2022 Are absorbtie excelenta a apei;<br \/>\n \u2022 Nu provoaca alergii;<br \/>\n \u2022 Are proprietati antiseptice excelente.<br \/>\nDimensiune: 120\u044560\u044510 cm.<br \/>\nProducator: Veres (Ucraina)<\/p>\n","protected":false},"excerpt":{"rendered":"<p>[:ru_RU]\u041c\u0430\u0442\u0440\u0430\u0441 \u0412\u0435\u0440\u0435\u0441 Hollowfiber &#8211; \u043e\u0442\u043b\u0438\u0447\u043d\u044b\u0439 \u0431\u0435\u0441\u043f\u0440\u0443\u0436\u0438\u043d\u043d\u044b\u0439 \u043c\u0430\u0442\u0440\u0430\u0441 \u0438\u0437\u0433\u043e\u0442\u043e\u0432\u043b\u0435\u043d\u043d\u044b\u0439 \u0438\u0437 \u043d\u0430\u0442\u0443\u0440\u0430\u043b\u044c\u043d\u044b\u0445 \u043c\u0430\u0442\u0435\u0440\u0438\u0430\u043b\u043e\u0432, \u0441 \u0440\u0430\u0437\u043d\u043e\u0439 \u0436\u0435\u0441\u0442\u043a\u043e\u0441\u0442\u044c\u044e \u0441\u0442\u043e\u0440\u043e\u043d, \u0441\u043f\u0435\u0446\u0438\u0430\u043b\u044c\u043d\u043e \u0440\u0430\u0437\u0440\u0430\u0431\u043e\u0442\u0430\u043d \u0434\u043b\u044f \u043f\u0440\u0430\u0432\u0438\u043b\u044c\u043d\u043e\u0433\u043e \u0444\u043e\u0440\u043c\u0438\u0440\u043e\u0432\u0430\u043d\u0438\u044f \u043f\u043e\u0437\u0432\u043e\u043d\u043e\u0447\u043d\u0438\u043a\u0430 \u043c\u0430\u043b\u044b\u0448\u0430. \u0411\u043e\u043b\u0435\u0435 \u0436\u0435\u0441\u0442\u043a\u0430\u044f \u0441\u0442\u043e\u0440\u043e\u043d\u0430, \u0441 \u043a\u043e\u043a\u043e\u0441\u043e\u0432\u043e\u0439 \u043a\u043e\u0439\u0440\u043e\u0439, \u043f\u0440\u0435\u0434\u043d\u0430\u0437\u043d\u0430\u0447\u0435\u043d\u0430 \u0434\u043b\u044f \u043d\u043e\u0432\u043e\u0440\u043e\u0436\u0434\u0435\u043d\u043d\u043e\u0433\u043e. \u0411\u043e\u043b\u0435\u0435 \u043c\u044f\u0433\u043a\u0430\u044f, \u0438\u0437 \u0445\u043e\u043b\u043b\u043e\u0444\u0430\u0439\u0431\u0435\u0440\u0430, \u0434\u043b\u044f \u0440\u0435\u0431\u0435\u043d\u043a\u0430 \u043f\u043e\u0441\u043b\u0435 \u0433\u043e\u0434\u0430. \u041e\u0441\u043d\u043e\u0432\u043d\u044b\u0435 \u043f\u0440\u0435\u0438\u043c\u0443\u0449\u0435\u0441\u0442\u0432\u0430: \u2022 \u0438\u043c\u0435\u0435\u0442 \u0434\u0432\u0435 \u0441\u0442\u043e\u0440\u043e\u043d\u044b \u0436\u0435\u0441\u0442\u043a\u043e\u0441\u0442\u0438: \u0431\u043e\u043b\u0435\u0435 \u043c\u044f\u0433\u043a\u0438\u0439 \u0441\u043e \u0441\u0442\u043e\u0440\u043e\u043d\u044b \u0441 \u0445\u043e\u043b\u043b\u043e\u0444\u0430\u0439\u0431\u0435\u0440\u043e\u043c, \u0431\u043e\u043b\u0435\u0435 \u0436\u0435\u0441\u0442\u043a\u0438\u0439 &#8211; [&hellip;]<\/p>\n","protected":false},"featured_media":41163,"comment_status":"open","ping_status":"closed","template":"","meta":{"_acf_changed":false},"product_brand":[],"product_cat":[6776],"product_tag":[],"class_list":{"0":"post-41164","1":"product","2":"type-product","3":"status-publish","4":"has-post-thumbnail","6":"product_cat-ru_ru-matrasy-trim-ro_ro-sa","8":"first","9":"instock","10":"shipping-taxable","11":"purchasable","12":"product-type-simple"},"acf":[],"_links":{"self":[{"href":"https:\/\/minimax.md\/ru\/wp-json\/wp\/v2\/product\/41164","targetHints":{"allow":["GET"]}}],"collection":[{"href":"https:\/\/minimax.md\/ru\/wp-json\/wp\/v2\/product"}],"about":[{"href":"https:\/\/minimax.md\/ru\/wp-json\/wp\/v2\/types\/product"}],"replies":[{"embeddable":true,"href":"https:\/\/minimax.md\/ru\/wp-json\/wp\/v2\/comments?post=41164"}],"version-history":[{"count":0,"href":"https:\/\/minimax.md\/ru\/wp-json\/wp\/v2\/product\/41164\/revisions"}],"wp:featuredmedia":[{"embeddable":true,"href":"https:\/\/minimax.md\/ru\/wp-json\/wp\/v2\/media\/41163"}],"wp:attachment":[{"href":"https:\/\/minimax.md\/ru\/wp-json\/wp\/v2\/media?parent=41164"}],"wp:term":[{"taxonomy":"product_brand","embeddable":true,"href":"https:\/\/minimax.md\/ru\/wp-json\/wp\/v2\/product_brand?post=41164"},{"taxonomy":"product_cat","embeddable":true,"href":"https:\/\/minimax.md\/ru\/wp-json\/wp\/v2\/product_cat?post=41164"},{"taxonomy":"product_tag","embeddable":true,"href":"https:\/\/minimax.md\/ru\/wp-json\/wp\/v2\/product_tag?post=41164"}],"curies":[{"name":"wp","href":"https:\/\/api.w.org\/{rel}","templated":true}]}}