{"id":41186,"date":"2023-11-28T13:07:49","date_gmt":"2023-11-28T10:07:49","guid":{"rendered":"https:\/\/minimax.md\/product\/41186.html"},"modified":"2023-11-28T13:29:42","modified_gmt":"2023-11-28T10:29:42","slug":"ru_ru-cam-nabor-postelnogo-belja-cullami-trim-ro_ro-cam-set-de-lenjerie-de-pat-cullami-2","status":"publish","type":"product","link":"https:\/\/minimax.md\/ru\/product\/41186.html","title":{"rendered":"Cam \u041d\u0430\u0431\u043e\u0440 \u043f\u043e\u0441\u0442\u0435\u043b\u044c\u043d\u043e\u0433\u043e \u0431\u0435\u043b\u044c\u044f Cullami"},"content":{"rendered":"<p>[:ru_RU]\u041d\u0430\u0431\u043e\u0440 \u043f\u043e\u0441\u0442\u0435\u043b\u044c\u043d\u043e\u0433\u043e \u0431\u0435\u043b\u044c\u044f Cullami \u0440\u0430\u0437\u0440\u0430\u0431\u043e\u0442\u0430\u043d\u043e \u0441\u043f\u0435\u0446\u0438\u0430\u043b\u044c\u043d\u043e \u0434\u043b\u044f \u043a\u043e\u043b\u044b\u0431\u0435\u043b\u0438 Cam Cullami.<br \/>\n\u0412\u043e\u0437\u0440\u0430\u0441\u0442: \u0441 \u0440\u043e\u0436\u0434\u0435\u043d\u0438\u044f;<br \/>\n&#8211; \u041c\u044f\u0433\u043a\u043e\u0435 \u0442\u0435\u043f\u043b\u043e\u0435 \u043e\u0434\u0435\u044f\u043b\u043e;<br \/>\n&#8211; \u041f\u043e\u0434\u043e\u0434\u0435\u044f\u043b\u044c\u043d\u0438\u043a;<br \/>\n&#8211; \u041d\u0430\u0432\u043e\u043b\u043e\u0447\u043a\u0430;<br \/>\n&#8211; \u041f\u043e\u0434\u0445\u043e\u0434\u0438\u0442 \u0434\u043b\u044f \u0432\u0441\u0435\u0445 \u0441\u0435\u0437\u043e\u043d\u043e\u0432<br \/>\n&#8211; \u041c\u0430\u0448\u0438\u043d\u043d\u0430\u044f \u0441\u0442\u0438\u0440\u043a\u0430 \u043f\u0440\u0438 30 \u0421.<br \/>\n&#8211; \u0420\u0430\u0437\u043c\u0435\u0440\u044b \u0443\u043f\u0430\u043a\u043e\u0432\u043a\u0438: \u0428 46 \u2013 \u0414 7 \u2013 \u0412 54 \u0441\u043c<br \/>\n&#8211; \u0412\u0435\u04411,1 \u043a\u0433.[trim][:ro_RO]Setul de lenjerie Cullami este proiectat special pentru patut Cam Cullami.<br \/>\n&#8211; V\u00e2rsta: de la na\u0219tere;<br \/>\n&#8211; P\u0103tur\u0103 moale cald\u0103;<br \/>\n&#8211; Copertin\u0103;<br \/>\n&#8211; Cear\u0103 de pern\u0103;<br \/>\n&#8211; Potrivit pentru toate anotimpurile;<br \/>\n&#8211; Lavabil la 30 C;<br \/>\n&#8211; Dimensiunile ambalajului: W 46 &#8211; D 7 &#8211; H 54 cm;<br \/>\n&#8211; Greutate1,1 kg.<\/p>\n","protected":false},"excerpt":{"rendered":"<p>[:ru_RU]\u041d\u0430\u0431\u043e\u0440 \u043f\u043e\u0441\u0442\u0435\u043b\u044c\u043d\u043e\u0433\u043e \u0431\u0435\u043b\u044c\u044f Cullami \u0440\u0430\u0437\u0440\u0430\u0431\u043e\u0442\u0430\u043d\u043e \u0441\u043f\u0435\u0446\u0438\u0430\u043b\u044c\u043d\u043e \u0434\u043b\u044f \u043a\u043e\u043b\u044b\u0431\u0435\u043b\u0438 Cam Cullami. \u0412\u043e\u0437\u0440\u0430\u0441\u0442: \u0441 \u0440\u043e\u0436\u0434\u0435\u043d\u0438\u044f; &#8211; \u041c\u044f\u0433\u043a\u043e\u0435 \u0442\u0435\u043f\u043b\u043e\u0435 \u043e\u0434\u0435\u044f\u043b\u043e; &#8211; \u041f\u043e\u0434\u043e\u0434\u0435\u044f\u043b\u044c\u043d\u0438\u043a; &#8211; \u041d\u0430\u0432\u043e\u043b\u043e\u0447\u043a\u0430; &#8211; \u041f\u043e\u0434\u0445\u043e\u0434\u0438\u0442 \u0434\u043b\u044f \u0432\u0441\u0435\u0445 \u0441\u0435\u0437\u043e\u043d\u043e\u0432 &#8211; \u041c\u0430\u0448\u0438\u043d\u043d\u0430\u044f \u0441\u0442\u0438\u0440\u043a\u0430 \u043f\u0440\u0438 30 \u0421. &#8211; \u0420\u0430\u0437\u043c\u0435\u0440\u044b \u0443\u043f\u0430\u043a\u043e\u0432\u043a\u0438: \u0428 46 \u2013 \u0414 7 \u2013 \u0412 54 \u0441\u043c &#8211; \u0412\u0435\u04411,1 \u043a\u0433.[trim][:ro_RO]Setul de lenjerie Cullami este proiectat special pentru patut [&hellip;]<\/p>\n","protected":false},"featured_media":0,"comment_status":"open","ping_status":"closed","template":"","meta":{"_acf_changed":false},"product_brand":[],"product_cat":[6778],"product_tag":[],"class_list":{"0":"post-41186","1":"product","2":"type-product","3":"status-publish","5":"product_cat-ru_ru-komplekty-dlja-krovat","7":"first","8":"instock","9":"shipping-taxable","10":"purchasable","11":"product-type-simple"},"acf":[],"_links":{"self":[{"href":"https:\/\/minimax.md\/ru\/wp-json\/wp\/v2\/product\/41186","targetHints":{"allow":["GET"]}}],"collection":[{"href":"https:\/\/minimax.md\/ru\/wp-json\/wp\/v2\/product"}],"about":[{"href":"https:\/\/minimax.md\/ru\/wp-json\/wp\/v2\/types\/product"}],"replies":[{"embeddable":true,"href":"https:\/\/minimax.md\/ru\/wp-json\/wp\/v2\/comments?post=41186"}],"version-history":[{"count":0,"href":"https:\/\/minimax.md\/ru\/wp-json\/wp\/v2\/product\/41186\/revisions"}],"wp:attachment":[{"href":"https:\/\/minimax.md\/ru\/wp-json\/wp\/v2\/media?parent=41186"}],"wp:term":[{"taxonomy":"product_brand","embeddable":true,"href":"https:\/\/minimax.md\/ru\/wp-json\/wp\/v2\/product_brand?post=41186"},{"taxonomy":"product_cat","embeddable":true,"href":"https:\/\/minimax.md\/ru\/wp-json\/wp\/v2\/product_cat?post=41186"},{"taxonomy":"product_tag","embeddable":true,"href":"https:\/\/minimax.md\/ru\/wp-json\/wp\/v2\/product_tag?post=41186"}],"curies":[{"name":"wp","href":"https:\/\/api.w.org\/{rel}","templated":true}]}}