{"id":41188,"date":"2023-11-28T13:07:49","date_gmt":"2023-11-28T10:07:49","guid":{"rendered":"https:\/\/minimax.md\/product\/41188.html"},"modified":"2023-11-28T13:29:42","modified_gmt":"2023-11-28T10:29:42","slug":"ru_ru-cam-avtomobilnoe-kreslo-area-zero-trim-ro_ro-cam-scaun-auto-area-zero","status":"publish","type":"product","link":"https:\/\/minimax.md\/ru\/product\/41188.html","title":{"rendered":"Cam \u0430\u0432\u0442\u043e\u043c\u043e\u0431\u0438\u043b\u044c\u043d\u043e\u0435 \u043a\u0440\u0435\u0441\u043b\u043e Area Zero"},"content":{"rendered":"<p>[:ru_RU]\u041f\u043e\u0434\u0445\u043e\u0434\u0438\u0442 \u0434\u043b\u044f \u043d\u043e\u0432\u043e\u0440\u043e\u0436\u0434\u0435\u043d\u043d\u044b\u0445 0+ (\u0441 \u0432\u0435\u0441\u043e\u043c \u0434\u043e 13 \u043a\u0433) \u0413\u0440\u0443\u043f\u043f\u0430 0+;<br \/>\n&#8211; \u0410\u043d\u0430\u0442\u043e\u043c\u0438\u0447\u0435\u0441\u043a\u0438\u0439 \u043f\u043e\u0434\u0433\u043e\u043b\u043e\u0432\u043d\u0438\u043a \u0441 \u0431\u043e\u043a\u043e\u0432\u043e\u0439 \u0437\u0430\u0449\u0438\u0442\u043e\u0439 \u0438 \u043f\u043e\u0434\u0434\u0435\u0440\u0436\u043a\u043e\u0439 \u0441\u043f\u0438\u043d\u044b;<br \/>\n&#8211; \u0421\u044a\u0435\u043c\u043d\u044b\u0439 \u043a\u043e\u0437\u044b\u0440\u0435\u043a;<br \/>\n&#8211; \u041f\u044f\u0442\u0438\u0442\u043e\u0447\u0435\u0447\u043d\u044b\u0439 \u0440\u0435\u043c\u0435\u043d\u0438 \u0431\u0435\u0437\u043e\u043f\u0430\u0441\u043d\u043e\u0441\u0442\u0438 \u0441 \u043c\u044f\u0433\u043a\u0438\u043c\u0438 \u043d\u0430\u043a\u043b\u0430\u0434\u043a\u0430\u043c\u0438;<br \/>\n&#8211; \u041f\u0440\u0430\u043a\u0442\u0438\u0447\u043d\u044b\u0439 \u043c\u0435\u0445\u0430\u043d\u0438\u0437\u043c \u0434\u043b\u044f \u0440\u0435\u0433\u0443\u043b\u0438\u0440\u043e\u0432\u0430\u043d\u0438\u044f \u0432\u044b\u0441\u043e\u0442\u044b \u0440\u0435\u043c\u043d\u044f;<br \/>\n&#8211; \u0420\u0435\u0433\u0443\u043b\u0438\u0440\u0443\u0435\u043c\u044b\u0439 \u0430\u0434\u0430\u043f\u0442\u0435\u0440 \u0434\u043b\u044f \u0440\u0435\u043c\u043d\u044f \u0431\u0435\u0437\u043e\u043f\u0430\u0441\u043d\u043e\u0441\u0442\u0438;<br \/>\n&#8211; \u041e\u0441\u043d\u043e\u0432\u0430\u043d\u0438\u0435 \u0441 \u043e\u043f\u0446\u0438\u0435\u0439 \u043a\u0430\u0447\u0430\u043d\u0438\u044f \u043d\u0430 \u043d\u0435\u0441\u043a\u043e\u043b\u044c\u0437\u044f\u0449\u0438\u0445 \u0440\u0435\u0437\u0438\u043d\u043e\u0432\u044b\u0445 \u043d\u043e\u0436\u043a\u0430\u0445;<br \/>\n&#8211; \u0411\u043e\u043a\u043e\u0432\u044b\u0435 \u0438\u043d\u0434\u0438\u043a\u0430\u0442\u043e\u0440\u044b \u043f\u0440\u0430\u0432\u0438\u043b\u044c\u043d\u043e\u0439 \u0443\u0441\u0442\u0430\u043d\u043e\u0432\u043a\u0438;<br \/>\n&#8211; \u041e\u0431\u0438\u0432\u043a\u0430 \u043b\u0435\u0433\u043a\u043e \u0441\u043d\u0438\u043c\u0430\u0435\u0442\u0441\u044f \u0438 \u0441\u0442\u0438\u0440\u0430\u0435\u0442\u0441\u044f \u043f\u0440\u0438 \u0442\u0435\u043c\u043f\u0435\u0440\u0430\u0442\u0443\u0440\u0435 30\u00b0C.;<br \/>\n&#8211; \u0423\u0441\u0442\u0430\u043d\u0430\u0432\u043b\u0438\u0432\u0430\u0435\u0442\u0441\u044f \u0432 \u0430\u0432\u0442\u043e\u043c\u043e\u0431\u0438\u043b\u044c \u0441 \u043f\u043e\u043c\u043e\u0449\u044c\u044e \u0448\u0442\u0430\u0442\u043d\u043e\u0433\u043e \u0440\u0435\u043c\u043d\u044f \u0431\u0435\u0437\u043e\u043f\u0430\u0441\u043d\u043e\u0441\u0442\u0438 \u0430\u0432\u0442\u043e\u043c\u043e\u0431\u0438\u043b\u044f \u0432\u0441\u0435\u0433\u0434\u0430 \u043f\u0440\u043e\u0442\u0438\u0432 \u043d\u0430\u043f\u0440\u0430\u0432\u043b\u0435\u043d\u0438\u044f \u0434\u0432\u0438\u0436\u0435\u043d\u0438\u044f;<br \/>\n&#8211; \u0421\u043e\u0432\u043c\u0435\u0441\u0442\u0438\u043c\u043e \u0441 \u0440\u0430\u043c\u0430\u043c\u0438 \u043a\u043e\u043b\u044f\u0441\u043e\u043a Dinamico Up, Fluido City, Dinamico Premium, Linea Classy Tris, Linea Classy, Fluido Easy, Twin Pulsar, Dinamico Convert \u0438 Fluido Allegria;<br \/>\n&#8211; \u0420\u0430\u0437\u043c\u0435\u0440\u044b (\u0414\/\u0428\/\u0412): 44,5*64*58 \u0441\u043c.;<br \/>\n&#8211; \u0412\u0435\u0441: 3,7\u043a\u0433.;<br \/>\n&#8211; \u0421\u043e\u043e\u0442\u0432\u0435\u0442\u0441\u0442\u0432\u0443\u0435\u0442 \u0435\u0432\u0440\u043e\u043f\u0435\u0439\u0441\u043a\u043e\u043c\u0443 \u0441\u0442\u0430\u043d\u0434\u0430\u0440\u0442\u0443 \u0431\u0435\u0437\u043e\u043f\u0430\u0441\u043d\u043e\u0441\u0442\u0438 ECE R44\/04;<br \/>\n&#8211; \u0421\u0434\u0435\u043b\u0430\u043d\u043e \u0432 \u0418\u0442\u0430\u043b\u0438\u0438.[trim][:ro_RO]Potrivit pentru nou-n\u0103scu\u021bi &#8211; v\u00e2rsta de 0+ luni (cu p\u00e2n\u0103 la 13 kg), grupa 0+;<br \/>\n&#8211; Protectie moale pentru impact lateral in zona capului;<br \/>\n&#8211; Maner de transport ajustabil;<br \/>\n&#8211; Vizor deta\u0219abil;<br \/>\n&#8211; Curea de siguran\u021b\u0103 \u00een cinci puncte cu c\u0103ptu\u0219eal\u0103 moale;<br \/>\n&#8211; Un mecanism practic de reglare a \u00een\u0103l\u021bimii centurii;<br \/>\n&#8211; Baza cu op\u021biune de balansare pe picioarele din cauciuc anti-alunecare;<br \/>\n&#8211; Indicatori laterali pentru o instalare corect\u0103;<br \/>\n&#8211; Tapi\u021beria se \u00eendep\u0103rteaz\u0103 cu u\u0219urin\u021b\u0103 \u0219i se spal\u0103 la o temperatur\u0103 de 30 \u00b0 C;<br \/>\n&#8211; Se monteaza intotdeauna cu spatele la directia de mers;<br \/>\n&#8211; Datorita mecanismului Quicky System, scaunul se poate fixa pe carucioare Dinamico Up, Fluido City, Dinamico Premium, Linea Classy Tris, Linea Classy, Fluido Easy, Twin Pulsar, Dinamico Convert si Fluido Allegria;<br \/>\n&#8211; Compatibil cu suportul Area Base (disponibil separat);<br \/>\n&#8211; Dimensiuni (L \/ W \/ H): 44,5 * 64 * 58 cm.;<br \/>\n&#8211; Greutate: 3,7 kg.;<br \/>\n&#8211; Respect\u0103 standardul european de siguran\u021b\u0103 ECE R44 \/ 04;<br \/>\n&#8211; Fabricat \u00een Italia.<\/p>\n","protected":false},"excerpt":{"rendered":"<p>[:ru_RU]\u041f\u043e\u0434\u0445\u043e\u0434\u0438\u0442 \u0434\u043b\u044f \u043d\u043e\u0432\u043e\u0440\u043e\u0436\u0434\u0435\u043d\u043d\u044b\u0445 0+ (\u0441 \u0432\u0435\u0441\u043e\u043c \u0434\u043e 13 \u043a\u0433) \u0413\u0440\u0443\u043f\u043f\u0430 0+; &#8211; \u0410\u043d\u0430\u0442\u043e\u043c\u0438\u0447\u0435\u0441\u043a\u0438\u0439 \u043f\u043e\u0434\u0433\u043e\u043b\u043e\u0432\u043d\u0438\u043a \u0441 \u0431\u043e\u043a\u043e\u0432\u043e\u0439 \u0437\u0430\u0449\u0438\u0442\u043e\u0439 \u0438 \u043f\u043e\u0434\u0434\u0435\u0440\u0436\u043a\u043e\u0439 \u0441\u043f\u0438\u043d\u044b; &#8211; \u0421\u044a\u0435\u043c\u043d\u044b\u0439 \u043a\u043e\u0437\u044b\u0440\u0435\u043a; &#8211; \u041f\u044f\u0442\u0438\u0442\u043e\u0447\u0435\u0447\u043d\u044b\u0439 \u0440\u0435\u043c\u0435\u043d\u0438 \u0431\u0435\u0437\u043e\u043f\u0430\u0441\u043d\u043e\u0441\u0442\u0438 \u0441 \u043c\u044f\u0433\u043a\u0438\u043c\u0438 \u043d\u0430\u043a\u043b\u0430\u0434\u043a\u0430\u043c\u0438; &#8211; \u041f\u0440\u0430\u043a\u0442\u0438\u0447\u043d\u044b\u0439 \u043c\u0435\u0445\u0430\u043d\u0438\u0437\u043c \u0434\u043b\u044f \u0440\u0435\u0433\u0443\u043b\u0438\u0440\u043e\u0432\u0430\u043d\u0438\u044f \u0432\u044b\u0441\u043e\u0442\u044b \u0440\u0435\u043c\u043d\u044f; &#8211; \u0420\u0435\u0433\u0443\u043b\u0438\u0440\u0443\u0435\u043c\u044b\u0439 \u0430\u0434\u0430\u043f\u0442\u0435\u0440 \u0434\u043b\u044f \u0440\u0435\u043c\u043d\u044f \u0431\u0435\u0437\u043e\u043f\u0430\u0441\u043d\u043e\u0441\u0442\u0438; &#8211; \u041e\u0441\u043d\u043e\u0432\u0430\u043d\u0438\u0435 \u0441 \u043e\u043f\u0446\u0438\u0435\u0439 \u043a\u0430\u0447\u0430\u043d\u0438\u044f \u043d\u0430 \u043d\u0435\u0441\u043a\u043e\u043b\u044c\u0437\u044f\u0449\u0438\u0445 \u0440\u0435\u0437\u0438\u043d\u043e\u0432\u044b\u0445 \u043d\u043e\u0436\u043a\u0430\u0445; &#8211; \u0411\u043e\u043a\u043e\u0432\u044b\u0435 \u0438\u043d\u0434\u0438\u043a\u0430\u0442\u043e\u0440\u044b [&hellip;]<\/p>\n","protected":false},"featured_media":41187,"comment_status":"open","ping_status":"closed","template":"","meta":{"_acf_changed":false},"product_brand":[],"product_cat":[6801],"product_tag":[],"class_list":{"0":"post-41188","1":"product","2":"type-product","3":"status-publish","4":"has-post-thumbnail","6":"product_cat-ru_ru-avtomobilnye-kresla-t","8":"first","9":"instock","10":"shipping-taxable","11":"purchasable","12":"product-type-simple"},"acf":[],"_links":{"self":[{"href":"https:\/\/minimax.md\/ru\/wp-json\/wp\/v2\/product\/41188","targetHints":{"allow":["GET"]}}],"collection":[{"href":"https:\/\/minimax.md\/ru\/wp-json\/wp\/v2\/product"}],"about":[{"href":"https:\/\/minimax.md\/ru\/wp-json\/wp\/v2\/types\/product"}],"replies":[{"embeddable":true,"href":"https:\/\/minimax.md\/ru\/wp-json\/wp\/v2\/comments?post=41188"}],"version-history":[{"count":0,"href":"https:\/\/minimax.md\/ru\/wp-json\/wp\/v2\/product\/41188\/revisions"}],"wp:featuredmedia":[{"embeddable":true,"href":"https:\/\/minimax.md\/ru\/wp-json\/wp\/v2\/media\/41187"}],"wp:attachment":[{"href":"https:\/\/minimax.md\/ru\/wp-json\/wp\/v2\/media?parent=41188"}],"wp:term":[{"taxonomy":"product_brand","embeddable":true,"href":"https:\/\/minimax.md\/ru\/wp-json\/wp\/v2\/product_brand?post=41188"},{"taxonomy":"product_cat","embeddable":true,"href":"https:\/\/minimax.md\/ru\/wp-json\/wp\/v2\/product_cat?post=41188"},{"taxonomy":"product_tag","embeddable":true,"href":"https:\/\/minimax.md\/ru\/wp-json\/wp\/v2\/product_tag?post=41188"}],"curies":[{"name":"wp","href":"https:\/\/api.w.org\/{rel}","templated":true}]}}