{"id":41203,"date":"2023-11-28T13:07:51","date_gmt":"2023-11-28T10:07:51","guid":{"rendered":"https:\/\/minimax.md\/product\/41203.html"},"modified":"2023-11-28T13:29:43","modified_gmt":"2023-11-28T10:29:43","slug":"ru_ru-cam-avtokreslo-quantico-isofix-trim-ro_ro-cam-scaun-auto-quantico-isofix","status":"publish","type":"product","link":"https:\/\/minimax.md\/ru\/product\/41203.html","title":{"rendered":"Cam \u0410\u0432\u0442\u043e\u043a\u0440\u0435\u0441\u043b\u043e Quantico Isofix"},"content":{"rendered":"<p>[:ru_RU]\u0410\u0432\u0442\u043e\u043a\u0440\u0435\u0441\u043b\u043e Quantico \u043e\u0442\u043d\u043e\u0441\u0438\u0442\u0441\u044f \u043a \u0433\u0440\u0443\u043f\u043f\u0435 2\/3 (15-36 \u043a\u0433.);<br \/>\n&#8211; \u0421\u0438\u0441\u0442\u0435\u043c\u0430 \u043a\u0440\u0435\u043f\u043b\u0435\u043d\u0438\u044f ISOFIX;<br \/>\n&#8211; \u0411\u043e\u043a\u043e\u0432\u0430\u044f \u0437\u0430\u0449\u0438\u0442\u0430 \u043e\u0442 \u0443\u0434\u0430\u0440\u0430 \u0434\u043b\u044f \u0433\u043e\u043b\u043e\u0432\u044b;<br \/>\n&#8211; \u041c\u044f\u0433\u043a\u0438\u0439 \u043f\u043e\u0434\u0433\u043e\u043b\u043e\u0432\u043d\u0438\u043a, \u0440\u0435\u0433\u0443\u043b\u0438\u0440\u0443\u0435\u043c\u044b\u0439 \u043f\u043e \u0432\u044b\u0441\u043e\u0442\u0435;<br \/>\n&#8211; \u0420\u0435\u0433\u0443\u043b\u0438\u0440\u0443\u044e\u0449\u0430\u044f\u0441\u044f \u043f\u043e \u043d\u0430\u043a\u043b\u043e\u043d\u0443 \u0441\u043f\u0438\u043d\u043a\u0430;<br \/>\n&#8211; \u0412\u0441\u0442\u0440\u043e\u0435\u043d\u043d\u0430\u044f \u043d\u0430\u043f\u0440\u0430\u0432\u043b\u044f\u044e\u0449\u0430\u044f \u0434\u043b\u044f \u0440\u0435\u043c\u043d\u044f;<br \/>\n&#8211; \u041d\u0430\u043b\u0438\u0447\u0438\u0435 \u0434\u0435\u0440\u0436\u0430\u0442\u0435\u043b\u044f \u0434\u043b\u044f \u043d\u0430\u043f\u0438\u0442\u043a\u043e\u0432;<br \/>\n&#8211; \u041e\u0431\u0438\u0432\u043a\u0430 \u043b\u0435\u0433\u043a\u043e \u0441\u043d\u0438\u043c\u0430\u0435\u0442\u0441\u044f \u0438 \u0441\u0442\u0438\u0440\u0430\u0435\u0442\u0441\u044f \u043f\u0440\u0438 \u0442\u0435\u043c\u043f\u0435\u0440\u0430\u0442\u0443\u0440\u0435 30\u00b0C;<br \/>\n&#8211; \u041c\u043e\u0436\u0435\u0442 \u0431\u044b\u0442\u044c \u0443\u0441\u0442\u0430\u043d\u043e\u0432\u043b\u0435\u043d\u043e \u0432 \u0430\u0432\u0442\u043e\u043c\u043e\u0431\u0438\u043b\u0435 \u043a\u0430\u043a \u0441 \u043f\u043e\u043c\u043e\u0449\u044c\u044e \u0441\u0438\u0441\u0442\u0435\u043c\u044b ISOFIX, \u0442\u0430\u043a \u0438 \u0441 \u043f\u043e\u043c\u043e\u0449\u044c\u044e \u0448\u0442\u0430\u0442\u043d\u044b\u0445 \u0440\u0435\u043c\u043d\u0435\u0439 \u0431\u0435\u0437\u043e\u043f\u0430\u0441\u043d\u043e\u0441\u0442\u0438;<br \/>\n&#8211; \u0423\u0441\u0442\u0430\u043d\u0430\u0432\u043b\u0438\u0432\u0430\u0435\u0442\u0441\u044f \u0432\u0441\u0435\u0433\u0434\u0430 \u043b\u0438\u0446\u043e\u043c \u043f\u043e \u0445\u043e\u0434\u0443 \u0434\u0432\u0438\u0436\u0435\u043d\u0438\u044f;<br \/>\n&#8211; \u0420\u0430\u0437\u043c\u0435\u0440\u044b(\u0414\/\u0428\/\u0412): 64\u044548\u044564\/84 \u0441\u043c;<br \/>\n&#8211; \u0412\u0435\u0441: 5,7 \u043a\u0433;<br \/>\n&#8211; \u0421\u0434\u0435\u043b\u0430\u043d\u043e \u0432 \u0418\u0442\u0430\u043b\u0438\u0438;<br \/>\n&#8211; \u0421\u043e\u043e\u0442\u0432\u0435\u0442\u0441\u0442\u0432\u0443\u0435\u0442 \u0435\u0432\u0440\u043e\u043f\u0435\u0439\u0441\u043a\u043e\u043c\u0443 \u0441\u0442\u0430\u043d\u0434\u0430\u0440\u0442\u0443 \u0431\u0435\u0437\u043e\u043f\u0430\u0441\u043d\u043e\u0441\u0442\u0438 ECE R44\/04[trim][:ro_RO]Scaun auto Quantico face parte din grupa 2\/3 (15-36 kg);<br \/>\n&#8211; Sistem de fixare ISOFIX;<br \/>\n&#8211; Protec\u021bie la impact lateral pentru cap;<br \/>\n&#8211; Suport pentru cap moale, reglabil \u00een \u00een\u0103l\u021bime;<br \/>\n&#8211; Spatar reglabil;<br \/>\n&#8211; Prezen\u021ba unui de\u021bin\u0103tor de b\u0103uturi;<br \/>\n&#8211; Tapiteria e detasabila si lavabila in 30\u00b0C;<br \/>\n&#8211; Pot fi instalate \u00een ma\u0219in\u0103 at\u00e2t cu ajutorul sistemului ISOFIX, c\u00e2t \u0219i cu ajutorul centurilor de siguran\u021b\u0103 obi\u0219nuite;<br \/>\n&#8211; Dimensiuni (L\/W\/H): 64\u044548\u044564\/84 cm.<br \/>\n&#8211; Greutate:  5,7 kg.<br \/>\n&#8211; Fabricat in Italia;<br \/>\n&#8211; Respect\u0103 standardul european de securitate ECE  R44\/04<\/p>\n","protected":false},"excerpt":{"rendered":"<p>[:ru_RU]\u0410\u0432\u0442\u043e\u043a\u0440\u0435\u0441\u043b\u043e Quantico \u043e\u0442\u043d\u043e\u0441\u0438\u0442\u0441\u044f \u043a \u0433\u0440\u0443\u043f\u043f\u0435 2\/3 (15-36 \u043a\u0433.); &#8211; \u0421\u0438\u0441\u0442\u0435\u043c\u0430 \u043a\u0440\u0435\u043f\u043b\u0435\u043d\u0438\u044f ISOFIX; &#8211; \u0411\u043e\u043a\u043e\u0432\u0430\u044f \u0437\u0430\u0449\u0438\u0442\u0430 \u043e\u0442 \u0443\u0434\u0430\u0440\u0430 \u0434\u043b\u044f \u0433\u043e\u043b\u043e\u0432\u044b; &#8211; \u041c\u044f\u0433\u043a\u0438\u0439 \u043f\u043e\u0434\u0433\u043e\u043b\u043e\u0432\u043d\u0438\u043a, \u0440\u0435\u0433\u0443\u043b\u0438\u0440\u0443\u0435\u043c\u044b\u0439 \u043f\u043e \u0432\u044b\u0441\u043e\u0442\u0435; &#8211; \u0420\u0435\u0433\u0443\u043b\u0438\u0440\u0443\u044e\u0449\u0430\u044f\u0441\u044f \u043f\u043e \u043d\u0430\u043a\u043b\u043e\u043d\u0443 \u0441\u043f\u0438\u043d\u043a\u0430; &#8211; \u0412\u0441\u0442\u0440\u043e\u0435\u043d\u043d\u0430\u044f \u043d\u0430\u043f\u0440\u0430\u0432\u043b\u044f\u044e\u0449\u0430\u044f \u0434\u043b\u044f \u0440\u0435\u043c\u043d\u044f; &#8211; \u041d\u0430\u043b\u0438\u0447\u0438\u0435 \u0434\u0435\u0440\u0436\u0430\u0442\u0435\u043b\u044f \u0434\u043b\u044f \u043d\u0430\u043f\u0438\u0442\u043a\u043e\u0432; &#8211; \u041e\u0431\u0438\u0432\u043a\u0430 \u043b\u0435\u0433\u043a\u043e \u0441\u043d\u0438\u043c\u0430\u0435\u0442\u0441\u044f \u0438 \u0441\u0442\u0438\u0440\u0430\u0435\u0442\u0441\u044f \u043f\u0440\u0438 \u0442\u0435\u043c\u043f\u0435\u0440\u0430\u0442\u0443\u0440\u0435 30\u00b0C; &#8211; \u041c\u043e\u0436\u0435\u0442 \u0431\u044b\u0442\u044c \u0443\u0441\u0442\u0430\u043d\u043e\u0432\u043b\u0435\u043d\u043e \u0432 \u0430\u0432\u0442\u043e\u043c\u043e\u0431\u0438\u043b\u0435 [&hellip;]<\/p>\n","protected":false},"featured_media":41200,"comment_status":"open","ping_status":"closed","template":"","meta":{"_acf_changed":false},"product_brand":[],"product_cat":[6801],"product_tag":[],"class_list":{"0":"post-41203","1":"product","2":"type-product","3":"status-publish","4":"has-post-thumbnail","6":"product_cat-ru_ru-avtomobilnye-kresla-t","8":"first","9":"instock","10":"shipping-taxable","11":"purchasable","12":"product-type-simple"},"acf":[],"_links":{"self":[{"href":"https:\/\/minimax.md\/ru\/wp-json\/wp\/v2\/product\/41203","targetHints":{"allow":["GET"]}}],"collection":[{"href":"https:\/\/minimax.md\/ru\/wp-json\/wp\/v2\/product"}],"about":[{"href":"https:\/\/minimax.md\/ru\/wp-json\/wp\/v2\/types\/product"}],"replies":[{"embeddable":true,"href":"https:\/\/minimax.md\/ru\/wp-json\/wp\/v2\/comments?post=41203"}],"version-history":[{"count":0,"href":"https:\/\/minimax.md\/ru\/wp-json\/wp\/v2\/product\/41203\/revisions"}],"wp:featuredmedia":[{"embeddable":true,"href":"https:\/\/minimax.md\/ru\/wp-json\/wp\/v2\/media\/41200"}],"wp:attachment":[{"href":"https:\/\/minimax.md\/ru\/wp-json\/wp\/v2\/media?parent=41203"}],"wp:term":[{"taxonomy":"product_brand","embeddable":true,"href":"https:\/\/minimax.md\/ru\/wp-json\/wp\/v2\/product_brand?post=41203"},{"taxonomy":"product_cat","embeddable":true,"href":"https:\/\/minimax.md\/ru\/wp-json\/wp\/v2\/product_cat?post=41203"},{"taxonomy":"product_tag","embeddable":true,"href":"https:\/\/minimax.md\/ru\/wp-json\/wp\/v2\/product_tag?post=41203"}],"curies":[{"name":"wp","href":"https:\/\/api.w.org\/{rel}","templated":true}]}}