{"id":41206,"date":"2023-11-28T13:07:51","date_gmt":"2023-11-28T10:07:51","guid":{"rendered":"https:\/\/minimax.md\/product\/41206.html"},"modified":"2023-11-28T13:29:43","modified_gmt":"2023-11-28T10:29:43","slug":"ru_ru-veres-komplekt-dlja-krovatki-angel-wings-6-shtk-trim-ro_ro-veres-set-pentru-pat-angel-wings-6-buc","status":"publish","type":"product","link":"https:\/\/minimax.md\/ru\/product\/41206.html","title":{"rendered":"Veres \u041a\u043e\u043c\u043f\u043b\u0435\u043a\u0442 \u0434\u043b\u044f \u043a\u0440\u043e\u0432\u0430\u0442\u043a\u0438 Angel Wings, 6 \u0448\u0442\u043a"},"content":{"rendered":"<p>[:ru_RU]\u0417\u0430\u043c\u0435\u0447\u0430\u0442\u0435\u043b\u044c\u043d\u044b\u0439 \u043a\u0440\u0443\u0436\u0435\u0432\u043d\u043e\u0439 \u043a\u043e\u043c\u043f\u043b\u0435\u043a\u0442 \u0432 \u043a\u043b\u0430\u0441\u0441\u0438\u0447\u0435\u0441\u043a\u043e\u043c \u0441\u0442\u0438\u043b\u0435.<br \/>\n\u042d\u043b\u0435\u0433\u0430\u043d\u0442\u043d\u044b\u0435 \u043a\u0440\u0443\u0436\u0435\u0432\u0430 \u043f\u043e \u043f\u0435\u0440\u0438\u043c\u0435\u0442\u0440\u0443 \u0432\u0441\u0435\u0433\u043e \u043f\u043e\u0441\u0442\u0435\u043b\u044c\u043d\u043e\u0433\u043e \u043a\u043e\u043c\u043f\u043b\u0435\u043a\u0442\u0430 \u0434\u0435\u043b\u0430\u044e\u0442 \u0435\u0433\u043e \u043d\u0435\u0432\u0435\u0440\u043e\u044f\u0442\u043d\u043e \u043d\u0435\u0436\u043d\u044b\u043c.<br \/>\n\u0412 \u043a\u043e\u043c\u043f\u043b\u0435\u043a\u0442\u0435 2 \u043f\u043e\u0434\u0443\u0448\u043a\u0438-\u043a\u043e\u043d\u0444\u0435\u0442\u043a\u0438, \u043a\u043e\u0442\u043e\u0440\u044b\u0435 \u0438\u0441\u043f\u043e\u043b\u044c\u0437\u0443\u044e\u0442 \u043a\u0430\u043a \u043f\u043e\u0437\u0438\u0446\u0438\u043e\u043d\u0435\u0440 \u0432 \u043a\u0440\u043e\u0432\u0430\u0442\u043a\u0443 \u0438 \u043a\u0430\u043a \u043f\u0440\u043e\u0441\u0442\u043e \u043f\u043e\u0434\u0443\u0448\u0435\u0447\u043a\u0438. \u043e\u0442\u043b\u0438\u0447\u0438\u0442\u0435\u043b\u044c\u043d\u044b\u043c \u044f\u0432\u043b\u044f\u0435\u0442\u0441\u044f \u0432\u044b\u0448\u0438\u0432\u043a\u0430 \u0430\u043d\u0433\u0435\u043b\u044c\u0441\u043a\u0438\u0445 \u043a\u0440\u044b\u043b\u044b\u0448\u0435\u043a \u043d\u0430 \u043f\u043e\u0434\u043e\u0434\u0435\u044f\u043b\u044c\u043d\u0438\u043a\u0435.<br \/>\n\u041c\u0430\u0442\u0435\u0440\u0438\u0430\u043b: 100% \u0445\u043b\u043e\u043f\u043e\u043a + \u0441\u0430\u0442\u0438\u043d.<br \/>\n\u0412 \u043a\u043e\u043c\u043f\u043b\u0435\u043a\u0442 \u043f\u043e\u0441\u0442\u0435\u043b\u0438 \u0432\u0445\u043e\u0434\u0438\u0442:<br \/>\n\u2014 \u0417\u0430\u0449\u0438\u0442\u0430 \u043d\u0430 \u0432\u0441\u044e \u043a\u0440\u043e\u0432\u0430\u0442\u043a\u0443 \u043d\u0430 \u043c\u043e\u043b\u043d\u0438\u0438 \u0438\u0437 8 \u0447\u0430\u0441\u0442\u0435\u0439 (60*32-2, 32*32-4, 45*15-2)<br \/>\n\u2014 \u041e\u0434\u0435\u044f\u043b\u043e 90*110 \u0441\u043c.<br \/>\n\u2014 \u041f\u043e\u0434\u043e\u0434\u0435\u044f\u043b\u044c\u043d\u0438\u043a 90*110 \u0441\u043c.<br \/>\n\u2014 \u041f\u043e\u0434\u0443\u0448\u0435\u0447\u043a\u0430 40*60 \u0441\u043c.<br \/>\n\u2014 \u041d\u0430\u0432\u043e\u043b\u043e\u0447\u043a\u0430 40*60 \u0441\u043c.<br \/>\n\u2014 \u041f\u0440\u043e\u0441\u0442\u044b\u043d\u043a\u0430 \u043d\u0430 \u0440\u0435\u0437\u0438\u043d\u043a\u0435 (\u0434\u043b\u044f \u043c\u0430\u0442\u0440\u0430\u0441\u0430 120*60 \u0441\u043c).<br \/>\n\u0421\u0432\u043e\u0439\u0441\u0442\u0432\u0430:<br \/>\n\u2014 \u041d\u0435 \u0432\u044b\u0437\u044b\u0432\u0430\u0435\u0442 \u0430\u043b\u043b\u0435\u0440\u0433\u0438\u0438.<br \/>\n\u2014 \u041c\u044f\u0433\u043a\u043e\u0435 \u0438 \u043f\u0440\u0438\u044f\u0442\u043d\u043e\u0435 \u043d\u0430 \u043e\u0449\u0443\u043f\u044c.<br \/>\n\u2014 \u0425\u043e\u0440\u043e\u0448\u043e \u0441\u043e\u0433\u0440\u0435\u0432\u0430\u0435\u0442 \u0438 \u0441\u043e\u0445\u0440\u0430\u043d\u044f\u0435\u0442 \u0442\u0435\u043f\u043b\u043e.<br \/>\n\u2014 \u041e\u0431\u043b\u0430\u0434\u0430\u0435\u0442 \u0433\u0438\u0433\u0440\u043e\u0441\u043a\u043e\u043f\u0438\u0447\u043d\u044b\u043c\u0438 \u0438 \u0432\u043e\u0437\u0434\u0443\u0445\u043e\u043f\u0440\u043e\u043d\u0438\u0446\u0430\u0435\u043c\u044b\u043c\u0438 \u0441\u0432\u043e\u0439\u0441\u0442\u0432\u0430\u043c\u0438.<br \/>\n\u2014 \u041e\u0442\u043b\u0438\u0447\u0430\u0435\u0442\u0441\u044f \u043f\u043e\u0432\u044b\u0448\u0435\u043d\u043d\u043e\u0439 \u043f\u0440\u043e\u0447\u043d\u043e\u0441\u0442\u044c\u044e.<br \/>\n\u2014 \u041d\u0435 \u043b\u0438\u043d\u044f\u0435\u0442.<br \/>\n\u2014 \u0421\u043e\u043e\u0442\u0432\u0435\u0442\u0441\u0442\u0432\u0443\u0435\u0442 \u0432\u044b\u0441\u043e\u043a\u0438\u043c \u0435\u0432\u0440\u043e\u043f\u0435\u0439\u0441\u043a\u0438\u043c \u0442\u0440\u0435\u0431\u043e\u0432\u0430\u043d\u0438\u044f\u043c \u0432 \u043e\u0442\u043d\u043e\u0448\u0435\u043d\u0438\u0438 \u044d\u043a\u043e\u043b\u043e\u0433\u0438\u0447\u0435\u0441\u043a\u0438\u0445 \u0441\u0442\u0430\u043d\u0434\u0430\u0440\u0442\u043e\u0432.<br \/>\n\u0414\u0435\u0442\u0441\u043a\u043e\u0435 \u043f\u043e\u0441\u0442\u0435\u043b\u044c\u043d\u043e\u0435 \u0431\u0435\u043b\u044c\u0435 \u00ab\u0412\u0435\u0440\u0435\u0441\u00bb \u2014 \u044d\u0442\u043e \u043f\u0440\u0430\u043a\u0442\u0438\u0447\u043d\u044b\u0439 \u0438 \u0432\u044b\u0433\u043e\u0434\u043d\u044b\u0439 \u0432\u0430\u0440\u0438\u0430\u043d\u0442 \u0434\u043b\u044f \u0412\u0430\u0448\u0435\u0433\u043e \u0440\u0435\u0431\u0435\u043d\u043a\u0430.<br \/>\n\u041a\u0440\u0430\u0441\u043e\u0447\u043d\u043e\u0435 \u0431\u0435\u043b\u044c\u0435 \u0438\u0437 \u043d\u0430\u0442\u0443\u0440\u0430\u043b\u044c\u043d\u043e\u0433\u043e \u0445\u043b\u043e\u043f\u043a\u0430 \u043e\u0431\u043b\u0430\u0434\u0430\u0435\u0442[trim][:ro_RO]Material: 100% bumbac + satin.<br \/>\nSetul de pat include:<br \/>\n&#8211; Protec\u021bie pentru \u00eentregul p\u0103tu\u021b cu un fermoar format din 8 p\u0103r\u021bi (60 * 32-2, 32 * 32-4, 45 * 15-2)<br \/>\n&#8211; P\u0103tur\u0103 90 * 110 cm.<br \/>\n&#8211; Fata pentru patura 90 * 110 cm.<br \/>\n&#8211; Perna 40 * 60 cm.<br \/>\n&#8211; Fata de pern\u0103 40 * 60 cm.<br \/>\n&#8211; \u0421ersaf cu elastic (pentru saltea 120 * 60 cm).<\/p>\n<p>Propriet\u0103\u021bi:<br \/>\n&#8211; Nu provoac\u0103 alergii.<br \/>\n&#8211; Moale \u0219i pl\u0103cut la atingere.<br \/>\n&#8211; Se \u00eenc\u0103lze\u0219te bine \u0219i re\u021bine c\u0103ldura.<br \/>\n&#8211; Are propriet\u0103\u021bi higroscopice \u0219i respirabile.<br \/>\n&#8211; Se diferen\u021biaz\u0103 \u00een durabilitate crescut\u0103.<br \/>\n&#8211; Nu se estompeaz\u0103.<br \/>\n&#8211; Conform\u0103 cerin\u021belor europene ridicate privind standardele de mediu.<\/p>\n","protected":false},"excerpt":{"rendered":"<p>[:ru_RU]\u0417\u0430\u043c\u0435\u0447\u0430\u0442\u0435\u043b\u044c\u043d\u044b\u0439 \u043a\u0440\u0443\u0436\u0435\u0432\u043d\u043e\u0439 \u043a\u043e\u043c\u043f\u043b\u0435\u043a\u0442 \u0432 \u043a\u043b\u0430\u0441\u0441\u0438\u0447\u0435\u0441\u043a\u043e\u043c \u0441\u0442\u0438\u043b\u0435. \u042d\u043b\u0435\u0433\u0430\u043d\u0442\u043d\u044b\u0435 \u043a\u0440\u0443\u0436\u0435\u0432\u0430 \u043f\u043e \u043f\u0435\u0440\u0438\u043c\u0435\u0442\u0440\u0443 \u0432\u0441\u0435\u0433\u043e \u043f\u043e\u0441\u0442\u0435\u043b\u044c\u043d\u043e\u0433\u043e \u043a\u043e\u043c\u043f\u043b\u0435\u043a\u0442\u0430 \u0434\u0435\u043b\u0430\u044e\u0442 \u0435\u0433\u043e \u043d\u0435\u0432\u0435\u0440\u043e\u044f\u0442\u043d\u043e \u043d\u0435\u0436\u043d\u044b\u043c. \u0412 \u043a\u043e\u043c\u043f\u043b\u0435\u043a\u0442\u0435 2 \u043f\u043e\u0434\u0443\u0448\u043a\u0438-\u043a\u043e\u043d\u0444\u0435\u0442\u043a\u0438, \u043a\u043e\u0442\u043e\u0440\u044b\u0435 \u0438\u0441\u043f\u043e\u043b\u044c\u0437\u0443\u044e\u0442 \u043a\u0430\u043a \u043f\u043e\u0437\u0438\u0446\u0438\u043e\u043d\u0435\u0440 \u0432 \u043a\u0440\u043e\u0432\u0430\u0442\u043a\u0443 \u0438 \u043a\u0430\u043a \u043f\u0440\u043e\u0441\u0442\u043e \u043f\u043e\u0434\u0443\u0448\u0435\u0447\u043a\u0438. \u043e\u0442\u043b\u0438\u0447\u0438\u0442\u0435\u043b\u044c\u043d\u044b\u043c \u044f\u0432\u043b\u044f\u0435\u0442\u0441\u044f \u0432\u044b\u0448\u0438\u0432\u043a\u0430 \u0430\u043d\u0433\u0435\u043b\u044c\u0441\u043a\u0438\u0445 \u043a\u0440\u044b\u043b\u044b\u0448\u0435\u043a \u043d\u0430 \u043f\u043e\u0434\u043e\u0434\u0435\u044f\u043b\u044c\u043d\u0438\u043a\u0435. \u041c\u0430\u0442\u0435\u0440\u0438\u0430\u043b: 100% \u0445\u043b\u043e\u043f\u043e\u043a + \u0441\u0430\u0442\u0438\u043d. \u0412 \u043a\u043e\u043c\u043f\u043b\u0435\u043a\u0442 \u043f\u043e\u0441\u0442\u0435\u043b\u0438 \u0432\u0445\u043e\u0434\u0438\u0442: \u2014 \u0417\u0430\u0449\u0438\u0442\u0430 \u043d\u0430 \u0432\u0441\u044e \u043a\u0440\u043e\u0432\u0430\u0442\u043a\u0443 \u043d\u0430 \u043c\u043e\u043b\u043d\u0438\u0438 \u0438\u0437 [&hellip;]<\/p>\n","protected":false},"featured_media":41204,"comment_status":"open","ping_status":"closed","template":"","meta":{"_acf_changed":false},"product_brand":[],"product_cat":[6778],"product_tag":[],"class_list":{"0":"post-41206","1":"product","2":"type-product","3":"status-publish","4":"has-post-thumbnail","6":"product_cat-ru_ru-komplekty-dlja-krovat","8":"first","9":"instock","10":"shipping-taxable","11":"purchasable","12":"product-type-simple"},"acf":[],"_links":{"self":[{"href":"https:\/\/minimax.md\/ru\/wp-json\/wp\/v2\/product\/41206","targetHints":{"allow":["GET"]}}],"collection":[{"href":"https:\/\/minimax.md\/ru\/wp-json\/wp\/v2\/product"}],"about":[{"href":"https:\/\/minimax.md\/ru\/wp-json\/wp\/v2\/types\/product"}],"replies":[{"embeddable":true,"href":"https:\/\/minimax.md\/ru\/wp-json\/wp\/v2\/comments?post=41206"}],"version-history":[{"count":0,"href":"https:\/\/minimax.md\/ru\/wp-json\/wp\/v2\/product\/41206\/revisions"}],"wp:featuredmedia":[{"embeddable":true,"href":"https:\/\/minimax.md\/ru\/wp-json\/wp\/v2\/media\/41204"}],"wp:attachment":[{"href":"https:\/\/minimax.md\/ru\/wp-json\/wp\/v2\/media?parent=41206"}],"wp:term":[{"taxonomy":"product_brand","embeddable":true,"href":"https:\/\/minimax.md\/ru\/wp-json\/wp\/v2\/product_brand?post=41206"},{"taxonomy":"product_cat","embeddable":true,"href":"https:\/\/minimax.md\/ru\/wp-json\/wp\/v2\/product_cat?post=41206"},{"taxonomy":"product_tag","embeddable":true,"href":"https:\/\/minimax.md\/ru\/wp-json\/wp\/v2\/product_tag?post=41206"}],"curies":[{"name":"wp","href":"https:\/\/api.w.org\/{rel}","templated":true}]}}