{"id":41218,"date":"2023-11-28T13:07:52","date_gmt":"2023-11-28T10:07:52","guid":{"rendered":"https:\/\/minimax.md\/product\/41218.html"},"modified":"2023-11-28T13:29:43","modified_gmt":"2023-11-28T10:29:43","slug":"ru_ru-veres-komplekt-dlja-krovatki-macaroon-earl-grey-6-shtk-trim-ro_ro-veres-set-pentru-pat-macaroon-earl-grey-6-buc","status":"publish","type":"product","link":"https:\/\/minimax.md\/ru\/product\/41218.html","title":{"rendered":"Veres \u041a\u043e\u043c\u043f\u043b\u0435\u043a\u0442 \u0434\u043b\u044f \u043a\u0440\u043e\u0432\u0430\u0442\u043a\u0438 Macaroon Earl grey, 6 \u0448\u0442\u043a"},"content":{"rendered":"<p>[:ru_RU]\u041f\u043e\u0441\u0442\u0435\u043b\u044c\u043d\u044b\u0439 \u043a\u043e\u043c\u043f\u043b\u0435\u043a\u0442 Baby Veres Macaroon Raspberry (6 \u0435\u0434.)<br \/>\n\u041f\u0440\u043e\u0438\u0437\u0432\u043e\u0434\u0438\u0442\u0435\u043b\u044c: \u0412\u0435\u0440\u0435\u0441 (\u0423\u043a\u0440\u0430\u0438\u043d\u0430).<br \/>\n\u0413\u0430\u0440\u0430\u043d\u0442\u0438\u044f: 18 \u043c\u0435\u0441.<br \/>\n\u0420\u0430\u0437\u043c\u0435\u0440 (\u0441\u043f\u0430\u043b\u044c\u043d\u043e\u0433\u043e \u043c\u0435\u0441\u0442\u0430, \u0441\u043c): 120*60.<br \/>\n\u0412\u0438\u0434 \u0442\u043a\u0430\u043d\u0438: 100% \u0445\u043b\u043e\u043f\u043e\u043a .<br \/>\n\u041a\u043e\u043c\u043f\u043b\u0435\u043a\u0442\u0430\u0446\u0438\u044f:<br \/>\n&#8211; \u0417\u0430\u0449\u0438\u0442\u0430 (\u0431\u0430\u043c\u043f\u0435\u0440): 3 \u0447\u0430\u0441\u0442\u0435\u0439 28*120 \u0441\u043c (1), 28*60 \u0441\u043c (2);  \u0431\u0430\u043c\u043f\u0435\u0440 \u043a\u043e\u0441\u0430 120*15 \u0441\u043c.<br \/>\n&#8211; \u041e\u0434\u0435\u044f\u043b\u043e (90*110 \u0441\u043c);<br \/>\n&#8211; \u041f\u043e\u0434\u0443\u0448\u043a\u0430 (40*60 \u0441\u043c);<br \/>\n&#8211; \u041f\u0440\u043e\u0441\u0442\u044b\u043d\u044c (\u043d\u0430 \u0440\u0435\u0437\u0438\u043d\u043a\u0435, \u0434\u043b\u044f \u043c\u0430\u0442\u0440\u0430\u0441\u0430 120*60 \u0441\u043c);<br \/>\n&#8211; \u041d\u0430\u0432\u043e\u043b\u043e\u0447\u043a\u0430 (40*60 \u0441\u043c);<br \/>\n&#8211; \u041f\u043e\u0434\u043e\u0434\u0435\u044f\u043b\u044c\u043d\u0438\u043a (90*110 \u0441\u043c), \u043d\u0430 \u043c\u043e\u043b\u043d\u0438\u0438.<br \/>\n\u041d\u0430\u043f\u043e\u043b\u043d\u0438\u0442\u0435\u043b\u0438:<br \/>\n&#8211; \u0417\u0430\u0449\u0438\u0442\u0430 (\u0431\u0430\u043c\u043f\u0435\u0440): \u0445\u043e\u043b\u043b\u043e\u0444\u0430\u0439\u0431\u0435\u0440;<br \/>\n&#8211; \u041e\u0434\u0435\u044f\u043b\u043e, \u043f\u043e\u0434\u0443\u0448\u043a\u0430: soft fiber.<br \/>\n \u0425\u0430\u0440\u0430\u043a\u0442\u0435\u0440\u0438\u0441\u0442\u0438\u043a\u0438:<br \/>\n\u041f\u043e\u0441\u0442\u0435\u043b\u044c\u043d\u044b\u0439 \u043a\u043e\u043c\u043f\u043b\u0435\u043a\u0442 \u0438\u0437\u0433\u043e\u0442\u043e\u0432\u043b\u0435\u043d \u0438\u0437 \u043d\u0430\u0442\u0443\u0440\u0430\u043b\u044c\u043d\u043e\u0433\u043e \u0445\u043b\u043e\u043f\u043a\u0430, \u043e\u0431\u043b\u0430\u0434\u0430\u044e\u0449\u0435\u0433\u043e \u0445\u043e\u0440\u043e\u0448\u0435\u0439 \u0432\u043e\u0437\u0434\u0443\u0445\u043e\u043f\u0440\u043e\u043d\u0438\u0446\u0430\u0435\u043c\u043e\u0441\u0442\u044c\u044e, \u0431\u0435\u0437\u043e\u043f\u0430\u0441\u0435\u043d \u0434\u043b\u044f \u0434\u0435\u0442\u0441\u043a\u043e\u0439 \u0447\u0443\u0432\u0441\u0442\u0432\u0438\u0442\u0435\u043b\u044c\u043d\u043e\u0439 \u043a\u043e\u0436\u0438, \u043f\u043e\u0441\u043a\u043e\u043b\u044c\u043a\u0443 \u043d\u0435 \u0432\u044b\u0437\u044b\u0432\u0430\u0435\u0442 \u0430\u043b\u043b\u0435\u0440\u0433\u0438\u0447\u0435\u0441\u043a\u0438\u0445 \u0440\u0435\u0430\u043a\u0446\u0438\u0439 \u043f\u0440\u0438 \u0438\u0441\u043f\u043e\u043b\u044c\u0437\u043e\u0432\u0430\u043d\u0438\u0438, \u0438\u043c\u0435\u0435\u0442 \u0432\u044b\u0441\u043e\u043a\u0443\u044e \u0438\u0437\u043d\u043e\u0441\u043e\u0441\u0442\u043e\u0439\u043a\u043e\u0441\u0442\u044c \u0438 \u0434\u043e\u043b\u0433\u043e\u0432\u0435\u0447\u043d\u043e\u0441\u0442\u044c, \u043f\u0440\u0438 \u0447\u0430\u0441\u0442\u043e\u0439 \u0441\u0442\u0438\u0440\u043a\u0435 \u0441\u043e\u0445\u0440\u0430\u043d\u044f\u0435\u0442 \u0441\u0432\u043e\u0439 \u0432\u043d\u0435\u0448\u043d\u0438\u0439 \u0432\u0438\u0434 \u0438 \u043f\u0440\u043e\u0447\u043d\u043e\u0441\u0442\u044c \u0448\u0432\u043e\u0432.<br \/>\n\u041f\u043e\u0434\u043e\u0434\u0435\u044f\u043b\u044c\u043d\u0438\u043a \u043d\u0430 \u043c\u043e\u043b\u043d\u0438\u0438 \u2013 \u0443\u0434\u043e\u0431\u043d\u044b\u0439 \u0438 \u043f\u0440\u0430\u043a\u0442\u0438\u0447\u043d\u044b\u0439 \u0432 \u0438\u0441\u043f\u043e\u043b\u044c\u0437\u043e\u0432\u0430\u043d\u0438\u0438.<br \/>\n\u041d\u0430\u043f\u043e\u043b\u043d\u0438\u0442\u0435\u043b\u044c \u0431\u0430\u043c\u043f\u0435\u0440\u0430 \u2013 \u0445\u043e\u043b\u043b\u043e\u0444\u0430\u0439\u0431\u0435\u0440 \u2013 \u0433\u0438\u043f\u043e\u0430\u043b\u043b\u0435\u0440\u0433\u0435\u043d\u043d\u044b\u0439, \u0445\u043e\u0440\u043e\u0448\u043e \u0434\u0435\u0440\u0436\u0438\u0442 \u0444\u043e\u0440\u043c\u0443, \u0430 \u043f\u043e\u0434\u0443\u0448\u043a\u0438 \u0438 \u043e\u0434\u0435\u044f\u043b\u0430  &#8211; soft fiber &#8211; \u043c\u044f\u0433\u043a\u0438\u0439 \u0438 \u043f\u0440\u0438\u044f\u0442\u043d\u044b\u0439 \u043d\u0430[trim][:ro_RO]Lenjerie de pat Baby Veres Macaroon Raspberry (6 buc.)<br \/>\nProduc\u0103tor: Veres (Ucraina).<br \/>\nGaran\u021bie: 18 luni<br \/>\nDimensiune: 120 x 60.<br \/>\nTipul \u021bes\u0103turii: 100% bumbac.<br \/>\nEchipament:<br \/>\n&#8211; Protec\u021bie (bara de protec\u021bie): 3 p\u0103r\u021bi 28 * 120 cm (1), 28 * 60 cm (2); panglica bara de protectie 120 * 15 cm.<br \/>\n&#8211; P\u0103tur\u0103 (90 * 110 cm);<br \/>\n&#8211; Perna (40 * 60 cm);<br \/>\n&#8211; Cearceaf (cu elastic, pentru o saltea 120 * 60 cm);<br \/>\n&#8211; Fata de perna (40 * 60 cm);<br \/>\n&#8211; Hus\u0103 de plapum\u0103 (90 * 110 cm), cu fermoar.<br \/>\nExciien\u021bi:<br \/>\n&#8211; Protec\u021bie (bara de protec\u021bie): holofibr\u0103;<br \/>\n&#8211; P\u0103tur\u0103, pern\u0103: fibr\u0103 moale.<\/p>\n","protected":false},"excerpt":{"rendered":"<p>[:ru_RU]\u041f\u043e\u0441\u0442\u0435\u043b\u044c\u043d\u044b\u0439 \u043a\u043e\u043c\u043f\u043b\u0435\u043a\u0442 Baby Veres Macaroon Raspberry (6 \u0435\u0434.) \u041f\u0440\u043e\u0438\u0437\u0432\u043e\u0434\u0438\u0442\u0435\u043b\u044c: \u0412\u0435\u0440\u0435\u0441 (\u0423\u043a\u0440\u0430\u0438\u043d\u0430). \u0413\u0430\u0440\u0430\u043d\u0442\u0438\u044f: 18 \u043c\u0435\u0441. \u0420\u0430\u0437\u043c\u0435\u0440 (\u0441\u043f\u0430\u043b\u044c\u043d\u043e\u0433\u043e \u043c\u0435\u0441\u0442\u0430, \u0441\u043c): 120*60. \u0412\u0438\u0434 \u0442\u043a\u0430\u043d\u0438: 100% \u0445\u043b\u043e\u043f\u043e\u043a . \u041a\u043e\u043c\u043f\u043b\u0435\u043a\u0442\u0430\u0446\u0438\u044f: &#8211; \u0417\u0430\u0449\u0438\u0442\u0430 (\u0431\u0430\u043c\u043f\u0435\u0440): 3 \u0447\u0430\u0441\u0442\u0435\u0439 28*120 \u0441\u043c (1), 28*60 \u0441\u043c (2); \u0431\u0430\u043c\u043f\u0435\u0440 \u043a\u043e\u0441\u0430 120*15 \u0441\u043c. &#8211; \u041e\u0434\u0435\u044f\u043b\u043e (90*110 \u0441\u043c); &#8211; \u041f\u043e\u0434\u0443\u0448\u043a\u0430 (40*60 \u0441\u043c); &#8211; \u041f\u0440\u043e\u0441\u0442\u044b\u043d\u044c (\u043d\u0430 \u0440\u0435\u0437\u0438\u043d\u043a\u0435, \u0434\u043b\u044f \u043c\u0430\u0442\u0440\u0430\u0441\u0430 120*60 [&hellip;]<\/p>\n","protected":false},"featured_media":41215,"comment_status":"open","ping_status":"closed","template":"","meta":{"_acf_changed":false},"product_brand":[],"product_cat":[6778],"product_tag":[],"class_list":{"0":"post-41218","1":"product","2":"type-product","3":"status-publish","4":"has-post-thumbnail","6":"product_cat-ru_ru-komplekty-dlja-krovat","8":"first","9":"instock","10":"shipping-taxable","11":"purchasable","12":"product-type-simple"},"acf":[],"_links":{"self":[{"href":"https:\/\/minimax.md\/ru\/wp-json\/wp\/v2\/product\/41218","targetHints":{"allow":["GET"]}}],"collection":[{"href":"https:\/\/minimax.md\/ru\/wp-json\/wp\/v2\/product"}],"about":[{"href":"https:\/\/minimax.md\/ru\/wp-json\/wp\/v2\/types\/product"}],"replies":[{"embeddable":true,"href":"https:\/\/minimax.md\/ru\/wp-json\/wp\/v2\/comments?post=41218"}],"version-history":[{"count":0,"href":"https:\/\/minimax.md\/ru\/wp-json\/wp\/v2\/product\/41218\/revisions"}],"wp:featuredmedia":[{"embeddable":true,"href":"https:\/\/minimax.md\/ru\/wp-json\/wp\/v2\/media\/41215"}],"wp:attachment":[{"href":"https:\/\/minimax.md\/ru\/wp-json\/wp\/v2\/media?parent=41218"}],"wp:term":[{"taxonomy":"product_brand","embeddable":true,"href":"https:\/\/minimax.md\/ru\/wp-json\/wp\/v2\/product_brand?post=41218"},{"taxonomy":"product_cat","embeddable":true,"href":"https:\/\/minimax.md\/ru\/wp-json\/wp\/v2\/product_cat?post=41218"},{"taxonomy":"product_tag","embeddable":true,"href":"https:\/\/minimax.md\/ru\/wp-json\/wp\/v2\/product_tag?post=41218"}],"curies":[{"name":"wp","href":"https:\/\/api.w.org\/{rel}","templated":true}]}}