{"id":41223,"date":"2023-11-28T13:07:53","date_gmt":"2023-11-28T10:07:53","guid":{"rendered":"https:\/\/minimax.md\/product\/41223.html"},"modified":"2023-11-28T13:29:43","modified_gmt":"2023-11-28T10:29:43","slug":"ru_ru-veres-komplekt-dlja-krovatki-family-dream-6-shtk-trim-ro_ro-veres-set-pentru-pat-family-dream-6-buc","status":"publish","type":"product","link":"https:\/\/minimax.md\/ru\/product\/41223.html","title":{"rendered":"Veres \u041a\u043e\u043c\u043f\u043b\u0435\u043a\u0442 \u0434\u043b\u044f \u043a\u0440\u043e\u0432\u0430\u0442\u043a\u0438 Family dream, 6 \u0448\u0442\u043a"},"content":{"rendered":"<p>[:ru_RU]\u0412 \u043a\u043e\u043c\u043f\u043b\u0435\u043a\u0442\u0435 \u043f\u043e\u0441\u0442\u0435\u043b\u044c\u043d\u043e\u0433\u043e \u043d\u0430\u0431\u043e\u0440\u0430 \u0412\u0435\u0440\u0435\u0441:<br \/>\n\u2014 \u0417\u0430\u0449\u0438\u0442\u0430 \u0441 8 \u0447\u0430\u0441\u0442\u0435\u0439 30*30<br \/>\n\u2014 \u041f\u043e\u0434\u043e\u0434\u0435\u044f\u043b\u044c\u043d\u0438\u043a\/\u043e\u0434\u0435\u044f\u043b\u043e 90\u0445110 \u0441\u043c.<br \/>\n\u2014 \u041f\u043e\u0434\u0443\u0448\u0435\u0447\u043a\u0430 40\u044560 \u0441\u043c.<br \/>\n\u2014 \u041d\u0430\u0432\u043e\u043b\u043e\u0447\u043a\u0430 40\u044560 \u0441\u043c.<br \/>\n\u2014 \u041f\u0440\u043e\u0441\u0442\u044b\u043d\u043a\u0430 \u043d\u0430 \u0440\u0435\u0437\u0438\u043d\u043a\u0435 (\u0434\u043b\u044f \u043c\u0430\u0442\u0440\u0430\u0441\u0430 120\u044560 \u0441\u043c).<br \/>\n\u041c\u0430\u0442\u0435\u0440\u0438\u0430\u043b:<br \/>\n\u2014 100% \u0445\u043b\u043e\u043f\u043e\u043a<br \/>\n\u0421\u0432\u043e\u0439\u0441\u0442\u0432\u0430:<br \/>\n&#8211; \u041d\u0435 \u0432\u044b\u0437\u044b\u0432\u0430\u0435\u0442 \u0430\u043b\u043b\u0435\u0440\u0433\u0438\u0438.<br \/>\n&#8211; \u041c\u044f\u0433\u043a\u043e\u0435 \u0438 \u043f\u0440\u0438\u044f\u0442\u043d\u043e\u0435 \u043d\u0430 \u043e\u0449\u0443\u043f\u044c.<br \/>\n&#8211; \u0425\u043e\u0440\u043e\u0448\u043e \u0441\u043e\u0433\u0440\u0435\u0432\u0430\u0435\u0442 \u0438 \u0441\u043e\u0445\u0440\u0430\u043d\u044f\u0435\u0442 \u0442\u0435\u043f\u043b\u043e.<br \/>\n&#8211; \u0418\u043c\u0435\u0435\u0442 \u0433\u0438\u0433\u0440\u043e\u0441\u043a\u043e\u043f\u0438\u0447\u043d\u044b \u0438 \u0432\u043e\u0437\u0434\u0443\u0445\u043e\u043f\u0440\u043e\u043d\u0438\u0446\u0430\u0435\u043c\u044b\u0435 \u0441\u0432\u043e\u0439\u0441\u0442\u0432\u0430.<br \/>\n&#8211; \u041e\u0442\u043b\u0438\u0447\u0430\u0435\u0442\u0441\u044f \u043f\u043e\u0432\u044b\u0448\u0435\u043d\u043d\u043e\u0439 \u043f\u0440\u043e\u0447\u043d\u043e\u0441\u0442\u044c\u044e.<br \/>\n&#8211; \u041d\u0435 \u0442\u0435\u0440\u044f\u0435\u0442 \u0446\u0432\u0435\u0442 \u043f\u043e\u0441\u043b\u0435 \u043c\u043d\u043e\u0433\u043e\u0447\u0438\u0441\u043b\u0435\u043d\u043d\u044b\u0445 \u0441\u0442\u0438\u0440\u043e\u043a.<br \/>\n&#8211; \u041e\u0442\u0432\u0435\u0447\u0430\u0435\u0442 \u0432\u044b\u0441\u043e\u043a\u0438\u043c \u0435\u0432\u0440\u043e\u043f\u0435\u0439\u0441\u043a\u0438\u043c \u0442\u0440\u0435\u0431\u043e\u0432\u0430\u043d\u0438\u044f\u043c \u044d\u043a\u043e\u043b\u043e\u0433\u0438\u0447\u0435\u0441\u043a\u0438\u0445 \u0441\u0442\u0430\u043d\u0434\u0430\u0440\u0442\u043e\u0432.[trim][:ro_RO]Lenjerie de pat Baby Veres Family dream (6 buc.)<br \/>\nProduc\u0103tor: Veres (Ucraina).<br \/>\nDimensiune: 120 x 60.<br \/>\nTipul \u021bes\u0103turii: 100% bumbac.<br \/>\nEchipament:<br \/>\n&#8211; Protec\u021bie (bara de protec\u021bie): 8 p\u0103r\u021bi (30 * 30 cm (10)), huse cu fermoar; pe 3 laturi ale patului;<br \/>\n&#8211; P\u0103tur\u0103 (90 * 110 cm);<br \/>\n&#8211; Perna (40 * 60 cm);<br \/>\n&#8211; Cearceaf (cu elastic, pentru o saltea 120 * 60 cm);<br \/>\n&#8211; Fata de perna (40 * 60 cm);<br \/>\n&#8211; Hus\u0103 de plapum\u0103 (90 * 110 cm), cu fermoar.<br \/>\nExcipien\u021bi:<br \/>\n&#8211; Protec\u021bie (bara de protec\u021bie): holofibr\u0103;<br \/>\n&#8211; P\u0103tur\u0103, pern\u0103: fibr\u0103 moale.<\/p>\n","protected":false},"excerpt":{"rendered":"<p>[:ru_RU]\u0412 \u043a\u043e\u043c\u043f\u043b\u0435\u043a\u0442\u0435 \u043f\u043e\u0441\u0442\u0435\u043b\u044c\u043d\u043e\u0433\u043e \u043d\u0430\u0431\u043e\u0440\u0430 \u0412\u0435\u0440\u0435\u0441: \u2014 \u0417\u0430\u0449\u0438\u0442\u0430 \u0441 8 \u0447\u0430\u0441\u0442\u0435\u0439 30*30 \u2014 \u041f\u043e\u0434\u043e\u0434\u0435\u044f\u043b\u044c\u043d\u0438\u043a\/\u043e\u0434\u0435\u044f\u043b\u043e 90\u0445110 \u0441\u043c. \u2014 \u041f\u043e\u0434\u0443\u0448\u0435\u0447\u043a\u0430 40\u044560 \u0441\u043c. \u2014 \u041d\u0430\u0432\u043e\u043b\u043e\u0447\u043a\u0430 40\u044560 \u0441\u043c. \u2014 \u041f\u0440\u043e\u0441\u0442\u044b\u043d\u043a\u0430 \u043d\u0430 \u0440\u0435\u0437\u0438\u043d\u043a\u0435 (\u0434\u043b\u044f \u043c\u0430\u0442\u0440\u0430\u0441\u0430 120\u044560 \u0441\u043c). \u041c\u0430\u0442\u0435\u0440\u0438\u0430\u043b: \u2014 100% \u0445\u043b\u043e\u043f\u043e\u043a \u0421\u0432\u043e\u0439\u0441\u0442\u0432\u0430: &#8211; \u041d\u0435 \u0432\u044b\u0437\u044b\u0432\u0430\u0435\u0442 \u0430\u043b\u043b\u0435\u0440\u0433\u0438\u0438. &#8211; \u041c\u044f\u0433\u043a\u043e\u0435 \u0438 \u043f\u0440\u0438\u044f\u0442\u043d\u043e\u0435 \u043d\u0430 \u043e\u0449\u0443\u043f\u044c. &#8211; \u0425\u043e\u0440\u043e\u0448\u043e \u0441\u043e\u0433\u0440\u0435\u0432\u0430\u0435\u0442 \u0438 \u0441\u043e\u0445\u0440\u0430\u043d\u044f\u0435\u0442 \u0442\u0435\u043f\u043b\u043e. &#8211; \u0418\u043c\u0435\u0435\u0442 \u0433\u0438\u0433\u0440\u043e\u0441\u043a\u043e\u043f\u0438\u0447\u043d\u044b [&hellip;]<\/p>\n","protected":false},"featured_media":0,"comment_status":"open","ping_status":"closed","template":"","meta":{"_acf_changed":false},"product_brand":[],"product_cat":[6778],"product_tag":[],"class_list":{"0":"post-41223","1":"product","2":"type-product","3":"status-publish","5":"product_cat-ru_ru-komplekty-dlja-krovat","7":"first","8":"instock","9":"shipping-taxable","10":"purchasable","11":"product-type-simple"},"acf":[],"_links":{"self":[{"href":"https:\/\/minimax.md\/ru\/wp-json\/wp\/v2\/product\/41223","targetHints":{"allow":["GET"]}}],"collection":[{"href":"https:\/\/minimax.md\/ru\/wp-json\/wp\/v2\/product"}],"about":[{"href":"https:\/\/minimax.md\/ru\/wp-json\/wp\/v2\/types\/product"}],"replies":[{"embeddable":true,"href":"https:\/\/minimax.md\/ru\/wp-json\/wp\/v2\/comments?post=41223"}],"version-history":[{"count":0,"href":"https:\/\/minimax.md\/ru\/wp-json\/wp\/v2\/product\/41223\/revisions"}],"wp:attachment":[{"href":"https:\/\/minimax.md\/ru\/wp-json\/wp\/v2\/media?parent=41223"}],"wp:term":[{"taxonomy":"product_brand","embeddable":true,"href":"https:\/\/minimax.md\/ru\/wp-json\/wp\/v2\/product_brand?post=41223"},{"taxonomy":"product_cat","embeddable":true,"href":"https:\/\/minimax.md\/ru\/wp-json\/wp\/v2\/product_cat?post=41223"},{"taxonomy":"product_tag","embeddable":true,"href":"https:\/\/minimax.md\/ru\/wp-json\/wp\/v2\/product_tag?post=41223"}],"curies":[{"name":"wp","href":"https:\/\/api.w.org\/{rel}","templated":true}]}}