{"id":41227,"date":"2023-11-28T13:07:53","date_gmt":"2023-11-28T10:07:53","guid":{"rendered":"https:\/\/minimax.md\/product\/41227.html"},"modified":"2023-11-28T13:29:43","modified_gmt":"2023-11-28T10:29:43","slug":"ru_ru-veres-krovatka-sonja-ld3-trim-ro_ro-veres-p-tuc-sonia-ld3-2","status":"publish","type":"product","link":"https:\/\/minimax.md\/ru\/product\/41227.html","title":{"rendered":"Veres \u041a\u0440\u043e\u0432\u0430\u0442\u043a\u0430 \u0421\u043e\u043d\u044f \u041b\u04143"},"content":{"rendered":"<p>[:ru_RU]\u041e\u0441\u043d\u043e\u0432\u0430\u043d\u0438\u0435 \u0434\u043b\u044f \u043c\u0430\u0442\u0440\u0430\u0441\u0430 \u0441 \u0434\u0432\u0443\u043c\u044f \u0443\u0440\u043e\u0432\u043d\u044f\u043c\u0438 \u0440\u0435\u0433\u0443\u043b\u0438\u0440\u043e\u0432\u0430\u043d\u0438\u044f \u043f\u043e \u0432\u044b\u0441\u043e\u0442\u0435;<br \/>\n&#8211; \u041f\u043e\u0434\u0432\u0438\u0436\u043d\u0430\u044f \u0431\u043e\u043a\u043e\u0432\u0438\u043d\u0430;<br \/>\n&#8211; \u041d\u0430\u0434\u0435\u0436\u043d\u044b\u0439 \u043c\u0435\u0445\u0430\u043d\u0438\u0437\u043c \u043e\u043f\u0443\u0441\u043a\u0430\u043d\u0438\u044f \u0431\u043e\u0440\u0442\u0438\u043a\u0430;<br \/>\n&#8211; \u0412\u0441\u0435 \u0434\u0435\u0442\u0430\u043b\u0438 \u043a\u0440\u043e\u0432\u0430\u0442\u043a\u0438 \u0438\u043c\u0435\u044e\u0442 \u0431\u0435\u0437\u043e\u043f\u0430\u0441\u043d\u044b\u0435 \u043e\u043a\u0440\u0443\u0433\u043b\u044b\u0435 \u0444\u043e\u0440\u043c\u044b \u0438 \u043f\u043e\u043b\u0438\u0440\u043e\u0432\u0430\u043d\u043d\u044b\u0435 \u043f\u043e\u0432\u0435\u0440\u0445\u043d\u043e\u0441\u0442\u0438;<br \/>\n&#8211; \u0417\u0430\u0449\u0438\u0442\u043d\u0430\u044f \u043d\u0430\u043a\u043b\u0430\u0434\u043a\u0430-\u0433\u0440\u044b\u0437\u0443\u043d\u043e\u043a \u043d\u0430 \u0432\u0435\u0440\u0445\u043d\u0435\u0439 \u0447\u0430\u0441\u0442\u0438 \u0431\u043e\u043a\u043e\u0432\u0438\u043d, \u043a\u043e\u0442\u043e\u0440\u0430\u044f \u0437\u0430\u0449\u0438\u0449\u0430\u0435\u0442 \u0434\u0435\u0441\u043d\u0430 \u0440\u0435\u0431\u0435\u043d\u043a\u0430;<br \/>\n&#8211; \u0414\u043d\u043e \u043a\u0440\u043e\u0432\u0430\u0442\u043a\u0438 \u0438\u0437\u0433\u043e\u0442\u043e\u0432\u043b\u0435\u043d\u043e \u0438\u0437 \u043e\u0440\u0442\u043e\u043f\u0435\u0434\u0438\u0447\u0435\u0441\u043a\u0438\u0445 \u043b\u0430\u043c\u0435\u043b\u0435\u0439, \u043a\u043e\u0442\u043e\u0440\u044b\u0435 \u043e\u0431\u0435\u0441\u043f\u0435\u0447\u0438\u0432\u0430\u044e\u0442 \u0434\u043e\u0441\u0442\u0430\u0442\u043e\u0447\u043d\u0443\u044e \u0432\u0435\u043d\u0442\u0438\u043b\u044f\u0446\u0438\u044e \u043c\u0430\u0442\u0440\u0430\u0441\u0438\u043a\u0430 \u0438 \u043f\u043e\u0441\u0442\u0435\u043b\u044c\u043d\u043e\u0433\u043e \u0431\u0435\u043b\u044c\u044f;<br \/>\n&#8211; \u0412\u043e\u0437\u043c\u043e\u0436\u043d\u043e\u0441\u0442\u044c \u0442\u0440\u0430\u043d\u0441\u0444\u043e\u0440\u043c\u0430\u0446\u0438\u0438 \u043a\u0440\u043e\u0432\u0430\u0442\u043a\u0438 \u0432 \u0434\u0435\u0442\u0441\u043a\u0438\u0439 \u0434\u0438\u0432\u0430\u043d\u0447\u0438\u043a;<br \/>\n&#8211; \u0411\u0435\u0437 \u043c\u0430\u044f\u0442\u043d\u0438\u043a\u0430;<br \/>\n&#8211; \u0411\u0435\u0437 \u044f\u0449\u0438\u043a\u0430;<br \/>\n&#8211; \u041a\u043e\u043b\u0451\u0441\u0430 \u0432 \u043a\u043e\u043c\u043f\u043b\u0435\u043a\u0442 \u043d\u0435 \u0432\u0445\u043e\u0434\u044f\u0442;<br \/>\n&#8211; \u041c\u0430\u0442\u0435\u0440\u0438\u0430\u043b\u044b: \u0434\u0435\u0440\u0435\u0432\u043e \/ \u0411\u0423\u041a (\u0421\u0435\u0440\u0442\u0438\u0444\u0438\u043a\u0430\u0442 \u00ab\u042d\u043a\u043e\u043b\u043e\u0433\u0438\u0447\u0435\u0441\u043a\u0438 \u0447\u0438\u0441\u0442\u044b\u0439 \u043f\u0440\u043e\u0434\u0443\u043a\u0442\u00bb);<br \/>\n\u041b\u0430\u043a\u0438 \u0438 \u043a\u0440\u0430\u0441\u043a\u0438 \u043d\u0430 \u0432\u043e\u0434\u043d\u043e\u0439 \u043e\u0441\u043d\u043e\u0432\u0435; \u043d\u0430\u043a\u043b\u0430\u0434\u043a\u0430-\u0433\u0440\u044b\u0437\u0443\u043d\u043e\u043a &#8211; \u0438\u0437\u0433\u043e\u0442\u043e\u0432\u043b\u0435\u043d\u0430 \u0438\u0437 \u043f\u0438\u0449\u0435\u0432\u043e\u0433\u043e \u043f\u043b\u0430\u0441\u0442\u0438\u043a\u0430;<br \/>\n&#8211; \u0420\u0430\u0437\u043c\u0435\u0440\u044b: 120 \u0445 60 \u0441\u043c.;<br \/>\n&#8211; \u0426\u0435\u043d\u0430 \u0443\u043a\u0430\u0437\u0430\u043d\u0430 \u0431\u0435\u0437 \u0441\u0442\u043e\u0438\u043c\u043e\u0441\u0442\u0438 \u043c\u0430\u0442\u0440\u0430\u0441\u0430;<br \/>\n&#8211; \u041f\u0440\u043e\u0438\u0437\u0432\u043e\u0434\u0438\u0442\u0435\u043b\u044c: Veres (\u0423\u043a\u0440\u0430\u0438\u043d\u0430).[trim][:ro_RO]Baza pentru saltea cu dou\u0103 niveluri de reglare a \u00een\u0103l\u021bimii;<br \/>\n&#8211; Perete lateral mobil;<br \/>\n&#8211; Mecanism de \u00eencredere pentru cobor\u00e2rea p\u0103r\u021bii laterale;<br \/>\n&#8211; Toate p\u0103r\u021bile patului au o form\u0103 rotunjit\u0103 sigur\u0103 \u0219i o suprafa\u021b\u0103 lustruit\u0103;<br \/>\n&#8211; C\u0103ptu\u0219eale din plastic pe p\u0103r\u021bile laterale protejeaz\u0103 gingiile copilului;<br \/>\n&#8211; Partea inferioar\u0103 a p\u0103tu\u021bului este realizat\u0103 din lamele ortopedice, care asigur\u0103 o ventila\u021bie adecvat\u0103 pentru saltea \u0219i a\u0219ternut;<br \/>\n&#8211; Capacitatea de a transforma patutul \u00eentr-o canapea pentru copii;<br \/>\n&#8211; F\u0103r\u0103 pendul;<br \/>\n&#8211; F\u0103r\u0103 sertar;<br \/>\n&#8211; Ro\u021bile nu sunt incluse;<br \/>\n&#8211; Materiale: lemn-fag (Certificat &#8220;Produs ecologic&#8221;); Lacuri \u0219i vopsele pe baz\u0103 de ap\u0103 cu ad\u0103ugarea de ioni de argint; C\u0103ptu\u0219eale pe p\u0103r\u021bile laterale &#8211; din plastic alimentar;<br \/>\n&#8211; Dimensiuni: 120 x 60 cm.<br \/>\n&#8211; Pre\u021bul este f\u0103r\u0103 costul unei saltele.<br \/>\n&#8211; Produc\u0103tor: Veres (Ucraina).<\/p>\n","protected":false},"excerpt":{"rendered":"<p>[:ru_RU]\u041e\u0441\u043d\u043e\u0432\u0430\u043d\u0438\u0435 \u0434\u043b\u044f \u043c\u0430\u0442\u0440\u0430\u0441\u0430 \u0441 \u0434\u0432\u0443\u043c\u044f \u0443\u0440\u043e\u0432\u043d\u044f\u043c\u0438 \u0440\u0435\u0433\u0443\u043b\u0438\u0440\u043e\u0432\u0430\u043d\u0438\u044f \u043f\u043e \u0432\u044b\u0441\u043e\u0442\u0435; &#8211; \u041f\u043e\u0434\u0432\u0438\u0436\u043d\u0430\u044f \u0431\u043e\u043a\u043e\u0432\u0438\u043d\u0430; &#8211; \u041d\u0430\u0434\u0435\u0436\u043d\u044b\u0439 \u043c\u0435\u0445\u0430\u043d\u0438\u0437\u043c \u043e\u043f\u0443\u0441\u043a\u0430\u043d\u0438\u044f \u0431\u043e\u0440\u0442\u0438\u043a\u0430; &#8211; \u0412\u0441\u0435 \u0434\u0435\u0442\u0430\u043b\u0438 \u043a\u0440\u043e\u0432\u0430\u0442\u043a\u0438 \u0438\u043c\u0435\u044e\u0442 \u0431\u0435\u0437\u043e\u043f\u0430\u0441\u043d\u044b\u0435 \u043e\u043a\u0440\u0443\u0433\u043b\u044b\u0435 \u0444\u043e\u0440\u043c\u044b \u0438 \u043f\u043e\u043b\u0438\u0440\u043e\u0432\u0430\u043d\u043d\u044b\u0435 \u043f\u043e\u0432\u0435\u0440\u0445\u043d\u043e\u0441\u0442\u0438; &#8211; \u0417\u0430\u0449\u0438\u0442\u043d\u0430\u044f \u043d\u0430\u043a\u043b\u0430\u0434\u043a\u0430-\u0433\u0440\u044b\u0437\u0443\u043d\u043e\u043a \u043d\u0430 \u0432\u0435\u0440\u0445\u043d\u0435\u0439 \u0447\u0430\u0441\u0442\u0438 \u0431\u043e\u043a\u043e\u0432\u0438\u043d, \u043a\u043e\u0442\u043e\u0440\u0430\u044f \u0437\u0430\u0449\u0438\u0449\u0430\u0435\u0442 \u0434\u0435\u0441\u043d\u0430 \u0440\u0435\u0431\u0435\u043d\u043a\u0430; &#8211; \u0414\u043d\u043e \u043a\u0440\u043e\u0432\u0430\u0442\u043a\u0438 \u0438\u0437\u0433\u043e\u0442\u043e\u0432\u043b\u0435\u043d\u043e \u0438\u0437 \u043e\u0440\u0442\u043e\u043f\u0435\u0434\u0438\u0447\u0435\u0441\u043a\u0438\u0445 \u043b\u0430\u043c\u0435\u043b\u0435\u0439, \u043a\u043e\u0442\u043e\u0440\u044b\u0435 \u043e\u0431\u0435\u0441\u043f\u0435\u0447\u0438\u0432\u0430\u044e\u0442 \u0434\u043e\u0441\u0442\u0430\u0442\u043e\u0447\u043d\u0443\u044e \u0432\u0435\u043d\u0442\u0438\u043b\u044f\u0446\u0438\u044e \u043c\u0430\u0442\u0440\u0430\u0441\u0438\u043a\u0430 \u0438 \u043f\u043e\u0441\u0442\u0435\u043b\u044c\u043d\u043e\u0433\u043e \u0431\u0435\u043b\u044c\u044f; &#8211; [&hellip;]<\/p>\n","protected":false},"featured_media":41226,"comment_status":"open","ping_status":"closed","template":"","meta":{"_acf_changed":false},"product_brand":[],"product_cat":[6796],"product_tag":[],"class_list":{"0":"post-41227","1":"product","2":"type-product","3":"status-publish","4":"has-post-thumbnail","6":"product_cat-ru_ru-krovatki-trim-ro_ro-p","8":"first","9":"instock","10":"shipping-taxable","11":"purchasable","12":"product-type-simple"},"acf":[],"_links":{"self":[{"href":"https:\/\/minimax.md\/ru\/wp-json\/wp\/v2\/product\/41227","targetHints":{"allow":["GET"]}}],"collection":[{"href":"https:\/\/minimax.md\/ru\/wp-json\/wp\/v2\/product"}],"about":[{"href":"https:\/\/minimax.md\/ru\/wp-json\/wp\/v2\/types\/product"}],"replies":[{"embeddable":true,"href":"https:\/\/minimax.md\/ru\/wp-json\/wp\/v2\/comments?post=41227"}],"version-history":[{"count":0,"href":"https:\/\/minimax.md\/ru\/wp-json\/wp\/v2\/product\/41227\/revisions"}],"wp:featuredmedia":[{"embeddable":true,"href":"https:\/\/minimax.md\/ru\/wp-json\/wp\/v2\/media\/41226"}],"wp:attachment":[{"href":"https:\/\/minimax.md\/ru\/wp-json\/wp\/v2\/media?parent=41227"}],"wp:term":[{"taxonomy":"product_brand","embeddable":true,"href":"https:\/\/minimax.md\/ru\/wp-json\/wp\/v2\/product_brand?post=41227"},{"taxonomy":"product_cat","embeddable":true,"href":"https:\/\/minimax.md\/ru\/wp-json\/wp\/v2\/product_cat?post=41227"},{"taxonomy":"product_tag","embeddable":true,"href":"https:\/\/minimax.md\/ru\/wp-json\/wp\/v2\/product_tag?post=41227"}],"curies":[{"name":"wp","href":"https:\/\/api.w.org\/{rel}","templated":true}]}}