{"id":41250,"date":"2023-11-28T13:07:56","date_gmt":"2023-11-28T10:07:56","guid":{"rendered":"https:\/\/minimax.md\/product\/41250.html"},"modified":"2023-11-29T22:04:32","modified_gmt":"2023-11-29T19:04:32","slug":"ru_ru-essa-toys-nastolnaja-igra-futbol-trim-ro_ro-essa-toys-joc-de-mas-fotbal-2","status":"publish","type":"product","link":"https:\/\/minimax.md\/ru\/product\/41250.html","title":{"rendered":"Essa Toys \u041d\u0430\u0441\u0442\u043e\u043b\u044c\u043d\u0430\u044f \u0438\u0433\u0440\u0430 \u0424\u0443\u0442\u0431\u043e\u043b"},"content":{"rendered":"<p>[:ru_RU]\u0420\u0430\u0437\u043c\u0435\u0440 \u0442\u043e\u0432\u0430\u0440\u0430\t9 \u00d7 51 \u00d7 31 cm<br \/>\n\u0412\u043e\u0437\u0440\u0430\u0441\u0442\u043d\u0430\u044f \u0413\u0440\u0443\u043f\u043f\u0430\t3-6 \u043b\u0435\u0442<br \/>\n\u0420\u0430\u0437\u043c\u0435\u0440 \u043a\u043e\u0440\u043e\u0431\u043a\u0438\t 51 x 31 x 8 cm[trim][:ro_RO]Dimensiune Produs 9 \u00d7 51 \u00d7 31 cm<br \/>\nGrupa De V\u00e2rst\u0103\t3-6 ani<br \/>\nDimensiune Ambalaj\t51 x 31 x 8 cm<\/p>\n","protected":false},"excerpt":{"rendered":"<p>[:ru_RU]\u0420\u0430\u0437\u043c\u0435\u0440 \u0442\u043e\u0432\u0430\u0440\u0430 9 \u00d7 51 \u00d7 31 cm \u0412\u043e\u0437\u0440\u0430\u0441\u0442\u043d\u0430\u044f \u0413\u0440\u0443\u043f\u043f\u0430 3-6 \u043b\u0435\u0442 \u0420\u0430\u0437\u043c\u0435\u0440 \u043a\u043e\u0440\u043e\u0431\u043a\u0438 51 x 31 x 8 cm[trim][:ro_RO]Dimensiune Produs 9 \u00d7 51 \u00d7 31 cm Grupa De V\u00e2rst\u0103 3-6 ani Dimensiune Ambalaj 51 x 31 x 8 cm<\/p>\n","protected":false},"featured_media":41247,"comment_status":"open","ping_status":"closed","template":"","meta":{"_acf_changed":false},"product_brand":[],"product_cat":[6694],"product_tag":[],"class_list":{"0":"post-41250","1":"product","2":"type-product","3":"status-publish","4":"has-post-thumbnail","6":"product_cat-ru_ru-sportivnye-trim-ro_ro","8":"first","9":"instock","10":"shipping-taxable","11":"purchasable","12":"product-type-simple"},"acf":[],"_links":{"self":[{"href":"https:\/\/minimax.md\/ru\/wp-json\/wp\/v2\/product\/41250","targetHints":{"allow":["GET"]}}],"collection":[{"href":"https:\/\/minimax.md\/ru\/wp-json\/wp\/v2\/product"}],"about":[{"href":"https:\/\/minimax.md\/ru\/wp-json\/wp\/v2\/types\/product"}],"replies":[{"embeddable":true,"href":"https:\/\/minimax.md\/ru\/wp-json\/wp\/v2\/comments?post=41250"}],"version-history":[{"count":0,"href":"https:\/\/minimax.md\/ru\/wp-json\/wp\/v2\/product\/41250\/revisions"}],"wp:featuredmedia":[{"embeddable":true,"href":"https:\/\/minimax.md\/ru\/wp-json\/wp\/v2\/media\/41247"}],"wp:attachment":[{"href":"https:\/\/minimax.md\/ru\/wp-json\/wp\/v2\/media?parent=41250"}],"wp:term":[{"taxonomy":"product_brand","embeddable":true,"href":"https:\/\/minimax.md\/ru\/wp-json\/wp\/v2\/product_brand?post=41250"},{"taxonomy":"product_cat","embeddable":true,"href":"https:\/\/minimax.md\/ru\/wp-json\/wp\/v2\/product_cat?post=41250"},{"taxonomy":"product_tag","embeddable":true,"href":"https:\/\/minimax.md\/ru\/wp-json\/wp\/v2\/product_tag?post=41250"}],"curies":[{"name":"wp","href":"https:\/\/api.w.org\/{rel}","templated":true}]}}