{"id":41260,"date":"2023-11-28T13:07:59","date_gmt":"2023-11-28T10:07:59","guid":{"rendered":"https:\/\/minimax.md\/product\/41260.html"},"modified":"2023-11-28T13:29:44","modified_gmt":"2023-11-28T10:29:44","slug":"ru_ru-cam-baldahin-k-krovatke-cullami-trim-ro_ro-cam-baldahin-pentru-p-tuc-cullami","status":"publish","type":"product","link":"https:\/\/minimax.md\/ru\/product\/41260.html","title":{"rendered":"Cam \u0411\u0430\u043b\u0434\u0430\u0445\u0438\u043d \u043a \u043a\u0440\u043e\u0432\u0430\u0442\u043a\u0435 Cullami"},"content":{"rendered":"<p>[:ru_RU]\u0412\u043e\u0437\u0440\u0430\u0441\u0442: \u0441 \u0440\u043e\u0436\u0434\u0435\u043d\u0438\u044f<br \/>\n\u041e\u043f\u0438\u0441\u0430\u043d\u0438\u0435: \u0431\u043e\u043b\u044c\u0448\u043e\u0439 \u0431\u0430\u043b\u0434\u0430\u0445\u0438\u043d, \u0437\u0430\u0449\u0438\u0449\u0430\u0435\u0442 \u043e\u0442 \u043d\u0430\u0441\u0435\u043a\u043e\u043c\u044b\u0445 \u0438 \u043f\u044b\u043b\u0438.<br \/>\n\u0420\u0443\u0447\u043d\u0430\u044f \u0438\u043b\u0438 \u043c\u0430\u0448\u0438\u043d\u043d\u0430\u044f \u0441\u0442\u0438\u0440\u043a\u0430 \u043f\u0440\u0438 30\u0421.<br \/>\n\u0420\u0430\u0437\u043c\u0435\u0440\u044b \u0443\u043f\u0430\u043a\u043e\u0432\u043a\u0438: \u0428 33 \u2013 \u0414 5 \u2013 \u0412 18 \u0441\u043c. \u0432\u0435\u0441: 0,5 \u043a\u0433.[trim][:ro_RO]V\u00e2rst\u0103: de la na\u0219tere<br \/>\nDescriere: baldachin mare, protejeaz\u0103 \u00eempotriva insectelor \u0219i a prafului.<br \/>\nM\u00e2n\u0103 sau lavabil\u0103 la ma\u0219in\u0103 la 30 \u00b0 C.<br \/>\nDimensiunile ambalajului: 33x 5 x18 cm. \/ Greutate: 0,5 kg.<\/p>\n","protected":false},"excerpt":{"rendered":"<p>[:ru_RU]\u0412\u043e\u0437\u0440\u0430\u0441\u0442: \u0441 \u0440\u043e\u0436\u0434\u0435\u043d\u0438\u044f \u041e\u043f\u0438\u0441\u0430\u043d\u0438\u0435: \u0431\u043e\u043b\u044c\u0448\u043e\u0439 \u0431\u0430\u043b\u0434\u0430\u0445\u0438\u043d, \u0437\u0430\u0449\u0438\u0449\u0430\u0435\u0442 \u043e\u0442 \u043d\u0430\u0441\u0435\u043a\u043e\u043c\u044b\u0445 \u0438 \u043f\u044b\u043b\u0438. \u0420\u0443\u0447\u043d\u0430\u044f \u0438\u043b\u0438 \u043c\u0430\u0448\u0438\u043d\u043d\u0430\u044f \u0441\u0442\u0438\u0440\u043a\u0430 \u043f\u0440\u0438 30\u0421. \u0420\u0430\u0437\u043c\u0435\u0440\u044b \u0443\u043f\u0430\u043a\u043e\u0432\u043a\u0438: \u0428 33 \u2013 \u0414 5 \u2013 \u0412 18 \u0441\u043c. \u0432\u0435\u0441: 0,5 \u043a\u0433.[trim][:ro_RO]V\u00e2rst\u0103: de la na\u0219tere Descriere: baldachin mare, protejeaz\u0103 \u00eempotriva insectelor \u0219i a prafului. M\u00e2n\u0103 sau lavabil\u0103 la ma\u0219in\u0103 la 30 \u00b0 C. Dimensiunile ambalajului: 33x [&hellip;]<\/p>\n","protected":false},"featured_media":41258,"comment_status":"open","ping_status":"closed","template":"","meta":{"_acf_changed":false},"product_brand":[],"product_cat":[6778],"product_tag":[],"class_list":{"0":"post-41260","1":"product","2":"type-product","3":"status-publish","4":"has-post-thumbnail","6":"product_cat-ru_ru-komplekty-dlja-krovat","8":"first","9":"instock","10":"shipping-taxable","11":"purchasable","12":"product-type-simple"},"acf":[],"_links":{"self":[{"href":"https:\/\/minimax.md\/ru\/wp-json\/wp\/v2\/product\/41260","targetHints":{"allow":["GET"]}}],"collection":[{"href":"https:\/\/minimax.md\/ru\/wp-json\/wp\/v2\/product"}],"about":[{"href":"https:\/\/minimax.md\/ru\/wp-json\/wp\/v2\/types\/product"}],"replies":[{"embeddable":true,"href":"https:\/\/minimax.md\/ru\/wp-json\/wp\/v2\/comments?post=41260"}],"version-history":[{"count":0,"href":"https:\/\/minimax.md\/ru\/wp-json\/wp\/v2\/product\/41260\/revisions"}],"wp:featuredmedia":[{"embeddable":true,"href":"https:\/\/minimax.md\/ru\/wp-json\/wp\/v2\/media\/41258"}],"wp:attachment":[{"href":"https:\/\/minimax.md\/ru\/wp-json\/wp\/v2\/media?parent=41260"}],"wp:term":[{"taxonomy":"product_brand","embeddable":true,"href":"https:\/\/minimax.md\/ru\/wp-json\/wp\/v2\/product_brand?post=41260"},{"taxonomy":"product_cat","embeddable":true,"href":"https:\/\/minimax.md\/ru\/wp-json\/wp\/v2\/product_cat?post=41260"},{"taxonomy":"product_tag","embeddable":true,"href":"https:\/\/minimax.md\/ru\/wp-json\/wp\/v2\/product_tag?post=41260"}],"curies":[{"name":"wp","href":"https:\/\/api.w.org\/{rel}","templated":true}]}}