{"id":41270,"date":"2023-11-28T13:08:02","date_gmt":"2023-11-28T10:08:02","guid":{"rendered":"https:\/\/minimax.md\/product\/41270.html"},"modified":"2023-11-28T13:29:44","modified_gmt":"2023-11-28T10:29:44","slug":"ru_ru-veres-baldahin-universalnyj-trim-ro_ro-veres-baldahin-pentru-p-tuc-universal","status":"publish","type":"product","link":"https:\/\/minimax.md\/ru\/product\/41270.html","title":{"rendered":"Veres \u0411\u0430\u043b\u0434\u0430\u0445\u0438\u043d \u0443\u043d\u0438\u0432\u0435\u0440\u0441\u0430\u043b\u044c\u043d\u044b\u0439"},"content":{"rendered":"<p>[:ru_RU]\u0411\u0430\u043b\u0434\u0430\u0445\u0438\u043d \u0434\u043b\u044f \u0434\u0435\u0442\u0441\u043a\u043e\u0439 \u043a\u0440\u043e\u0432\u0430\u0442\u043a\u0435 \u044d\u0442\u043e \u043d\u0435 \u0442\u043e\u043b\u044c\u043a\u043e \u043a\u0440\u0430\u0441\u0438\u0432\u0430\u044f \u0441\u043a\u0430\u0437\u043e\u0447\u043d\u0430\u044f \u0430\u0442\u043c\u043e\u0441\u0444\u0435\u0440\u0430, \u043d\u043e \u0438 \u0437\u0430\u0449\u0438\u0442\u0430 \u0440\u0435\u0431\u0435\u043d\u043e\u0447\u043a\u0430 \u043e\u0442 \u043c\u0443\u0445 \u0438 \u043a\u043e\u043c\u0430\u0440\u043e\u0432, \u044f\u0440\u043a\u043e\u0433\u043e \u0441\u0432\u0435\u0442\u0430, \u043f\u044b\u043b\u0438 \u0438 \u043f\u043e\u0441\u0442\u043e\u0440\u043e\u043d\u043d\u0435\u0433\u043e \u0432\u043d\u0438\u043c\u0430\u043d\u0438\u044f, \u044d\u0442\u043e \u0434\u043e\u043f\u043e\u043b\u043d\u0438\u0442\u0435\u043b\u044c\u043d\u044b\u0439 \u0443\u044e\u0442 \u0434\u043b\u044f \u0441\u043f\u043e\u043a\u043e\u0439\u043d\u043e\u0433\u043e \u0441\u043d\u0430 \u0438 \u0440\u0430\u0437\u0432\u0438\u0442\u0438\u044f \u043c\u0430\u043b\u044b\u0448\u0430.<br \/>\n\u041c\u0430\u0442\u0435\u0440\u0438\u0430\u043b: \u0444\u0430\u0442\u0438\u043d, \u0441\u043e \u0432\u0441\u0442\u0430\u0432\u043a\u043e\u0439 \u0438\u0437 \u0445\u043b\u043e\u043f\u043a\u043e\u0432\u044b\u0445 \u0442\u043a\u0430\u043d\u0435\u0439;<br \/>\n\u0426\u0432\u0435\u0442: \u0431\u0435\u043b\u044b\u0439;<br \/>\n\u0420\u0430\u0437\u043c\u0435\u0440: 180\u0445500 \u0441\u043c.[trim][:ro_RO]Baldachinul pentru pat este nu numai o atmosfer\u0103 frumoas\u0103 fabuloas\u0103, ci \u0219i protec\u021bia copilului de mu\u0219te \u0219i \u021b\u00e2n\u021bari, lumin\u0103 str\u0103lucitoare, praf \u0219i aten\u021bie str\u0103in\u0103, este un confort suplimentar pentru un somn odihnitor \u0219i dezvoltarea copilului.<br \/>\nMaterial: tul, cu inser\u021bie din \u021bes\u0103turi din bumbac;<br \/>\nCuloare: alb;<br \/>\nDimensiune: 180&#215;500 cm.<\/p>\n","protected":false},"excerpt":{"rendered":"<p>[:ru_RU]\u0411\u0430\u043b\u0434\u0430\u0445\u0438\u043d \u0434\u043b\u044f \u0434\u0435\u0442\u0441\u043a\u043e\u0439 \u043a\u0440\u043e\u0432\u0430\u0442\u043a\u0435 \u044d\u0442\u043e \u043d\u0435 \u0442\u043e\u043b\u044c\u043a\u043e \u043a\u0440\u0430\u0441\u0438\u0432\u0430\u044f \u0441\u043a\u0430\u0437\u043e\u0447\u043d\u0430\u044f \u0430\u0442\u043c\u043e\u0441\u0444\u0435\u0440\u0430, \u043d\u043e \u0438 \u0437\u0430\u0449\u0438\u0442\u0430 \u0440\u0435\u0431\u0435\u043d\u043e\u0447\u043a\u0430 \u043e\u0442 \u043c\u0443\u0445 \u0438 \u043a\u043e\u043c\u0430\u0440\u043e\u0432, \u044f\u0440\u043a\u043e\u0433\u043e \u0441\u0432\u0435\u0442\u0430, \u043f\u044b\u043b\u0438 \u0438 \u043f\u043e\u0441\u0442\u043e\u0440\u043e\u043d\u043d\u0435\u0433\u043e \u0432\u043d\u0438\u043c\u0430\u043d\u0438\u044f, \u044d\u0442\u043e \u0434\u043e\u043f\u043e\u043b\u043d\u0438\u0442\u0435\u043b\u044c\u043d\u044b\u0439 \u0443\u044e\u0442 \u0434\u043b\u044f \u0441\u043f\u043e\u043a\u043e\u0439\u043d\u043e\u0433\u043e \u0441\u043d\u0430 \u0438 \u0440\u0430\u0437\u0432\u0438\u0442\u0438\u044f \u043c\u0430\u043b\u044b\u0448\u0430. \u041c\u0430\u0442\u0435\u0440\u0438\u0430\u043b: \u0444\u0430\u0442\u0438\u043d, \u0441\u043e \u0432\u0441\u0442\u0430\u0432\u043a\u043e\u0439 \u0438\u0437 \u0445\u043b\u043e\u043f\u043a\u043e\u0432\u044b\u0445 \u0442\u043a\u0430\u043d\u0435\u0439; \u0426\u0432\u0435\u0442: \u0431\u0435\u043b\u044b\u0439; \u0420\u0430\u0437\u043c\u0435\u0440: 180\u0445500 \u0441\u043c.[trim][:ro_RO]Baldachinul pentru pat este nu numai o atmosfer\u0103 frumoas\u0103 fabuloas\u0103, ci [&hellip;]<\/p>\n","protected":false},"featured_media":41268,"comment_status":"open","ping_status":"closed","template":"","meta":{"_acf_changed":false},"product_brand":[],"product_cat":[6778],"product_tag":[],"class_list":{"0":"post-41270","1":"product","2":"type-product","3":"status-publish","4":"has-post-thumbnail","6":"product_cat-ru_ru-komplekty-dlja-krovat","8":"first","9":"instock","10":"shipping-taxable","11":"purchasable","12":"product-type-simple"},"acf":[],"_links":{"self":[{"href":"https:\/\/minimax.md\/ru\/wp-json\/wp\/v2\/product\/41270","targetHints":{"allow":["GET"]}}],"collection":[{"href":"https:\/\/minimax.md\/ru\/wp-json\/wp\/v2\/product"}],"about":[{"href":"https:\/\/minimax.md\/ru\/wp-json\/wp\/v2\/types\/product"}],"replies":[{"embeddable":true,"href":"https:\/\/minimax.md\/ru\/wp-json\/wp\/v2\/comments?post=41270"}],"version-history":[{"count":0,"href":"https:\/\/minimax.md\/ru\/wp-json\/wp\/v2\/product\/41270\/revisions"}],"wp:featuredmedia":[{"embeddable":true,"href":"https:\/\/minimax.md\/ru\/wp-json\/wp\/v2\/media\/41268"}],"wp:attachment":[{"href":"https:\/\/minimax.md\/ru\/wp-json\/wp\/v2\/media?parent=41270"}],"wp:term":[{"taxonomy":"product_brand","embeddable":true,"href":"https:\/\/minimax.md\/ru\/wp-json\/wp\/v2\/product_brand?post=41270"},{"taxonomy":"product_cat","embeddable":true,"href":"https:\/\/minimax.md\/ru\/wp-json\/wp\/v2\/product_cat?post=41270"},{"taxonomy":"product_tag","embeddable":true,"href":"https:\/\/minimax.md\/ru\/wp-json\/wp\/v2\/product_tag?post=41270"}],"curies":[{"name":"wp","href":"https:\/\/api.w.org\/{rel}","templated":true}]}}