{"id":41272,"date":"2023-11-28T13:08:02","date_gmt":"2023-11-28T10:08:02","guid":{"rendered":"https:\/\/minimax.md\/product\/41272.html"},"modified":"2023-11-28T13:29:44","modified_gmt":"2023-11-28T10:29:44","slug":"ru_ru-veres-komplekt-dlja-krovatki-lama-6-shtk-trim-ro_ro-veres-set-pentru-pat-lana-6-buc","status":"publish","type":"product","link":"https:\/\/minimax.md\/ru\/product\/41272.html","title":{"rendered":"Veres \u041a\u043e\u043c\u043f\u043b\u0435\u043a\u0442 \u0434\u043b\u044f \u043a\u0440\u043e\u0432\u0430\u0442\u043a\u0438 \u041b\u0430\u043c\u0430, 6 \u0448\u0442\u043a"},"content":{"rendered":"<p>[:ru_RU]\u041f\u0440\u043e\u0438\u0437\u0432\u043e\u0434\u0438\u0442\u0435\u043b\u044c: \u041a\u043e\u043c\u043f\u0430\u043d\u0438\u044f \u00ab\u0412\u0435\u0440\u0435\u0441\u00bb (\u0423\u043a\u0440\u0430\u0438\u043d\u0430)<br \/>\n\u041d\u0430\u043f\u043e\u043b\u043d\u0438\u0442\u0435\u043b\u044c: \u043e\u0434\u0435\u044f\u043b\u043e \u0438 \u043f\u043e\u0434\u0443\u0448\u043a\u0430 \u2014Soft fiber (\u0430\u043d\u0442\u0438\u0430\u043b\u043b\u0435\u0440\u0433\u0435\u043d\u043d\u043e\u0435 \u0432\u043e\u043b\u043e\u043a\u043d\u043e); \u0437\u0430\u0449\u0438\u0442\u0430 \u2014 \u0445\u043e\u043b\u043b\u043e\u0444\u0430\u0439\u0431\u0435\u0440<br \/>\n\u041c\u0430\u0442\u0435\u0440\u0438\u0430\u043b:  \u0440\u0430\u043d\u0444\u043e\u0440\u043d\u0441, \u0431\u044f\u0437\u044c, \u043f\u043e\u043f\u043b\u0438\u043d (100% \u0445\u043b\u043e\u043f\u043e\u043a)<br \/>\n\u0412 \u043a\u043e\u043c\u043f\u043b\u0435\u043a\u0442 \u043f\u043e\u0441\u0442\u0435\u043b\u0438 \u0432\u0445\u043e\u0434\u0438\u0442:<br \/>\n\u2014 \u0417\u0430\u0449\u0438\u0442\u0430 \u043d\u0430 \u0432\u0441\u044e \u043a\u0440\u043e\u0432\u0430\u0442\u043a\u0443 \u043d\u0430 \u043c\u043e\u043b\u043d\u0438\u0438;<br \/>\n\u2014 \u041e\u0434\u0435\u044f\u043b\u043e 130*100 \u0441\u043c.;<br \/>\n\u2014 \u041f\u043e\u0434\u043e\u0434\u0435\u044f\u043b\u044c\u043d\u0438\u043a 130*100 \u0441\u043c.;<br \/>\n\u2014 \u041f\u043e\u0434\u0443\u0448\u0435\u0447\u043a\u0430 45*35 \u0441\u043c.;<br \/>\n\u2014 \u041d\u0430\u0432\u043e\u043b\u043e\u0447\u043a\u0430 45*35 \u0441\u043c.;<br \/>\n\u2014 \u041f\u0440\u043e\u0441\u0442\u044b\u043d\u043a\u0430 \u043d\u0430 \u0440\u0435\u0437\u0438\u043d\u043a\u0435 (\u0434\u043b\u044f \u043c\u0430\u0442\u0440\u0430\u0441\u0430 120*60 \u0441\u043c);<br \/>\n\u0421\u0432\u043e\u0439\u0441\u0442\u0432\u0430:<br \/>\n\u2014 \u041d\u0435 \u0432\u044b\u0437\u044b\u0432\u0430\u0435\u0442 \u0430\u043b\u043b\u0435\u0440\u0433\u0438\u0438;<br \/>\n\u2014 \u041c\u044f\u0433\u043a\u043e\u0435 \u0438 \u043f\u0440\u0438\u044f\u0442\u043d\u043e\u0435 \u043d\u0430 \u043e\u0449\u0443\u043f\u044c;<br \/>\n\u2014 \u0425\u043e\u0440\u043e\u0448\u043e \u0441\u043e\u0433\u0440\u0435\u0432\u0430\u0435\u0442 \u0438 \u0441\u043e\u0445\u0440\u0430\u043d\u044f\u0435\u0442 \u0442\u0435\u043f\u043b\u043e;<br \/>\n\u2014 \u041e\u0431\u043b\u0430\u0434\u0430\u0435\u0442 \u0433\u0438\u0433\u0440\u043e\u0441\u043a\u043e\u043f\u0438\u0447\u043d\u044b\u043c\u0438 \u0438 \u0432\u043e\u0437\u0434\u0443\u0445\u043e\u043f\u0440\u043e\u043d\u0438\u0446\u0430\u0435\u043c\u044b\u043c\u0438 \u0441\u0432\u043e\u0439\u0441\u0442\u0432\u0430\u043c\u0438;<br \/>\n\u2014 \u041e\u0442\u043b\u0438\u0447\u0430\u0435\u0442\u0441\u044f \u043f\u043e\u0432\u044b\u0448\u0435\u043d\u043d\u043e\u0439 \u043f\u0440\u043e\u0447\u043d\u043e\u0441\u0442\u044c\u044e;<br \/>\n\u2014 \u041d\u0435 \u043b\u0438\u043d\u044f\u0435\u0442;<br \/>\n\u2014 \u0421\u043e\u043e\u0442\u0432\u0435\u0442\u0441\u0442\u0432\u0443\u0435\u0442 \u0432\u044b\u0441\u043e\u043a\u0438\u043c \u0435\u0432\u0440\u043e\u043f\u0435\u0439\u0441\u043a\u0438\u043c \u0442\u0440\u0435\u0431\u043e\u0432\u0430\u043d\u0438\u044f\u043c \u0432 \u043e\u0442\u043d\u043e\u0448\u0435\u043d\u0438\u0438 \u044d\u043a\u043e\u043b\u043e\u0433\u0438\u0447\u0435\u0441\u043a\u0438\u0445 \u0441\u0442\u0430\u043d\u0434\u0430\u0440\u0442\u043e\u0432.[trim][:ro_RO]Produc\u0103tor: Compania &#8220;Veres&#8221; (Ucraina)<br \/>\nUmplere: p\u0103tur\u0103 \u0219i pern\u0103 -Soft fiber (fibr\u0103 antialergic\u0103); acoperis &#8211; holofiber<br \/>\nMaterial: ranforns, calico, poplin (100% bumbac)<br \/>\nSetul de pat include:<br \/>\n&#8211; Protectie laterala cu fermoar;<br \/>\n&#8211; Plapuma: 130&#215;100 cm.<br \/>\n&#8211; Fata de plapuma:130&#215;100 cm.<br \/>\n&#8211; Perna 45&#215;35 cm.<br \/>\n&#8211; Ffata de perna: 45&#215;35 cm.<br \/>\n&#8211; Cearceaf cu elastic: (pentru saltea 120 * 60 cm).<br \/>\nCaracteristici:<br \/>\n&#8211; Nu provoac\u0103 alergii.<br \/>\n&#8211; Soft \u0219i pl\u0103cut la atingere.<br \/>\n&#8211; Bine \u00eenc\u0103lze\u0219te \u0219i re\u021bine c\u0103ldura.<br \/>\n&#8211; Are propriet\u0103\u021bi higroscopice \u0219i respirabile.<br \/>\n&#8211; Are rezisten\u021b\u0103 ridicat\u0103.<br \/>\n&#8211; Respect\u0103 cerin\u021bele europene \u00eenalte pentru standardele de mediu;<\/p>\n","protected":false},"excerpt":{"rendered":"<p>[:ru_RU]\u041f\u0440\u043e\u0438\u0437\u0432\u043e\u0434\u0438\u0442\u0435\u043b\u044c: \u041a\u043e\u043c\u043f\u0430\u043d\u0438\u044f \u00ab\u0412\u0435\u0440\u0435\u0441\u00bb (\u0423\u043a\u0440\u0430\u0438\u043d\u0430) \u041d\u0430\u043f\u043e\u043b\u043d\u0438\u0442\u0435\u043b\u044c: \u043e\u0434\u0435\u044f\u043b\u043e \u0438 \u043f\u043e\u0434\u0443\u0448\u043a\u0430 \u2014Soft fiber (\u0430\u043d\u0442\u0438\u0430\u043b\u043b\u0435\u0440\u0433\u0435\u043d\u043d\u043e\u0435 \u0432\u043e\u043b\u043e\u043a\u043d\u043e); \u0437\u0430\u0449\u0438\u0442\u0430 \u2014 \u0445\u043e\u043b\u043b\u043e\u0444\u0430\u0439\u0431\u0435\u0440 \u041c\u0430\u0442\u0435\u0440\u0438\u0430\u043b: \u0440\u0430\u043d\u0444\u043e\u0440\u043d\u0441, \u0431\u044f\u0437\u044c, \u043f\u043e\u043f\u043b\u0438\u043d (100% \u0445\u043b\u043e\u043f\u043e\u043a) \u0412 \u043a\u043e\u043c\u043f\u043b\u0435\u043a\u0442 \u043f\u043e\u0441\u0442\u0435\u043b\u0438 \u0432\u0445\u043e\u0434\u0438\u0442: \u2014 \u0417\u0430\u0449\u0438\u0442\u0430 \u043d\u0430 \u0432\u0441\u044e \u043a\u0440\u043e\u0432\u0430\u0442\u043a\u0443 \u043d\u0430 \u043c\u043e\u043b\u043d\u0438\u0438; \u2014 \u041e\u0434\u0435\u044f\u043b\u043e 130*100 \u0441\u043c.; \u2014 \u041f\u043e\u0434\u043e\u0434\u0435\u044f\u043b\u044c\u043d\u0438\u043a 130*100 \u0441\u043c.; \u2014 \u041f\u043e\u0434\u0443\u0448\u0435\u0447\u043a\u0430 45*35 \u0441\u043c.; \u2014 \u041d\u0430\u0432\u043e\u043b\u043e\u0447\u043a\u0430 45*35 \u0441\u043c.; \u2014 \u041f\u0440\u043e\u0441\u0442\u044b\u043d\u043a\u0430 \u043d\u0430 \u0440\u0435\u0437\u0438\u043d\u043a\u0435 (\u0434\u043b\u044f \u043c\u0430\u0442\u0440\u0430\u0441\u0430 120*60 [&hellip;]<\/p>\n","protected":false},"featured_media":41271,"comment_status":"open","ping_status":"closed","template":"","meta":{"_acf_changed":false},"product_brand":[],"product_cat":[6778],"product_tag":[],"class_list":{"0":"post-41272","1":"product","2":"type-product","3":"status-publish","4":"has-post-thumbnail","6":"product_cat-ru_ru-komplekty-dlja-krovat","8":"first","9":"instock","10":"shipping-taxable","11":"purchasable","12":"product-type-simple"},"acf":[],"_links":{"self":[{"href":"https:\/\/minimax.md\/ru\/wp-json\/wp\/v2\/product\/41272","targetHints":{"allow":["GET"]}}],"collection":[{"href":"https:\/\/minimax.md\/ru\/wp-json\/wp\/v2\/product"}],"about":[{"href":"https:\/\/minimax.md\/ru\/wp-json\/wp\/v2\/types\/product"}],"replies":[{"embeddable":true,"href":"https:\/\/minimax.md\/ru\/wp-json\/wp\/v2\/comments?post=41272"}],"version-history":[{"count":0,"href":"https:\/\/minimax.md\/ru\/wp-json\/wp\/v2\/product\/41272\/revisions"}],"wp:featuredmedia":[{"embeddable":true,"href":"https:\/\/minimax.md\/ru\/wp-json\/wp\/v2\/media\/41271"}],"wp:attachment":[{"href":"https:\/\/minimax.md\/ru\/wp-json\/wp\/v2\/media?parent=41272"}],"wp:term":[{"taxonomy":"product_brand","embeddable":true,"href":"https:\/\/minimax.md\/ru\/wp-json\/wp\/v2\/product_brand?post=41272"},{"taxonomy":"product_cat","embeddable":true,"href":"https:\/\/minimax.md\/ru\/wp-json\/wp\/v2\/product_cat?post=41272"},{"taxonomy":"product_tag","embeddable":true,"href":"https:\/\/minimax.md\/ru\/wp-json\/wp\/v2\/product_tag?post=41272"}],"curies":[{"name":"wp","href":"https:\/\/api.w.org\/{rel}","templated":true}]}}