{"id":41336,"date":"2023-11-28T13:08:15","date_gmt":"2023-11-28T10:08:15","guid":{"rendered":"https:\/\/minimax.md\/product\/41336.html"},"modified":"2024-03-13T00:18:12","modified_gmt":"2024-03-12T21:18:12","slug":"ru_ru-pilsan-kineticheskij-pesok-s-aksessuarami-500-gr-trim-ro_ro-pilsan-nisip-kinetic-cu-accesorii-500gr","status":"publish","type":"product","link":"https:\/\/minimax.md\/ru\/product\/41336.html","title":{"rendered":"Pilsan \u041a\u0438\u043d\u0435\u0442\u0438\u0447\u0435\u0441\u043a\u0438\u0439 \u043f\u0435\u0441\u043e\u043a \u0441 \u0430\u043a\u0441\u0435\u0441\u0441\u0443\u0430\u0440\u0430\u043c\u0438,500 \u0433\u0440"},"content":{"rendered":"<p>[:ru_RU]T\u0435\u0441\u0442\u043e \u0434\u043b\u044f \u043b\u0435\u043f\u043a\u0438 \u0438\u0434\u0435\u0430\u043b\u044c\u043d\u043e \u043f\u043e\u0434\u043e\u0439\u0434\u0435\u0442 \u0434\u043b\u044f \u0440\u0430\u0437\u0432\u0438\u0442\u0438\u044f \u0442\u0432\u043e\u0440\u0447\u0435\u0441\u043a\u0438\u0445 \u0441\u043f\u043e\u0441\u043e\u0431\u043d\u043e\u0441\u0442\u0435\u0439 \u0432\u0430\u0448\u0435\u0433\u043e \u043c\u0430\u043b\u044b\u0448\u0430. \u041c\u0430\u0441\u0441\u0430 \u043f\u0440\u0438\u044f\u0442\u043d\u0430 \u043d\u0430 \u043e\u0449\u0443\u043f\u044c, \u0438\u043c\u0435\u0435\u0442 \u0440\u0430\u0441\u0441\u044b\u043f\u0447\u0430\u0442\u0443\u044e \u043a\u043e\u043d\u0441\u0438\u0441\u0442\u0435\u043d\u0446\u0438\u044e \u0438 \u043f\u0440\u0438 \u044d\u0442\u043e\u043c \u043f\u0440\u0435\u043a\u0440\u0430\u0441\u043d\u043e \u0441\u043e\u0445\u0440\u0430\u043d\u044f\u0435\u0442 \u0444\u043e\u0440\u043c\u0443. \u041f\u0440\u0438\u044f\u0442\u043d\u044b\u043c \u0431\u043e\u043d\u0443\u0441\u043e\u043c \u0434\u043b\u044f \u0440\u043e\u0434\u0438\u0442\u0435\u043b\u0435\u0439 \u0431\u0443\u0434\u0435\u0442 \u0442\u043e\u0442 \u0444\u0430\u043a\u0442, \u0447\u0442\u043e \u0442\u0435\u0441\u0442\u043e \u043d\u0435 \u043e\u0441\u0442\u0430\u0432\u043b\u044f\u0435\u0442 \u0441\u043b\u0435\u0434\u043e\u0432 \u0438 \u043d\u0435 \u043f\u0430\u0447\u043a\u0430\u0435\u0442 \u043f\u043e\u0432\u0435\u0440\u0445\u043d\u043e\u0441\u0442\u0438. \u0412 \u043d\u0430\u0431\u043e\u0440 \u0432\u0445\u043e\u0434\u044f\u0442 \u0444\u043e\u0440\u043c\u043e\u0447\u043a\u0438 \u0438\u0437 \u044d\u043a\u043e\u043b\u043e\u0433\u0438\u0447\u0435\u0441\u043a\u0438 \u0447\u0438\u0441\u0442\u043e\u0433\u043e \u043f\u043b\u0430\u0441\u0442\u0438\u043a\u0430, \u0447\u0442\u043e \u043f\u0440\u0438\u0432\u043b\u0435\u0447\u0435\u0442 \u0432\u043d\u0438\u043c\u0430\u043d\u0438\u0435 \u043a\u0430\u043a \u0434\u0435\u0432\u043e\u0447\u0435\u043a, \u0442\u0430\u043a \u0438 \u043c\u0430\u043b\u044c\u0447\u0438\u043a\u043e\u0432. \u041f\u043e\u0434\u0430\u0440\u0438\u0442\u0435 \u0432\u0430\u0448\u0435\u043c\u0443 \u0440\u0435\u0431\u0435\u043d\u043a\u0443 \u0432\u043e\u043b\u0448\u0435\u0431\u043d\u044b\u0439 \u043d\u0430\u0431\u043e\u0440 \u0434\u043b\u044f \u043b\u0435\u043f\u043a\u0438 \u0438 \u0441 \u0440\u0430\u0434\u043e\u0441\u0442\u044c\u044e \u043d\u0430\u0431\u043b\u044e\u0434\u0430\u0439\u0442\u0435, \u043a\u0430\u043a \u0440\u0430\u0437\u0432\u0438\u0432\u0430\u0435\u0442\u0441\u044f \u0435\u0433\u043e \u043c\u0435\u043b\u043a\u0430\u044f \u043c\u043e\u0442\u043e\u0440\u0438\u043a\u0430, \u0444\u0430\u043d\u0442\u0430\u0437\u0438\u044f \u0438 \u0432\u043e\u043e\u0431\u0440\u0430\u0436\u0435\u043d\u0438\u0435.<\/p>\n<p> \t\u0420\u0435\u043a\u043e\u043c\u0435\u043d\u0434\u0443\u0435\u043c\u044b\u0439 \u0432\u043e\u0437\u0440\u0430\u0441\u0442: 3+<br \/>\n \t\u041f\u0440\u043e\u0447\u043d\u044b\u0439 \u0438 \u043a\u0430\u0447\u0435\u0441\u0442\u0432\u0435\u043d\u043d\u044b\u0439 \u043f\u043b\u0430\u0441\u0442\u0438\u043a<br \/>\n \t\u042d\u043b\u0435\u0433\u0430\u043d\u0442\u043d\u044b\u0439 \u0438 \u044d\u0440\u0433\u043e\u043d\u043e\u043c\u0438\u0447\u043d\u044b\u0439 \u0434\u0438\u0437\u0430\u0439\u043d<br \/>\n \t\u0412\u043e\u0437\u043c\u043e\u0436\u043d\u043e\u0441\u0442\u044c \u0438\u0441\u043f\u043e\u043b\u044c\u0437\u043e\u0432\u0430\u043d\u0438\u044f \u0432 \u043e\u0442\u043a\u0440\u044b\u0442\u044b\u0445 \u0438 \u0437\u0430\u043a\u0440\u044b\u0442\u044b\u0445 \u043f\u043e\u043c\u0435\u0449\u0435\u043d\u0438\u044f\u0445<br \/>\n \t\u0412\u044b\u0441\u043e\u043a\u043e\u043a\u0430\u0447\u0435\u0441\u0442\u0432\u0435\u043d\u043d\u043e\u0435 \u0441\u044b\u0440\u044c\u0435, \u043a\u043e\u0442\u043e\u0440\u043e\u0435 \u043d\u0435 \u0441\u043e\u0434\u0435\u0440\u0436\u0438\u0442 \u043a\u0430\u043d\u0446\u0435\u0440\u043e\u0433\u0435\u043d\u043d\u044b\u0445 \u0432\u0435\u0449\u0435\u0441\u0442\u0432[trim][:ro_RO]Nisipul cinetic este perfect pentru dezvoltarea creativit\u0103\u021bii micu\u021bului. Aluatul de modelat este pl\u0103cut la atingere, are o textur\u0103 sf\u0103r\u00e2micioas\u0103 \u0219i, \u00een acela\u0219i timp, \u00ee\u0219i p\u0103streaz\u0103 forma. Un avantaj pentru p\u0103rin\u021bi este faptul c\u0103 nisipul nu las\u0103 urme \u0219i nu p\u0103teaz\u0103 suprafa\u021ba. Setul include diverse forme pentru nisip din plastic ecologic, care vor atrage aten\u021bia at\u00e2t a fetelor, c\u00e2t \u0219i a b\u0103ie\u021bilor. Oferi\u021bi-i copilului un set de joac\u0103 magic \u0219i urm\u0103ri\u021bi cum el \u00ee\u0219i dezvolt\u0103 abilit\u0103\u021bile motricit\u0103\u021bii fine, fantezia \u0219i imagina\u021bia.<\/p>\n<ul>\n<li>V\u00e2rsta recomandat\u0103: 3+<\/li>\n<li>Plastic durabil si de calitate<\/li>\n<li>Design elegant si ergonomic<\/li>\n<li>Poate fi folosit \u00een interior \u0219i exterior<\/li>\n<li>Materie prim\u0103 de cea mai \u00eenalt\u0103 calitate ce nu con\u021bine substan\u021be cancerigene<\/li>\n<\/ul>\n","protected":false},"excerpt":{"rendered":"<p>[:ru_RU]T\u0435\u0441\u0442\u043e \u0434\u043b\u044f \u043b\u0435\u043f\u043a\u0438 \u0438\u0434\u0435\u0430\u043b\u044c\u043d\u043e \u043f\u043e\u0434\u043e\u0439\u0434\u0435\u0442 \u0434\u043b\u044f \u0440\u0430\u0437\u0432\u0438\u0442\u0438\u044f \u0442\u0432\u043e\u0440\u0447\u0435\u0441\u043a\u0438\u0445 \u0441\u043f\u043e\u0441\u043e\u0431\u043d\u043e\u0441\u0442\u0435\u0439 \u0432\u0430\u0448\u0435\u0433\u043e \u043c\u0430\u043b\u044b\u0448\u0430. \u041c\u0430\u0441\u0441\u0430 \u043f\u0440\u0438\u044f\u0442\u043d\u0430 \u043d\u0430 \u043e\u0449\u0443\u043f\u044c, \u0438\u043c\u0435\u0435\u0442 \u0440\u0430\u0441\u0441\u044b\u043f\u0447\u0430\u0442\u0443\u044e \u043a\u043e\u043d\u0441\u0438\u0441\u0442\u0435\u043d\u0446\u0438\u044e \u0438 \u043f\u0440\u0438 \u044d\u0442\u043e\u043c \u043f\u0440\u0435\u043a\u0440\u0430\u0441\u043d\u043e \u0441\u043e\u0445\u0440\u0430\u043d\u044f\u0435\u0442 \u0444\u043e\u0440\u043c\u0443. \u041f\u0440\u0438\u044f\u0442\u043d\u044b\u043c \u0431\u043e\u043d\u0443\u0441\u043e\u043c \u0434\u043b\u044f \u0440\u043e\u0434\u0438\u0442\u0435\u043b\u0435\u0439 \u0431\u0443\u0434\u0435\u0442 \u0442\u043e\u0442 \u0444\u0430\u043a\u0442, \u0447\u0442\u043e \u0442\u0435\u0441\u0442\u043e \u043d\u0435 \u043e\u0441\u0442\u0430\u0432\u043b\u044f\u0435\u0442 \u0441\u043b\u0435\u0434\u043e\u0432 \u0438 \u043d\u0435 \u043f\u0430\u0447\u043a\u0430\u0435\u0442 \u043f\u043e\u0432\u0435\u0440\u0445\u043d\u043e\u0441\u0442\u0438. \u0412 \u043d\u0430\u0431\u043e\u0440 \u0432\u0445\u043e\u0434\u044f\u0442 \u0444\u043e\u0440\u043c\u043e\u0447\u043a\u0438 \u0438\u0437 \u044d\u043a\u043e\u043b\u043e\u0433\u0438\u0447\u0435\u0441\u043a\u0438 \u0447\u0438\u0441\u0442\u043e\u0433\u043e \u043f\u043b\u0430\u0441\u0442\u0438\u043a\u0430, \u0447\u0442\u043e \u043f\u0440\u0438\u0432\u043b\u0435\u0447\u0435\u0442 \u0432\u043d\u0438\u043c\u0430\u043d\u0438\u0435 \u043a\u0430\u043a \u0434\u0435\u0432\u043e\u0447\u0435\u043a, \u0442\u0430\u043a \u0438 [&hellip;]<\/p>\n","protected":false},"featured_media":0,"comment_status":"open","ping_status":"closed","template":"","meta":{"_acf_changed":false},"product_brand":[],"product_cat":[6710],"product_tag":[],"class_list":{"0":"post-41336","1":"product","2":"type-product","3":"status-publish","5":"product_cat-ru_ru-iskusstvo-trim-ro_ro","7":"first","8":"instock","9":"shipping-taxable","10":"purchasable","11":"product-type-simple"},"acf":[],"_links":{"self":[{"href":"https:\/\/minimax.md\/ru\/wp-json\/wp\/v2\/product\/41336","targetHints":{"allow":["GET"]}}],"collection":[{"href":"https:\/\/minimax.md\/ru\/wp-json\/wp\/v2\/product"}],"about":[{"href":"https:\/\/minimax.md\/ru\/wp-json\/wp\/v2\/types\/product"}],"replies":[{"embeddable":true,"href":"https:\/\/minimax.md\/ru\/wp-json\/wp\/v2\/comments?post=41336"}],"version-history":[{"count":0,"href":"https:\/\/minimax.md\/ru\/wp-json\/wp\/v2\/product\/41336\/revisions"}],"wp:attachment":[{"href":"https:\/\/minimax.md\/ru\/wp-json\/wp\/v2\/media?parent=41336"}],"wp:term":[{"taxonomy":"product_brand","embeddable":true,"href":"https:\/\/minimax.md\/ru\/wp-json\/wp\/v2\/product_brand?post=41336"},{"taxonomy":"product_cat","embeddable":true,"href":"https:\/\/minimax.md\/ru\/wp-json\/wp\/v2\/product_cat?post=41336"},{"taxonomy":"product_tag","embeddable":true,"href":"https:\/\/minimax.md\/ru\/wp-json\/wp\/v2\/product_tag?post=41336"}],"curies":[{"name":"wp","href":"https:\/\/api.w.org\/{rel}","templated":true}]}}