{"id":41338,"date":"2023-11-28T13:08:16","date_gmt":"2023-11-28T10:08:16","guid":{"rendered":"https:\/\/minimax.md\/product\/41338.html"},"modified":"2023-11-28T13:29:44","modified_gmt":"2023-11-28T10:29:44","slug":"ru_ru-cam-pelenalnyj-stolik-sambio-trim-ro_ro-cam-mas-de-inf-at-sambio","status":"publish","type":"product","link":"https:\/\/minimax.md\/ru\/product\/41338.html","title":{"rendered":"Cam \u041f\u0435\u043b\u0435\u043d\u0430\u043b\u044c\u043d\u044b\u0439 \u0441\u0442\u043e\u043b\u0438\u043a \u0421ambio"},"content":{"rendered":"<p>[:ru_RU]\u0414\u043b\u044f \u0434\u0435\u0442\u0435\u0439 \u0441 \u0440\u043e\u0436\u0434\u0435\u043d\u0438\u044f \u0438 \u0432\u0435\u0441\u043e\u043c \u0434\u043e 15 \u043a\u0433.<br \/>\n\u0425\u0430\u0440\u0430\u043a\u0442\u043d\u0440\u0438\u0441\u0442\u0438\u043a\u0438:<br \/>\n\u0421\u0442\u043e\u043b\u0438\u043a \u0434\u043b\u044f \u043f\u0435\u043b\u0435\u043d\u0430\u043d\u0438\u044f \u0441 \u043c\u044f\u0433\u043a\u0438\u043c \u043c\u0430\u0442\u0440\u0430\u0441\u0438\u043a\u043e\u043c \u0441 \u0441\u0438\u0441\u0442\u0435\u043c\u043e\u0439 \u043f\u0440\u0435\u0434\u043e\u0442\u0432\u0440\u0430\u0449\u0435\u043d\u0438\u044f \u043f\u0430\u0434\u0435\u043d\u0438\u044f, \u0432\u0430\u043d\u043d\u043e\u0447\u043a\u0430 \u0438\u043c\u0435\u0435\u0442 \u0434\u0432\u0430 \u043d\u0435\u0441\u043a\u043e\u043b\u044c\u0437\u044f\u0449\u0438\u0445 \u0441\u0438\u0434\u0435\u043d\u044c\u044f: \u043d\u0430\u043a\u043b\u043e\u043d\u0435\u043d\u043d\u043e\u0435 \u0441\u0438\u0434\u0435\u043d\u044c\u0435 \u0434\u043b\u044f \u043c\u0430\u043b\u044b\u0448\u0435\u0439 0-6 \u043c\u0435\u0441, \u0438 \u0432\u0442\u043e\u0440\u043e\u0435 \u0441 \u043f\u043e\u0434\u043b\u043e\u043a\u043e\u0442\u043d\u0438\u043a\u0430\u043c\u0438 &#8211; \u0434\u043b\u044f \u043c\u0430\u043b\u044b\u0448\u0435\u0439 \u043f\u043e\u0441\u0442\u0430\u0440\u0448\u0435 \u043e\u0442 6 \u0434\u043e 12, \u043e\u0442\u0434\u0435\u043b\u0435\u043d\u0438\u0435 \u0434\u043b\u044f \u0433\u0443\u0431\u043a\u0438 \u0438 \u043c\u044b\u043b\u0430, \u0437\u0430\u0433\u043b\u0443\u0448\u043a\u0430 \u0438 \u0448\u043b\u0430\u043d\u0433 \u0434\u043b\u044f \u0441\u043b\u0438\u0432\u0430 \u0432\u043e\u0434\u044b, \u044f\u0449\u0438\u043a \u0434\u043b\u044f \u0430\u043a\u0441\u0435\u0441\u0441\u0443\u0430\u0440\u043e\u0432, 4 \u043a\u043e\u043b\u0435\u0441\u0438\u043a\u0430 (2 \u0441 \u0442\u043e\u0440\u043c\u043e\u0437\u0430\u043c\u0438), \u0438\u0434\u0435\u0430\u043b\u044c\u043d\u043e \u0434\u043b\u044f \u043d\u0435\u0431\u043e\u043b\u044c\u0448\u0438\u0445 \u0432\u0430\u043d\u043d\u044b\u0445 \u043a\u043e\u043c\u043d\u0430\u0442.<br \/>\n\u041b\u0435\u0433\u043a\u043e \u0438 \u043a\u043e\u043c\u043f\u0430\u043a\u0442\u043d\u043e \u0441\u043a\u043b\u0430\u0434\u044b\u0432\u0430\u0435\u0442\u0441\u044f \u043e\u0434\u043d\u043e\u0439 \u0440\u0443\u043a\u043e\u0439.<br \/>\n\u0420\u0430\u0437\u043c\u0435\u0440\u044b \u0438 \u0432\u0435\u0441:<br \/>\n&#8211; \u0412 \u0440\u0430\u0437\u043b\u043e\u0436\u0435\u043d\u043d\u043e\u043c \u0432\u0438\u0434\u0435: 95 \u0445 54 \u0445 104 \u0441\u043c.<br \/>\n&#8211; \u0412 \u0441\u043b\u043e\u0436\u0435\u043d\u043d\u043e\u043c \u0432\u0438\u0434\u0435: 83 \u0445 31\u0445 93 \u0441\u043c.<br \/>\n&#8211; \u0412\u0435\u0441: 10,8 \u043a\u0433.[trim][:ro_RO]Pentru copii de la nastere cu greutate maxima 15 kg.<br \/>\nSpecifica\u021biile produsului:<br \/>\nMas\u0103 de \u00eenf\u0103\u0219urare cu o saltea moale cu sistem de prevenire a c\u0103derii, baia are dou\u0103 scaune anti-alunecare: un scaun \u00eenclinat pentru bebelu\u0219i 0-6 luni, iar cel de-al doilea cu cotiere &#8211; pentru copiii cu v\u00e2rsta cuprins\u0103 \u00eentre 6 \u0219i 12 ani, un compartiment pentru un burete \u0219i un s\u0103pun, sistem de scurgere ap\u0103, o lada pentru accesorii, 4 ro\u021bi (2 cu fr\u00e2ne), ideale pentru b\u0103i mici.<br \/>\nPliuri u\u0219oare \u0219i compacte cu o m\u00e2n\u0103.<br \/>\nDimensiuni si greutate:<br \/>\n&#8211; Masa desf\u0103\u0219urat\u0103: 95 x 54 x 104 cm.<br \/>\n&#8211; Masa pliat\u0103: 83 x 31 x 93 cm.<br \/>\n&#8211; Greutate: 10,8 kg<\/p>\n","protected":false},"excerpt":{"rendered":"<p>[:ru_RU]\u0414\u043b\u044f \u0434\u0435\u0442\u0435\u0439 \u0441 \u0440\u043e\u0436\u0434\u0435\u043d\u0438\u044f \u0438 \u0432\u0435\u0441\u043e\u043c \u0434\u043e 15 \u043a\u0433. \u0425\u0430\u0440\u0430\u043a\u0442\u043d\u0440\u0438\u0441\u0442\u0438\u043a\u0438: \u0421\u0442\u043e\u043b\u0438\u043a \u0434\u043b\u044f \u043f\u0435\u043b\u0435\u043d\u0430\u043d\u0438\u044f \u0441 \u043c\u044f\u0433\u043a\u0438\u043c \u043c\u0430\u0442\u0440\u0430\u0441\u0438\u043a\u043e\u043c \u0441 \u0441\u0438\u0441\u0442\u0435\u043c\u043e\u0439 \u043f\u0440\u0435\u0434\u043e\u0442\u0432\u0440\u0430\u0449\u0435\u043d\u0438\u044f \u043f\u0430\u0434\u0435\u043d\u0438\u044f, \u0432\u0430\u043d\u043d\u043e\u0447\u043a\u0430 \u0438\u043c\u0435\u0435\u0442 \u0434\u0432\u0430 \u043d\u0435\u0441\u043a\u043e\u043b\u044c\u0437\u044f\u0449\u0438\u0445 \u0441\u0438\u0434\u0435\u043d\u044c\u044f: \u043d\u0430\u043a\u043b\u043e\u043d\u0435\u043d\u043d\u043e\u0435 \u0441\u0438\u0434\u0435\u043d\u044c\u0435 \u0434\u043b\u044f \u043c\u0430\u043b\u044b\u0448\u0435\u0439 0-6 \u043c\u0435\u0441, \u0438 \u0432\u0442\u043e\u0440\u043e\u0435 \u0441 \u043f\u043e\u0434\u043b\u043e\u043a\u043e\u0442\u043d\u0438\u043a\u0430\u043c\u0438 &#8211; \u0434\u043b\u044f \u043c\u0430\u043b\u044b\u0448\u0435\u0439 \u043f\u043e\u0441\u0442\u0430\u0440\u0448\u0435 \u043e\u0442 6 \u0434\u043e 12, \u043e\u0442\u0434\u0435\u043b\u0435\u043d\u0438\u0435 \u0434\u043b\u044f \u0433\u0443\u0431\u043a\u0438 \u0438 \u043c\u044b\u043b\u0430, \u0437\u0430\u0433\u043b\u0443\u0448\u043a\u0430 \u0438 \u0448\u043b\u0430\u043d\u0433 \u0434\u043b\u044f \u0441\u043b\u0438\u0432\u0430 \u0432\u043e\u0434\u044b, \u044f\u0449\u0438\u043a [&hellip;]<\/p>\n","protected":false},"featured_media":41337,"comment_status":"open","ping_status":"closed","template":"","meta":{"_acf_changed":false},"product_brand":[],"product_cat":[6796],"product_tag":[],"class_list":{"0":"post-41338","1":"product","2":"type-product","3":"status-publish","4":"has-post-thumbnail","6":"product_cat-ru_ru-krovatki-trim-ro_ro-p","8":"first","9":"instock","10":"shipping-taxable","11":"purchasable","12":"product-type-simple"},"acf":[],"_links":{"self":[{"href":"https:\/\/minimax.md\/ru\/wp-json\/wp\/v2\/product\/41338","targetHints":{"allow":["GET"]}}],"collection":[{"href":"https:\/\/minimax.md\/ru\/wp-json\/wp\/v2\/product"}],"about":[{"href":"https:\/\/minimax.md\/ru\/wp-json\/wp\/v2\/types\/product"}],"replies":[{"embeddable":true,"href":"https:\/\/minimax.md\/ru\/wp-json\/wp\/v2\/comments?post=41338"}],"version-history":[{"count":0,"href":"https:\/\/minimax.md\/ru\/wp-json\/wp\/v2\/product\/41338\/revisions"}],"wp:featuredmedia":[{"embeddable":true,"href":"https:\/\/minimax.md\/ru\/wp-json\/wp\/v2\/media\/41337"}],"wp:attachment":[{"href":"https:\/\/minimax.md\/ru\/wp-json\/wp\/v2\/media?parent=41338"}],"wp:term":[{"taxonomy":"product_brand","embeddable":true,"href":"https:\/\/minimax.md\/ru\/wp-json\/wp\/v2\/product_brand?post=41338"},{"taxonomy":"product_cat","embeddable":true,"href":"https:\/\/minimax.md\/ru\/wp-json\/wp\/v2\/product_cat?post=41338"},{"taxonomy":"product_tag","embeddable":true,"href":"https:\/\/minimax.md\/ru\/wp-json\/wp\/v2\/product_tag?post=41338"}],"curies":[{"name":"wp","href":"https:\/\/api.w.org\/{rel}","templated":true}]}}