{"id":41341,"date":"2023-11-28T13:08:16","date_gmt":"2023-11-28T10:08:16","guid":{"rendered":"https:\/\/minimax.md\/product\/41341.html"},"modified":"2023-11-28T13:29:44","modified_gmt":"2023-11-28T10:29:44","slug":"ru_ru-cam-pelenalnyj-stolik-trim-ro_ro-cam-mas-de-inf-at","status":"publish","type":"product","link":"https:\/\/minimax.md\/ru\/product\/41341.html","title":{"rendered":"Cam \u041f\u0435\u043b\u0435\u043d\u0430\u043b\u044c\u043d\u044b\u0439 \u0441\u0442\u043e\u043b\u0438\u043a"},"content":{"rendered":"<p>[:ru_RU]\u041f\u0435\u043b\u0435\u043d\u0430\u043b\u044c\u043d\u044b\u0439 \u0441\u0442\u043e\u043b\u0438\u043a Cam Aqua \u0441 \u0432\u044b\u0434\u0432\u0438\u0436\u043d\u043e\u0439 \u0441\u0438\u0441\u0442\u0435\u043c\u043e\u0439 &#8211; \u043d\u043e\u0432\u0438\u043d\u043a\u0430 2018 \u0433\u043e\u0434\u0430, \u043f\u0440\u0435\u0434\u043d\u0430\u0437\u043d\u0430\u0447\u0435\u043d \u0434\u043b\u044f \u0438\u0441\u043f\u043e\u043b\u044c\u0437\u043e\u0432\u0430\u043d\u0438\u044f \u0441 \u0440\u043e\u0436\u0434\u0435\u043d\u0438\u044f \u0434\u043e 15 \u043a\u0433.<br \/>\n\u0425\u0430\u0440\u0430\u043a\u0442\u0435\u0440\u0438\u0441\u0442\u0438\u043a\u0438:<br \/>\n&#8211; \u041c\u044f\u0433\u043a\u0438\u0439 \u043f\u0435\u043b\u0435\u043d\u0430\u043b\u044c\u043d\u044b\u0439 \u043c\u0430\u0442\u0440\u0430\u0441\u0438\u043a \u0441 \u0441\u0438\u0441\u0442\u0435\u043c\u043e\u0439 \u0430\u043d\u0442\u0438\u043e\u043f\u0440\u043e\u043a\u0438\u0434\u044b\u0432\u0430\u043d\u0438\u044f \u0438 \u0432\u044b\u0434\u0432\u0438\u0436\u043d\u043e\u0439 \u0441\u0438\u0441\u0442\u0435\u043c\u043e\u0439 \u0434\u043b\u044f \u0431\u043e\u043b\u044c\u0448\u0435\u0433\u043e \u043a\u043e\u043c\u0444\u043e\u0440\u0442\u0430,<br \/>\n&#8211; \u0412\u0430\u043d\u043d\u043e\u0447\u043a\u0430 \u0441 \u0434\u0432\u0443\u043c\u044f \u0430\u043d\u0430\u0442\u043e\u043c\u0438\u0447\u0435\u0441\u043a\u0438\u043c\u0438 \u043e\u0442\u0434\u0435\u043b\u0435\u043d\u0438\u044f\u043c\u0438 (\u043e\u0434\u043d\u043e \u0434\u043b\u044f \u0434\u0435\u0442\u0435\u0439 \u0441 \u0440\u043e\u0436\u0434\u0435\u043d\u0438\u044f \u0434\u043e 6 \u043c\u0435\u0441\u044f\u0446\u0435\u0432, \u0434\u0440\u0443\u0433\u043e\u0435 \u0434\u043b\u044f \u0434\u0435\u0442\u0435\u0439 \u043e\u0442 6 \u0434\u043e 12 \u043c\u0435\u0441\u044f\u0446\u0435\u0432, \u0443\u043c\u0435\u044e\u0449\u0438\u0445 \u0441\u0438\u0434\u0435\u0442\u044c \u0441\u0430\u043c\u043e\u0441\u0442\u043e\u044f\u0442\u0435\u043b\u044c\u043d\u043e),<br \/>\n&#8211; \u041e\u0442\u0434\u0435\u043b\u0435\u043d\u0438\u044f \u0434\u043b\u044f \u0445\u0440\u0430\u043d\u0435\u043d\u0438\u044f \u043a\u0443\u043f\u0430\u043b\u044c\u043d\u044b\u0445 \u043f\u0440\u0438\u043d\u0430\u0434\u043b\u0435\u0436\u043d\u043e\u0441\u0442\u0435\u0439,<br \/>\n\u043f\u0440\u043e\u0431\u043a\u0430 \u0438 \u0442\u0440\u0443\u0431\u043a\u0430 \u0441\u043b\u0438\u0432\u0430,<br \/>\n&#8211; \u041f\u043e\u043b\u043a\u0430 \u0434\u043b\u044f \u0445\u0440\u0430\u043d\u0435\u043d\u0438\u044f \u043f\u0440\u0438\u043d\u0430\u0434\u043b\u0435\u0436\u043d\u043e\u0441\u0442\u0435\u0439,<br \/>\n&#8211; \u0418\u0434\u0435\u0430\u043b\u044c\u043d\u043e \u043f\u043e\u0434\u0445\u043e\u0434\u0438\u0442 \u0434\u043b\u044f \u043c\u0430\u043b\u0435\u043d\u044c\u043a\u0438\u0445 \u0432\u0430\u043d\u043d\u044b\u0445 \u043a\u043e\u043c\u043d\u0430\u0442, \u043c\u043e\u0436\u0435\u0442 \u0431\u044b\u0442\u044c \u0443\u0441\u0442\u0430\u043d\u043e\u0432\u043b\u0435\u043d\u0430 \u043d\u0430\u0434 \u043e\u0442\u0434\u0435\u043b\u044c\u043d\u043e \u0441\u0442\u043e\u044f\u0449\u0435\u0439 \u0432\u0430\u043d\u043d\u043e\u0439 (\u0440\u0430\u0441\u0441\u0442\u043e\u044f\u043d\u0438\u0435 \u043e\u0442 \u043f\u043e\u043b\u0430 \u0434\u043e \u043f\u043e\u043b\u043a\u0438 40,5 \u0441\u043c).<br \/>\n&#8211; \u0420\u0430\u0437\u043c\u0435\u0440\u044b: 63,4 \u0445 61,7 \u0445 102 \u0441\u043c.<br \/>\n&#8211; \u0412\u0435\u0441: 10,8 \u043a\u0433.<\/p>\n<p>\u0411\u0435\u0437\u043e\u043f\u0430\u0441\u043d\u043e\u0441\u0442\u044c:<br \/>\n&#8211; \u0421\u043e\u043e\u0442\u0432\u0435\u0442\u0441\u0442\u0432\u0443\u0435\u0442 \u0441\u0442\u0430\u043d\u0434\u0430\u0440\u0442\u0443 \u0431\u0435\u0437\u043e\u043f\u0430\u0441\u043d\u043e\u0441\u0442\u0438 EN 12221-1\/2.<br \/>\n&#8211; \u0414\u043b\u044f \u0438\u0441\u043f\u043e\u043b\u044c\u0437\u043e\u0432\u0430\u043d\u0438\u044f \u0441 \u0440\u043e\u0436\u0434\u0435\u043d\u0438\u044f \u0434\u043e 15 \u043a\u0433.<br \/>\n&#8211; \u0412\u0441\u0435\u0441\u0442\u043e\u0440\u043e\u043d\u043d\u0438\u0439 \u0442\u0435\u0441\u0442 \u043d\u0430 \u0443\u0441\u0442\u043e\u0439\u0447\u0438\u0432\u043e\u0441\u0442\u044c \u043a\u043e\u043d\u0441\u0442\u0440\u0443\u043a\u0446\u0438\u0438.<br \/>\n&#8211; \u0410\u0431\u0441\u043e\u043b\u044e\u0442\u043d\u043e \u0431\u0435\u0437\u043e\u043f\u0430\u0441\u043d\u044b\u0435, \u043d\u0435\u0442\u043e\u043a\u0441\u0438\u0447\u043d\u044b\u0435, \u043d\u0435 \u0441\u043e\u0434\u0435\u0440\u0436\u0430\u0449\u0438\u0435 \u0444\u0442\u0430\u043b\u0430\u0442 \u043c\u0430\u0442\u0435\u0440\u0438\u0430\u043b\u044b (\u0441\u043e\u043e\u0442\u0432\u0435\u0442\u0441\u0442\u0432\u0438\u0435 \u0441\u0442\u0430\u043d\u0434\u0430\u0440\u0442\u0443 2005\/84\/CE)[trim][:ro_RO]Masa de infasat cu cad\u0103 Cam Aqua cu sistem de extragere &#8211; nou \u00een 2018, conceput\u0103 pentru utilizare de la na\u0219tere p\u00e2n\u0103 la 15 kg.<br \/>\nCaracteristici:<br \/>\n&#8211; Covora\u0219 cu schimbare moale, cu sistem anti-basculare \u0219i sistem extensibil pentru un confort sporit.<br \/>\n&#8211; Cad\u0103 cu dou\u0103 sec\u021bii anatomice (una pentru copii de la na\u0219tere p\u00e2n\u0103 la 6 luni, cealalt\u0103 pentru copiii de la 6 la 12 luni care pot sta independent).<br \/>\n&#8211; Compartimente pentru depozitarea accesoriilor de baie.<br \/>\n&#8211; Raft pentru depozitarea accesoriilor,<br \/>\n&#8211; Ideal pentru b\u0103ile mici, poate fi instalat pe o cad\u0103 independent\u0103 (distan\u021b\u0103 de la podea p\u00e2n\u0103 la raft 40,5 cm).<br \/>\n&#8211; Dimensiuni: 63,4 x 61,7 x 102 cm.<br \/>\n&#8211; Greutate: 10,8 kg.<br \/>\nSiguran\u021b\u0103:<br \/>\n&#8211; Respect\u0103 standardul de siguran\u021b\u0103 EN 12221-1\/2.<br \/>\n&#8211; Pentru utilizare de la na\u0219tere p\u00e2n\u0103 la 15 kg.<br \/>\n&#8211; Test complet de stabilitate structural\u0103.<br \/>\n&#8211; Materiale absolut sigure, netoxice, lipsite de ftalati (respectarea standardului 2005\/84 \/ CE)<\/p>\n","protected":false},"excerpt":{"rendered":"<p>[:ru_RU]\u041f\u0435\u043b\u0435\u043d\u0430\u043b\u044c\u043d\u044b\u0439 \u0441\u0442\u043e\u043b\u0438\u043a Cam Aqua \u0441 \u0432\u044b\u0434\u0432\u0438\u0436\u043d\u043e\u0439 \u0441\u0438\u0441\u0442\u0435\u043c\u043e\u0439 &#8211; \u043d\u043e\u0432\u0438\u043d\u043a\u0430 2018 \u0433\u043e\u0434\u0430, \u043f\u0440\u0435\u0434\u043d\u0430\u0437\u043d\u0430\u0447\u0435\u043d \u0434\u043b\u044f \u0438\u0441\u043f\u043e\u043b\u044c\u0437\u043e\u0432\u0430\u043d\u0438\u044f \u0441 \u0440\u043e\u0436\u0434\u0435\u043d\u0438\u044f \u0434\u043e 15 \u043a\u0433. \u0425\u0430\u0440\u0430\u043a\u0442\u0435\u0440\u0438\u0441\u0442\u0438\u043a\u0438: &#8211; \u041c\u044f\u0433\u043a\u0438\u0439 \u043f\u0435\u043b\u0435\u043d\u0430\u043b\u044c\u043d\u044b\u0439 \u043c\u0430\u0442\u0440\u0430\u0441\u0438\u043a \u0441 \u0441\u0438\u0441\u0442\u0435\u043c\u043e\u0439 \u0430\u043d\u0442\u0438\u043e\u043f\u0440\u043e\u043a\u0438\u0434\u044b\u0432\u0430\u043d\u0438\u044f \u0438 \u0432\u044b\u0434\u0432\u0438\u0436\u043d\u043e\u0439 \u0441\u0438\u0441\u0442\u0435\u043c\u043e\u0439 \u0434\u043b\u044f \u0431\u043e\u043b\u044c\u0448\u0435\u0433\u043e \u043a\u043e\u043c\u0444\u043e\u0440\u0442\u0430, &#8211; \u0412\u0430\u043d\u043d\u043e\u0447\u043a\u0430 \u0441 \u0434\u0432\u0443\u043c\u044f \u0430\u043d\u0430\u0442\u043e\u043c\u0438\u0447\u0435\u0441\u043a\u0438\u043c\u0438 \u043e\u0442\u0434\u0435\u043b\u0435\u043d\u0438\u044f\u043c\u0438 (\u043e\u0434\u043d\u043e \u0434\u043b\u044f \u0434\u0435\u0442\u0435\u0439 \u0441 \u0440\u043e\u0436\u0434\u0435\u043d\u0438\u044f \u0434\u043e 6 \u043c\u0435\u0441\u044f\u0446\u0435\u0432, \u0434\u0440\u0443\u0433\u043e\u0435 \u0434\u043b\u044f \u0434\u0435\u0442\u0435\u0439 \u043e\u0442 6 \u0434\u043e 12 \u043c\u0435\u0441\u044f\u0446\u0435\u0432, [&hellip;]<\/p>\n","protected":false},"featured_media":41339,"comment_status":"open","ping_status":"closed","template":"","meta":{"_acf_changed":false},"product_brand":[],"product_cat":[6796],"product_tag":[],"class_list":{"0":"post-41341","1":"product","2":"type-product","3":"status-publish","4":"has-post-thumbnail","6":"product_cat-ru_ru-krovatki-trim-ro_ro-p","8":"first","9":"instock","10":"shipping-taxable","11":"purchasable","12":"product-type-simple"},"acf":[],"_links":{"self":[{"href":"https:\/\/minimax.md\/ru\/wp-json\/wp\/v2\/product\/41341","targetHints":{"allow":["GET"]}}],"collection":[{"href":"https:\/\/minimax.md\/ru\/wp-json\/wp\/v2\/product"}],"about":[{"href":"https:\/\/minimax.md\/ru\/wp-json\/wp\/v2\/types\/product"}],"replies":[{"embeddable":true,"href":"https:\/\/minimax.md\/ru\/wp-json\/wp\/v2\/comments?post=41341"}],"version-history":[{"count":0,"href":"https:\/\/minimax.md\/ru\/wp-json\/wp\/v2\/product\/41341\/revisions"}],"wp:featuredmedia":[{"embeddable":true,"href":"https:\/\/minimax.md\/ru\/wp-json\/wp\/v2\/media\/41339"}],"wp:attachment":[{"href":"https:\/\/minimax.md\/ru\/wp-json\/wp\/v2\/media?parent=41341"}],"wp:term":[{"taxonomy":"product_brand","embeddable":true,"href":"https:\/\/minimax.md\/ru\/wp-json\/wp\/v2\/product_brand?post=41341"},{"taxonomy":"product_cat","embeddable":true,"href":"https:\/\/minimax.md\/ru\/wp-json\/wp\/v2\/product_cat?post=41341"},{"taxonomy":"product_tag","embeddable":true,"href":"https:\/\/minimax.md\/ru\/wp-json\/wp\/v2\/product_tag?post=41341"}],"curies":[{"name":"wp","href":"https:\/\/api.w.org\/{rel}","templated":true}]}}