{"id":41344,"date":"2023-11-28T13:08:16","date_gmt":"2023-11-28T10:08:16","guid":{"rendered":"https:\/\/minimax.md\/product\/41344.html"},"modified":"2023-11-28T13:29:44","modified_gmt":"2023-11-28T10:29:44","slug":"ru_ru-cam-detskaja-krovat-cullami-trim-ro_ro-cam-p-tu-leag-n-cullami-2","status":"publish","type":"product","link":"https:\/\/minimax.md\/ru\/product\/41344.html","title":{"rendered":"Cam \u0434\u0435\u0442\u0441\u043a\u0430\u044f \u043a\u0440\u043e\u0432\u0430\u0442\u044c Cullami"},"content":{"rendered":"<p>[:ru_RU]\u0414\u043b\u044f \u0438\u0441\u043f\u043e\u043b\u044c\u0437\u043e\u0432\u0430\u043d\u0438\u044f \u0441 \u0440\u043e\u0436\u0434\u0435\u043d\u0438\u044f \u0434\u043e 9 \u043a\u0433<br \/>\n\u041e\u043f\u0438\u0441\u0430\u043d\u0438\u0435:<br \/>\n8 \u043f\u043e\u043b\u043e\u0436\u0435\u043d\u0438\u0439 \u043f\u043e \u0432\u044b\u0441\u043e\u0442\u0435,<br \/>\n\u0441\u044a\u0435\u043c\u043d\u0430\u044f \u0431\u043e\u043a\u043e\u0432\u0438\u043d\u0430 \u0434\u043b\u044f \u0441\u043e\u0432\u043c\u0435\u0441\u0442\u043d\u043e\u0433\u043e \u0441\u043d\u0430,<br \/>\n\u0430\u043d\u0442\u0438\u0440\u0435\u0444\u043b\u044e\u043a\u0441 \u043f\u043e\u0437\u0438\u0446\u0438\u044f,<br \/>\n\u0432\u043e\u0437\u043c\u043e\u0436\u043d\u043e\u0441\u0442\u044c \u0441\u043c\u0435\u0449\u0435\u043d\u0438\u044f \u043b\u044e\u043b\u044c\u043a\u0438 \u0432\u0434\u043e\u043b\u044c \u0433\u043e\u0440\u0438\u0437\u043e\u043d\u0442\u0430\u043b\u044c\u043d\u043e\u0439 \u043e\u0441\u0438 (\u0434\u043e 16 \u0441\u043c) \u0434\u043b\u044f \u0441\u043e\u0432\u043c\u0435\u0441\u0442\u0438\u043c\u043e\u0441\u0442\u0438 \u0441 \u043b\u044e\u0431\u044b\u043c \u0442\u0438\u043f\u043e\u043c \u043a\u0440\u043e\u0432\u0430\u0442\u0435\u0439,<br \/>\n\u0444\u0443\u043d\u043a\u0446\u0438\u044f \u043a\u0430\u0447\u0430\u043d\u0438\u044f,<br \/>\n4 \u043a\u043e\u043b\u0435\u0441\u0430, \u0438\u0437 \u043a\u043e\u0442\u043e\u0440\u044b\u0445 2 \u0441 \u0442\u043e\u0440\u043c\u043e\u0437\u0430\u043c\u0438;<br \/>\n\u0440\u0435\u043c\u043d\u0438 \u0434\u043b\u044f \u043a\u0440\u0435\u043f\u043b\u0435\u043d\u0438\u044f \u043a \u043a\u0440\u043e\u0432\u0430\u0442\u0438.<br \/>\n\u0412 \u043a\u043e\u043c\u043f\u043b\u0435\u043a\u0442\u0435: \u043c\u0435\u0442\u0430\u043b\u043b\u0438\u0447\u0435\u0441\u043a\u0438\u0439 \u043a\u0430\u0440\u043a\u0430\u0441, \u0441\u044a\u0435\u043c\u043d\u044b\u0439 \u0434\u0435\u0440\u0436\u0430\u0442\u0435\u043b\u044c \u0434\u043b\u044f \u0431\u0430\u043b\u0434\u0430\u0445\u0438\u043d\u0430 \u0438 \u043c\u043e\u0431\u0438\u043b\u044f, \u043c\u044f\u0433\u043a\u0438\u0439 \u043c\u0430\u0442\u0440\u0430\u0441, \u043c\u044f\u0433\u043a\u0430\u044f \u043e\u0431\u0438\u0432\u043a\u0430, \u043e\u043a\u043d\u043e \u0438\u0437 \u0441\u0435\u0442\u043e\u0447\u043a\u0438 \u0441\u0431\u043e\u043a\u0443 \u0434\u043b\u044f \u043b\u0443\u0447\u0448\u0435\u0439 \u0446\u0438\u0440\u043a\u0443\u043b\u044f\u0446\u0438\u0438 \u0432\u043e\u0437\u0434\u0443\u0445\u0430.<br \/>\n\u0421\u044a\u0435\u043c\u043d\u0430\u044f \u0442\u043a\u0430\u043d\u044c, \u0440\u0443\u0447\u043d\u0430\u044f \u0441\u0442\u0438\u0440\u043a\u0430 \u043f\u0440\u0438 30 \u0433\u0440\u0430\u0434\u0443\u0441\u0430\u0445 \u0426\u0435\u043b\u044c\u0441\u0438\u044f.<br \/>\n\u0420\u0430\u0437\u043c\u0435\u0440\u044b \u0438 \u0432\u0435\u0441:<br \/>\n\u0412 \u0441\u043e\u0431\u0440\u0430\u043d\u043d\u043e\u043c \u0432\u0438\u0434\u0435: 105\u044559\u0445 82\/134 \u0441\u043c.<br \/>\n10,9 \u043a\u0433.[trim][:ro_RO]V\u00e2rst\u0103: de la na\u0219tere p\u00e2n\u0103 la 9 kg.<br \/>\nDescriere:<br \/>\n8 pozi\u021bii \u00een \u00een\u0103l\u021bime;<br \/>\nPartea lateral\u0103 deta\u0219abil\u0103 pentru somn comun;<br \/>\npozi\u021bia antireflux;<br \/>\ncapacitatea de a deplasa suportul de-a lungul axei orizontale (p\u00e2n\u0103 la 16 cm) pentru compatibilitatea cu orice tip de pat;<br \/>\nfunc\u021bie lragan;<br \/>\n4 ro\u021bi, dintre care 2 cu fr\u00e2ne;<br \/>\ncurele pentru fixarea pe pat;<br \/>\nInclus: cadru metalic, suport deta\u0219abil pentru baldachin \u0219i mobilier, saltea moale, tapi\u021berie moale, fereastr\u0103 din plas\u0103 din lateral pentru o circula\u021bie mai bun\u0103 a aerului.<br \/>\n\u021aes\u0103tur\u0103 deta\u0219abil\u0103, sp\u0103lare manual\u0103 la 30 de grade.<br \/>\nDimensiuni \u0219i greutate:<br \/>\n\u00cen form\u0103 asamblat\u0103: 105x59x 82\/134 cm.<br \/>\n10,9 kg.<\/p>\n","protected":false},"excerpt":{"rendered":"<p>[:ru_RU]\u0414\u043b\u044f \u0438\u0441\u043f\u043e\u043b\u044c\u0437\u043e\u0432\u0430\u043d\u0438\u044f \u0441 \u0440\u043e\u0436\u0434\u0435\u043d\u0438\u044f \u0434\u043e 9 \u043a\u0433 \u041e\u043f\u0438\u0441\u0430\u043d\u0438\u0435: 8 \u043f\u043e\u043b\u043e\u0436\u0435\u043d\u0438\u0439 \u043f\u043e \u0432\u044b\u0441\u043e\u0442\u0435, \u0441\u044a\u0435\u043c\u043d\u0430\u044f \u0431\u043e\u043a\u043e\u0432\u0438\u043d\u0430 \u0434\u043b\u044f \u0441\u043e\u0432\u043c\u0435\u0441\u0442\u043d\u043e\u0433\u043e \u0441\u043d\u0430, \u0430\u043d\u0442\u0438\u0440\u0435\u0444\u043b\u044e\u043a\u0441 \u043f\u043e\u0437\u0438\u0446\u0438\u044f, \u0432\u043e\u0437\u043c\u043e\u0436\u043d\u043e\u0441\u0442\u044c \u0441\u043c\u0435\u0449\u0435\u043d\u0438\u044f \u043b\u044e\u043b\u044c\u043a\u0438 \u0432\u0434\u043e\u043b\u044c \u0433\u043e\u0440\u0438\u0437\u043e\u043d\u0442\u0430\u043b\u044c\u043d\u043e\u0439 \u043e\u0441\u0438 (\u0434\u043e 16 \u0441\u043c) \u0434\u043b\u044f \u0441\u043e\u0432\u043c\u0435\u0441\u0442\u0438\u043c\u043e\u0441\u0442\u0438 \u0441 \u043b\u044e\u0431\u044b\u043c \u0442\u0438\u043f\u043e\u043c \u043a\u0440\u043e\u0432\u0430\u0442\u0435\u0439, \u0444\u0443\u043d\u043a\u0446\u0438\u044f \u043a\u0430\u0447\u0430\u043d\u0438\u044f, 4 \u043a\u043e\u043b\u0435\u0441\u0430, \u0438\u0437 \u043a\u043e\u0442\u043e\u0440\u044b\u0445 2 \u0441 \u0442\u043e\u0440\u043c\u043e\u0437\u0430\u043c\u0438; \u0440\u0435\u043c\u043d\u0438 \u0434\u043b\u044f \u043a\u0440\u0435\u043f\u043b\u0435\u043d\u0438\u044f \u043a \u043a\u0440\u043e\u0432\u0430\u0442\u0438. \u0412 \u043a\u043e\u043c\u043f\u043b\u0435\u043a\u0442\u0435: \u043c\u0435\u0442\u0430\u043b\u043b\u0438\u0447\u0435\u0441\u043a\u0438\u0439 \u043a\u0430\u0440\u043a\u0430\u0441, \u0441\u044a\u0435\u043c\u043d\u044b\u0439 \u0434\u0435\u0440\u0436\u0430\u0442\u0435\u043b\u044c \u0434\u043b\u044f [&hellip;]<\/p>\n","protected":false},"featured_media":41342,"comment_status":"open","ping_status":"closed","template":"","meta":{"_acf_changed":false},"product_brand":[],"product_cat":[6796],"product_tag":[],"class_list":{"0":"post-41344","1":"product","2":"type-product","3":"status-publish","4":"has-post-thumbnail","6":"product_cat-ru_ru-krovatki-trim-ro_ro-p","8":"first","9":"instock","10":"shipping-taxable","11":"purchasable","12":"product-type-simple"},"acf":[],"_links":{"self":[{"href":"https:\/\/minimax.md\/ru\/wp-json\/wp\/v2\/product\/41344","targetHints":{"allow":["GET"]}}],"collection":[{"href":"https:\/\/minimax.md\/ru\/wp-json\/wp\/v2\/product"}],"about":[{"href":"https:\/\/minimax.md\/ru\/wp-json\/wp\/v2\/types\/product"}],"replies":[{"embeddable":true,"href":"https:\/\/minimax.md\/ru\/wp-json\/wp\/v2\/comments?post=41344"}],"version-history":[{"count":0,"href":"https:\/\/minimax.md\/ru\/wp-json\/wp\/v2\/product\/41344\/revisions"}],"wp:featuredmedia":[{"embeddable":true,"href":"https:\/\/minimax.md\/ru\/wp-json\/wp\/v2\/media\/41342"}],"wp:attachment":[{"href":"https:\/\/minimax.md\/ru\/wp-json\/wp\/v2\/media?parent=41344"}],"wp:term":[{"taxonomy":"product_brand","embeddable":true,"href":"https:\/\/minimax.md\/ru\/wp-json\/wp\/v2\/product_brand?post=41344"},{"taxonomy":"product_cat","embeddable":true,"href":"https:\/\/minimax.md\/ru\/wp-json\/wp\/v2\/product_cat?post=41344"},{"taxonomy":"product_tag","embeddable":true,"href":"https:\/\/minimax.md\/ru\/wp-json\/wp\/v2\/product_tag?post=41344"}],"curies":[{"name":"wp","href":"https:\/\/api.w.org\/{rel}","templated":true}]}}