{"id":41382,"date":"2023-11-28T13:08:21","date_gmt":"2023-11-28T10:08:21","guid":{"rendered":"https:\/\/minimax.md\/product\/41382.html"},"modified":"2023-11-28T13:29:45","modified_gmt":"2023-11-28T10:29:45","slug":"ru_ru-veres-komod-pelenalnyj-nju-jork-trim-ro_ro-veres-comod-pentru-nf-at-new-york","status":"publish","type":"product","link":"https:\/\/minimax.md\/ru\/product\/41382.html","title":{"rendered":"Veres \u041a\u043e\u043c\u043e\u0434 \u043f\u0435\u043b\u0435\u043d\u0430\u043b\u044c\u043d\u044b\u0439 \u041d\u044c\u044e-\u0419\u043e\u0440\u043a"},"content":{"rendered":"<p>[:ru_RU]\u041a\u043e\u043b\u0438\u0447\u0435\u0441\u0442\u0432\u043e \u0432\u044b\u0434\u0432\u0438\u0436\u043d\u044b\u0445 \u044f\u0449\u0438\u043a\u043e\u0432: 4;<br \/>\n&#8211; 4 \u043f\u043e\u043b\u043e\u0447\u043a\u0438 \u0437\u0430 2-\u043c\u044f \u0434\u0432\u0435\u0440\u0446\u0430\u043c\u0438;<br \/>\n&#8211; \u0422\u0435\u043b\u0435\u0441\u043a\u043e\u043f\u0438\u0447\u0435\u0441\u043a\u0438\u0435 \u043d\u0430\u043f\u0440\u0430\u0432\u043b\u044f\u044e\u0449\u0438\u0435 \u0441 \u043f\u043e\u043b\u043d\u044b\u043c \u0432\u044b\u0434\u0432\u0438\u0436\u0435\u043d\u0438\u0435\u043c, \u0432\u044b\u0441\u043e\u043a\u043e\u0439 \u0441\u0442\u0435\u043f\u0435\u043d\u044c\u044e \u043d\u0430\u0433\u0440\u0443\u0437\u043a\u0438 \u0438 \u0437\u0430\u0449\u0438\u0442\u043e\u0439 \u043e\u0442 \u043f\u043e\u043b\u043d\u043e\u0433\u043e \u0432\u044b\u043d\u0438\u043c\u0430\u043d\u0438\u044f;<br \/>\n&#8211; \u041d\u0430 \u043d\u043e\u0436\u043a\u0430\u0445;<br \/>\n&#8211; \u0412\u0435\u0440\u0445\u043d\u044f\u044f \u0447\u0430\u0441\u0442\u044c \u043a\u043e\u043c\u043e\u0434\u0430 \u0438 \u043e\u0433\u0440\u0430\u043d\u0438\u0447\u0438\u0442\u0435\u043b\u044c\u043d\u044b\u0435 \u0441\u0442\u0435\u043d\u043a\u0438 \u043d\u0435 \u0438\u043c\u0435\u044e\u0442 \u043e\u0441\u0442\u0440\u044b\u0445 \u0443\u0433\u043b\u043e\u0432;<br \/>\n&#8211; \u041a\u043e\u043c\u043e\u0434 \u0438\u0437\u0433\u043e\u0442\u043e\u0432\u043b\u0435\u043d \u0438\u0437 \u0432\u044b\u0441\u043e\u043a\u043e\u043a\u0430\u0447\u0435\u0441\u0442\u0432\u0435\u043d\u043d\u043e\u0433\u043e \u043b\u0430\u043c\u0438\u043d\u0438\u0440\u043e\u0432\u0430\u043d\u043d\u043e\u0433\u043e \u0414\u0421\u041f, \u041c\u0414\u0424, \u0434\u0435\u0440\u0435\u0432\u043e;<br \/>\n&#8211; \u0418\u0437\u0434\u0435\u043b\u0438\u0435 \u043e\u0442\u0432\u0435\u0447\u0430\u0435\u0442 \u043c\u0435\u0436\u0434\u0443\u043d\u0430\u0440\u043e\u0434\u043d\u044b\u043c \u0442\u0440\u0435\u0431\u043e\u0432\u0430\u043d\u0438\u044f\u043c \u0438 \u0433\u043e\u0441c\u0442\u0430\u043d\u0434\u0430\u0440\u0442\u0430\u043c \u0423\u043a\u0440\u0430\u0438\u043d\u044b (\u0421\u0435\u0440\u0442\u0438\u0444\u0438\u043a\u0430\u0442 \u0413\u043e\u0441\u0441\u0442\u0430\u043d\u0434\u0430\u0440\u0442 ISO 9001);<br \/>\n&#8211; \u042d\u043a\u043e\u043b\u043e\u0433\u0438\u0447\u0435\u0441\u043a\u0438\u0439 \u0441\u0435\u0440\u0442\u0438\u0444\u0438\u043a\u0430\u0442 \u0441\u043e\u043e\u0442\u0432\u0435\u0442\u0441\u0442\u0432\u0438\u044f \u0441\u043e \u0441\u0442\u0430\u043d\u0434\u0430\u0440\u0442\u043e\u043c ISO 14024: 2002;<br \/>\n&#8211; \u0421\u0435\u0440\u0442\u0438\u0444\u0438\u0446\u0438\u0440\u043e\u0432\u0430\u043d\u043d\u044b\u0435 \u043b\u0430\u043a\u0438 \u043d\u0430 \u0432\u043e\u0434\u043d\u043e\u0439 \u043e\u0441\u043d\u043e\u0432\u0435 \u2013 \u0433\u0430\u0440\u0430\u043d\u0442\u0438\u044f \u0431\u0435\u0437\u043e\u043f\u0430\u0441\u043d\u043e\u0441\u0442\u0438;<br \/>\n&#8211; \u041a\u043e\u043c\u043f\u043b\u0435\u043a\u0442\u0443\u0435\u0442\u0441\u044f \u0432\u0441\u0442\u0440\u043e\u0435\u043d\u043d\u044b\u043c \u043a\u0440\u0435\u043f\u0435\u0436\u043d\u044b\u043c \u0440\u0435\u043c\u0435\u0448\u043a\u043e\u043c \u0434\u043b\u044f \u0444\u0438\u043a\u0441\u0438\u0440\u043e\u0432\u0430\u043d\u0438\u044f \u043a \u0441\u0442\u0435\u043d\u0435 (Veres Safety System);<br \/>\n&#8211; \u0420\u0430\u0437\u043c\u0435\u0440\u044b: 120\u044549\u044582 \u0441\u043c;<br \/>\n&#8211; \u0412\u0435\u0441: 59,8 \u043a\u0433;<br \/>\n&#8211; \u041f\u0440\u043e\u0438\u0437\u0432\u043e\u0434\u0438\u0442\u0435\u043b\u044c: \u0412\u0435\u0440\u0435\u0441 (\u0423\u043a\u0440\u0430\u0438\u043d\u0430).[trim][:ro_RO]Pe picioare;<br \/>\n&#8211; 4 rafturi, 2 u\u0219i;<br \/>\n&#8211; 4 sertare pentru depozitare;<br \/>\n&#8211; Ghiduri telescopice cu extensie complet\u0103, un grad ridicat de \u00eenc\u0103rcare \u0219i protec\u021bie \u00eempotriva \u00eendep\u0103rt\u0103rii complete;<br \/>\n&#8211; Partea superioar\u0103 \u0219i pere\u021bii de delimitare nu au col\u021buri ascu\u021bite;<br \/>\n&#8211; Comoda este realizata PAL melaminat de \u00eenalt\u0103 calitate+MDF;<br \/>\n&#8211; Produsul \u00eendepline\u0219te cerin\u021bele interna\u021bionale \u0219i standardele de stat ale Ucrainei (Certificat Gosstandart ISO 9001);<br \/>\n&#8211; Certificat de mediu de conformitate cu ISO 14024: 2002;<br \/>\n&#8211; Lacuri pe baz\u0103 de ap\u0103 certificate &#8211; o garan\u021bie de siguran\u021b\u0103;<br \/>\n&#8211; Este completat cu tanga de fixare \u00eencorporat\u0103 pentru fixarea pe perete (Veres Safety System);<br \/>\n&#8211; Dimensiuni: 120\u044549\u044582 cm.<br \/>\n&#8211; Greutate: +\/- 59,8 kg;<br \/>\n&#8211; Produc\u0103tor: Veres (Ucraina).<\/p>\n","protected":false},"excerpt":{"rendered":"<p>[:ru_RU]\u041a\u043e\u043b\u0438\u0447\u0435\u0441\u0442\u0432\u043e \u0432\u044b\u0434\u0432\u0438\u0436\u043d\u044b\u0445 \u044f\u0449\u0438\u043a\u043e\u0432: 4; &#8211; 4 \u043f\u043e\u043b\u043e\u0447\u043a\u0438 \u0437\u0430 2-\u043c\u044f \u0434\u0432\u0435\u0440\u0446\u0430\u043c\u0438; &#8211; \u0422\u0435\u043b\u0435\u0441\u043a\u043e\u043f\u0438\u0447\u0435\u0441\u043a\u0438\u0435 \u043d\u0430\u043f\u0440\u0430\u0432\u043b\u044f\u044e\u0449\u0438\u0435 \u0441 \u043f\u043e\u043b\u043d\u044b\u043c \u0432\u044b\u0434\u0432\u0438\u0436\u0435\u043d\u0438\u0435\u043c, \u0432\u044b\u0441\u043e\u043a\u043e\u0439 \u0441\u0442\u0435\u043f\u0435\u043d\u044c\u044e \u043d\u0430\u0433\u0440\u0443\u0437\u043a\u0438 \u0438 \u0437\u0430\u0449\u0438\u0442\u043e\u0439 \u043e\u0442 \u043f\u043e\u043b\u043d\u043e\u0433\u043e \u0432\u044b\u043d\u0438\u043c\u0430\u043d\u0438\u044f; &#8211; \u041d\u0430 \u043d\u043e\u0436\u043a\u0430\u0445; &#8211; \u0412\u0435\u0440\u0445\u043d\u044f\u044f \u0447\u0430\u0441\u0442\u044c \u043a\u043e\u043c\u043e\u0434\u0430 \u0438 \u043e\u0433\u0440\u0430\u043d\u0438\u0447\u0438\u0442\u0435\u043b\u044c\u043d\u044b\u0435 \u0441\u0442\u0435\u043d\u043a\u0438 \u043d\u0435 \u0438\u043c\u0435\u044e\u0442 \u043e\u0441\u0442\u0440\u044b\u0445 \u0443\u0433\u043b\u043e\u0432; &#8211; \u041a\u043e\u043c\u043e\u0434 \u0438\u0437\u0433\u043e\u0442\u043e\u0432\u043b\u0435\u043d \u0438\u0437 \u0432\u044b\u0441\u043e\u043a\u043e\u043a\u0430\u0447\u0435\u0441\u0442\u0432\u0435\u043d\u043d\u043e\u0433\u043e \u043b\u0430\u043c\u0438\u043d\u0438\u0440\u043e\u0432\u0430\u043d\u043d\u043e\u0433\u043e \u0414\u0421\u041f, \u041c\u0414\u0424, \u0434\u0435\u0440\u0435\u0432\u043e; &#8211; \u0418\u0437\u0434\u0435\u043b\u0438\u0435 \u043e\u0442\u0432\u0435\u0447\u0430\u0435\u0442 \u043c\u0435\u0436\u0434\u0443\u043d\u0430\u0440\u043e\u0434\u043d\u044b\u043c \u0442\u0440\u0435\u0431\u043e\u0432\u0430\u043d\u0438\u044f\u043c \u0438 \u0433\u043e\u0441c\u0442\u0430\u043d\u0434\u0430\u0440\u0442\u0430\u043c \u0423\u043a\u0440\u0430\u0438\u043d\u044b [&hellip;]<\/p>\n","protected":false},"featured_media":41380,"comment_status":"open","ping_status":"closed","template":"","meta":{"_acf_changed":false},"product_brand":[],"product_cat":[6796],"product_tag":[],"class_list":{"0":"post-41382","1":"product","2":"type-product","3":"status-publish","4":"has-post-thumbnail","6":"product_cat-ru_ru-krovatki-trim-ro_ro-p","8":"first","9":"instock","10":"shipping-taxable","11":"purchasable","12":"product-type-simple"},"acf":[],"_links":{"self":[{"href":"https:\/\/minimax.md\/ru\/wp-json\/wp\/v2\/product\/41382","targetHints":{"allow":["GET"]}}],"collection":[{"href":"https:\/\/minimax.md\/ru\/wp-json\/wp\/v2\/product"}],"about":[{"href":"https:\/\/minimax.md\/ru\/wp-json\/wp\/v2\/types\/product"}],"replies":[{"embeddable":true,"href":"https:\/\/minimax.md\/ru\/wp-json\/wp\/v2\/comments?post=41382"}],"version-history":[{"count":0,"href":"https:\/\/minimax.md\/ru\/wp-json\/wp\/v2\/product\/41382\/revisions"}],"wp:featuredmedia":[{"embeddable":true,"href":"https:\/\/minimax.md\/ru\/wp-json\/wp\/v2\/media\/41380"}],"wp:attachment":[{"href":"https:\/\/minimax.md\/ru\/wp-json\/wp\/v2\/media?parent=41382"}],"wp:term":[{"taxonomy":"product_brand","embeddable":true,"href":"https:\/\/minimax.md\/ru\/wp-json\/wp\/v2\/product_brand?post=41382"},{"taxonomy":"product_cat","embeddable":true,"href":"https:\/\/minimax.md\/ru\/wp-json\/wp\/v2\/product_cat?post=41382"},{"taxonomy":"product_tag","embeddable":true,"href":"https:\/\/minimax.md\/ru\/wp-json\/wp\/v2\/product_tag?post=41382"}],"curies":[{"name":"wp","href":"https:\/\/api.w.org\/{rel}","templated":true}]}}