{"id":41391,"date":"2023-11-28T13:08:21","date_gmt":"2023-11-28T10:08:21","guid":{"rendered":"https:\/\/minimax.md\/product\/41391.html"},"modified":"2023-11-28T13:29:45","modified_gmt":"2023-11-28T10:29:45","slug":"ru_ru-cam-avtokreslo-combo-trim-ro_ro-cam-scaun-auto-combo","status":"publish","type":"product","link":"https:\/\/minimax.md\/ru\/product\/41391.html","title":{"rendered":"Cam \u0410\u0432\u0442\u043e\u043a\u0440\u0435\u0441\u043b\u043e Combo"},"content":{"rendered":"<p>[:ru_RU]\u0410\u0432\u0442\u043e\u043a\u0440\u0435\u0441\u043b\u043e \u043e\u0442\u043d\u043e\u0441\u0438\u0442\u0441\u044f \u043a \u0433\u0440\u0443\u043f\u043f\u0435 1\/2\/3 (9-36 \u043a\u0433.);<br \/>\n&#8211; \u0431\u043e\u043a\u043e\u0432\u0430\u044f \u0437\u0430\u0449\u0438\u0442\u0430 \u0433\u043e\u043b\u043e\u0432\u044b \u0430\u043d\u0442\u0438-\u0448\u043e\u043a;<br \/>\n&#8211; \u041c\u044f\u0433\u043a\u0438\u0439 \u0432\u043a\u043b\u0430\u0434\u044b\u0448;<br \/>\n&#8211; \u0420\u0435\u0433\u0443\u043b\u0438\u0440\u0443\u044e\u0449\u0438\u0439\u0441\u044f \u043f\u043e \u0432\u044b\u0441\u043e\u0442\u0435 \u043f\u043e\u0434\u0433\u043e\u043b\u043e\u0432\u043d\u0438\u043a \u0441 \u0431\u043e\u043a\u043e\u0432\u043e\u0439 \u0437\u0430\u0449\u0438\u0442\u043e\u0439 \u0434\u043b\u044f \u0433\u043e\u043b\u043e\u0432\u044b;<br \/>\n&#8211; 5-\u0442\u0438 \u0442\u043e\u0447\u0435\u0447\u043d\u044b\u0439 \u0440\u0435\u043c\u0435\u043d\u044c \u0431\u0435\u0437\u043e\u043f\u0430\u0441\u043d\u043e\u0441\u0442\u0438 \u0441 \u043c\u044f\u0433\u043a\u0438\u043c\u0438 \u043f\u043b\u0435\u0447\u0435\u0432\u044b\u043c\u0438 \u043d\u0430\u043a\u043b\u0430\u0434\u043a\u0430\u043c\u0438 \u0438 \u0440\u0430\u0437\u0434\u0435\u043b\u0438\u0442\u0435\u043b\u0435\u043c \u0434\u043b\u044f \u043d\u043e\u0436\u0435\u043a;<br \/>\n&#8211; \u0420\u0435\u0433\u0443\u043b\u0438\u0440\u0443\u044e\u0449\u0430\u044f\u0441\u044f \u043f\u043e \u043d\u0430\u043a\u043b\u043e\u043d\u0443 \u0441\u043f\u0438\u043d\u043a\u0430;<br \/>\n&#8211; \u041c\u043e\u0436\u0435\u0442 \u0431\u044b\u0442\u044c \u0443\u0441\u0442\u0430\u043d\u043e\u0432\u043b\u0435\u043d\u043e \u0432 \u0430\u0432\u0442\u043e\u043c\u043e\u0431\u0438\u043b\u0435 \u0441 \u043f\u043e\u043c\u043e\u0449\u044c\u044e \u0448\u0442\u0430\u0442\u043d\u043e\u0433\u043e \u0440\u0435\u043c\u043d\u044f ;\u0431\u0435\u0437\u043e\u043f\u0430\u0441\u043d\u043e\u0441\u0442\u0438 \u043b\u0438\u0446\u043e\u043c \u043f\u043e \u043d\u0430\u043f\u0440\u0430\u0432\u043b\u0435\u043d\u0438\u044e \u0434\u0432\u0438\u0436\u0435\u043d\u0438\u044f;<br \/>\n&#8211; \u0421\u044a\u0435\u043c\u043d\u044b\u0439 \u0442\u0435\u043a\u0441\u0442\u0438\u043b\u044c \u043c\u043e\u0436\u043d\u043e \u0441\u0442\u0438\u0440\u0430\u0442\u044c \u0432 \u0434\u0435\u043b\u0438\u043a\u0430\u0442\u043d\u043e\u043c \u0440\u0435\u0436\u0438\u043c\u0435 \u043f\u0440\u0438 30%<br \/>\n&#8211; \u0420\u0430\u0437\u043c\u0435\u0440\u044b(\u0428\/\u0414\/\u0412) 47 \u0445 48 \u0445 68\/79 \u0441\u043c;<br \/>\n&#8211; \u0412\u0435\u0441: 4 \u043a\u0433;<br \/>\n&#8211; \u0421\u0434\u0435\u043b\u0430\u043d\u043e \u0432 \u0418\u0442\u0430\u043b\u0438\u0438;<br \/>\n&#8211; \u0421\u043e\u043e\u0442\u0432\u0435\u0442\u0441\u0442\u0432\u0443\u0435\u0442 \u0435\u0432\u0440\u043e\u043f\u0435\u0439\u0441\u043a\u043e\u043c\u0443 \u0441\u0442\u0430\u043d\u0434\u0430\u0440\u0442\u0443 \u0431\u0435\u0437\u043e\u043f\u0430\u0441\u043d\u043e\u0441\u0442\u0438 ECE R44\/04;[trim][:ro_RO]Scaunul auto face parte din grupa 1\/2\/3 (9-36 kg)<br \/>\n&#8211; Protec\u021bie la impact lateral pentru cap<br \/>\n&#8211; C\u0103ptu\u0219eal\u0103 moale<br \/>\n&#8211; Tetiere reglabil\u0103 pe \u00een\u0103l\u021bime cu protec\u021bie lateral\u0103 pentru cap<br \/>\n&#8211; Centur\u0103 de siguran\u021b\u0103 cu 5 puncte<br \/>\n&#8211; Sp\u0103tar reglabil<br \/>\n&#8211; Se monteaza pe scaun numai \u00een pozi\u021bia cu fa\u021b\u0103 \u00eenainte cu centuri de sigurante 3- puncte, instalate in automobil<br \/>\n&#8211; Tapiteria e detasabila si lavabila in 30\u00b0C<br \/>\n&#8211; Dimensiuni (L \/ W \/ H) 47 x D48 x 68\/79 cm<br \/>\n&#8211; Greutate: 4 kg<br \/>\n&#8211; Fabricat \u00een Italia<br \/>\n&#8211; Respect\u0103 standardul european de siguran\u021b\u0103 ECE R44 \/ 04<\/p>\n","protected":false},"excerpt":{"rendered":"<p>[:ru_RU]\u0410\u0432\u0442\u043e\u043a\u0440\u0435\u0441\u043b\u043e \u043e\u0442\u043d\u043e\u0441\u0438\u0442\u0441\u044f \u043a \u0433\u0440\u0443\u043f\u043f\u0435 1\/2\/3 (9-36 \u043a\u0433.); &#8211; \u0431\u043e\u043a\u043e\u0432\u0430\u044f \u0437\u0430\u0449\u0438\u0442\u0430 \u0433\u043e\u043b\u043e\u0432\u044b \u0430\u043d\u0442\u0438-\u0448\u043e\u043a; &#8211; \u041c\u044f\u0433\u043a\u0438\u0439 \u0432\u043a\u043b\u0430\u0434\u044b\u0448; &#8211; \u0420\u0435\u0433\u0443\u043b\u0438\u0440\u0443\u044e\u0449\u0438\u0439\u0441\u044f \u043f\u043e \u0432\u044b\u0441\u043e\u0442\u0435 \u043f\u043e\u0434\u0433\u043e\u043b\u043e\u0432\u043d\u0438\u043a \u0441 \u0431\u043e\u043a\u043e\u0432\u043e\u0439 \u0437\u0430\u0449\u0438\u0442\u043e\u0439 \u0434\u043b\u044f \u0433\u043e\u043b\u043e\u0432\u044b; &#8211; 5-\u0442\u0438 \u0442\u043e\u0447\u0435\u0447\u043d\u044b\u0439 \u0440\u0435\u043c\u0435\u043d\u044c \u0431\u0435\u0437\u043e\u043f\u0430\u0441\u043d\u043e\u0441\u0442\u0438 \u0441 \u043c\u044f\u0433\u043a\u0438\u043c\u0438 \u043f\u043b\u0435\u0447\u0435\u0432\u044b\u043c\u0438 \u043d\u0430\u043a\u043b\u0430\u0434\u043a\u0430\u043c\u0438 \u0438 \u0440\u0430\u0437\u0434\u0435\u043b\u0438\u0442\u0435\u043b\u0435\u043c \u0434\u043b\u044f \u043d\u043e\u0436\u0435\u043a; &#8211; \u0420\u0435\u0433\u0443\u043b\u0438\u0440\u0443\u044e\u0449\u0430\u044f\u0441\u044f \u043f\u043e \u043d\u0430\u043a\u043b\u043e\u043d\u0443 \u0441\u043f\u0438\u043d\u043a\u0430; &#8211; \u041c\u043e\u0436\u0435\u0442 \u0431\u044b\u0442\u044c \u0443\u0441\u0442\u0430\u043d\u043e\u0432\u043b\u0435\u043d\u043e \u0432 \u0430\u0432\u0442\u043e\u043c\u043e\u0431\u0438\u043b\u0435 \u0441 \u043f\u043e\u043c\u043e\u0449\u044c\u044e \u0448\u0442\u0430\u0442\u043d\u043e\u0433\u043e \u0440\u0435\u043c\u043d\u044f ;\u0431\u0435\u0437\u043e\u043f\u0430\u0441\u043d\u043e\u0441\u0442\u0438 \u043b\u0438\u0446\u043e\u043c [&hellip;]<\/p>\n","protected":false},"featured_media":41389,"comment_status":"open","ping_status":"closed","template":"","meta":{"_acf_changed":false},"product_brand":[],"product_cat":[6801],"product_tag":[],"class_list":{"0":"post-41391","1":"product","2":"type-product","3":"status-publish","4":"has-post-thumbnail","6":"product_cat-ru_ru-avtomobilnye-kresla-t","8":"first","9":"instock","10":"shipping-taxable","11":"purchasable","12":"product-type-simple"},"acf":[],"_links":{"self":[{"href":"https:\/\/minimax.md\/ru\/wp-json\/wp\/v2\/product\/41391","targetHints":{"allow":["GET"]}}],"collection":[{"href":"https:\/\/minimax.md\/ru\/wp-json\/wp\/v2\/product"}],"about":[{"href":"https:\/\/minimax.md\/ru\/wp-json\/wp\/v2\/types\/product"}],"replies":[{"embeddable":true,"href":"https:\/\/minimax.md\/ru\/wp-json\/wp\/v2\/comments?post=41391"}],"version-history":[{"count":0,"href":"https:\/\/minimax.md\/ru\/wp-json\/wp\/v2\/product\/41391\/revisions"}],"wp:featuredmedia":[{"embeddable":true,"href":"https:\/\/minimax.md\/ru\/wp-json\/wp\/v2\/media\/41389"}],"wp:attachment":[{"href":"https:\/\/minimax.md\/ru\/wp-json\/wp\/v2\/media?parent=41391"}],"wp:term":[{"taxonomy":"product_brand","embeddable":true,"href":"https:\/\/minimax.md\/ru\/wp-json\/wp\/v2\/product_brand?post=41391"},{"taxonomy":"product_cat","embeddable":true,"href":"https:\/\/minimax.md\/ru\/wp-json\/wp\/v2\/product_cat?post=41391"},{"taxonomy":"product_tag","embeddable":true,"href":"https:\/\/minimax.md\/ru\/wp-json\/wp\/v2\/product_tag?post=41391"}],"curies":[{"name":"wp","href":"https:\/\/api.w.org\/{rel}","templated":true}]}}