{"id":41396,"date":"2023-11-28T13:08:30","date_gmt":"2023-11-28T10:08:30","guid":{"rendered":"https:\/\/minimax.md\/product\/41396.html"},"modified":"2023-11-28T13:29:46","modified_gmt":"2023-11-28T10:29:46","slug":"ru_ru-canpol-soska-lateksnaja-ortodonticheskaja-2sht-3-mes-trim-ro_ro-canpol-tetine-ortodontic-din-latex-2buc-3-luni","status":"publish","type":"product","link":"https:\/\/minimax.md\/ru\/product\/41396.html","title":{"rendered":"Canpol \u0441\u043e\u0441\u043a\u0430 \u043b\u0430\u0442\u0435\u043a\u0441\u043d\u0430\u044f o\u0440\u0442\u043e\u0434\u043e\u043d\u0442\u0438\u0447\u0435\u0441\u043a\u0430\u044f 2\u0448\u0442. 3+\u043c\u0435\u0441"},"content":{"rendered":"<p>[:ru_RU]\u041e\u043f\u0438\u0441\u0430\u043d\u0438\u0435 \u0442\u043e\u0432\u0430\u0440\u0430: \u0441\u043e\u0441\u043a\u0430 \u043b\u0430\u0442\u0435\u043a\u0441\u043d\u0430\u044f \u043e\u0440\u0442\u043e\u0434\u043e\u043d\u0442\u0438\u0447\u0435\u0441\u043a\u0430\u044f, \u0441 \u043c\u0435\u0434\u043b\u0435\u043d\u043d\u044b\u043c \u043f\u043e\u0442\u043e\u043a\u043e\u043c \u043f\u043e\u0434\u043e\u0439\u0434\u0451\u0442 \u0434\u043b\u044f \u0432\u0441\u0435\u0445 \u0441\u0442\u0430\u043d\u0434\u0430\u0440\u0442\u043d\u044b\u0445 \u0431\u0443\u0442\u044b\u043b\u043e\u0447\u0435\u043a \u0434\u043b\u044f \u043a\u043e\u0440\u043c\u043b\u0435\u043d\u0438\u044f Canpol.<br \/>\n\u0421\u043e\u0441\u043a\u0430 \u043e\u0442\u043b\u0438\u0447\u043d\u043e \u0432\u0435\u043d\u0442\u0438\u043b\u0438\u0440\u0443\u0435\u0442\u0441\u044f \u0438 \u043d\u0435 \u0441\u043b\u0438\u043f\u0430\u0435\u0442\u0441\u044f \u0432\u043e \u0432\u0440\u0435\u043c\u044f \u043a\u043e\u0440\u043c\u043b\u0435\u043d\u0438\u044f \u043c\u0430\u043b\u044b\u0448\u0430.<br \/>\n\u0411\u043b\u0430\u0433\u043e\u0434\u0430\u0440\u044f \u0432\u043e\u0437\u0434\u0443\u0448\u043d\u043e\u043c\u0443 \u043a\u043b\u0430\u043f\u0430\u043d\u0443, \u0440\u0430\u0441\u043f\u043e\u043b\u043e\u0436\u0435\u043d\u043d\u043e\u043c\u0443 \u0443 \u043e\u0441\u043d\u043e\u0432\u0430\u043d\u0438\u044f \u0441\u043e\u0441\u043a\u0438, \u0440\u0435\u0431\u0435\u043d\u043e\u043a \u043d\u0435 \u0433\u043b\u043e\u0442\u0430\u0435\u0442 \u0432\u043e\u0437\u0434\u0443\u0445, \u0447\u0442\u043e \u0443\u043c\u0435\u043d\u044c\u0448\u0430\u0435\u0442 \u0440\u0438\u0441\u043a \u0432\u043e\u0437\u043d\u0438\u043a\u043d\u043e\u0432\u0435\u043d\u0438\u044f \u043a\u043e\u043b\u0438\u043a.<br \/>\n\u041f\u0440\u0438 \u043f\u0440\u043e\u0438\u0437\u0432\u043e\u0434\u0441\u0442\u0432\u0435 \u0441\u043e\u0441\u043a\u0438 \u0438\u0441\u043f\u043e\u043b\u044c\u0437\u043e\u0432\u0430\u043d \u043b\u0430\u0442\u0435\u043a\u0441 \u0432\u044b\u0441\u043e\u043a\u043e\u0433\u043e \u043a\u0430\u0447\u0435\u0441\u0442\u0432\u0430, \u043d\u0430\u0442\u0443\u0440\u0430\u043b\u044c\u043d\u044b\u0439, \u044d\u043a\u043e\u043b\u043e\u0433\u0438\u0447\u0435\u0441\u043a\u0438 \u0447\u0438\u0441\u0442\u044b\u0439 \u0438 \u0431\u0435\u0437\u043e\u043f\u0430\u0441\u043d\u044b\u0439, \u043a\u043e\u0442\u043e\u0440\u044b\u0439 \u043f\u043e \u0446\u0432\u0435\u0442\u0443 \u0441\u043e\u0432\u043f\u0430\u0434\u0430\u0435\u0442 \u0441 \u0446\u0432\u0435\u0442\u043e\u043c \u043a\u043e\u0436\u0438, \u043c\u044f\u0433\u043a\u0438\u0439, \u0431\u0435\u0437 \u0437\u0430\u043f\u0430\u0445\u0430.<br \/>\n\u041f\u043e\u0434\u0445\u043e\u0434\u0438\u0442 \u0434\u043b\u044f \u043c\u043e\u043b\u043e\u043a\u0430.<br \/>\n\u0412\u043e\u0437\u0440\u0430\u0441\u0442: \u043e\u0442 3 \u043c\u0435\u0441\u044f\u0446\u0435\u0432.[trim][:ro_RO]Descrierea produsului: tetina din latex ortodontic\u0103, cu flux lent se potrive\u0219te la toate sticlu\u021bele standarte Canpol.<br \/>\nTetina nu se lipe\u0219te \u00een timpul utiliz\u0103rii \u0219i este bine ventilat\u0103.<br \/>\nDatorit\u0103 unei supape speciale amplasate la baza tetinei, \u00een timpul alimenta\u021biei, copila\u0219ul nu va \u00eenghi\u021bi aer, ceea ce nu va permite formarea colicilor.<br \/>\nTetina este realizat\u0103 din latex natural de \u00eenalt\u0103 calitate \u0219i ecologic care se potrive\u015fte cu culoarea pielii, este moale \u0219i f\u0103r\u0103 miros.<br \/>\nEste recomandat\u0103 pentru lapte.<br \/>\nV\u00eersta: de la 3 luni.<\/p>\n","protected":false},"excerpt":{"rendered":"<p>[:ru_RU]\u041e\u043f\u0438\u0441\u0430\u043d\u0438\u0435 \u0442\u043e\u0432\u0430\u0440\u0430: \u0441\u043e\u0441\u043a\u0430 \u043b\u0430\u0442\u0435\u043a\u0441\u043d\u0430\u044f \u043e\u0440\u0442\u043e\u0434\u043e\u043d\u0442\u0438\u0447\u0435\u0441\u043a\u0430\u044f, \u0441 \u043c\u0435\u0434\u043b\u0435\u043d\u043d\u044b\u043c \u043f\u043e\u0442\u043e\u043a\u043e\u043c \u043f\u043e\u0434\u043e\u0439\u0434\u0451\u0442 \u0434\u043b\u044f \u0432\u0441\u0435\u0445 \u0441\u0442\u0430\u043d\u0434\u0430\u0440\u0442\u043d\u044b\u0445 \u0431\u0443\u0442\u044b\u043b\u043e\u0447\u0435\u043a \u0434\u043b\u044f \u043a\u043e\u0440\u043c\u043b\u0435\u043d\u0438\u044f Canpol. \u0421\u043e\u0441\u043a\u0430 \u043e\u0442\u043b\u0438\u0447\u043d\u043e \u0432\u0435\u043d\u0442\u0438\u043b\u0438\u0440\u0443\u0435\u0442\u0441\u044f \u0438 \u043d\u0435 \u0441\u043b\u0438\u043f\u0430\u0435\u0442\u0441\u044f \u0432\u043e \u0432\u0440\u0435\u043c\u044f \u043a\u043e\u0440\u043c\u043b\u0435\u043d\u0438\u044f \u043c\u0430\u043b\u044b\u0448\u0430. \u0411\u043b\u0430\u0433\u043e\u0434\u0430\u0440\u044f \u0432\u043e\u0437\u0434\u0443\u0448\u043d\u043e\u043c\u0443 \u043a\u043b\u0430\u043f\u0430\u043d\u0443, \u0440\u0430\u0441\u043f\u043e\u043b\u043e\u0436\u0435\u043d\u043d\u043e\u043c\u0443 \u0443 \u043e\u0441\u043d\u043e\u0432\u0430\u043d\u0438\u044f \u0441\u043e\u0441\u043a\u0438, \u0440\u0435\u0431\u0435\u043d\u043e\u043a \u043d\u0435 \u0433\u043b\u043e\u0442\u0430\u0435\u0442 \u0432\u043e\u0437\u0434\u0443\u0445, \u0447\u0442\u043e \u0443\u043c\u0435\u043d\u044c\u0448\u0430\u0435\u0442 \u0440\u0438\u0441\u043a \u0432\u043e\u0437\u043d\u0438\u043a\u043d\u043e\u0432\u0435\u043d\u0438\u044f \u043a\u043e\u043b\u0438\u043a. \u041f\u0440\u0438 \u043f\u0440\u043e\u0438\u0437\u0432\u043e\u0434\u0441\u0442\u0432\u0435 \u0441\u043e\u0441\u043a\u0438 \u0438\u0441\u043f\u043e\u043b\u044c\u0437\u043e\u0432\u0430\u043d \u043b\u0430\u0442\u0435\u043a\u0441 \u0432\u044b\u0441\u043e\u043a\u043e\u0433\u043e \u043a\u0430\u0447\u0435\u0441\u0442\u0432\u0430, \u043d\u0430\u0442\u0443\u0440\u0430\u043b\u044c\u043d\u044b\u0439, \u044d\u043a\u043e\u043b\u043e\u0433\u0438\u0447\u0435\u0441\u043a\u0438 \u0447\u0438\u0441\u0442\u044b\u0439 \u0438 \u0431\u0435\u0437\u043e\u043f\u0430\u0441\u043d\u044b\u0439, \u043a\u043e\u0442\u043e\u0440\u044b\u0439 [&hellip;]<\/p>\n","protected":false},"featured_media":41395,"comment_status":"open","ping_status":"closed","template":"","meta":{"_acf_changed":false},"product_brand":[],"product_cat":[6785],"product_tag":[],"class_list":{"0":"post-41396","1":"product","2":"type-product","3":"status-publish","4":"has-post-thumbnail","6":"product_cat-ru_ru-soski-dlja-butylochek","8":"first","9":"instock","10":"shipping-taxable","11":"purchasable","12":"product-type-simple"},"acf":[],"_links":{"self":[{"href":"https:\/\/minimax.md\/ru\/wp-json\/wp\/v2\/product\/41396","targetHints":{"allow":["GET"]}}],"collection":[{"href":"https:\/\/minimax.md\/ru\/wp-json\/wp\/v2\/product"}],"about":[{"href":"https:\/\/minimax.md\/ru\/wp-json\/wp\/v2\/types\/product"}],"replies":[{"embeddable":true,"href":"https:\/\/minimax.md\/ru\/wp-json\/wp\/v2\/comments?post=41396"}],"version-history":[{"count":0,"href":"https:\/\/minimax.md\/ru\/wp-json\/wp\/v2\/product\/41396\/revisions"}],"wp:featuredmedia":[{"embeddable":true,"href":"https:\/\/minimax.md\/ru\/wp-json\/wp\/v2\/media\/41395"}],"wp:attachment":[{"href":"https:\/\/minimax.md\/ru\/wp-json\/wp\/v2\/media?parent=41396"}],"wp:term":[{"taxonomy":"product_brand","embeddable":true,"href":"https:\/\/minimax.md\/ru\/wp-json\/wp\/v2\/product_brand?post=41396"},{"taxonomy":"product_cat","embeddable":true,"href":"https:\/\/minimax.md\/ru\/wp-json\/wp\/v2\/product_cat?post=41396"},{"taxonomy":"product_tag","embeddable":true,"href":"https:\/\/minimax.md\/ru\/wp-json\/wp\/v2\/product_tag?post=41396"}],"curies":[{"name":"wp","href":"https:\/\/api.w.org\/{rel}","templated":true}]}}