{"id":41405,"date":"2023-11-28T13:08:38","date_gmt":"2023-11-28T10:08:38","guid":{"rendered":"https:\/\/minimax.md\/product\/41405.html"},"modified":"2023-11-28T13:29:46","modified_gmt":"2023-11-28T10:29:46","slug":"ru_ru-canpol-ershik-dlja-butylochek-i-sosok-trim-ro_ro-canpol-perie-pentru-sticlu-e-i-biberoane","status":"publish","type":"product","link":"https:\/\/minimax.md\/ru\/product\/41405.html","title":{"rendered":"Canpol \u0435\u0440\u0448\u0438\u043a \u0434\u043b\u044f \u0431\u0443\u0442\u044b\u043b\u043e\u0447\u0435\u043a \u0438 \u0441\u043e\u0441\u043e\u043a"},"content":{"rendered":"<p>[:ru_RU]\u041e\u043f\u0438\u0441\u0430\u043d\u0438\u0435 \u0442\u043e\u0432\u0430\u0440\u0430: \u0415\u0440\u0448\u0438\u043a \u043f\u0440\u0435\u0434\u043d\u0430\u0437\u043d\u0430\u0447\u0435\u043d \u0434\u043b\u044f \u0442\u0449\u0430\u0442\u0435\u043b\u044c\u043d\u043e\u0439 \u043e\u0447\u0438\u0441\u0442\u043a\u0438 \u0431\u0443\u0442\u044b\u043b\u043e\u0447\u043a\u0438 \u0438 \u0441\u043e\u0441\u043a\u0438 \u043f\u0435\u0440\u0435\u0434 \u0441\u0442\u0435\u0440\u0438\u043b\u0438\u0437\u0430\u0446\u0438\u0435\u0439.<br \/>\n\u0414\u043b\u044f \u0442\u043e\u0433\u043e \u0447\u0442\u043e\u0431\u044b \u043e\u0431\u0435\u0441\u043f\u0435\u0447\u0438\u0442\u044c \u0443\u0434\u043e\u0431\u043d\u0443\u044e \u043e\u0447\u0438\u0441\u0442\u043a\u0443, \u0435\u0440\u0448\u0438\u043a \u0441\u043d\u0430\u0431\u0436\u0435\u043d \u0438\u0437\u043e\u0433\u043d\u0443\u0442\u043e\u0439 \u0440\u0443\u0447\u043a\u043e\u0439\u0431, \u0431\u043b\u0430\u0433\u043e\u0434\u0430\u0440\u044f \u044d\u0442\u043e\u043c\u0443 \u043e\u0447\u0438\u0441\u0442\u043a\u0430 \u0431\u0443\u0434\u0435\u0442 \u0431\u0435\u0440\u0435\u0436\u043d\u043e\u0439 \u0438 \u043d\u0435 \u043e\u0441\u0442\u0430\u0432\u0438\u0442 \u0446\u0430\u0440\u0430\u043f\u0438\u043d \u043d\u0430 \u043f\u043e\u0432\u0435\u0440\u0445\u043d\u043e\u0441\u0442\u0438.<br \/>\n\u0412 \u043a\u043e\u043c\u043f\u043b\u0435\u043a\u0442 \u0442\u0430\u043a\u0436\u0435 \u0432\u0445\u043e\u0434\u0438\u0442 \u043c\u0430\u043b\u0435\u043d\u044c\u043a\u0430\u044f \u043a\u0438\u0441\u0442\u043e\u0447\u043a\u0430 \u0434\u043b\u044f \u0447\u0438\u0441\u0442\u043a\u0438 \u0441\u043e\u0441\u043e\u043a.[trim][:ro_RO]Descrierea produsului: Peria este special creat\u0103 pentru a asigura o cur\u0103\u021bare perfect\u0103, f\u0103r\u0103 zg\u00eerieturi a sticlu\u021bei \u0219i tetinei, \u00eenainte de sterilizare.<br \/>\nM\u00eenerul pliabil confer\u0103 o bun\u0103  \u00eengrijire sticlu\u021bei \u0219i face peria simpl\u0103 \u00een utilizare.<br \/>\n\u00cen set se include \u0219i o perie micu\u021b\u0103 pentru cur\u0103\u021barea tetinei.<\/p>\n","protected":false},"excerpt":{"rendered":"<p>[:ru_RU]\u041e\u043f\u0438\u0441\u0430\u043d\u0438\u0435 \u0442\u043e\u0432\u0430\u0440\u0430: \u0415\u0440\u0448\u0438\u043a \u043f\u0440\u0435\u0434\u043d\u0430\u0437\u043d\u0430\u0447\u0435\u043d \u0434\u043b\u044f \u0442\u0449\u0430\u0442\u0435\u043b\u044c\u043d\u043e\u0439 \u043e\u0447\u0438\u0441\u0442\u043a\u0438 \u0431\u0443\u0442\u044b\u043b\u043e\u0447\u043a\u0438 \u0438 \u0441\u043e\u0441\u043a\u0438 \u043f\u0435\u0440\u0435\u0434 \u0441\u0442\u0435\u0440\u0438\u043b\u0438\u0437\u0430\u0446\u0438\u0435\u0439. \u0414\u043b\u044f \u0442\u043e\u0433\u043e \u0447\u0442\u043e\u0431\u044b \u043e\u0431\u0435\u0441\u043f\u0435\u0447\u0438\u0442\u044c \u0443\u0434\u043e\u0431\u043d\u0443\u044e \u043e\u0447\u0438\u0441\u0442\u043a\u0443, \u0435\u0440\u0448\u0438\u043a \u0441\u043d\u0430\u0431\u0436\u0435\u043d \u0438\u0437\u043e\u0433\u043d\u0443\u0442\u043e\u0439 \u0440\u0443\u0447\u043a\u043e\u0439\u0431, \u0431\u043b\u0430\u0433\u043e\u0434\u0430\u0440\u044f \u044d\u0442\u043e\u043c\u0443 \u043e\u0447\u0438\u0441\u0442\u043a\u0430 \u0431\u0443\u0434\u0435\u0442 \u0431\u0435\u0440\u0435\u0436\u043d\u043e\u0439 \u0438 \u043d\u0435 \u043e\u0441\u0442\u0430\u0432\u0438\u0442 \u0446\u0430\u0440\u0430\u043f\u0438\u043d \u043d\u0430 \u043f\u043e\u0432\u0435\u0440\u0445\u043d\u043e\u0441\u0442\u0438. \u0412 \u043a\u043e\u043c\u043f\u043b\u0435\u043a\u0442 \u0442\u0430\u043a\u0436\u0435 \u0432\u0445\u043e\u0434\u0438\u0442 \u043c\u0430\u043b\u0435\u043d\u044c\u043a\u0430\u044f \u043a\u0438\u0441\u0442\u043e\u0447\u043a\u0430 \u0434\u043b\u044f \u0447\u0438\u0441\u0442\u043a\u0438 \u0441\u043e\u0441\u043e\u043a.[trim][:ro_RO]Descrierea produsului: Peria este special creat\u0103 pentru a asigura o cur\u0103\u021bare perfect\u0103, f\u0103r\u0103 zg\u00eerieturi [&hellip;]<\/p>\n","protected":false},"featured_media":41404,"comment_status":"open","ping_status":"closed","template":"","meta":{"_acf_changed":false},"product_brand":[],"product_cat":[6784],"product_tag":[],"class_list":{"0":"post-41405","1":"product","2":"type-product","3":"status-publish","4":"has-post-thumbnail","6":"product_cat-ru_ru-ershiki-dlja-butyloch","8":"first","9":"instock","10":"shipping-taxable","11":"purchasable","12":"product-type-simple"},"acf":[],"_links":{"self":[{"href":"https:\/\/minimax.md\/ru\/wp-json\/wp\/v2\/product\/41405","targetHints":{"allow":["GET"]}}],"collection":[{"href":"https:\/\/minimax.md\/ru\/wp-json\/wp\/v2\/product"}],"about":[{"href":"https:\/\/minimax.md\/ru\/wp-json\/wp\/v2\/types\/product"}],"replies":[{"embeddable":true,"href":"https:\/\/minimax.md\/ru\/wp-json\/wp\/v2\/comments?post=41405"}],"version-history":[{"count":0,"href":"https:\/\/minimax.md\/ru\/wp-json\/wp\/v2\/product\/41405\/revisions"}],"wp:featuredmedia":[{"embeddable":true,"href":"https:\/\/minimax.md\/ru\/wp-json\/wp\/v2\/media\/41404"}],"wp:attachment":[{"href":"https:\/\/minimax.md\/ru\/wp-json\/wp\/v2\/media?parent=41405"}],"wp:term":[{"taxonomy":"product_brand","embeddable":true,"href":"https:\/\/minimax.md\/ru\/wp-json\/wp\/v2\/product_brand?post=41405"},{"taxonomy":"product_cat","embeddable":true,"href":"https:\/\/minimax.md\/ru\/wp-json\/wp\/v2\/product_cat?post=41405"},{"taxonomy":"product_tag","embeddable":true,"href":"https:\/\/minimax.md\/ru\/wp-json\/wp\/v2\/product_tag?post=41405"}],"curies":[{"name":"wp","href":"https:\/\/api.w.org\/{rel}","templated":true}]}}