{"id":41414,"date":"2023-11-28T13:08:47","date_gmt":"2023-11-28T10:08:47","guid":{"rendered":"https:\/\/minimax.md\/product\/41414.html"},"modified":"2023-11-28T13:29:46","modified_gmt":"2023-11-28T10:29:46","slug":"ru_ru-canpol-lozhka-plastikovaja-volshebnaja-2sht-trim-ro_ro-canpol-linguri-a-fermecat-2-buc","status":"publish","type":"product","link":"https:\/\/minimax.md\/ru\/product\/41414.html","title":{"rendered":"Canpol \u043b\u043e\u0436\u043a\u0430 \u043f\u043b\u0430\u0441\u0442\u0438\u043a\u043e\u0432\u0430\u044f \u0412\u043e\u043b\u0448\u0435\u0431\u043d\u0430\u044f 2\u0448\u0442"},"content":{"rendered":"<p>[:ru_RU]\u041e\u043f\u0438\u0441\u0430\u043d\u0438\u0435 \u0442\u043e\u0432\u0430\u0440\u0430: \u043b\u043e\u0436\u043a\u0430 \u0432\u043e\u043b\u0448\u0435\u0431\u043d\u0430\u044f \u043f\u043b\u0430\u0441\u0442\u0438\u043a\u043e\u0432\u0430\u044f, \u0441 \u044f\u0440\u043a\u043e\u0439 \u0440\u0430\u0441\u0446\u0432\u0435\u0442\u043a\u043e\u0439, \u043c\u043e\u0436\u0435\u0442 \u043f\u0440\u0438\u0443\u043a\u0440\u0430\u0441\u0438\u0442\u044c \u043f\u0440\u043e\u0446\u0435\u0441\u0441 \u043a\u043e\u0440\u043c\u043b\u0435\u043d\u0438\u044f \u043c\u0430\u043b\u044b\u0448\u0430 \u0438 \u043e\u0434\u043d\u043e\u0432\u0440\u0435\u043c\u0435\u043d\u043d\u043e \u043f\u0440\u0438\u0443\u0447\u0438\u0442\u044c \u0435\u0433\u043e \u0441\u0430\u043c\u043e\u0441\u0442\u043e\u044f\u0442\u0435\u043b\u044c\u043d\u043e \u043a\u0443\u0448\u0430\u0442\u044c.<br \/>\n\u042d\u0440\u0433\u043e\u043d\u043e\u043c\u0438\u0447\u0435\u0441\u043a\u0430\u044f  \u0444\u043e\u0440\u043c\u0430 \u043b\u043e\u0436\u043a\u0438 \u0441\u043f\u0435\u0446\u0438\u0430\u043b\u044c\u043d\u043e \u043f\u0440\u0438\u0441\u043f\u043e\u0441\u043e\u0431\u043b\u0435\u043d\u0430 \u0434\u043b\u044f \u043c\u0430\u043b\u0435\u043d\u044c\u043a\u0438\u0445 \u0434\u0435\u0442\u0441\u043a\u0438\u0445 \u0440\u0443\u0447\u0435\u043a, \u0431\u043b\u0430\u0433\u043e\u0434\u0430\u0440\u044f \u0447\u0435\u043c\u0443 \u0441\u0442\u0430\u043d\u043e\u0432\u0438\u0442\u0441\u044f \u0443\u0434\u043e\u0431\u043d\u0430 \u0438 \u043b\u0435\u0433\u043a\u0430 \u0432 \u043c\u043e\u043c\u0435\u043d\u0442 \u043a\u043e\u0440\u043c\u043b\u0435\u043d\u0438\u0435.<br \/>\n\u0412\u043e\u043b\u0448\u0435\u0431\u043d\u0430\u044f \u043b\u043e\u0436\u043a\u0430 \u043f\u043e\u043c\u043e\u0433\u0430\u0435\u0442 \u043e\u043f\u0440\u0435\u0434\u0435\u043b\u044f\u0442\u044c \u0442\u0435\u043c\u043f\u0435\u0440\u0430\u0442\u0443\u0440\u0443 \u043f\u0438\u0449\u0438.<br \/>\n\u0427\u0435\u043c \u0440\u043e\u0437\u043e\u0432\u0435\u0435 \u0441\u0442\u0430\u043d\u043e\u0432\u0438\u0442\u044c\u0441\u044f \u043b\u043e\u0436\u043a\u0430, \u0442\u0435\u043c \u043f\u0438\u0449\u0430- \u0433\u043e\u0440\u044f\u0447\u0430\u044f.<br \/>\n\u0415\u0441\u043b\u0438 \u0446\u0432\u0435\u0442 \u043b\u043e\u0436\u043a\u0438 \u043d\u0435 \u043c\u0435\u043d\u044f\u0435\u0442\u0441\u044f, \u0442\u0435\u043c\u043f\u0435\u0440\u0430\u0442\u0443\u0440\u0430 \u043f\u0438\u0449\u0438 \u043f\u0440\u0430\u0432\u0438\u043b\u044c\u043d\u0430\u044f.<br \/>\n\u041e\u0442\u043b\u0438\u0447\u043d\u043e \u043f\u043e\u0434\u0445\u043e\u0434\u0438\u0442 \u0432\u043e \u0432\u0440\u0435\u043c\u044f \u043f\u0440\u043e\u0433\u0443\u043b\u043a\u0438 \u0438\u043b\u0438 \u043f\u043e\u0435\u0437\u0434\u043a\u0438. \u041c\u044f\u0433\u043a\u0438\u0439 \u043f\u043b\u0430\u0441\u0442\u0438\u043a \u0438\u0441\u043f\u043e\u043b\u044c\u0437\u043e\u0432\u0430\u043d \u0447\u0442\u043e\u0431\u044b \u043d\u0435 \u043f\u043e\u0440\u0430\u043d\u0438\u0442\u044c \u043d\u0435\u0436\u043d\u044b\u0435 \u0434\u0435\u0442\u0441\u043a\u0438\u0435 \u0434\u0435\u0441\u043d\u0430 \u0432\u043e \u0432\u0440\u0435\u043c\u044f \u043a\u043e\u0440\u043c\u043b\u0435\u043d\u0438\u044f.<br \/>\n\u0418\u0437\u0433\u043e\u0442\u043e\u0432\u043b\u0435\u043d\u043e \u0438\u0437 \u0431\u0435\u0437\u043e\u043f\u0430\u0441\u043d\u044b\u0445 \u0438 \u0432\u044b\u043d\u043e\u0441\u043b\u0438\u0432\u044b\u0445 \u043c\u0430\u0442\u0435\u0440\u0438\u0430\u043b\u043e\u0432, \u043f\u0440\u0435\u0434\u043d\u0430\u0437\u043d\u0430\u0447\u0435\u043d\u043d\u044b\u0445  \u0434\u043b\u044f \u043a\u043e\u043d\u0442\u0430\u043a\u0442\u0430 \u0441 \u043f\u0438\u0449\u0435\u0439.<br \/>\n\u041d\u0435 \u0441\u043e\u0434\u0435\u0440\u0436\u0430\u0442.<br \/>\n\u041f\u0435\u0440\u0435\u0434 \u043f\u0435\u0440\u0432\u044b\u043c \u0438\u0441\u043f\u043e\u043b\u044c\u0437\u043e\u0432\u0430\u043d\u0438\u0435\u043c \u043e\u0431\u0434\u0430\u0442\u044c \u043a\u0438\u043f\u044f\u0442\u043a\u043e\u043c.<br \/>\n\u041d\u0435 \u043a\u0438\u043f\u044f\u0442\u0438\u0442\u044c!<br \/>\n\u0412\u043e\u0437\u0440\u0430\u0441\u0442: \u043e\u0442 5+ \u043c\u0435\u0441\u044f\u0446\u0435\u0432.[trim][:ro_RO]Descrierea produsului: linguri\u021ba fermecat\u0103 din plastic, frumos colorat\u0103, \u00een nuan\u021be vesele, poate transforma procesul de alimentare a copila\u0219ului \u00eentr-o joac\u0103 distractiv\u0103 \u0219i \u00een acela\u015fi timp s\u0103-l obi\u0219nuiasc\u0103 s\u0103 m\u0103n\u00eence singurel.<br \/>\nLinguri\u021ba fermecat\u0103 determin\u0103 temperatura m\u00eenc\u0103rii.<br \/>\nDac\u0103 linguri\u021ba se coloreaz\u0103 \u00een roz, atunci m\u00eencarea este fierbinte, dac\u0103 culoarea linguri\u021bei nu se schimb\u0103, \u00eenseamn\u0103 c\u0103 m\u00eencarea are temperatura corect\u0103.<br \/>\nLinguri\u021ba de form\u0103 ergonomic\u0103 se potrive\u0219te perfect pentru m\u00eenu\u021ba copila\u0219ului, fiind comod\u0103 \u00een utilizare iar plasticul moale nu permite r\u0103nirea gingiilor \u00een timpul hr\u0103nirii.<br \/>\nPoate fi u\u0219or folosit\u0103  \u00een timpul plimb\u0103rii. Este fabricat\u0103 din materiale sigure \u015fi durabile, permise pentru contact direct cu hrana.<br \/>\n\u00cenainte de prima utilizare, se cl\u0103te\u0219te cu ap\u0103 fierbinte.<br \/>\nNu se fierbe!<br \/>\nV\u00eersta: de la 5+ luni.<\/p>\n","protected":false},"excerpt":{"rendered":"<p>[:ru_RU]\u041e\u043f\u0438\u0441\u0430\u043d\u0438\u0435 \u0442\u043e\u0432\u0430\u0440\u0430: \u043b\u043e\u0436\u043a\u0430 \u0432\u043e\u043b\u0448\u0435\u0431\u043d\u0430\u044f \u043f\u043b\u0430\u0441\u0442\u0438\u043a\u043e\u0432\u0430\u044f, \u0441 \u044f\u0440\u043a\u043e\u0439 \u0440\u0430\u0441\u0446\u0432\u0435\u0442\u043a\u043e\u0439, \u043c\u043e\u0436\u0435\u0442 \u043f\u0440\u0438\u0443\u043a\u0440\u0430\u0441\u0438\u0442\u044c \u043f\u0440\u043e\u0446\u0435\u0441\u0441 \u043a\u043e\u0440\u043c\u043b\u0435\u043d\u0438\u044f \u043c\u0430\u043b\u044b\u0448\u0430 \u0438 \u043e\u0434\u043d\u043e\u0432\u0440\u0435\u043c\u0435\u043d\u043d\u043e \u043f\u0440\u0438\u0443\u0447\u0438\u0442\u044c \u0435\u0433\u043e \u0441\u0430\u043c\u043e\u0441\u0442\u043e\u044f\u0442\u0435\u043b\u044c\u043d\u043e \u043a\u0443\u0448\u0430\u0442\u044c. \u042d\u0440\u0433\u043e\u043d\u043e\u043c\u0438\u0447\u0435\u0441\u043a\u0430\u044f \u0444\u043e\u0440\u043c\u0430 \u043b\u043e\u0436\u043a\u0438 \u0441\u043f\u0435\u0446\u0438\u0430\u043b\u044c\u043d\u043e \u043f\u0440\u0438\u0441\u043f\u043e\u0441\u043e\u0431\u043b\u0435\u043d\u0430 \u0434\u043b\u044f \u043c\u0430\u043b\u0435\u043d\u044c\u043a\u0438\u0445 \u0434\u0435\u0442\u0441\u043a\u0438\u0445 \u0440\u0443\u0447\u0435\u043a, \u0431\u043b\u0430\u0433\u043e\u0434\u0430\u0440\u044f \u0447\u0435\u043c\u0443 \u0441\u0442\u0430\u043d\u043e\u0432\u0438\u0442\u0441\u044f \u0443\u0434\u043e\u0431\u043d\u0430 \u0438 \u043b\u0435\u0433\u043a\u0430 \u0432 \u043c\u043e\u043c\u0435\u043d\u0442 \u043a\u043e\u0440\u043c\u043b\u0435\u043d\u0438\u0435. \u0412\u043e\u043b\u0448\u0435\u0431\u043d\u0430\u044f \u043b\u043e\u0436\u043a\u0430 \u043f\u043e\u043c\u043e\u0433\u0430\u0435\u0442 \u043e\u043f\u0440\u0435\u0434\u0435\u043b\u044f\u0442\u044c \u0442\u0435\u043c\u043f\u0435\u0440\u0430\u0442\u0443\u0440\u0443 \u043f\u0438\u0449\u0438. \u0427\u0435\u043c \u0440\u043e\u0437\u043e\u0432\u0435\u0435 \u0441\u0442\u0430\u043d\u043e\u0432\u0438\u0442\u044c\u0441\u044f \u043b\u043e\u0436\u043a\u0430, \u0442\u0435\u043c \u043f\u0438\u0449\u0430- \u0433\u043e\u0440\u044f\u0447\u0430\u044f. \u0415\u0441\u043b\u0438 \u0446\u0432\u0435\u0442 \u043b\u043e\u0436\u043a\u0438 \u043d\u0435 \u043c\u0435\u043d\u044f\u0435\u0442\u0441\u044f, [&hellip;]<\/p>\n","protected":false},"featured_media":41413,"comment_status":"open","ping_status":"closed","template":"","meta":{"_acf_changed":false},"product_brand":[],"product_cat":[6783],"product_tag":[],"class_list":{"0":"post-41414","1":"product","2":"type-product","3":"status-publish","4":"has-post-thumbnail","6":"product_cat-ru_ru-lozhki-i-vilki-trim-r","8":"first","9":"instock","10":"shipping-taxable","11":"purchasable","12":"product-type-simple"},"acf":[],"_links":{"self":[{"href":"https:\/\/minimax.md\/ru\/wp-json\/wp\/v2\/product\/41414","targetHints":{"allow":["GET"]}}],"collection":[{"href":"https:\/\/minimax.md\/ru\/wp-json\/wp\/v2\/product"}],"about":[{"href":"https:\/\/minimax.md\/ru\/wp-json\/wp\/v2\/types\/product"}],"replies":[{"embeddable":true,"href":"https:\/\/minimax.md\/ru\/wp-json\/wp\/v2\/comments?post=41414"}],"version-history":[{"count":0,"href":"https:\/\/minimax.md\/ru\/wp-json\/wp\/v2\/product\/41414\/revisions"}],"wp:featuredmedia":[{"embeddable":true,"href":"https:\/\/minimax.md\/ru\/wp-json\/wp\/v2\/media\/41413"}],"wp:attachment":[{"href":"https:\/\/minimax.md\/ru\/wp-json\/wp\/v2\/media?parent=41414"}],"wp:term":[{"taxonomy":"product_brand","embeddable":true,"href":"https:\/\/minimax.md\/ru\/wp-json\/wp\/v2\/product_brand?post=41414"},{"taxonomy":"product_cat","embeddable":true,"href":"https:\/\/minimax.md\/ru\/wp-json\/wp\/v2\/product_cat?post=41414"},{"taxonomy":"product_tag","embeddable":true,"href":"https:\/\/minimax.md\/ru\/wp-json\/wp\/v2\/product_tag?post=41414"}],"curies":[{"name":"wp","href":"https:\/\/api.w.org\/{rel}","templated":true}]}}