{"id":41427,"date":"2023-11-28T13:08:59","date_gmt":"2023-11-28T10:08:59","guid":{"rendered":"https:\/\/minimax.md\/product\/41427.html"},"modified":"2023-11-28T13:29:46","modified_gmt":"2023-11-28T10:29:46","slug":"ru_ru-canpol-sitechko-dlja-kormlenija-trim-ro_ro-canpol-plas-pentru-hran","status":"publish","type":"product","link":"https:\/\/minimax.md\/ru\/product\/41427.html","title":{"rendered":"Canpol \u0441\u0438\u0442\u0435\u0447\u043a\u043e \u0434\u043b\u044f \u043a\u043e\u0440\u043c\u043b\u0435\u043d\u0438\u044f"},"content":{"rendered":"<p>[:ru_RU]\u041e\u043f\u0438\u0441\u0430\u043d\u0438\u0435 \u0442\u043e\u0432\u0430\u0440\u0430: \u0441\u0438\u0442\u0435\u0447\u043a\u043e \u043f\u043e\u0437\u0432\u043e\u043b\u044f\u0435\u0442 \u0440\u0435\u0431\u0435\u043d\u043a\u0443 \u043a\u0443\u0448\u0430\u0442\u044c \u043e\u0431\u044b\u0447\u043d\u044b\u0435 \u043f\u0440\u043e\u0434\u0443\u043a\u0442\u044b \u0431\u0435\u0437 \u0440\u0438\u0441\u043a\u0430 \u043f\u043e\u0434\u0430\u0432\u0438\u0442\u044c\u0441\u044f.<br \/>\n\u0418\u0434\u0435\u0430\u043b\u044c\u043d\u043e \u043f\u043e\u0434\u0445\u043e\u0434\u0438\u0442 \u0434\u043b\u044f \u043f\u0440\u043e\u0434\u0443\u043a\u0442\u043e\u0432 (\u0441\u043e\u043e\u0442\u0432\u0435\u0442\u0441\u0442\u0432\u0443\u044e\u0449\u0438\u0445 \u0432\u043e\u0437\u0440\u0430\u0441\u0442\u0443 \u0440\u0435\u0431\u0435\u043d\u043a\u0430), \u0432\u043a\u043b\u044e\u0447\u0430\u044e\u0449\u0438\u0445 \u0441\u0432\u0435\u0436\u0438\u0435, \u043e\u0445\u043b\u0430\u0436\u0434\u0435\u043d\u043d\u044b\u0435 \u0438\u043b\u0438 \u0437\u0430\u043c\u043e\u0440\u043e\u0436\u0435\u043d\u043d\u044b\u0435 \u0444\u0440\u0443\u043a\u0442\u044b, \u043a\u0443\u0441\u043e\u0447\u043a\u0438 \u043e\u0432\u043e\u0449\u0435\u0439 \u0438 \u043c\u043d\u043e\u0433\u043e\u0435 \u0434\u0440\u0443\u0433\u043e\u0435.<br \/>\n\u0427\u0435\u0440\u0435\u0437 \u043c\u0435\u043b\u043a\u0438\u0435 \u044f\u0447\u0435\u0439\u043a\u0438 \u043c\u0430\u043b\u044b\u0448 \u043d\u0435 \u0441\u043c\u043e\u0436\u0435\u0442 \u043e\u0442\u043a\u0443\u0441\u0438\u0442\u044c \u043a\u0443\u0441\u043e\u0447\u0435\u043a, \u0432 \u0435\u0433\u043e \u0440\u043e\u0442\u0438\u043a \u0431\u0443\u0434\u0443\u0442 \u043f\u043e\u043f\u0430\u0434\u0430\u0442\u044c \u0442\u043e\u043b\u044c\u043a\u043e \u043c\u0435\u043b\u044c\u0447\u0430\u0439\u0448\u0438\u0435 \u0447\u0430\u0441\u0442\u0438\u0447\u043a\u0438 \u043f\u0440\u043e\u0434\u0443\u043a\u0442\u0430, \u0431\u0435\u0437\u043e\u043f\u0430\u0441\u043d\u044b\u0435 \u0434\u043b\u044f \u043f\u0440\u043e\u0433\u043b\u0430\u0442\u044b\u0432\u0430\u043d\u0438\u044f.<br \/>\n\u041d\u0430 \u0441\u0438\u0442\u0435\u0447\u043a\u0435 \u0435\u0441\u0442\u044c \u043a\u043e\u043b\u044c\u0446\u043e, \u043a\u043e\u0442\u043e\u0440\u043e\u0435 \u043f\u0440\u0438\u043a\u0440\u0443\u0447\u0438\u0432\u0430\u0435\u0442\u0441\u044f \u043a \u0440\u0443\u0447\u043a\u0435.<br \/>\n\u0421\u0432\u0435\u0440\u0445\u0443 \u043d\u0438\u0431\u043b\u0435\u0440 \u0437\u0430\u043a\u0440\u044b\u0432\u0430\u0435\u0442\u0441\u044f \u0437\u0430\u0449\u0438\u0442\u043d\u044b\u043c \u0433\u0438\u0433\u0438\u0435\u043d\u0438\u0447\u0435\u0441\u043a\u0438\u043c \u043a\u043e\u043b\u043f\u0430\u0447\u043a\u043e\u043c.<br \/>\n\u0412 \u043a\u043e\u043c\u043f\u043b\u0435\u043a\u0442 \u0432\u0445\u043e\u0434\u0438\u0442 1 \u043d\u0438\u0431\u043b\u0435\u0440, 2 \u0441\u043c\u0435\u043d\u043d\u044b\u0435 \u0441\u0435\u0442\u043e\u0447\u043a\u0438, \u0440\u0443\u0447\u043a\u0430, \u043a\u043e\u043b\u044c\u0446\u043e.<br \/>\n\u0412\u043e\u0437\u0440\u0430\u0441\u0442: \u0441 5 \u043c\u0435\u0441\u044f\u0446\u0435\u0432.[trim][:ro_RO]Descrierea produsului: plasa de hr\u0103nire permite copila\u0219ului s\u0103 \u00eenceap\u0103 s\u0103 m\u0103n\u00eence buc\u0103\u021belele de m\u00eencare, f\u0103r\u0103 a exista pericolul s\u0103 se \u00eenece, deoarece toate alimentele traverseaz\u0103 plasa, iar s\u00eemburii \u0219i cojile r\u0103m\u00een \u00een plas\u0103.<br \/>\n Este ideal\u0103 pentru  biscui\u021bi, fructe, br\u00eenz\u0103, legume,  sau alte tipuri de produse.<br \/>\nDispozitivul de hr\u0103nire const\u0103 dintr-un m\u00eener ergonomic, o plas\u0103 fin\u0103 care se prinde pe m\u00eener \u0219i o clem\u0103 de fixare, care previne c\u0103derea plasei \u00een timp ce copila\u0219ul m\u0103n\u00eenc\u0103.<br \/>\n\u00cen set se include 2 plase de rezerv\u0103 \u0219i o clem\u0103.<br \/>\nPiesele s\u00eent demontabile \u00eentre ele, ceea ce permite o cur\u0103\u021bare perfect\u0103 a dispozitivului de hrnire.<br \/>\nV\u00eersta: de la 5 luni<\/p>\n","protected":false},"excerpt":{"rendered":"<p>[:ru_RU]\u041e\u043f\u0438\u0441\u0430\u043d\u0438\u0435 \u0442\u043e\u0432\u0430\u0440\u0430: \u0441\u0438\u0442\u0435\u0447\u043a\u043e \u043f\u043e\u0437\u0432\u043e\u043b\u044f\u0435\u0442 \u0440\u0435\u0431\u0435\u043d\u043a\u0443 \u043a\u0443\u0448\u0430\u0442\u044c \u043e\u0431\u044b\u0447\u043d\u044b\u0435 \u043f\u0440\u043e\u0434\u0443\u043a\u0442\u044b \u0431\u0435\u0437 \u0440\u0438\u0441\u043a\u0430 \u043f\u043e\u0434\u0430\u0432\u0438\u0442\u044c\u0441\u044f. \u0418\u0434\u0435\u0430\u043b\u044c\u043d\u043e \u043f\u043e\u0434\u0445\u043e\u0434\u0438\u0442 \u0434\u043b\u044f \u043f\u0440\u043e\u0434\u0443\u043a\u0442\u043e\u0432 (\u0441\u043e\u043e\u0442\u0432\u0435\u0442\u0441\u0442\u0432\u0443\u044e\u0449\u0438\u0445 \u0432\u043e\u0437\u0440\u0430\u0441\u0442\u0443 \u0440\u0435\u0431\u0435\u043d\u043a\u0430), \u0432\u043a\u043b\u044e\u0447\u0430\u044e\u0449\u0438\u0445 \u0441\u0432\u0435\u0436\u0438\u0435, \u043e\u0445\u043b\u0430\u0436\u0434\u0435\u043d\u043d\u044b\u0435 \u0438\u043b\u0438 \u0437\u0430\u043c\u043e\u0440\u043e\u0436\u0435\u043d\u043d\u044b\u0435 \u0444\u0440\u0443\u043a\u0442\u044b, \u043a\u0443\u0441\u043e\u0447\u043a\u0438 \u043e\u0432\u043e\u0449\u0435\u0439 \u0438 \u043c\u043d\u043e\u0433\u043e\u0435 \u0434\u0440\u0443\u0433\u043e\u0435. \u0427\u0435\u0440\u0435\u0437 \u043c\u0435\u043b\u043a\u0438\u0435 \u044f\u0447\u0435\u0439\u043a\u0438 \u043c\u0430\u043b\u044b\u0448 \u043d\u0435 \u0441\u043c\u043e\u0436\u0435\u0442 \u043e\u0442\u043a\u0443\u0441\u0438\u0442\u044c \u043a\u0443\u0441\u043e\u0447\u0435\u043a, \u0432 \u0435\u0433\u043e \u0440\u043e\u0442\u0438\u043a \u0431\u0443\u0434\u0443\u0442 \u043f\u043e\u043f\u0430\u0434\u0430\u0442\u044c \u0442\u043e\u043b\u044c\u043a\u043e \u043c\u0435\u043b\u044c\u0447\u0430\u0439\u0448\u0438\u0435 \u0447\u0430\u0441\u0442\u0438\u0447\u043a\u0438 \u043f\u0440\u043e\u0434\u0443\u043a\u0442\u0430, \u0431\u0435\u0437\u043e\u043f\u0430\u0441\u043d\u044b\u0435 \u0434\u043b\u044f \u043f\u0440\u043e\u0433\u043b\u0430\u0442\u044b\u0432\u0430\u043d\u0438\u044f. \u041d\u0430 \u0441\u0438\u0442\u0435\u0447\u043a\u0435 \u0435\u0441\u0442\u044c \u043a\u043e\u043b\u044c\u0446\u043e, \u043a\u043e\u0442\u043e\u0440\u043e\u0435 \u043f\u0440\u0438\u043a\u0440\u0443\u0447\u0438\u0432\u0430\u0435\u0442\u0441\u044f [&hellip;]<\/p>\n","protected":false},"featured_media":41424,"comment_status":"open","ping_status":"closed","template":"","meta":{"_acf_changed":false},"product_brand":[],"product_cat":[6787],"product_tag":[],"class_list":{"0":"post-41427","1":"product","2":"type-product","3":"status-publish","4":"has-post-thumbnail","6":"product_cat-ru_ru-nibler-trim-ro_ro-nib","8":"first","9":"instock","10":"shipping-taxable","11":"purchasable","12":"product-type-simple"},"acf":[],"_links":{"self":[{"href":"https:\/\/minimax.md\/ru\/wp-json\/wp\/v2\/product\/41427","targetHints":{"allow":["GET"]}}],"collection":[{"href":"https:\/\/minimax.md\/ru\/wp-json\/wp\/v2\/product"}],"about":[{"href":"https:\/\/minimax.md\/ru\/wp-json\/wp\/v2\/types\/product"}],"replies":[{"embeddable":true,"href":"https:\/\/minimax.md\/ru\/wp-json\/wp\/v2\/comments?post=41427"}],"version-history":[{"count":0,"href":"https:\/\/minimax.md\/ru\/wp-json\/wp\/v2\/product\/41427\/revisions"}],"wp:featuredmedia":[{"embeddable":true,"href":"https:\/\/minimax.md\/ru\/wp-json\/wp\/v2\/media\/41424"}],"wp:attachment":[{"href":"https:\/\/minimax.md\/ru\/wp-json\/wp\/v2\/media?parent=41427"}],"wp:term":[{"taxonomy":"product_brand","embeddable":true,"href":"https:\/\/minimax.md\/ru\/wp-json\/wp\/v2\/product_brand?post=41427"},{"taxonomy":"product_cat","embeddable":true,"href":"https:\/\/minimax.md\/ru\/wp-json\/wp\/v2\/product_cat?post=41427"},{"taxonomy":"product_tag","embeddable":true,"href":"https:\/\/minimax.md\/ru\/wp-json\/wp\/v2\/product_tag?post=41427"}],"curies":[{"name":"wp","href":"https:\/\/api.w.org\/{rel}","templated":true}]}}