{"id":41431,"date":"2023-11-28T13:09:03","date_gmt":"2023-11-28T10:09:03","guid":{"rendered":"https:\/\/minimax.md\/product\/41431.html"},"modified":"2023-11-28T13:29:46","modified_gmt":"2023-11-28T10:29:46","slug":"ru_ru-canpol-poilnik-sportivnyj-neprolivajushhij-350-ml-trim-ro_ro-canpol-c-nu-cu-pai-350-ml","status":"publish","type":"product","link":"https:\/\/minimax.md\/ru\/product\/41431.html","title":{"rendered":"Canpol \u043f\u043e\u0438\u043b\u044c\u043d\u0438\u043a \u0441\u043f\u043e\u0440\u0442\u0438\u0432\u043d\u044b\u0439 \u043d\u0435\u043f\u0440\u043e\u043b\u0438\u0432\u0430\u044e\u0449\u0438\u0439, 350 \u043c\u043b"},"content":{"rendered":"<p>[:ru_RU]\u041e\u043f\u0438\u0441\u0430\u043d\u0438\u0435 \u0442\u043e\u0432\u0430\u0440\u0430: \u0447\u0430\u0448\u043a\u0430-\u043f\u043e\u0438\u043b\u043a\u0430 \u043f\u043b\u0430\u0441\u0442\u0438\u043a\u043e\u0432\u0430\u044f \u0441 \u0441\u0438\u043b\u0438\u043a\u043e\u043d\u043e\u0432\u043e\u0439 \u0442\u0440\u0443\u0431\u043e\u0447\u043a\u043e\u0439, \u043e\u0442\u043b\u0438\u0447\u043d\u044b\u0439 \u043c\u0435\u0442\u043e\u0434 \u043f\u0440\u0438\u0443\u0447\u0438\u0442\u044c \u043c\u0430\u043b\u044b\u0448\u0430 \u0441\u0430\u043c\u043e\u0441\u0442\u043e\u044f\u0442\u0435\u043b\u044c\u043d\u043e \u043f\u0438\u0442\u044c.<br \/>\n\u0421\u0438\u043b\u0438\u043a\u043e\u043d\u043e\u0432\u0430\u044f \u0442\u0440\u0443\u0431\u043e\u0447\u043a\u0430 \u0441\u043f\u0440\u043e\u0435\u043a\u0442\u0438\u0440\u043e\u0432\u0430\u043d\u0430 \u0441\u043f\u0435\u0446\u0438\u0430\u043b\u044c\u043d\u043e \u0434\u043b\u044f \u043d\u0435\u0436\u043d\u044b\u0445 \u0434\u0435\u0442\u0441\u043a\u0438\u0445 \u0434\u0435\u0441\u0435\u043d, \u0430 \u0440\u0443\u0447\u043a\u0438 \u044d\u0440\u0433\u043e\u043d\u043e\u043c\u0438\u0447\u0435\u0441\u043a\u043e\u0439 \u0444\u043e\u0440\u043c\u044b \u043e\u0442\u043b\u0438\u0447\u043d\u043e \u043f\u043e\u0434\u0445\u043e\u0434\u044f\u0442 \u043a \u043c\u0430\u043b\u0435\u043d\u044c\u043a\u0438\u043c \u0440\u0443\u0447\u043a\u0430\u043c \u043c\u0430\u043b\u044b\u0448\u0430.<br \/>\n\u041a\u0440\u044b\u0448\u0435\u0447\u043a\u0430 \u043f\u0440\u0435\u0434\u043e\u0442\u0432\u0440\u0430\u0449\u0430\u0435\u0442 \u0432\u044b\u0442\u0435\u043a\u0430\u043d\u0438\u044e \u0436\u0438\u0434\u043a\u043e\u0441\u0442\u0438 \u0438 \u0437\u0430\u0433\u0440\u044f\u0437\u043d\u0435\u043d\u0438\u0435 \u0442\u0440\u0443\u0431\u043e\u0447\u043a\u0438.<br \/>\n\u041e\u0442\u043b\u0438\u0447\u043d\u043e \u043f\u043e\u0434\u0445\u043e\u0434\u0438\u0442 \u0434\u043e\u043c\u0430, \u0430 \u0442\u0430\u043a\u0436\u0435 \u0432\u043e \u0432\u0440\u0435\u043c\u044f \u043f\u0440\u043e\u0433\u0443\u043b\u043a\u0438 \u0438\u043b\u0438 \u043f\u043e\u0435\u0437\u0434\u043a\u0438.<br \/>\n\u0427\u0430\u0448\u043a\u0430-\u043f\u043e\u0438\u043b\u043a\u0430 \u0438\u0437\u0433\u043e\u0442\u043e\u0432\u043b\u0435\u043d\u0430 \u0438\u0437 \u0431\u0435\u0437\u043e\u043f\u0430\u0441\u043d\u044b\u0445 \u0438 \u0432\u044b\u043d\u043e\u0441\u043b\u0438\u0432\u044b\u0445 \u043c\u0430\u0442\u0435\u0440\u0438\u0430\u043b\u043e\u0432, \u043f\u0440\u0435\u0434\u043d\u0430\u0437\u043d\u0430\u0447\u0435\u043d\u043d\u044b\u0445 \u0434\u043b\u044f \u043a\u043e\u043d\u0442\u0430\u043a\u0442\u0430 \u0441 \u0436\u0438\u0434\u043a\u043e\u0441\u0442\u044c\u044e.<br \/>\n\u041d\u0435 \u0441\u043e\u0434\u0435\u0440\u0436\u0430\u0442 \u0411\u0438\u0441\u0444\u0435\u043d\u043e\u043b \u0410.<br \/>\n\u041f\u0435\u0440\u0435\u0434 \u043f\u0435\u0440\u0432\u044b\u043c \u0438\u0441\u043f\u043e\u043b\u044c\u0437\u043e\u0432\u0430\u043d\u0438\u0435\u043c \u043e\u0431\u0434\u0430\u0442\u044c \u043a\u0438\u043f\u044f\u0442\u043a\u043e\u043c.<br \/>\n\u041d\u0435 \u043a\u0438\u043f\u044f\u0442\u0438\u0442\u044c!<br \/>\n\u0412\u043e\u0437\u0440\u0430\u0441\u0442: \u043e\u0442 9 \u043c\u0435\u0441\u044f\u0446\u0435\u0432.[trim][:ro_RO]Descrierea produsului: c\u0103nu\u021ba din plastic, cu pai din silicon, este ideal\u0103 pentru a \u00eenv\u0103\u021ba copilul s\u0103 bea singurel.<br \/>\nPaiul din silicon nu permite r\u0103nirea gingiilor \u00een timpul utiliz\u0103rii iar m\u00eenerul de form\u0103 ergonomic\u0103 se potrive\u0219te perfect pentru m\u00eenu\u021ba copila\u0219ului.<br \/>\nC\u0103nu\u021ba are c\u0103p\u0103cel care previne scurgerea lichidului \u0219i detereorarea paiului.<br \/>\nEa poate fi u\u0219or folosit\u0103 \u00een timpul plimb\u0103rii.<br \/>\nEste fabricat\u0103 din materiale sigure \u015fi durabile, permise pentru contact direct cu lichidul, nu con\u021bine<br \/>\nBisfenol A. \u00cenainte de prima utilizare, se cl\u0103te\u0219te cu ap\u0103 fierbinte.<br \/>\nNu se fierbe!<br \/>\nV\u00eersta: de la 9 luni.<\/p>\n","protected":false},"excerpt":{"rendered":"<p>[:ru_RU]\u041e\u043f\u0438\u0441\u0430\u043d\u0438\u0435 \u0442\u043e\u0432\u0430\u0440\u0430: \u0447\u0430\u0448\u043a\u0430-\u043f\u043e\u0438\u043b\u043a\u0430 \u043f\u043b\u0430\u0441\u0442\u0438\u043a\u043e\u0432\u0430\u044f \u0441 \u0441\u0438\u043b\u0438\u043a\u043e\u043d\u043e\u0432\u043e\u0439 \u0442\u0440\u0443\u0431\u043e\u0447\u043a\u043e\u0439, \u043e\u0442\u043b\u0438\u0447\u043d\u044b\u0439 \u043c\u0435\u0442\u043e\u0434 \u043f\u0440\u0438\u0443\u0447\u0438\u0442\u044c \u043c\u0430\u043b\u044b\u0448\u0430 \u0441\u0430\u043c\u043e\u0441\u0442\u043e\u044f\u0442\u0435\u043b\u044c\u043d\u043e \u043f\u0438\u0442\u044c. \u0421\u0438\u043b\u0438\u043a\u043e\u043d\u043e\u0432\u0430\u044f \u0442\u0440\u0443\u0431\u043e\u0447\u043a\u0430 \u0441\u043f\u0440\u043e\u0435\u043a\u0442\u0438\u0440\u043e\u0432\u0430\u043d\u0430 \u0441\u043f\u0435\u0446\u0438\u0430\u043b\u044c\u043d\u043e \u0434\u043b\u044f \u043d\u0435\u0436\u043d\u044b\u0445 \u0434\u0435\u0442\u0441\u043a\u0438\u0445 \u0434\u0435\u0441\u0435\u043d, \u0430 \u0440\u0443\u0447\u043a\u0438 \u044d\u0440\u0433\u043e\u043d\u043e\u043c\u0438\u0447\u0435\u0441\u043a\u043e\u0439 \u0444\u043e\u0440\u043c\u044b \u043e\u0442\u043b\u0438\u0447\u043d\u043e \u043f\u043e\u0434\u0445\u043e\u0434\u044f\u0442 \u043a \u043c\u0430\u043b\u0435\u043d\u044c\u043a\u0438\u043c \u0440\u0443\u0447\u043a\u0430\u043c \u043c\u0430\u043b\u044b\u0448\u0430. \u041a\u0440\u044b\u0448\u0435\u0447\u043a\u0430 \u043f\u0440\u0435\u0434\u043e\u0442\u0432\u0440\u0430\u0449\u0430\u0435\u0442 \u0432\u044b\u0442\u0435\u043a\u0430\u043d\u0438\u044e \u0436\u0438\u0434\u043a\u043e\u0441\u0442\u0438 \u0438 \u0437\u0430\u0433\u0440\u044f\u0437\u043d\u0435\u043d\u0438\u0435 \u0442\u0440\u0443\u0431\u043e\u0447\u043a\u0438. \u041e\u0442\u043b\u0438\u0447\u043d\u043e \u043f\u043e\u0434\u0445\u043e\u0434\u0438\u0442 \u0434\u043e\u043c\u0430, \u0430 \u0442\u0430\u043a\u0436\u0435 \u0432\u043e \u0432\u0440\u0435\u043c\u044f \u043f\u0440\u043e\u0433\u0443\u043b\u043a\u0438 \u0438\u043b\u0438 \u043f\u043e\u0435\u0437\u0434\u043a\u0438. \u0427\u0430\u0448\u043a\u0430-\u043f\u043e\u0438\u043b\u043a\u0430 \u0438\u0437\u0433\u043e\u0442\u043e\u0432\u043b\u0435\u043d\u0430 \u0438\u0437 \u0431\u0435\u0437\u043e\u043f\u0430\u0441\u043d\u044b\u0445 \u0438 \u0432\u044b\u043d\u043e\u0441\u043b\u0438\u0432\u044b\u0445 \u043c\u0430\u0442\u0435\u0440\u0438\u0430\u043b\u043e\u0432, [&hellip;]<\/p>\n","protected":false},"featured_media":41428,"comment_status":"open","ping_status":"closed","template":"","meta":{"_acf_changed":false},"product_brand":[],"product_cat":[6790],"product_tag":[],"class_list":{"0":"post-41431","1":"product","2":"type-product","3":"status-publish","4":"has-post-thumbnail","6":"product_cat-ru_ru-kruzhki-i-poilniki-tr","8":"first","9":"instock","10":"shipping-taxable","11":"purchasable","12":"product-type-simple"},"acf":[],"_links":{"self":[{"href":"https:\/\/minimax.md\/ru\/wp-json\/wp\/v2\/product\/41431","targetHints":{"allow":["GET"]}}],"collection":[{"href":"https:\/\/minimax.md\/ru\/wp-json\/wp\/v2\/product"}],"about":[{"href":"https:\/\/minimax.md\/ru\/wp-json\/wp\/v2\/types\/product"}],"replies":[{"embeddable":true,"href":"https:\/\/minimax.md\/ru\/wp-json\/wp\/v2\/comments?post=41431"}],"version-history":[{"count":0,"href":"https:\/\/minimax.md\/ru\/wp-json\/wp\/v2\/product\/41431\/revisions"}],"wp:featuredmedia":[{"embeddable":true,"href":"https:\/\/minimax.md\/ru\/wp-json\/wp\/v2\/media\/41428"}],"wp:attachment":[{"href":"https:\/\/minimax.md\/ru\/wp-json\/wp\/v2\/media?parent=41431"}],"wp:term":[{"taxonomy":"product_brand","embeddable":true,"href":"https:\/\/minimax.md\/ru\/wp-json\/wp\/v2\/product_brand?post=41431"},{"taxonomy":"product_cat","embeddable":true,"href":"https:\/\/minimax.md\/ru\/wp-json\/wp\/v2\/product_cat?post=41431"},{"taxonomy":"product_tag","embeddable":true,"href":"https:\/\/minimax.md\/ru\/wp-json\/wp\/v2\/product_tag?post=41431"}],"curies":[{"name":"wp","href":"https:\/\/api.w.org\/{rel}","templated":true}]}}