{"id":41435,"date":"2023-11-28T13:09:03","date_gmt":"2023-11-28T10:09:03","guid":{"rendered":"https:\/\/minimax.md\/product\/41435.html"},"modified":"2023-11-28T13:29:46","modified_gmt":"2023-11-28T10:29:46","slug":"ru_ru-canpol-termometr-dlja-vanny-utka-trim-ro_ro-canpol-termometru-pentru-baie-ra","status":"publish","type":"product","link":"https:\/\/minimax.md\/ru\/product\/41435.html","title":{"rendered":"Canpol \u0442\u0435\u0440\u043c\u043e\u043c\u0435\u0442\u0440 \u0434\u043b\u044f \u0432\u0430\u043d\u043d\u044b \u0423\u0442\u043a\u0430"},"content":{"rendered":"<p>[:ru_RU]\u0412\u044b\u0441\u043e\u043a\u043e\u043a\u0430\u0447\u0435\u0441\u0442\u0432\u0435\u043d\u043d\u044b\u0435 \u0441\u043f\u0438\u0440\u0442\u043e\u0432\u044b\u0435 \u0442\u0435\u0440\u043c\u043e\u043c\u0435\u0442\u0440\u044b \u0434\u043b\u044f \u0432\u043e\u0434\u044b \u0440\u0430\u0437\u043b\u0438\u0447\u043d\u044b\u0445 \u0440\u0430\u0441\u0446\u0432\u0435\u0442\u043e\u043a \u0442\u043e\u0447\u043d\u043e \u043e\u043f\u0440\u0435\u0434\u0435\u043b\u044f\u044e\u0442 \u0442\u0435\u043c\u043f\u0435\u0440\u0430\u0442\u0443\u0440\u0443 \u0432\u043e\u0434\u044b, \u043d\u0430\u0434\u0435\u0436\u043d\u044b, \u0433\u0438\u0433\u0438\u0435\u043d\u0438\u0447\u043d\u044b \u0438 \u0431\u0435\u0437\u043e\u043f\u0430\u0441\u043d\u044b \u0432 \u0443\u043f\u043e\u0442\u0440\u0435\u0431\u043b\u0435\u043d\u0438\u0438.<br \/>\n\u041f\u043b\u0430\u0441\u0442\u043c\u0430\u0441\u0441\u043e\u0432\u044b\u0439 \u043a\u043e\u0440\u043f\u0443\u0441 \u0432 \u0432\u0438\u0434\u0435 \u0443\u0442\u043e\u0447\u043a\u0438 \u043d\u0435 \u043f\u043e\u0437\u0432\u043e\u043b\u0438\u0442 \u0442\u0435\u0440\u043c\u043e\u043c\u0435\u0442\u0440\u0443 \u0440\u0430\u0437\u0431\u0438\u0442\u044c\u0441\u044f.[trim][:ro_RO]Termometru de baie se folose\u0219te la m\u0103surarea apei inainte de baie, este exact, de \u00eencredere, igienic \u0219i u\u0219or de folosit, substan\u021ba activ\u0103 este alcoolul, tubul de alcool este foarte rezistent la lovituri, temperatura apei trebuie s\u0103 fie intre 32-37  0 C, marcat\u0103 pe termometru de o fa\u021b\u0103 z\u00e2mbitoare  fulgul de nea indic\u0103 o temperatur\u0103 a apei prea scazut\u0103, iar soarele o temperatura prea ridicata.<\/p>\n","protected":false},"excerpt":{"rendered":"<p>[:ru_RU]\u0412\u044b\u0441\u043e\u043a\u043e\u043a\u0430\u0447\u0435\u0441\u0442\u0432\u0435\u043d\u043d\u044b\u0435 \u0441\u043f\u0438\u0440\u0442\u043e\u0432\u044b\u0435 \u0442\u0435\u0440\u043c\u043e\u043c\u0435\u0442\u0440\u044b \u0434\u043b\u044f \u0432\u043e\u0434\u044b \u0440\u0430\u0437\u043b\u0438\u0447\u043d\u044b\u0445 \u0440\u0430\u0441\u0446\u0432\u0435\u0442\u043e\u043a \u0442\u043e\u0447\u043d\u043e \u043e\u043f\u0440\u0435\u0434\u0435\u043b\u044f\u044e\u0442 \u0442\u0435\u043c\u043f\u0435\u0440\u0430\u0442\u0443\u0440\u0443 \u0432\u043e\u0434\u044b, \u043d\u0430\u0434\u0435\u0436\u043d\u044b, \u0433\u0438\u0433\u0438\u0435\u043d\u0438\u0447\u043d\u044b \u0438 \u0431\u0435\u0437\u043e\u043f\u0430\u0441\u043d\u044b \u0432 \u0443\u043f\u043e\u0442\u0440\u0435\u0431\u043b\u0435\u043d\u0438\u0438. \u041f\u043b\u0430\u0441\u0442\u043c\u0430\u0441\u0441\u043e\u0432\u044b\u0439 \u043a\u043e\u0440\u043f\u0443\u0441 \u0432 \u0432\u0438\u0434\u0435 \u0443\u0442\u043e\u0447\u043a\u0438 \u043d\u0435 \u043f\u043e\u0437\u0432\u043e\u043b\u0438\u0442 \u0442\u0435\u0440\u043c\u043e\u043c\u0435\u0442\u0440\u0443 \u0440\u0430\u0437\u0431\u0438\u0442\u044c\u0441\u044f.[trim][:ro_RO]Termometru de baie se folose\u0219te la m\u0103surarea apei inainte de baie, este exact, de \u00eencredere, igienic \u0219i u\u0219or de folosit, substan\u021ba activ\u0103 este alcoolul, tubul de alcool este foarte rezistent [&hellip;]<\/p>\n","protected":false},"featured_media":0,"comment_status":"open","ping_status":"closed","template":"","meta":{"_acf_changed":false},"product_brand":[],"product_cat":[6764],"product_tag":[],"class_list":{"0":"post-41435","1":"product","2":"type-product","3":"status-publish","5":"product_cat-ru_ru-termometry-trim-ro_ro","7":"first","8":"instock","9":"shipping-taxable","10":"purchasable","11":"product-type-simple"},"acf":[],"_links":{"self":[{"href":"https:\/\/minimax.md\/ru\/wp-json\/wp\/v2\/product\/41435","targetHints":{"allow":["GET"]}}],"collection":[{"href":"https:\/\/minimax.md\/ru\/wp-json\/wp\/v2\/product"}],"about":[{"href":"https:\/\/minimax.md\/ru\/wp-json\/wp\/v2\/types\/product"}],"replies":[{"embeddable":true,"href":"https:\/\/minimax.md\/ru\/wp-json\/wp\/v2\/comments?post=41435"}],"version-history":[{"count":0,"href":"https:\/\/minimax.md\/ru\/wp-json\/wp\/v2\/product\/41435\/revisions"}],"wp:attachment":[{"href":"https:\/\/minimax.md\/ru\/wp-json\/wp\/v2\/media?parent=41435"}],"wp:term":[{"taxonomy":"product_brand","embeddable":true,"href":"https:\/\/minimax.md\/ru\/wp-json\/wp\/v2\/product_brand?post=41435"},{"taxonomy":"product_cat","embeddable":true,"href":"https:\/\/minimax.md\/ru\/wp-json\/wp\/v2\/product_cat?post=41435"},{"taxonomy":"product_tag","embeddable":true,"href":"https:\/\/minimax.md\/ru\/wp-json\/wp\/v2\/product_tag?post=41435"}],"curies":[{"name":"wp","href":"https:\/\/api.w.org\/{rel}","templated":true}]}}