{"id":41439,"date":"2023-11-28T13:09:07","date_gmt":"2023-11-28T10:09:07","guid":{"rendered":"https:\/\/minimax.md\/product\/41439.html"},"modified":"2023-12-08T18:23:56","modified_gmt":"2023-12-08T15:23:56","slug":"ru_ru-canpol-aspirator-dlja-nosa-s-mjagkim-okonchaniem-trim-ro_ro-canpol-aspirator-nazal-cu-termina-ie-moale","status":"publish","type":"product","link":"https:\/\/minimax.md\/ru\/product\/41439.html","title":{"rendered":"Canpol a\u0441\u043f\u0438\u0440\u0430\u0442\u043e\u0440 \u0434\u043b\u044f \u043d\u043e\u0441\u0430 \u0441 \u043c\u044f\u0433\u043a\u0438\u043c \u043e\u043a\u043e\u043d\u0447\u0430\u043d\u0438\u0435\u043c"},"content":{"rendered":"<p>[:ru_RU]A\u0441\u043f\u0438\u0440\u0430\u0442\u043e\u0440 \u0434\u043b\u044f \u043d\u043e\u0441\u0430 Canpol Babies \u0441 \u0442\u0432\u0435\u0440\u0434\u043e\u0439 \u0438 \u043c\u044f\u0433\u043a\u043e\u0439 \u043d\u0430\u0441\u0430\u0434\u043a\u0430\u043c\u0438 \u043f\u0440\u0435\u0434\u043d\u0430\u0437\u043d\u0430\u0447\u0435\u043d \u0434\u043b\u044f \u0443\u0434\u0430\u043b\u0435\u043d\u0438\u044f \u0438\u0437\u043b\u0438\u0448\u043d\u0435\u0439 \u0441\u043b\u0438\u0437\u0438 \u0438\u0437 \u043d\u043e\u0441\u0438\u043a\u0430 \u0440\u0435\u0431\u0435\u043d\u043a\u0430.<br \/>\n\u0410\u0441\u043f\u0438\u0440\u0430\u0442\u043e\u0440 \u043f\u043e\u0437\u0432\u043e\u043b\u0438\u0442 \u043f\u0440\u043e\u0441\u0442\u043e \u0438 \u044d\u0444\u0444\u0435\u043a\u0442\u0438\u0432\u043d\u043e \u043e\u0447\u0438\u0441\u0442\u0438\u0442\u044c \u043d\u043e\u0441\u0438\u043a \u043c\u0430\u043b\u044b\u0448\u0430, \u043d\u0435 \u0442\u0440\u0430\u0432\u043c\u0438\u0440\u0443\u044f \u0435\u0433\u043e \u043d\u0435\u0436\u043d\u0443\u044e \u0441\u043b\u0438\u0437\u0438\u0441\u0442\u0443\u044e \u043e\u0431\u043e\u043b\u043e\u0447\u043a\u0443.[trim][:ro_RO]Aspiratorul nazal este recomandat pentru cur\u0103\u021barea nasului bebelu\u0219ilor \u0219i copiilor<br \/>\nAcesta re\u021bine mucusul \u00een partea de plastic unde poate fi v\u0103zut, fiind sigur \u0219i igienic.<br \/>\nCap\u0103tul de plastic este delicat cu mucoasa nazal\u0103 \u0219i este special creat pentru a proteja \u00eempotriva introducerii prea ad\u00e2nc \u00een nas.<br \/>\nEste dotat cu dou\u0103 tipuri de v\u00e2rf: un v\u00e2rf moale \u0219i un v\u00e2rf dur<\/p>\n","protected":false},"excerpt":{"rendered":"<p>[:ru_RU]A\u0441\u043f\u0438\u0440\u0430\u0442\u043e\u0440 \u0434\u043b\u044f \u043d\u043e\u0441\u0430 Canpol Babies \u0441 \u0442\u0432\u0435\u0440\u0434\u043e\u0439 \u0438 \u043c\u044f\u0433\u043a\u043e\u0439 \u043d\u0430\u0441\u0430\u0434\u043a\u0430\u043c\u0438 \u043f\u0440\u0435\u0434\u043d\u0430\u0437\u043d\u0430\u0447\u0435\u043d \u0434\u043b\u044f \u0443\u0434\u0430\u043b\u0435\u043d\u0438\u044f \u0438\u0437\u043b\u0438\u0448\u043d\u0435\u0439 \u0441\u043b\u0438\u0437\u0438 \u0438\u0437 \u043d\u043e\u0441\u0438\u043a\u0430 \u0440\u0435\u0431\u0435\u043d\u043a\u0430. \u0410\u0441\u043f\u0438\u0440\u0430\u0442\u043e\u0440 \u043f\u043e\u0437\u0432\u043e\u043b\u0438\u0442 \u043f\u0440\u043e\u0441\u0442\u043e \u0438 \u044d\u0444\u0444\u0435\u043a\u0442\u0438\u0432\u043d\u043e \u043e\u0447\u0438\u0441\u0442\u0438\u0442\u044c \u043d\u043e\u0441\u0438\u043a \u043c\u0430\u043b\u044b\u0448\u0430, \u043d\u0435 \u0442\u0440\u0430\u0432\u043c\u0438\u0440\u0443\u044f \u0435\u0433\u043e \u043d\u0435\u0436\u043d\u0443\u044e \u0441\u043b\u0438\u0437\u0438\u0441\u0442\u0443\u044e \u043e\u0431\u043e\u043b\u043e\u0447\u043a\u0443.[trim][:ro_RO]Aspiratorul nazal este recomandat pentru cur\u0103\u021barea nasului bebelu\u0219ilor \u0219i copiilor Acesta re\u021bine mucusul \u00een partea de plastic unde poate fi v\u0103zut, fiind sigur \u0219i [&hellip;]<\/p>\n","protected":false},"featured_media":41438,"comment_status":"open","ping_status":"closed","template":"","meta":{"_acf_changed":false},"product_brand":[],"product_cat":[6765],"product_tag":[],"class_list":{"0":"post-41439","1":"product","2":"type-product","3":"status-publish","4":"has-post-thumbnail","6":"product_cat-ru_ru-nazalnye-aspiratory-t","8":"first","9":"instock","10":"shipping-taxable","11":"purchasable","12":"product-type-simple"},"acf":[],"_links":{"self":[{"href":"https:\/\/minimax.md\/ru\/wp-json\/wp\/v2\/product\/41439","targetHints":{"allow":["GET"]}}],"collection":[{"href":"https:\/\/minimax.md\/ru\/wp-json\/wp\/v2\/product"}],"about":[{"href":"https:\/\/minimax.md\/ru\/wp-json\/wp\/v2\/types\/product"}],"replies":[{"embeddable":true,"href":"https:\/\/minimax.md\/ru\/wp-json\/wp\/v2\/comments?post=41439"}],"version-history":[{"count":0,"href":"https:\/\/minimax.md\/ru\/wp-json\/wp\/v2\/product\/41439\/revisions"}],"wp:featuredmedia":[{"embeddable":true,"href":"https:\/\/minimax.md\/ru\/wp-json\/wp\/v2\/media\/41438"}],"wp:attachment":[{"href":"https:\/\/minimax.md\/ru\/wp-json\/wp\/v2\/media?parent=41439"}],"wp:term":[{"taxonomy":"product_brand","embeddable":true,"href":"https:\/\/minimax.md\/ru\/wp-json\/wp\/v2\/product_brand?post=41439"},{"taxonomy":"product_cat","embeddable":true,"href":"https:\/\/minimax.md\/ru\/wp-json\/wp\/v2\/product_cat?post=41439"},{"taxonomy":"product_tag","embeddable":true,"href":"https:\/\/minimax.md\/ru\/wp-json\/wp\/v2\/product_tag?post=41439"}],"curies":[{"name":"wp","href":"https:\/\/api.w.org\/{rel}","templated":true}]}}