{"id":41452,"date":"2023-11-28T13:09:11","date_gmt":"2023-11-28T10:09:11","guid":{"rendered":"https:\/\/minimax.md\/product\/41452.html"},"modified":"2023-11-28T13:29:47","modified_gmt":"2023-11-28T10:29:47","slug":"ru_ru-canpol-shhetka-dlja-pervyh-zubov-silikonovaja-trim-ro_ro-canpol-periu-pentru-primii-din-i-ori-din-silicon","status":"publish","type":"product","link":"https:\/\/minimax.md\/ru\/product\/41452.html","title":{"rendered":"Canpol \u0449\u0435\u0442\u043a\u0430 \u0434\u043b\u044f \u043f\u0435\u0440\u0432\u044b\u0445 \u0437\u0443\u0431\u043e\u0432 \u0441\u0438\u043b\u0438\u043a\u043e\u043d\u043e\u0432\u0430\u044f"},"content":{"rendered":"<p>[:ru_RU]\u041d\u0435\u0437\u0430\u043c\u0435\u043d\u0438\u043c\u0430\u044f \u0432\u0435\u0449\u044c \u0434\u043b\u044f \u0440\u043e\u0434\u0438\u0442\u0435\u043b\u0435\u0439, \u043a\u043e\u0442\u043e\u0440\u044b\u0435 \u0437\u0430\u0431\u043e\u0442\u044f\u0442\u0441\u044f \u043e \u0441\u0432\u043e\u0451\u043c \u043c\u0430\u043b\u044b\u0448\u0435.<br \/>\n\u041f\u0435\u0440\u0432\u0430\u044f \u0437\u0443\u0431\u043d\u0430\u044f \u0449\u0451\u0442\u043a\u0430-\u043c\u0430\u0441\u0441\u0430\u0436\u0451\u0440 \u0438\u0437 \u0441\u0438\u043b\u0438\u043a\u043e\u043d\u0430.<br \/>\n\u041e\u0434\u0435\u0432\u0430\u0435\u0442\u0441\u044f \u043d\u0430 \u043f\u0430\u043b\u0435\u0446 \u0440\u043e\u0434\u0438\u0442\u0435\u043b\u044f.<br \/>\n\u0429\u0451\u0442\u043a\u043e\u0439 \u043c\u043e\u0436\u043d\u043e \u043c\u0430\u0441\u0441\u0438\u0440\u043e\u0432\u0430\u0442\u044c \u0434\u0451\u0441\u043d\u044b \u043c\u0430\u043b\u044b\u0448\u0430, \u043a\u043e\u0433\u0434\u0430 \u0443 \u043d\u0435\u0433\u043e \u0440\u0435\u0436\u0443\u0442\u0441\u044f \u0437\u0443\u0431\u044b.<br \/>\n\u0421\u0442\u043e\u043c\u0430\u0442\u043e\u043b\u043e\u0433\u0438 \u0440\u0435\u043a\u043e\u043c\u0435\u043d\u0434\u0443\u044e\u0442 \u043d\u0430\u0447\u0438\u043d\u0430\u0442\u044c \u0447\u0438\u0441\u0442\u0438\u0442\u044c \u0437\u0443\u0431\u044b \u0440\u0435\u0431\u0451\u043d\u043a\u0443 \u0441 \u0442\u043e\u0433\u043e \u043c\u043e\u043c\u0435\u043d\u0442\u0430, \u043a\u0430\u043a \u043f\u0440\u043e\u0440\u0435\u0436\u0435\u0442\u0441\u044f \u043f\u0435\u0440\u0432\u044b\u0439 \u0437\u0443\u0431.<br \/>\n\u042d\u0442\u043e \u043f\u043e\u043c\u043e\u0433\u0430\u0435\u0442 \u0443\u043a\u0440\u0435\u043f\u0438\u0442\u044c \u0437\u0443\u0431\u044b \u0438 \u043f\u0440\u0435\u0434\u043e\u0442\u0432\u0440\u0430\u0442\u0438\u0442\u044c \u043a\u0430\u0440\u0438\u0435\u0441 \u0432 \u0431\u043e\u043b\u0435\u0435 \u043f\u043e\u0437\u0434\u043d\u0435\u043c \u0432\u043e\u0437\u0440\u0430\u0441\u0442\u0435.[trim][:ro_RO]Cu acest degetar se cur\u0103\u021b\u0103 din\u021bii copilului mic \u0219i se stimuleaz\u0103 gingiile sensibile.<br \/>\nSpre deosebire de periu\u021ba clasic\u0103 de din\u021bi, aceast\u0103 periu\u021b\u0103 \u00een form\u0103 de degetar determin\u0103 atingerea precis\u0103 \u0219i sensibil\u0103 a gingiilor copilului.<br \/>\nPune\u021bi degetul ar\u0103t\u0103tor \u00een aceast\u0103 periu\u021b\u0103 \u0219i peria\u021bi cu delicate\u021be gingiile copilului cu sau f\u0103r\u0103 past\u0103 de dinti.<\/p>\n","protected":false},"excerpt":{"rendered":"<p>[:ru_RU]\u041d\u0435\u0437\u0430\u043c\u0435\u043d\u0438\u043c\u0430\u044f \u0432\u0435\u0449\u044c \u0434\u043b\u044f \u0440\u043e\u0434\u0438\u0442\u0435\u043b\u0435\u0439, \u043a\u043e\u0442\u043e\u0440\u044b\u0435 \u0437\u0430\u0431\u043e\u0442\u044f\u0442\u0441\u044f \u043e \u0441\u0432\u043e\u0451\u043c \u043c\u0430\u043b\u044b\u0448\u0435. \u041f\u0435\u0440\u0432\u0430\u044f \u0437\u0443\u0431\u043d\u0430\u044f \u0449\u0451\u0442\u043a\u0430-\u043c\u0430\u0441\u0441\u0430\u0436\u0451\u0440 \u0438\u0437 \u0441\u0438\u043b\u0438\u043a\u043e\u043d\u0430. \u041e\u0434\u0435\u0432\u0430\u0435\u0442\u0441\u044f \u043d\u0430 \u043f\u0430\u043b\u0435\u0446 \u0440\u043e\u0434\u0438\u0442\u0435\u043b\u044f. \u0429\u0451\u0442\u043a\u043e\u0439 \u043c\u043e\u0436\u043d\u043e \u043c\u0430\u0441\u0441\u0438\u0440\u043e\u0432\u0430\u0442\u044c \u0434\u0451\u0441\u043d\u044b \u043c\u0430\u043b\u044b\u0448\u0430, \u043a\u043e\u0433\u0434\u0430 \u0443 \u043d\u0435\u0433\u043e \u0440\u0435\u0436\u0443\u0442\u0441\u044f \u0437\u0443\u0431\u044b. \u0421\u0442\u043e\u043c\u0430\u0442\u043e\u043b\u043e\u0433\u0438 \u0440\u0435\u043a\u043e\u043c\u0435\u043d\u0434\u0443\u044e\u0442 \u043d\u0430\u0447\u0438\u043d\u0430\u0442\u044c \u0447\u0438\u0441\u0442\u0438\u0442\u044c \u0437\u0443\u0431\u044b \u0440\u0435\u0431\u0451\u043d\u043a\u0443 \u0441 \u0442\u043e\u0433\u043e \u043c\u043e\u043c\u0435\u043d\u0442\u0430, \u043a\u0430\u043a \u043f\u0440\u043e\u0440\u0435\u0436\u0435\u0442\u0441\u044f \u043f\u0435\u0440\u0432\u044b\u0439 \u0437\u0443\u0431. \u042d\u0442\u043e \u043f\u043e\u043c\u043e\u0433\u0430\u0435\u0442 \u0443\u043a\u0440\u0435\u043f\u0438\u0442\u044c \u0437\u0443\u0431\u044b \u0438 \u043f\u0440\u0435\u0434\u043e\u0442\u0432\u0440\u0430\u0442\u0438\u0442\u044c \u043a\u0430\u0440\u0438\u0435\u0441 \u0432 \u0431\u043e\u043b\u0435\u0435 \u043f\u043e\u0437\u0434\u043d\u0435\u043c \u0432\u043e\u0437\u0440\u0430\u0441\u0442\u0435.[trim][:ro_RO]Cu acest degetar se [&hellip;]<\/p>\n","protected":false},"featured_media":41451,"comment_status":"open","ping_status":"closed","template":"","meta":{"_acf_changed":false},"product_brand":[],"product_cat":[6762],"product_tag":[],"class_list":{"0":"post-41452","1":"product","2":"type-product","3":"status-publish","4":"has-post-thumbnail","6":"product_cat-ru_ru-zubnye-shhetki-trim-r","8":"first","9":"instock","10":"shipping-taxable","11":"purchasable","12":"product-type-simple"},"acf":[],"_links":{"self":[{"href":"https:\/\/minimax.md\/ru\/wp-json\/wp\/v2\/product\/41452","targetHints":{"allow":["GET"]}}],"collection":[{"href":"https:\/\/minimax.md\/ru\/wp-json\/wp\/v2\/product"}],"about":[{"href":"https:\/\/minimax.md\/ru\/wp-json\/wp\/v2\/types\/product"}],"replies":[{"embeddable":true,"href":"https:\/\/minimax.md\/ru\/wp-json\/wp\/v2\/comments?post=41452"}],"version-history":[{"count":0,"href":"https:\/\/minimax.md\/ru\/wp-json\/wp\/v2\/product\/41452\/revisions"}],"wp:featuredmedia":[{"embeddable":true,"href":"https:\/\/minimax.md\/ru\/wp-json\/wp\/v2\/media\/41451"}],"wp:attachment":[{"href":"https:\/\/minimax.md\/ru\/wp-json\/wp\/v2\/media?parent=41452"}],"wp:term":[{"taxonomy":"product_brand","embeddable":true,"href":"https:\/\/minimax.md\/ru\/wp-json\/wp\/v2\/product_brand?post=41452"},{"taxonomy":"product_cat","embeddable":true,"href":"https:\/\/minimax.md\/ru\/wp-json\/wp\/v2\/product_cat?post=41452"},{"taxonomy":"product_tag","embeddable":true,"href":"https:\/\/minimax.md\/ru\/wp-json\/wp\/v2\/product_tag?post=41452"}],"curies":[{"name":"wp","href":"https:\/\/api.w.org\/{rel}","templated":true}]}}