{"id":41454,"date":"2023-11-28T13:09:14","date_gmt":"2023-11-28T10:09:14","guid":{"rendered":"https:\/\/minimax.md\/product\/41454.html"},"modified":"2023-11-28T13:29:47","modified_gmt":"2023-11-28T10:29:47","slug":"ru_ru-canpol-aspirator-silikonovyj-trim-ro_ro-canpol-aspirator-nazal-din-silicon","status":"publish","type":"product","link":"https:\/\/minimax.md\/ru\/product\/41454.html","title":{"rendered":"Canpol \u0430\u0441\u043f\u0438\u0440\u0430\u0442\u043e\u0440 \u0441\u0438\u043b\u0438\u043a\u043e\u043d\u043e\u0432\u044b\u0439"},"content":{"rendered":"<p>[:ru_RU]\u0411\u0435\u0437\u043e\u043f\u0430\u0441\u043d\u044b\u0439, \u0433\u0438\u0433\u0438\u0435\u043d\u0438\u0447\u043d\u044b\u0439 \u0430\u0441\u043f\u0438\u0440\u0430\u0442\u043e\u0440 \u0434\u043b\u044f \u043d\u043e\u0441\u0430 \u0438\u0441\u043f\u043e\u043b\u044c\u0437\u0443\u0435\u0442\u0441\u044f \u0434\u043b\u044f \u0447\u0438\u0441\u0442\u043a\u0438 \u043d\u043e\u0441\u0430 \u043c\u043b\u0430\u0434\u0435\u043d\u0446\u0435\u0432 \u0438 \u0434\u0435\u0442\u0435\u0439, \u043d\u0430\u0447\u0438\u043d\u0430\u044e\u0449\u0438\u0445 \u0445\u043e\u0434\u0438\u0442\u044c.<br \/>\n\u0421\u043b\u0438\u0437\u044c \u0441\u043e\u0431\u0438\u0440\u0430\u0435\u0442\u0441\u044f \u0432 \u043f\u0440\u043e\u0437\u0440\u0430\u0447\u043d\u0443\u044e \u0447\u0430\u0441\u0442\u044c \u0430\u0441\u043f\u0438\u0440\u0430\u0442\u043e\u0440\u0430, \u043f\u043e\u044d\u0442\u043e\u043c\u0443 \u043a\u043e\u043b\u0438\u0447\u0435\u0441\u0442\u0432\u043e \u0435\u0435 \u0432\u0438\u0434\u043d\u043e.<br \/>\n\u0428\u0438\u0440\u043e\u043a\u0438\u0439 \u043a\u0440\u0430\u0439 \u043d\u0430\u0441\u0430\u0434\u043a\u0438 \u043f\u0440\u0435\u0434\u043e\u0442\u0432\u0440\u0430\u0449\u0430\u0435\u0442 \u043f\u0440\u043e\u043d\u0438\u043a\u043d\u043e\u0432\u0435\u043d\u0438\u0435 \u0435\u0435 \u0433\u043b\u0443\u0431\u043e\u043a\u043e \u0432 \u043d\u043e\u0441.<br \/>\n\u041c\u044f\u0433\u043a\u0430\u044f \u043d\u0430\u0441\u0430\u0434\u043a\u0430[trim][:ro_RO]Aspirator nazal pentru bebelu\u0219i \u0219i copii CANPOL cu v\u00e2rf moale din silicon elimin\u0103 secre\u021biile din n\u0103sucul sugarilor \u0219i copiilor mici, \u00een condi\u021bii de deplin\u0103 siguran\u021b\u0103 \u0219i igien\u0103<br \/>\nPentru ca procesul de aspirare sa fie eficient, introduceti aspiratorul intr-una din nari si blocati cealalta nara.<br \/>\nSe spal\u0103 cu ap\u0103 cald\u0103 \u0219i detergent neutru.<\/p>\n","protected":false},"excerpt":{"rendered":"<p>[:ru_RU]\u0411\u0435\u0437\u043e\u043f\u0430\u0441\u043d\u044b\u0439, \u0433\u0438\u0433\u0438\u0435\u043d\u0438\u0447\u043d\u044b\u0439 \u0430\u0441\u043f\u0438\u0440\u0430\u0442\u043e\u0440 \u0434\u043b\u044f \u043d\u043e\u0441\u0430 \u0438\u0441\u043f\u043e\u043b\u044c\u0437\u0443\u0435\u0442\u0441\u044f \u0434\u043b\u044f \u0447\u0438\u0441\u0442\u043a\u0438 \u043d\u043e\u0441\u0430 \u043c\u043b\u0430\u0434\u0435\u043d\u0446\u0435\u0432 \u0438 \u0434\u0435\u0442\u0435\u0439, \u043d\u0430\u0447\u0438\u043d\u0430\u044e\u0449\u0438\u0445 \u0445\u043e\u0434\u0438\u0442\u044c. \u0421\u043b\u0438\u0437\u044c \u0441\u043e\u0431\u0438\u0440\u0430\u0435\u0442\u0441\u044f \u0432 \u043f\u0440\u043e\u0437\u0440\u0430\u0447\u043d\u0443\u044e \u0447\u0430\u0441\u0442\u044c \u0430\u0441\u043f\u0438\u0440\u0430\u0442\u043e\u0440\u0430, \u043f\u043e\u044d\u0442\u043e\u043c\u0443 \u043a\u043e\u043b\u0438\u0447\u0435\u0441\u0442\u0432\u043e \u0435\u0435 \u0432\u0438\u0434\u043d\u043e. \u0428\u0438\u0440\u043e\u043a\u0438\u0439 \u043a\u0440\u0430\u0439 \u043d\u0430\u0441\u0430\u0434\u043a\u0438 \u043f\u0440\u0435\u0434\u043e\u0442\u0432\u0440\u0430\u0449\u0430\u0435\u0442 \u043f\u0440\u043e\u043d\u0438\u043a\u043d\u043e\u0432\u0435\u043d\u0438\u0435 \u0435\u0435 \u0433\u043b\u0443\u0431\u043e\u043a\u043e \u0432 \u043d\u043e\u0441. \u041c\u044f\u0433\u043a\u0430\u044f \u043d\u0430\u0441\u0430\u0434\u043a\u0430[trim][:ro_RO]Aspirator nazal pentru bebelu\u0219i \u0219i copii CANPOL cu v\u00e2rf moale din silicon elimin\u0103 secre\u021biile din n\u0103sucul sugarilor \u0219i copiilor mici, \u00een [&hellip;]<\/p>\n","protected":false},"featured_media":41453,"comment_status":"open","ping_status":"closed","template":"","meta":{"_acf_changed":false},"product_brand":[],"product_cat":[6765],"product_tag":[],"class_list":{"0":"post-41454","1":"product","2":"type-product","3":"status-publish","4":"has-post-thumbnail","6":"product_cat-ru_ru-nazalnye-aspiratory-t","8":"first","9":"instock","10":"shipping-taxable","11":"purchasable","12":"product-type-simple"},"acf":[],"_links":{"self":[{"href":"https:\/\/minimax.md\/ru\/wp-json\/wp\/v2\/product\/41454","targetHints":{"allow":["GET"]}}],"collection":[{"href":"https:\/\/minimax.md\/ru\/wp-json\/wp\/v2\/product"}],"about":[{"href":"https:\/\/minimax.md\/ru\/wp-json\/wp\/v2\/types\/product"}],"replies":[{"embeddable":true,"href":"https:\/\/minimax.md\/ru\/wp-json\/wp\/v2\/comments?post=41454"}],"version-history":[{"count":0,"href":"https:\/\/minimax.md\/ru\/wp-json\/wp\/v2\/product\/41454\/revisions"}],"wp:featuredmedia":[{"embeddable":true,"href":"https:\/\/minimax.md\/ru\/wp-json\/wp\/v2\/media\/41453"}],"wp:attachment":[{"href":"https:\/\/minimax.md\/ru\/wp-json\/wp\/v2\/media?parent=41454"}],"wp:term":[{"taxonomy":"product_brand","embeddable":true,"href":"https:\/\/minimax.md\/ru\/wp-json\/wp\/v2\/product_brand?post=41454"},{"taxonomy":"product_cat","embeddable":true,"href":"https:\/\/minimax.md\/ru\/wp-json\/wp\/v2\/product_cat?post=41454"},{"taxonomy":"product_tag","embeddable":true,"href":"https:\/\/minimax.md\/ru\/wp-json\/wp\/v2\/product_tag?post=41454"}],"curies":[{"name":"wp","href":"https:\/\/api.w.org\/{rel}","templated":true}]}}