{"id":41457,"date":"2023-11-28T13:09:15","date_gmt":"2023-11-28T10:09:15","guid":{"rendered":"https:\/\/minimax.md\/product\/41457.html"},"modified":"2023-11-28T13:29:47","modified_gmt":"2023-11-28T10:29:47","slug":"ru_ru-canpol-aspirator-dlja-nosa-so-smennymi-nasadkami-trim-ro_ro-canpol-aspirator-nazal-cu-accesorii-schimb-toare","status":"publish","type":"product","link":"https:\/\/minimax.md\/ru\/product\/41457.html","title":{"rendered":"Canpol \u0430\u0441\u043f\u0438\u0440\u0430\u0442\u043e\u0440 \u0434\u043b\u044f \u043d\u043e\u0441\u0430 \u0441\u043e \u0441\u043c\u0435\u043d\u043d\u044b\u043c\u0438 \u043d\u0430\u0441\u0430\u0434\u043a\u0430\u043c\u0438"},"content":{"rendered":"<p>[:ru_RU]\u0410\u0441\u043f\u0438\u0440\u0430\u0442\u043e\u0440 \u0434\u043b\u044f \u043d\u043e\u0441\u0430 Canpol Babies \u043f\u0440\u0435\u0434\u043d\u0430\u0437\u043d\u0430\u0447\u0435\u043d \u0434\u043b\u044f \u0434\u0435\u0442\u0435\u0439 \u0434\u043e 3 \u043b\u0435\u0442, \u043a\u043e\u0442\u043e\u0440\u044b\u0435 \u043d\u0435 \u043c\u043e\u0433\u0443\u0442 \u0441\u0430\u043c\u043e\u0441\u0442\u043e\u044f\u0442\u0435\u043b\u044c\u043d\u043e \u043e\u0447\u0438\u0441\u0442\u0438\u0442\u044c \u043d\u043e\u0441.<br \/>\n\u041f\u043e\u0437\u0432\u043e\u043b\u044f\u0435\u0442 \u0443\u0441\u0442\u0440\u0430\u043d\u044f\u0442\u044c \u0438\u0437\u0431\u044b\u0442\u043e\u0447\u043d\u044b\u0435 \u0432\u044b\u0434\u0435\u043b\u0435\u043d\u0438\u044f, \u043a\u043e\u0442\u043e\u0440\u044b\u0435 \u043c\u043e\u0433\u0443\u0442 \u043f\u0440\u0438\u0432\u0435\u0441\u0442\u0438 \u043a \u0442\u0430\u043a\u0438\u043c \u043e\u0441\u043b\u043e\u0436\u043d\u0435\u043d\u0438\u044f\u043c, \u043a\u0430\u043a \u043a\u0430\u0448\u0435\u043b\u044c \u0438\u043b\u0438 \u0438\u043d\u0444\u0435\u043a\u0446\u0438\u0438 \u0443\u0445\u0430.<br \/>\n\u0415\u0433\u043e \u043f\u0440\u0435\u0438\u043c\u0443\u0449\u0435\u0441\u0442\u0432\u043e \u043d\u0430\u0434 \u0434\u0440\u0443\u0433\u0438\u043c\u0438 \u0430\u043a\u0441\u0435\u0441\u0441\u0443\u0430\u0440\u0430\u043c\u0438 \u0442\u0430\u043a\u043e\u0433\u043e \u0442\u0438\u043f\u0430 \u044f\u0432\u043b\u044f\u0435\u0442\u0441\u044f \u0432\u043e\u0437\u043c\u043e\u0436\u043d\u043e\u0441\u0442\u044c \u0440\u0435\u0433\u0443\u043b\u0438\u0440\u043e\u0432\u043a\u0438 \u0441\u0438\u043b\u044b \u0432\u0441\u0430\u0441\u044b\u0432\u0430\u043d\u0438\u044f.<br \/>\n\u0418\u0437\u0434\u0435\u043b\u0438\u0435 \u044f\u0432\u043b\u044f\u0435\u0442\u0441\u044f \u043f\u0440\u043e\u0441\u0442\u044b\u043c \u0432 \u0438\u0441\u043f\u043e\u043b\u044c\u0437\u043e\u0432\u0430\u043d\u0438\u0438, \u043d\u0435 \u0442\u0440\u0435\u0431\u0443\u0435\u0442 \u0437\u0430\u043c\u0435\u043d\u044b \u0444\u0438\u043b\u044c\u0442\u0440\u043e\u0432.<br \/>\n\u0412 \u043d\u0430\u0431\u043e\u0440 \u0432\u0445\u043e\u0434\u0438\u0442 2 \u0434\u043e\u043f\u043e\u043b\u043d\u0438\u0442\u0435\u043b\u044c\u043d\u044b\u0435 \u0441\u043c\u0435\u043d\u043d\u044b\u0435 \u043d\u0430\u0441\u0430\u0434\u043a\u0438.<br \/>\n\u0418\u043d\u0441\u0442\u0440\u0443\u043a\u0446\u0438\u044f \u0438\u0441\u043f\u043e\u043b\u044c\u0437\u043e\u0432\u0430\u043d\u0438\u044f:<br \/>\n1. \u041f\u043e\u043b\u043e\u0436\u0438\u0442\u044c \u0440\u0435\u0431\u0435\u043d\u043a\u0430.<br \/>\n2. \u041f\u0440\u0438\u043b\u043e\u0436\u0438\u0442\u044c \u043d\u0430\u0441\u0430\u0434\u043a\u0443 \u0430\u0441\u043f\u0438\u0440\u0430\u0442\u043e\u0440\u0430 \u043a \u043d\u043e\u0441\u0443 \u0440\u0435\u0431\u0435\u043d\u043a\u0430, \u0430 \u0441\u0438\u043b\u0438\u043a\u043e\u043d\u043e\u0432\u044b\u0439 \u043c\u0443\u043d\u0434\u0448\u0442\u0443\u043a \u043a \u0441\u043e\u0431\u0441\u0442\u0432\u0435\u043d\u043d\u043e\u043c\u0443 \u0440\u0442\u0443.<br \/>\n\u0412\u0442\u044f\u043d\u0438\u0442\u0435 \u0432\u043e\u0437\u0434\u0443\u0445 \u0447\u0435\u0440\u0435\u0437 \u043c\u0443\u043d\u0434\u0448\u0442\u0443\u043a \u0442\u0430\u043a, \u0447\u0442\u043e\u0431\u044b \u043d\u0430\u043a\u043e\u043f\u043b\u0435\u043d\u043d\u044b\u0435 \u0432 \u043d\u043e\u0441\u0443 \u0432\u044b\u0434\u0435\u043b\u0435\u043d\u0438\u044f \u043f\u043e\u043f\u0430\u043b\u0438 \u0432 \u043d\u0430\u0441\u0430\u0434\u043a\u0443 \u0430\u0441\u043f\u0438\u0440\u0430\u0442\u043e\u0440\u0430.<br \/>\n\u0420\u0435\u0433\u0443\u043b\u0438\u0440\u0443\u0439\u0442\u0435 \u0441\u0438\u043b\u0443 \u043e\u0442\u0441\u043e\u0441\u0430 \u0441\u043e\u0433\u043b\u0430\u0441\u043d\u043e \u043f\u043e\u0442\u0440\u0435\u0431\u043d\u043e\u0441\u0442\u044f\u043c[trim][:ro_RO]Cel mai simplu mod de a cur\u0103\u021ba nasul bebelu\u0219ilor.<br \/>\n Acest lucru este foarte important, deorece pot aparea complicatii la nivelul cailor respiratorii<br \/>\n Fiind manual, nu face zgomot, iar acest lucru ajut\u0103 la o aspira\u021bie c\u00e2t se poate de lini\u0219tit\u0103<br \/>\n F\u0103r\u0103 dureri, \u0219i f\u0103r\u0103 fric\u0103, datorit\u0103 faptului c\u0103 copii simt direct c\u0103ldura \u0219i dragostea mamei, care particip\u0103 activ la procesul de cur\u0103\u021bare<br \/>\n Permite cur\u0103\u021barea rapid\u0103 \u0219i eficient\u0103 a nasului bebelu\u0219ilor<br \/>\n Un avantaj al acestui kit, este faptul c\u0103 mama controleaz\u0103 aspira\u021bia, \u00een func\u021bie de reac\u021bia copilului<br \/>\n Foarte u\u0219or de utilizat, nu necesit\u0103 schimbarea filtrelor, \u0219i nu func\u021bioneaz\u0103 cu baterii<br \/>\n Setul con\u021bine tubul de aspira\u021bie, cu un cap\u0103t \u00een gura p\u0103rintelui, partea ce intr\u0103 \u00een nasucul copiilor<br \/>\n Deasemenea con\u021bine 2 rezerve, pentru nas, \u0219i cutia pentru accesorii, unde se p\u0103streaz\u0103 \u00een condi\u021bii de maxim\u0103 igien\u0103<br \/>\n Se cur\u0103\u021b\u0103 foarte u\u0219or, cu ap\u0103 c\u0103ldu\u021b\u0103<\/p>\n","protected":false},"excerpt":{"rendered":"<p>[:ru_RU]\u0410\u0441\u043f\u0438\u0440\u0430\u0442\u043e\u0440 \u0434\u043b\u044f \u043d\u043e\u0441\u0430 Canpol Babies \u043f\u0440\u0435\u0434\u043d\u0430\u0437\u043d\u0430\u0447\u0435\u043d \u0434\u043b\u044f \u0434\u0435\u0442\u0435\u0439 \u0434\u043e 3 \u043b\u0435\u0442, \u043a\u043e\u0442\u043e\u0440\u044b\u0435 \u043d\u0435 \u043c\u043e\u0433\u0443\u0442 \u0441\u0430\u043c\u043e\u0441\u0442\u043e\u044f\u0442\u0435\u043b\u044c\u043d\u043e \u043e\u0447\u0438\u0441\u0442\u0438\u0442\u044c \u043d\u043e\u0441. \u041f\u043e\u0437\u0432\u043e\u043b\u044f\u0435\u0442 \u0443\u0441\u0442\u0440\u0430\u043d\u044f\u0442\u044c \u0438\u0437\u0431\u044b\u0442\u043e\u0447\u043d\u044b\u0435 \u0432\u044b\u0434\u0435\u043b\u0435\u043d\u0438\u044f, \u043a\u043e\u0442\u043e\u0440\u044b\u0435 \u043c\u043e\u0433\u0443\u0442 \u043f\u0440\u0438\u0432\u0435\u0441\u0442\u0438 \u043a \u0442\u0430\u043a\u0438\u043c \u043e\u0441\u043b\u043e\u0436\u043d\u0435\u043d\u0438\u044f\u043c, \u043a\u0430\u043a \u043a\u0430\u0448\u0435\u043b\u044c \u0438\u043b\u0438 \u0438\u043d\u0444\u0435\u043a\u0446\u0438\u0438 \u0443\u0445\u0430. \u0415\u0433\u043e \u043f\u0440\u0435\u0438\u043c\u0443\u0449\u0435\u0441\u0442\u0432\u043e \u043d\u0430\u0434 \u0434\u0440\u0443\u0433\u0438\u043c\u0438 \u0430\u043a\u0441\u0435\u0441\u0441\u0443\u0430\u0440\u0430\u043c\u0438 \u0442\u0430\u043a\u043e\u0433\u043e \u0442\u0438\u043f\u0430 \u044f\u0432\u043b\u044f\u0435\u0442\u0441\u044f \u0432\u043e\u0437\u043c\u043e\u0436\u043d\u043e\u0441\u0442\u044c \u0440\u0435\u0433\u0443\u043b\u0438\u0440\u043e\u0432\u043a\u0438 \u0441\u0438\u043b\u044b \u0432\u0441\u0430\u0441\u044b\u0432\u0430\u043d\u0438\u044f. \u0418\u0437\u0434\u0435\u043b\u0438\u0435 \u044f\u0432\u043b\u044f\u0435\u0442\u0441\u044f \u043f\u0440\u043e\u0441\u0442\u044b\u043c \u0432 \u0438\u0441\u043f\u043e\u043b\u044c\u0437\u043e\u0432\u0430\u043d\u0438\u0438, \u043d\u0435 \u0442\u0440\u0435\u0431\u0443\u0435\u0442 \u0437\u0430\u043c\u0435\u043d\u044b \u0444\u0438\u043b\u044c\u0442\u0440\u043e\u0432. \u0412 \u043d\u0430\u0431\u043e\u0440 [&hellip;]<\/p>\n","protected":false},"featured_media":41455,"comment_status":"open","ping_status":"closed","template":"","meta":{"_acf_changed":false},"product_brand":[],"product_cat":[6765],"product_tag":[],"class_list":{"0":"post-41457","1":"product","2":"type-product","3":"status-publish","4":"has-post-thumbnail","6":"product_cat-ru_ru-nazalnye-aspiratory-t","8":"first","9":"instock","10":"shipping-taxable","11":"purchasable","12":"product-type-simple"},"acf":[],"_links":{"self":[{"href":"https:\/\/minimax.md\/ru\/wp-json\/wp\/v2\/product\/41457","targetHints":{"allow":["GET"]}}],"collection":[{"href":"https:\/\/minimax.md\/ru\/wp-json\/wp\/v2\/product"}],"about":[{"href":"https:\/\/minimax.md\/ru\/wp-json\/wp\/v2\/types\/product"}],"replies":[{"embeddable":true,"href":"https:\/\/minimax.md\/ru\/wp-json\/wp\/v2\/comments?post=41457"}],"version-history":[{"count":0,"href":"https:\/\/minimax.md\/ru\/wp-json\/wp\/v2\/product\/41457\/revisions"}],"wp:featuredmedia":[{"embeddable":true,"href":"https:\/\/minimax.md\/ru\/wp-json\/wp\/v2\/media\/41455"}],"wp:attachment":[{"href":"https:\/\/minimax.md\/ru\/wp-json\/wp\/v2\/media?parent=41457"}],"wp:term":[{"taxonomy":"product_brand","embeddable":true,"href":"https:\/\/minimax.md\/ru\/wp-json\/wp\/v2\/product_brand?post=41457"},{"taxonomy":"product_cat","embeddable":true,"href":"https:\/\/minimax.md\/ru\/wp-json\/wp\/v2\/product_cat?post=41457"},{"taxonomy":"product_tag","embeddable":true,"href":"https:\/\/minimax.md\/ru\/wp-json\/wp\/v2\/product_tag?post=41457"}],"curies":[{"name":"wp","href":"https:\/\/api.w.org\/{rel}","templated":true}]}}